
{"id":23221,"date":"2025-03-22T19:35:47","date_gmt":"2025-03-22T17:35:47","guid":{"rendered":"https:\/\/freddymorezon.org\/?page_id=23221"},"modified":"2025-09-15T14:38:48","modified_gmt":"2025-09-15T12:38:48","slug":"25-27-07-25-tourisme-imaginaire","status":"publish","type":"page","link":"https:\/\/freddymorezon.org\/en\/nos-evenements\/25-27-07-25-tourisme-imaginaire\/","title":{"rendered":"25 > 27.07.25 \/\/ Tourisme Imaginaire"},"content":{"rendered":"<div id=\"pl-23221\"  class=\"panel-layout\" ><div id=\"pg-23221-0\"  class=\"panel-grid panel-no-style\" ><div id=\"pgc-23221-0-0\"  class=\"panel-grid-cell\" ><div id=\"panel-23221-0-0-0\" class=\"so-panel widget widget_sow-image panel-first-child\" data-index=\"0\" ><div\n\t\t\t\n\t\t\tclass=\"so-widget-sow-image so-widget-sow-image-default-8b5b6f678277-23221\"\n\t\t\t\n\t\t>\n<div class=\"sow-image-container\">\n\t\t<img \n\tsrc=\"https:\/\/freddymorezon.org\/wp-content\/uploads\/2025\/06\/Vignette-Tourisme-Imaginaire.png\" width=\"1080\" height=\"1080\" srcset=\"https:\/\/freddymorezon.org\/wp-content\/uploads\/2025\/06\/Vignette-Tourisme-Imaginaire.png 1080w, https:\/\/freddymorezon.org\/wp-content\/uploads\/2025\/06\/Vignette-Tourisme-Imaginaire-800x800.png 800w, https:\/\/freddymorezon.org\/wp-content\/uploads\/2025\/06\/Vignette-Tourisme-Imaginaire-150x150.png 150w, https:\/\/freddymorezon.org\/wp-content\/uploads\/2025\/06\/Vignette-Tourisme-Imaginaire-400x400.png 400w, https:\/\/freddymorezon.org\/wp-content\/uploads\/2025\/06\/Vignette-Tourisme-Imaginaire-100x100.png 100w, https:\/\/freddymorezon.org\/wp-content\/uploads\/2025\/06\/Vignette-Tourisme-Imaginaire-300x300.png 300w\" sizes=\"(max-width: 1080px) 100vw, 1080px\" title=\"Vignette Tourisme Imaginaire\" alt=\"\" \t\tclass=\"so-widget-image\"\/>\n\t<\/div>\n\n<\/div><\/div><div id=\"panel-23221-0-0-1\" class=\"so-panel widget widget_sow-headline\" data-index=\"1\" ><div\n\t\t\t\n\t\t\tclass=\"so-widget-sow-headline so-widget-sow-headline-default-33958b114544-23221\"\n\t\t\t\n\t\t><div class=\"sow-headline-container \">\n\t\t\t\t\t\t<div class=\"decoration\">\n\t\t\t\t\t\t<div class=\"decoration-inside\"><\/div>\n\t\t\t\t\t<\/div>\n\t\t\t\t\t<\/div>\n<\/div><\/div><div id=\"panel-23221-0-0-2\" class=\"so-panel widget widget_sow-editor\" data-index=\"2\" ><div\n\t\t\t\n\t\t\tclass=\"so-widget-sow-editor so-widget-sow-editor-base\"\n\t\t\t\n\t\t><h3 class=\"widget-title\">INFOS PRATIQUES<\/h3>\n<div class=\"siteorigin-widget-tinymce textwidget\">\n\t<div class=\"\"><strong>25.26.27 juillet 2025<\/strong><\/div>\n<div>Circuits p\u00e9destres<\/div>\n<div class=\"\">\u25b6\ufe0e d\u00e9part \u00e0 14h sous la vieille halle<\/div>\n<div class=\"\">\u25b6\ufe0e angle rue Jean Jaur\u00e8s \/ rue des Lombards \u00e0 Labrugui\u00e8re (81)<\/div>\n<div class=\"\">\u25b6\ufe0e fin vers 22h domaine d\u2019En Laure<\/div>\n<div><\/div>\n<div class=\"\">Buvette et restauration sur place<\/div>\n<div><\/div>\n<div class=\"\">Tarifs : 13\u20ac (plein) \/10\u20ac (minima sociaux) \/ 8\u20ac (mineurs)<\/div>\n<\/div>\n<\/div><\/div><div id=\"panel-23221-0-0-3\" class=\"so-panel widget widget_sow-button\" data-index=\"3\" ><div\n\t\t\t\n\t\t\tclass=\"so-widget-sow-button so-widget-sow-button-flat-a657a074bb6d-23221\"\n\t\t\t\n\t\t><div class=\"ow-button-base ow-button-align-left\"\n>\n\t\t\t<a\n\t\t\t\t\thref=\"https:\/\/www.tourisme-imaginaire.com\/\"\n\t\t\t\t\tclass=\"sowb-button ow-icon-placement-left ow-button-hover\" \t>\n\t\t<span>\n\t\t\t\n\t\t\t+ D'INFOS\t\t<\/span>\n\t\t\t<\/a>\n\t<\/div>\n<\/div><\/div><div id=\"panel-23221-0-0-4\" class=\"so-panel widget widget_sow-headline\" data-index=\"4\" ><div\n\t\t\t\n\t\t\tclass=\"so-widget-sow-headline so-widget-sow-headline-default-33958b114544-23221\"\n\t\t\t\n\t\t><div class=\"sow-headline-container \">\n\t\t\t\t\t\t<div class=\"decoration\">\n\t\t\t\t\t\t<div class=\"decoration-inside\"><\/div>\n\t\t\t\t\t<\/div>\n\t\t\t\t\t<\/div>\n<\/div><\/div><div id=\"panel-23221-0-0-5\" class=\"so-panel widget widget_sow-editor\" data-index=\"5\" ><div\n\t\t\t\n\t\t\tclass=\"so-widget-sow-editor so-widget-sow-editor-base\"\n\t\t\t\n\t\t><h3 class=\"widget-title\">LIENS<\/h3>\n<div class=\"siteorigin-widget-tinymce textwidget\">\n\t<p><a href=\"https:\/\/www.tourisme-imaginaire.com\/\">Tourisme Imaginaire<\/a><\/p>\n<\/div>\n<\/div><\/div><div id=\"panel-23221-0-0-6\" class=\"so-panel widget widget_sow-button panel-last-child\" data-index=\"6\" ><div\n\t\t\t\n\t\t\tclass=\"so-widget-sow-button so-widget-sow-button-flat-a657a074bb6d-23221\"\n\t\t\t\n\t\t><div class=\"ow-button-base ow-button-align-left\"\n>\n\t\t\t<a\n\t\t\t\t\thref=\"https:\/\/freddymorezon.org\/nos-evenements\/\"\n\t\t\t\t\tclass=\"sowb-button ow-icon-placement-left ow-button-hover\" \t>\n\t\t<span>\n\t\t\t\n\t\t\tRetour \u00e0 la page \u00e9v\u00e9nements\t\t<\/span>\n\t\t\t<\/a>\n\t<\/div>\n<\/div><\/div><\/div><div id=\"pgc-23221-0-1\"  class=\"panel-grid-cell\" ><div id=\"panel-23221-0-1-0\" class=\"so-panel widget widget_sow-headline panel-first-child\" data-index=\"7\" ><div\n\t\t\t\n\t\t\tclass=\"so-widget-sow-headline so-widget-sow-headline-default-d42322c5b14c-23221\"\n\t\t\t\n\t\t><div class=\"sow-headline-container \">\n\t\t\t\t\t\t\t<h2 class=\"sow-headline\">\n\t\t\t\t\t\tTOURISME IMAGINAIRE\t\t\t\t\t\t<\/h2>\n\t\t\t\t\t\t\t\t\t\t\t<div class=\"decoration\">\n\t\t\t\t\t\t<div class=\"decoration-inside\"><\/div>\n\t\t\t\t\t<\/div>\n\t\t\t\t\t<\/div>\n<\/div><\/div><div id=\"panel-23221-0-1-1\" class=\"so-panel widget widget_sow-editor\" data-index=\"8\" ><div\n\t\t\t\n\t\t\tclass=\"so-widget-sow-editor so-widget-sow-editor-base\"\n\t\t\t\n\t\t>\n<div class=\"siteorigin-widget-tinymce textwidget\">\n\t<p class=\"font_8 wixui-rich-text__text\"><span class=\"wixui-rich-text__text\">Venez explorer la face cach\u00e9e de Labrugui\u00e8re\u00a0!<\/span><\/p>\n<p class=\"font_8 wixui-rich-text__text\"><span class=\"wixui-rich-text__text\">Infiltrez-vous dans la Mairie de l\u2019Invisible, percez les myst\u00e8res d\u2019une manufacture en l\u00e9vitation, traversez les vies mouvement\u00e9es d\u2019expatri\u00e9.e.s, rafraichissez-vous sur le chemin des glaces, laissez-vous d\u00e9river vers les trous noirs qui donnent naissance aux galaxies puis fermez les yeux pour \u00e9couter Bison Phare. <\/span><\/p>\n<p class=\"font_8 wixui-rich-text__text\"><span class=\"wixui-rich-text__text\">Enfin, entre terre et eau, sillonnez une installation vivante au bord du lac\u2026.<\/span><\/p>\n<p class=\"font_8 wixui-rich-text__text\"><span class=\"wixui-rich-text__text\">Embarquez avec nous dans\u00a0l\u2019Invisible Voyage, un appel \u00e0 s\u2019extraire de notre environnement visuel sursatur\u00e9 et partez \u00e0 la d\u00e9couverte de nouveaux mondes se situant au-del\u00e0 des \u00e9tats limites du visible.\u00a0<\/span><\/p>\n<p class=\"font_8 wixui-rich-text__text\"><span class=\"wixui-rich-text__text\">Un nouveau Tourisme Imaginaire tout-terrain avec la promesse de s\u2019offrir de l\u2019espace et du temps pour r\u00e9investir le pouvoir de l\u2019imagination.\u00a0 \u00a0 \u00a0<\/span><\/p>\n<\/div>\n<\/div><\/div><div id=\"panel-23221-0-1-2\" class=\"so-panel widget widget_sow-image panel-last-child\" data-index=\"9\" ><div\n\t\t\t\n\t\t\tclass=\"so-widget-sow-image so-widget-sow-image-default-8b5b6f678277-23221\"\n\t\t\t\n\t\t>\n<div class=\"sow-image-container\">\n\t\t<img \n\tsrc=\"https:\/\/freddymorezon.org\/wp-content\/uploads\/2025\/06\/TourismeImaginaire2025-A4-v3_page-0001.avif\" width=\"918\" height=\"1268\" sizes=\"(max-width: 918px) 100vw, 918px\" title=\"TourismeImaginaire2025-A4 v3_page-0001\" alt=\"\" \t\tclass=\"so-widget-image\"\/>\n\t<\/div>\n\n<\/div><\/div><\/div><\/div><\/div>","protected":false},"excerpt":{"rendered":"<p>25.26.27 juillet 2025 Circuits p\u00e9destres \u25b6\ufe0e d\u00e9part \u00e0 14h sous la vieille halle \u25b6\ufe0e angle rue Jean Jaur\u00e8s \/ rue des Lombards \u00e0 Labrugui\u00e8re (81) \u25b6\ufe0e fin vers 22h domaine d\u2019En Laure Buvette et restauration sur place Tarifs : 13\u20ac (plein) \/10\u20ac (minima sociaux) \/ 8\u20ac (mineurs) Tourisme Imaginaire Venez explorer la face cach\u00e9e de&hellip;<\/p>\n<p><a class=\"more-link\" href=\"https:\/\/freddymorezon.org\/en\/nos-evenements\/25-27-07-25-tourisme-imaginaire\/\" title=\"Continue reading &lsquo;25 > 27.07.25 \/\/ Tourisme Imaginaire&rsquo;&#8221;>Continue reading <span class=\"meta-nav\">&rarr;<\/span><\/a><\/p>\n","protected":false},"author":1,"featured_media":23223,"parent":10655,"menu_order":0,"comment_status":"closed","ping_status":"closed","template":"page-templates\/full-width.php","meta":{"om_disable_all_campaigns":false,"_monsterinsights_skip_tracking":false,"_monsterinsights_sitenote_active":false,"_monsterinsights_sitenote_note":"","_monsterinsights_sitenote_category":0,"_uf_show_specific_survey":0,"_uf_disable_surveys":false,"footnotes":""},"categories":[1401],"tags":[],"class_list":["post-23221","page","type-page","status-publish","has-post-thumbnail","hentry","category-nos-evenements-passes"],"aioseo_notices":[],"yoast_head":"<!-- This site is optimized with the Yoast SEO plugin v27.3 - https:\/\/yoast.com\/product\/yoast-seo-wordpress\/ -->\n<title>25 &gt; 27.07.25 \/\/ Tourisme Imaginaire | Freddy Morezon<\/title>\n<meta name=\"robots\" content=\"index, follow, max-snippet:-1, max-image-preview:large, max-video-preview:-1\" \/>\n<link rel=\"canonical\" href=\"https:\/\/freddymorezon.org\/nos-evenements\/25-27-07-25-tourisme-imaginaire\/\" \/>\n<meta property=\"og:locale\" content=\"en_US\" \/>\n<meta property=\"og:type\" content=\"article\" \/>\n<meta property=\"og:title\" content=\"25 &gt; 27.07.25 \/\/ Tourisme Imaginaire | Freddy Morezon\" \/>\n<meta property=\"og:description\" content=\"25.26.27 juillet 2025 Circuits p\u00e9destres \u25b6\ufe0e d\u00e9part \u00e0 14h sous la vieille halle \u25b6\ufe0e angle rue Jean Jaur\u00e8s \/ rue des Lombards \u00e0 Labrugui\u00e8re (81) \u25b6\ufe0e fin vers 22h domaine d\u2019En Laure Buvette et restauration sur place Tarifs : 13\u20ac (plein) \/10\u20ac (minima sociaux) \/ 8\u20ac (mineurs) Tourisme Imaginaire Venez explorer la face cach\u00e9e de&hellip;Continue reading &rarr;\" \/>\n<meta property=\"og:url\" content=\"https:\/\/freddymorezon.org\/nos-evenements\/25-27-07-25-tourisme-imaginaire\/\" \/>\n<meta property=\"og:site_name\" content=\"Freddy Morezon\" \/>\n<meta property=\"article:publisher\" content=\"https:\/\/www.facebook.com\/freddy.morezon\/\" \/>\n<meta property=\"article:modified_time\" content=\"2025-09-15T12:38:48+00:00\" \/>\n<meta property=\"og:image\" content=\"https:\/\/freddymorezon.org\/wp-content\/uploads\/2025\/06\/Vignette-Tourisme-Imaginaire.png\" \/>\n\t<meta property=\"og:image:width\" content=\"1080\" \/>\n\t<meta property=\"og:image:height\" content=\"1080\" \/>\n\t<meta property=\"og:image:type\" content=\"image\/png\" \/>\n<meta name=\"twitter:card\" content=\"summary_large_image\" \/>\n<script type=\"application\/ld+json\" class=\"yoast-schema-graph\">{\"@context\":\"https:\\\/\\\/schema.org\",\"@graph\":[{\"@type\":\"WebPage\",\"@id\":\"https:\\\/\\\/freddymorezon.org\\\/nos-evenements\\\/25-27-07-25-tourisme-imaginaire\\\/\",\"url\":\"https:\\\/\\\/freddymorezon.org\\\/nos-evenements\\\/25-27-07-25-tourisme-imaginaire\\\/\",\"name\":\"25 > 27.07.25 \\\/\\\/ Tourisme Imaginaire | Freddy Morezon\",\"isPartOf\":{\"@id\":\"https:\\\/\\\/freddymorezon.org\\\/#website\"},\"primaryImageOfPage\":{\"@id\":\"https:\\\/\\\/freddymorezon.org\\\/nos-evenements\\\/25-27-07-25-tourisme-imaginaire\\\/#primaryimage\"},\"image\":{\"@id\":\"https:\\\/\\\/freddymorezon.org\\\/nos-evenements\\\/25-27-07-25-tourisme-imaginaire\\\/#primaryimage\"},\"thumbnailUrl\":\"https:\\\/\\\/freddymorezon.org\\\/wp-content\\\/uploads\\\/2025\\\/06\\\/Vignette-Tourisme-Imaginaire.png\",\"datePublished\":\"2025-03-22T17:35:47+00:00\",\"dateModified\":\"2025-09-15T12:38:48+00:00\",\"breadcrumb\":{\"@id\":\"https:\\\/\\\/freddymorezon.org\\\/nos-evenements\\\/25-27-07-25-tourisme-imaginaire\\\/#breadcrumb\"},\"inLanguage\":\"en-US\",\"potentialAction\":[{\"@type\":\"ReadAction\",\"target\":[\"https:\\\/\\\/freddymorezon.org\\\/nos-evenements\\\/25-27-07-25-tourisme-imaginaire\\\/\"]}]},{\"@type\":\"ImageObject\",\"inLanguage\":\"en-US\",\"@id\":\"https:\\\/\\\/freddymorezon.org\\\/nos-evenements\\\/25-27-07-25-tourisme-imaginaire\\\/#primaryimage\",\"url\":\"https:\\\/\\\/freddymorezon.org\\\/wp-content\\\/uploads\\\/2025\\\/06\\\/Vignette-Tourisme-Imaginaire.png\",\"contentUrl\":\"https:\\\/\\\/freddymorezon.org\\\/wp-content\\\/uploads\\\/2025\\\/06\\\/Vignette-Tourisme-Imaginaire.png\",\"width\":1080,\"height\":1080},{\"@type\":\"BreadcrumbList\",\"@id\":\"https:\\\/\\\/freddymorezon.org\\\/nos-evenements\\\/25-27-07-25-tourisme-imaginaire\\\/#breadcrumb\",\"itemListElement\":[{\"@type\":\"ListItem\",\"position\":1,\"name\":\"Accueil\",\"item\":\"https:\\\/\\\/freddymorezon.org\\\/\"},{\"@type\":\"ListItem\",\"position\":2,\"name\":\"Nos \u00e9v\u00e9nements\",\"item\":\"https:\\\/\\\/freddymorezon.org\\\/nos-evenements\\\/\"},{\"@type\":\"ListItem\",\"position\":3,\"name\":\"25 > 27.07.25 \\\/\\\/ Tourisme Imaginaire\"}]},{\"@type\":\"WebSite\",\"@id\":\"https:\\\/\\\/freddymorezon.org\\\/#website\",\"url\":\"https:\\\/\\\/freddymorezon.org\\\/\",\"name\":\"Freddy Morezon\",\"description\":\"jazz - musique improvis\u00e9e - esth\u00e9tiques plurielles\",\"publisher\":{\"@id\":\"https:\\\/\\\/freddymorezon.org\\\/#organization\"},\"potentialAction\":[{\"@type\":\"SearchAction\",\"target\":{\"@type\":\"EntryPoint\",\"urlTemplate\":\"https:\\\/\\\/freddymorezon.org\\\/?s={search_term_string}\"},\"query-input\":{\"@type\":\"PropertyValueSpecification\",\"valueRequired\":true,\"valueName\":\"search_term_string\"}}],\"inLanguage\":\"en-US\"},{\"@type\":\"Organization\",\"@id\":\"https:\\\/\\\/freddymorezon.org\\\/#organization\",\"name\":\"Association Freddy Morezon\",\"url\":\"https:\\\/\\\/freddymorezon.org\\\/\",\"logo\":{\"@type\":\"ImageObject\",\"inLanguage\":\"en-US\",\"@id\":\"https:\\\/\\\/freddymorezon.org\\\/#\\\/schema\\\/logo\\\/image\\\/\",\"url\":\"https:\\\/\\\/freddymorezon.org\\\/wp-content\\\/uploads\\\/2016\\\/02\\\/mini-logo-header-site2.jpg\",\"contentUrl\":\"https:\\\/\\\/freddymorezon.org\\\/wp-content\\\/uploads\\\/2016\\\/02\\\/mini-logo-header-site2.jpg\",\"width\":234,\"height\":174,\"caption\":\"Association Freddy Morezon\"},\"image\":{\"@id\":\"https:\\\/\\\/freddymorezon.org\\\/#\\\/schema\\\/logo\\\/image\\\/\"},\"sameAs\":[\"https:\\\/\\\/www.facebook.com\\\/freddy.morezon\\\/\",\"https:\\\/\\\/www.instagram.com\\\/freddymorezon\\\/\",\"https:\\\/\\\/www.youtube.com\\\/user\\\/freddymorezon\",\"https:\\\/\\\/fr.linkedin.com\\\/company\\\/freddy-morezon-p.r.o.d.\"]}]}<\/script>\n<!-- \/ Yoast SEO plugin. -->","yoast_head_json":{"title":"25 > 27.07.25 \/\/ Tourisme Imaginaire | Freddy Morezon","robots":{"index":"index","follow":"follow","max-snippet":"max-snippet:-1","max-image-preview":"max-image-preview:large","max-video-preview":"max-video-preview:-1"},"canonical":"https:\/\/freddymorezon.org\/nos-evenements\/25-27-07-25-tourisme-imaginaire\/","og_locale":"en_US","og_type":"article","og_title":"25 > 27.07.25 \/\/ Tourisme Imaginaire | Freddy Morezon","og_description":"25.26.27 juillet 2025 Circuits p\u00e9destres \u25b6\ufe0e d\u00e9part \u00e0 14h sous la vieille halle \u25b6\ufe0e angle rue Jean Jaur\u00e8s \/ rue des Lombards \u00e0 Labrugui\u00e8re (81) \u25b6\ufe0e fin vers 22h domaine d\u2019En Laure Buvette et restauration sur place Tarifs : 13\u20ac (plein) \/10\u20ac (minima sociaux) \/ 8\u20ac (mineurs) Tourisme Imaginaire Venez explorer la face cach\u00e9e de&hellip;Continue reading &rarr;","og_url":"https:\/\/freddymorezon.org\/nos-evenements\/25-27-07-25-tourisme-imaginaire\/","og_site_name":"Freddy Morezon","article_publisher":"https:\/\/www.facebook.com\/freddy.morezon\/","article_modified_time":"2025-09-15T12:38:48+00:00","og_image":[{"width":1080,"height":1080,"url":"https:\/\/freddymorezon.org\/wp-content\/uploads\/2025\/06\/Vignette-Tourisme-Imaginaire.png","type":"image\/png"}],"twitter_card":"summary_large_image","schema":{"@context":"https:\/\/schema.org","@graph":[{"@type":"WebPage","@id":"https:\/\/freddymorezon.org\/nos-evenements\/25-27-07-25-tourisme-imaginaire\/","url":"https:\/\/freddymorezon.org\/nos-evenements\/25-27-07-25-tourisme-imaginaire\/","name":"25 > 27.07.25 \/\/ Tourisme Imaginaire | Freddy Morezon","isPartOf":{"@id":"https:\/\/freddymorezon.org\/#website"},"primaryImageOfPage":{"@id":"https:\/\/freddymorezon.org\/nos-evenements\/25-27-07-25-tourisme-imaginaire\/#primaryimage"},"image":{"@id":"https:\/\/freddymorezon.org\/nos-evenements\/25-27-07-25-tourisme-imaginaire\/#primaryimage"},"thumbnailUrl":"https:\/\/freddymorezon.org\/wp-content\/uploads\/2025\/06\/Vignette-Tourisme-Imaginaire.png","datePublished":"2025-03-22T17:35:47+00:00","dateModified":"2025-09-15T12:38:48+00:00","breadcrumb":{"@id":"https:\/\/freddymorezon.org\/nos-evenements\/25-27-07-25-tourisme-imaginaire\/#breadcrumb"},"inLanguage":"en-US","potentialAction":[{"@type":"ReadAction","target":["https:\/\/freddymorezon.org\/nos-evenements\/25-27-07-25-tourisme-imaginaire\/"]}]},{"@type":"ImageObject","inLanguage":"en-US","@id":"https:\/\/freddymorezon.org\/nos-evenements\/25-27-07-25-tourisme-imaginaire\/#primaryimage","url":"https:\/\/freddymorezon.org\/wp-content\/uploads\/2025\/06\/Vignette-Tourisme-Imaginaire.png","contentUrl":"https:\/\/freddymorezon.org\/wp-content\/uploads\/2025\/06\/Vignette-Tourisme-Imaginaire.png","width":1080,"height":1080},{"@type":"BreadcrumbList","@id":"https:\/\/freddymorezon.org\/nos-evenements\/25-27-07-25-tourisme-imaginaire\/#breadcrumb","itemListElement":[{"@type":"ListItem","position":1,"name":"Accueil","item":"https:\/\/freddymorezon.org\/"},{"@type":"ListItem","position":2,"name":"Nos \u00e9v\u00e9nements","item":"https:\/\/freddymorezon.org\/nos-evenements\/"},{"@type":"ListItem","position":3,"name":"25 > 27.07.25 \/\/ Tourisme Imaginaire"}]},{"@type":"WebSite","@id":"https:\/\/freddymorezon.org\/#website","url":"https:\/\/freddymorezon.org\/","name":"Freddy Morezon","description":"jazz - musique improvis\u00e9e - esth\u00e9tiques plurielles","publisher":{"@id":"https:\/\/freddymorezon.org\/#organization"},"potentialAction":[{"@type":"SearchAction","target":{"@type":"EntryPoint","urlTemplate":"https:\/\/freddymorezon.org\/?s={search_term_string}"},"query-input":{"@type":"PropertyValueSpecification","valueRequired":true,"valueName":"search_term_string"}}],"inLanguage":"en-US"},{"@type":"Organization","@id":"https:\/\/freddymorezon.org\/#organization","name":"Association Freddy Morezon","url":"https:\/\/freddymorezon.org\/","logo":{"@type":"ImageObject","inLanguage":"en-US","@id":"https:\/\/freddymorezon.org\/#\/schema\/logo\/image\/","url":"https:\/\/freddymorezon.org\/wp-content\/uploads\/2016\/02\/mini-logo-header-site2.jpg","contentUrl":"https:\/\/freddymorezon.org\/wp-content\/uploads\/2016\/02\/mini-logo-header-site2.jpg","width":234,"height":174,"caption":"Association Freddy Morezon"},"image":{"@id":"https:\/\/freddymorezon.org\/#\/schema\/logo\/image\/"},"sameAs":["https:\/\/www.facebook.com\/freddy.morezon\/","https:\/\/www.instagram.com\/freddymorezon\/","https:\/\/www.youtube.com\/user\/freddymorezon","https:\/\/fr.linkedin.com\/company\/freddy-morezon-p.r.o.d."]}]}},"_links":{"self":[{"href":"https:\/\/freddymorezon.org\/en\/wp-json\/wp\/v2\/pages\/23221","targetHints":{"allow":["GET"]}}],"collection":[{"href":"https:\/\/freddymorezon.org\/en\/wp-json\/wp\/v2\/pages"}],"about":[{"href":"https:\/\/freddymorezon.org\/en\/wp-json\/wp\/v2\/types\/page"}],"author":[{"embeddable":true,"href":"https:\/\/freddymorezon.org\/en\/wp-json\/wp\/v2\/users\/1"}],"replies":[{"embeddable":true,"href":"https:\/\/freddymorezon.org\/en\/wp-json\/wp\/v2\/comments?post=23221"}],"version-history":[{"count":8,"href":"https:\/\/freddymorezon.org\/en\/wp-json\/wp\/v2\/pages\/23221\/revisions"}],"predecessor-version":[{"id":23395,"href":"https:\/\/freddymorezon.org\/en\/wp-json\/wp\/v2\/pages\/23221\/revisions\/23395"}],"up":[{"embeddable":true,"href":"https:\/\/freddymorezon.org\/en\/wp-json\/wp\/v2\/pages\/10655"}],"wp:featuredmedia":[{"embeddable":true,"href":"https:\/\/freddymorezon.org\/en\/wp-json\/wp\/v2\/media\/23223"}],"wp:attachment":[{"href":"https:\/\/freddymorezon.org\/en\/wp-json\/wp\/v2\/media?parent=23221"}],"wp:term":[{"taxonomy":"category","embeddable":true,"href":"https:\/\/freddymorezon.org\/en\/wp-json\/wp\/v2\/categories?post=23221"},{"taxonomy":"post_tag","embeddable":true,"href":"https:\/\/freddymorezon.org\/en\/wp-json\/wp\/v2\/tags?post=23221"}],"curies":[{"name":"wp","href":"https:\/\/api.w.org\/{rel}","templated":true}]}}