
{"id":23385,"date":"2025-03-22T19:45:43","date_gmt":"2025-03-22T17:45:43","guid":{"rendered":"https:\/\/freddymorezon.org\/?page_id=23385"},"modified":"2025-09-15T14:40:29","modified_gmt":"2025-09-15T12:40:29","slug":"01-08-2025-future-folk-stories-episode-cevenol-vison-visu","status":"publish","type":"page","link":"https:\/\/freddymorezon.org\/en\/nos-evenements\/01-08-2025-future-folk-stories-episode-cevenol-vison-visu\/","title":{"rendered":"01.08.2025 \/\/ FUTURE FOLK STORIES \u00c9PISODE C\u00c9VENOL &#8211; VISON VISU"},"content":{"rendered":"<div id=\"pl-23385\"  class=\"panel-layout\" ><div id=\"pg-23385-0\"  class=\"panel-grid panel-no-style\" ><div id=\"pgc-23385-0-0\"  class=\"panel-grid-cell\" ><div id=\"panel-23385-0-0-0\" class=\"so-panel widget widget_sow-image panel-first-child\" data-index=\"0\" ><div\n\t\t\t\n\t\t\tclass=\"so-widget-sow-image so-widget-sow-image-default-8b5b6f678277-23385\"\n\t\t\t\n\t\t>\n<div class=\"sow-image-container\">\n\t\t<img \n\tsrc=\"https:\/\/freddymorezon.org\/wp-content\/uploads\/2025\/07\/Vison-Visu-2-250x223.jpg\" width=\"250\" height=\"223\" srcset=\"https:\/\/freddymorezon.org\/wp-content\/uploads\/2025\/07\/Vison-Visu-2-250x223.jpg 250w, https:\/\/freddymorezon.org\/wp-content\/uploads\/2025\/07\/Vison-Visu-2-450x402.jpg 450w\" sizes=\"(max-width: 250px) 100vw, 250px\" title=\"Avides de m\u00e9lodies, Janick Martin et Robin Fincker les aspirent en profondeur, qu\u2019elles soient d\u2019aujourd\u2019hui ou d\u2019un autre \u00e2ge, ils en d\u00e9jouent les phras\u00e9s conventionnels. Jouant de fractures et de m\u00e9lismes, de grooves et d\u2019improvisations, le duo aux timbres sonnants \u00e9change avec passion, intensit\u00e9 et fr\u00e9n\u00e9sie. Un face \u00e0 face intime et interpellant.&quot;Les deux hommes s&#039;assirent vison-visu. Pierrot eut vaguement l&#039;impression d&#039;avoir d\u00e9j\u00e0 rencontr\u00e9 ce type-l\u00e0 quelque part&quot;  Raymond Queneau, Pierrot, 1942\" alt=\"\" \t\tclass=\"so-widget-image\"\/>\n\t<\/div>\n\n<\/div><\/div><div id=\"panel-23385-0-0-1\" class=\"so-panel widget widget_sow-headline\" data-index=\"1\" ><div\n\t\t\t\n\t\t\tclass=\"so-widget-sow-headline so-widget-sow-headline-default-33958b114544-23385\"\n\t\t\t\n\t\t><div class=\"sow-headline-container \">\n\t\t\t\t\t\t<div class=\"decoration\">\n\t\t\t\t\t\t<div class=\"decoration-inside\"><\/div>\n\t\t\t\t\t<\/div>\n\t\t\t\t\t<\/div>\n<\/div><\/div><div id=\"panel-23385-0-0-2\" class=\"so-panel widget widget_sow-editor\" data-index=\"2\" ><div\n\t\t\t\n\t\t\tclass=\"so-widget-sow-editor so-widget-sow-editor-base\"\n\t\t\t\n\t\t><h3 class=\"widget-title\">INFOS PRATIQUES<\/h3>\n<div class=\"siteorigin-widget-tinymce textwidget\">\n\t<p>Centre de Voix Roy Hart<br \/>\nCh\u00e2teau de Mal\u00e9rargues<br \/>\n30140 Thoiras<\/p>\n<p>Concert \u00e0 21h<\/p>\n<\/div>\n<\/div><\/div><div id=\"panel-23385-0-0-3\" class=\"so-panel widget widget_sow-button\" data-index=\"3\" ><div\n\t\t\t\n\t\t\tclass=\"so-widget-sow-button so-widget-sow-button-flat-a657a074bb6d-23385\"\n\t\t\t\n\t\t><div class=\"ow-button-base ow-button-align-left\"\n>\n\t\t\t<a\n\t\t\t\t\thref=\"https:\/\/roy-hart-theatre.com\/fr\/projets-artistiques\/#upcoming-performances\"\n\t\t\t\t\tclass=\"sowb-button ow-icon-placement-left ow-button-hover\" \t>\n\t\t<span>\n\t\t\t\n\t\t\t+ D'INFOS\t\t<\/span>\n\t\t\t<\/a>\n\t<\/div>\n<\/div><\/div><div id=\"panel-23385-0-0-4\" class=\"so-panel widget widget_sow-button\" data-index=\"4\" ><div\n\t\t\t\n\t\t\tclass=\"so-widget-sow-button so-widget-sow-button-flat-a657a074bb6d-23385\"\n\t\t\t\n\t\t><div class=\"ow-button-base ow-button-align-left\"\n>\n\t\t\t<a\n\t\t\t\t\thref=\"https:\/\/freddymorezon.org\/nos-evenements\/\"\n\t\t\t\t\tclass=\"sowb-button ow-icon-placement-left ow-button-hover\" \t>\n\t\t<span>\n\t\t\t\n\t\t\tRetour \u00e0 la page \u00c9v\u00e9nements\t\t<\/span>\n\t\t\t<\/a>\n\t<\/div>\n<\/div><\/div><div id=\"panel-23385-0-0-5\" class=\"so-panel widget widget_sow-button panel-last-child\" data-index=\"5\" ><div\n\t\t\t\n\t\t\tclass=\"so-widget-sow-button so-widget-sow-button-flat-a657a074bb6d-23385\"\n\t\t\t\n\t\t><div class=\"ow-button-base ow-button-align-left\"\n>\n\t\t\t<a\n\t\t\t\t\thref=\"https:\/\/freddymorezon.org\/catalogue\/future-folk-stories\/future-folk-stories-episode-cevenol\/\"\n\t\t\t\t\tclass=\"sowb-button ow-icon-placement-left ow-button-hover\" \t>\n\t\t<span>\n\t\t\t\n\t\t\tPage \u00c9pisode c\u00e9venol\t\t<\/span>\n\t\t\t<\/a>\n\t<\/div>\n<\/div><\/div><\/div><div id=\"pgc-23385-0-1\"  class=\"panel-grid-cell\" ><div id=\"panel-23385-0-1-0\" class=\"so-panel widget widget_sow-headline panel-first-child\" data-index=\"6\" ><div\n\t\t\t\n\t\t\tclass=\"so-widget-sow-headline so-widget-sow-headline-default-d42322c5b14c-23385\"\n\t\t\t\n\t\t><div class=\"sow-headline-container \">\n\t\t\t\t\t\t\t<h2 class=\"sow-headline\">\n\t\t\t\t\t\tFUTURE FOLK STORIES \u00c9PISODE C\u00c9VENOL - VISON VISU \t\t\t\t\t\t<\/h2>\n\t\t\t\t\t\t\t\t\t\t\t<div class=\"decoration\">\n\t\t\t\t\t\t<div class=\"decoration-inside\"><\/div>\n\t\t\t\t\t<\/div>\n\t\t\t\t\t<\/div>\n<\/div><\/div><div id=\"panel-23385-0-1-1\" class=\"so-panel widget widget_sow-editor\" data-index=\"7\" ><div\n\t\t\t\n\t\t\tclass=\"so-widget-sow-editor so-widget-sow-editor-base\"\n\t\t\t\n\t\t><h3 class=\"widget-title\">Concert de Vison Visu<\/h3>\n<div class=\"siteorigin-widget-tinymce textwidget\">\n\t<p>Que ce soit dans le jazz ou dans les musiques de tradition populaire, l\u2019association du saxophone et de l\u2019accord\u00e9on est depuis longtemps famili\u00e8re de nos oreilles. Janick Martin et Robin Fincker se sont d\u00e9couverts au sein du quintet Finis Terrae de Vincent Courtois et ont tr\u00e8s rapidement nou\u00e9 une complicit\u00e9 \u00e9vidente. Jouant de grooves et d\u2019improvisations, avides de m\u00e9lodies, qu\u2019elles soient d\u2019aujourd\u2019hui ou d\u2019un autre \u00e2ge, ils en d\u00e9jouent les phras\u00e9s conventionnels et \u00e9changent avec passion, intensit\u00e9 et fr\u00e9n\u00e9sie. Un face \u00e0 face intime et saisissant.<\/p>\n<p><strong>Robin Fincker\u00a0<\/strong>: saxophone t\u00e9nor, clarinette<br \/>\n<strong>Janick Martin <\/strong>: accord\u00e9on diatonique<\/p>\n<\/div>\n<\/div><\/div><div id=\"panel-23385-0-1-2\" class=\"so-panel widget widget_sow-image\" data-index=\"8\" ><div\n\t\t\t\n\t\t\tclass=\"so-widget-sow-image so-widget-sow-image-default-8b5b6f678277-23385\"\n\t\t\t\n\t\t>\n<div class=\"sow-image-container\">\n\t\t<img \n\tsrc=\"https:\/\/freddymorezon.org\/wp-content\/uploads\/2025\/07\/Vison-Visu-2-scaled.jpg\" width=\"2560\" height=\"1710\" srcset=\"https:\/\/freddymorezon.org\/wp-content\/uploads\/2025\/07\/Vison-Visu-2-scaled.jpg 2560w, https:\/\/freddymorezon.org\/wp-content\/uploads\/2025\/07\/Vison-Visu-2-800x534.jpg 800w, https:\/\/freddymorezon.org\/wp-content\/uploads\/2025\/07\/Vison-Visu-2-1536x1026.jpg 1536w, https:\/\/freddymorezon.org\/wp-content\/uploads\/2025\/07\/Vison-Visu-2-2048x1368.jpg 2048w, https:\/\/freddymorezon.org\/wp-content\/uploads\/2025\/07\/Vison-Visu-2-300x200.jpg 300w, https:\/\/freddymorezon.org\/wp-content\/uploads\/2025\/07\/Vison-Visu-2-400x267.jpg 400w, https:\/\/freddymorezon.org\/wp-content\/uploads\/2025\/07\/Vison-Visu-2-272x182.jpg 272w\" sizes=\"(max-width: 2560px) 100vw, 2560px\" title=\"Avides de m\u00e9lodies, Janick Martin et Robin Fincker les aspirent en profondeur, qu\u2019elles soient d\u2019aujourd\u2019hui ou d\u2019un autre \u00e2ge, ils en d\u00e9jouent les phras\u00e9s conventionnels. Jouant de fractures et de m\u00e9lismes, de grooves et d\u2019improvisations, le duo aux timbres sonnants \u00e9change avec passion, intensit\u00e9 et fr\u00e9n\u00e9sie. Un face \u00e0 face intime et interpellant.&quot;Les deux hommes s&#039;assirent vison-visu. Pierrot eut vaguement l&#039;impression d&#039;avoir d\u00e9j\u00e0 rencontr\u00e9 ce type-l\u00e0 quelque part&quot;  Raymond Queneau, Pierrot, 1942\" alt=\"\" \t\tclass=\"so-widget-image\"\/>\n\t<\/div>\n\n<\/div><\/div><div id=\"panel-23385-0-1-3\" class=\"so-panel widget widget_sow-editor panel-last-child\" data-index=\"9\" ><div\n\t\t\t\n\t\t\tclass=\"so-widget-sow-editor so-widget-sow-editor-base\"\n\t\t\t\n\t\t>\n<div class=\"siteorigin-widget-tinymce textwidget\">\n\t<p><iframe loading=\"lazy\" title=\"Robin Fincker &amp; Janick Martin &quot;Vison Visu&quot; - Al lann melen &amp; Echoes of the riverbanks\" width=\"790\" height=\"444\" src=\"https:\/\/www.youtube.com\/embed\/Uo2fELdJKS0?feature=oembed\" frameborder=\"0\" allow=\"accelerometer; autoplay; clipboard-write; encrypted-media; gyroscope; picture-in-picture; web-share\" referrerpolicy=\"strict-origin-when-cross-origin\" allowfullscreen><\/iframe><\/p>\n<\/div>\n<\/div><\/div><\/div><\/div><\/div>","protected":false},"excerpt":{"rendered":"<p>Centre de Voix Roy Hart Ch\u00e2teau de Mal\u00e9rargues 30140 Thoiras Concert \u00e0 21h Que ce soit dans le jazz ou dans les musiques de tradition populaire, l\u2019association du saxophone et de l\u2019accord\u00e9on est depuis longtemps famili\u00e8re de nos oreilles. Janick Martin et Robin Fincker se sont d\u00e9couverts au sein du quintet Finis Terrae de Vincent&hellip;<\/p>\n<p><a class=\"more-link\" href=\"https:\/\/freddymorezon.org\/en\/nos-evenements\/01-08-2025-future-folk-stories-episode-cevenol-vison-visu\/\" title=\"Continue reading &lsquo;01.08.2025 \/\/ FUTURE FOLK STORIES \u00c9PISODE C\u00c9VENOL &#8211; VISON VISU&rsquo;\">Continue reading <span class=\"meta-nav\">&rarr;<\/span><\/a><\/p>\n","protected":false},"author":1,"featured_media":22531,"parent":10655,"menu_order":0,"comment_status":"closed","ping_status":"closed","template":"page-templates\/full-width.php","meta":{"om_disable_all_campaigns":false,"_monsterinsights_skip_tracking":false,"_monsterinsights_sitenote_active":false,"_monsterinsights_sitenote_note":"","_monsterinsights_sitenote_category":0,"_uf_show_specific_survey":0,"_uf_disable_surveys":false,"footnotes":""},"categories":[1401],"tags":[],"class_list":["post-23385","page","type-page","status-publish","has-post-thumbnail","hentry","category-nos-evenements-passes"],"aioseo_notices":[],"yoast_head":"<!-- This site is optimized with the Yoast SEO plugin v27.3 - https:\/\/yoast.com\/product\/yoast-seo-wordpress\/ -->\n<title>01.08.2025 \/\/ FUTURE FOLK STORIES \u00c9PISODE C\u00c9VENOL - VISON VISU | Freddy Morezon<\/title>\n<meta name=\"robots\" content=\"index, follow, max-snippet:-1, max-image-preview:large, max-video-preview:-1\" \/>\n<link rel=\"canonical\" href=\"https:\/\/freddymorezon.org\/nos-evenements\/01-08-2025-future-folk-stories-episode-cevenol-vison-visu\/\" \/>\n<meta property=\"og:locale\" content=\"en_US\" \/>\n<meta property=\"og:type\" content=\"article\" \/>\n<meta property=\"og:title\" content=\"01.08.2025 \/\/ FUTURE FOLK STORIES \u00c9PISODE C\u00c9VENOL - VISON VISU | Freddy Morezon\" \/>\n<meta property=\"og:description\" content=\"Centre de Voix Roy Hart Ch\u00e2teau de Mal\u00e9rargues 30140 Thoiras Concert \u00e0 21h Que ce soit dans le jazz ou dans les musiques de tradition populaire, l\u2019association du saxophone et de l\u2019accord\u00e9on est depuis longtemps famili\u00e8re de nos oreilles. Janick Martin et Robin Fincker se sont d\u00e9couverts au sein du quintet Finis Terrae de Vincent&hellip;Continue reading &rarr;\" \/>\n<meta property=\"og:url\" content=\"https:\/\/freddymorezon.org\/nos-evenements\/01-08-2025-future-folk-stories-episode-cevenol-vison-visu\/\" \/>\n<meta property=\"og:site_name\" content=\"Freddy Morezon\" \/>\n<meta property=\"article:publisher\" content=\"https:\/\/www.facebook.com\/freddy.morezon\/\" \/>\n<meta property=\"article:modified_time\" content=\"2025-09-15T12:40:29+00:00\" \/>\n<meta property=\"og:image\" content=\"https:\/\/freddymorezon.org\/wp-content\/uploads\/2025\/04\/vison_visu_dsc00607_bd.jpg.webp\" \/>\n\t<meta property=\"og:image:width\" content=\"1000\" \/>\n\t<meta property=\"og:image:height\" content=\"1498\" \/>\n\t<meta property=\"og:image:type\" content=\"image\/webp\" \/>\n<meta name=\"twitter:card\" content=\"summary_large_image\" \/>\n<script type=\"application\/ld+json\" class=\"yoast-schema-graph\">{\"@context\":\"https:\\\/\\\/schema.org\",\"@graph\":[{\"@type\":\"WebPage\",\"@id\":\"https:\\\/\\\/freddymorezon.org\\\/nos-evenements\\\/01-08-2025-future-folk-stories-episode-cevenol-vison-visu\\\/\",\"url\":\"https:\\\/\\\/freddymorezon.org\\\/nos-evenements\\\/01-08-2025-future-folk-stories-episode-cevenol-vison-visu\\\/\",\"name\":\"01.08.2025 \\\/\\\/ FUTURE FOLK STORIES \u00c9PISODE C\u00c9VENOL - VISON VISU | Freddy Morezon\",\"isPartOf\":{\"@id\":\"https:\\\/\\\/freddymorezon.org\\\/#website\"},\"primaryImageOfPage\":{\"@id\":\"https:\\\/\\\/freddymorezon.org\\\/nos-evenements\\\/01-08-2025-future-folk-stories-episode-cevenol-vison-visu\\\/#primaryimage\"},\"image\":{\"@id\":\"https:\\\/\\\/freddymorezon.org\\\/nos-evenements\\\/01-08-2025-future-folk-stories-episode-cevenol-vison-visu\\\/#primaryimage\"},\"thumbnailUrl\":\"https:\\\/\\\/freddymorezon.org\\\/wp-content\\\/uploads\\\/2025\\\/04\\\/vison_visu_dsc00607_bd.jpg.webp\",\"datePublished\":\"2025-03-22T17:45:43+00:00\",\"dateModified\":\"2025-09-15T12:40:29+00:00\",\"breadcrumb\":{\"@id\":\"https:\\\/\\\/freddymorezon.org\\\/nos-evenements\\\/01-08-2025-future-folk-stories-episode-cevenol-vison-visu\\\/#breadcrumb\"},\"inLanguage\":\"en-US\",\"potentialAction\":[{\"@type\":\"ReadAction\",\"target\":[\"https:\\\/\\\/freddymorezon.org\\\/nos-evenements\\\/01-08-2025-future-folk-stories-episode-cevenol-vison-visu\\\/\"]}]},{\"@type\":\"ImageObject\",\"inLanguage\":\"en-US\",\"@id\":\"https:\\\/\\\/freddymorezon.org\\\/nos-evenements\\\/01-08-2025-future-folk-stories-episode-cevenol-vison-visu\\\/#primaryimage\",\"url\":\"https:\\\/\\\/freddymorezon.org\\\/wp-content\\\/uploads\\\/2025\\\/04\\\/vison_visu_dsc00607_bd.jpg.webp\",\"contentUrl\":\"https:\\\/\\\/freddymorezon.org\\\/wp-content\\\/uploads\\\/2025\\\/04\\\/vison_visu_dsc00607_bd.jpg.webp\",\"width\":1000,\"height\":1498},{\"@type\":\"BreadcrumbList\",\"@id\":\"https:\\\/\\\/freddymorezon.org\\\/nos-evenements\\\/01-08-2025-future-folk-stories-episode-cevenol-vison-visu\\\/#breadcrumb\",\"itemListElement\":[{\"@type\":\"ListItem\",\"position\":1,\"name\":\"Accueil\",\"item\":\"https:\\\/\\\/freddymorezon.org\\\/\"},{\"@type\":\"ListItem\",\"position\":2,\"name\":\"Nos \u00e9v\u00e9nements\",\"item\":\"https:\\\/\\\/freddymorezon.org\\\/nos-evenements\\\/\"},{\"@type\":\"ListItem\",\"position\":3,\"name\":\"01.08.2025 \\\/\\\/ FUTURE FOLK STORIES \u00c9PISODE C\u00c9VENOL &#8211; VISON VISU\"}]},{\"@type\":\"WebSite\",\"@id\":\"https:\\\/\\\/freddymorezon.org\\\/#website\",\"url\":\"https:\\\/\\\/freddymorezon.org\\\/\",\"name\":\"Freddy Morezon\",\"description\":\"jazz - musique improvis\u00e9e - esth\u00e9tiques plurielles\",\"publisher\":{\"@id\":\"https:\\\/\\\/freddymorezon.org\\\/#organization\"},\"potentialAction\":[{\"@type\":\"SearchAction\",\"target\":{\"@type\":\"EntryPoint\",\"urlTemplate\":\"https:\\\/\\\/freddymorezon.org\\\/?s={search_term_string}\"},\"query-input\":{\"@type\":\"PropertyValueSpecification\",\"valueRequired\":true,\"valueName\":\"search_term_string\"}}],\"inLanguage\":\"en-US\"},{\"@type\":\"Organization\",\"@id\":\"https:\\\/\\\/freddymorezon.org\\\/#organization\",\"name\":\"Association Freddy Morezon\",\"url\":\"https:\\\/\\\/freddymorezon.org\\\/\",\"logo\":{\"@type\":\"ImageObject\",\"inLanguage\":\"en-US\",\"@id\":\"https:\\\/\\\/freddymorezon.org\\\/#\\\/schema\\\/logo\\\/image\\\/\",\"url\":\"https:\\\/\\\/freddymorezon.org\\\/wp-content\\\/uploads\\\/2016\\\/02\\\/mini-logo-header-site2.jpg\",\"contentUrl\":\"https:\\\/\\\/freddymorezon.org\\\/wp-content\\\/uploads\\\/2016\\\/02\\\/mini-logo-header-site2.jpg\",\"width\":234,\"height\":174,\"caption\":\"Association Freddy Morezon\"},\"image\":{\"@id\":\"https:\\\/\\\/freddymorezon.org\\\/#\\\/schema\\\/logo\\\/image\\\/\"},\"sameAs\":[\"https:\\\/\\\/www.facebook.com\\\/freddy.morezon\\\/\",\"https:\\\/\\\/www.instagram.com\\\/freddymorezon\\\/\",\"https:\\\/\\\/www.youtube.com\\\/user\\\/freddymorezon\",\"https:\\\/\\\/fr.linkedin.com\\\/company\\\/freddy-morezon-p.r.o.d.\"]}]}<\/script>\n<!-- \/ Yoast SEO plugin. -->","yoast_head_json":{"title":"01.08.2025 \/\/ FUTURE FOLK STORIES \u00c9PISODE C\u00c9VENOL - VISON VISU | Freddy Morezon","robots":{"index":"index","follow":"follow","max-snippet":"max-snippet:-1","max-image-preview":"max-image-preview:large","max-video-preview":"max-video-preview:-1"},"canonical":"https:\/\/freddymorezon.org\/nos-evenements\/01-08-2025-future-folk-stories-episode-cevenol-vison-visu\/","og_locale":"en_US","og_type":"article","og_title":"01.08.2025 \/\/ FUTURE FOLK STORIES \u00c9PISODE C\u00c9VENOL - VISON VISU | Freddy Morezon","og_description":"Centre de Voix Roy Hart Ch\u00e2teau de Mal\u00e9rargues 30140 Thoiras Concert \u00e0 21h Que ce soit dans le jazz ou dans les musiques de tradition populaire, l\u2019association du saxophone et de l\u2019accord\u00e9on est depuis longtemps famili\u00e8re de nos oreilles. Janick Martin et Robin Fincker se sont d\u00e9couverts au sein du quintet Finis Terrae de Vincent&hellip;Continue reading &rarr;","og_url":"https:\/\/freddymorezon.org\/nos-evenements\/01-08-2025-future-folk-stories-episode-cevenol-vison-visu\/","og_site_name":"Freddy Morezon","article_publisher":"https:\/\/www.facebook.com\/freddy.morezon\/","article_modified_time":"2025-09-15T12:40:29+00:00","og_image":[{"width":1000,"height":1498,"url":"https:\/\/freddymorezon.org\/wp-content\/uploads\/2025\/04\/vison_visu_dsc00607_bd.jpg.webp","type":"image\/webp"}],"twitter_card":"summary_large_image","schema":{"@context":"https:\/\/schema.org","@graph":[{"@type":"WebPage","@id":"https:\/\/freddymorezon.org\/nos-evenements\/01-08-2025-future-folk-stories-episode-cevenol-vison-visu\/","url":"https:\/\/freddymorezon.org\/nos-evenements\/01-08-2025-future-folk-stories-episode-cevenol-vison-visu\/","name":"01.08.2025 \/\/ FUTURE FOLK STORIES \u00c9PISODE C\u00c9VENOL - VISON VISU | Freddy Morezon","isPartOf":{"@id":"https:\/\/freddymorezon.org\/#website"},"primaryImageOfPage":{"@id":"https:\/\/freddymorezon.org\/nos-evenements\/01-08-2025-future-folk-stories-episode-cevenol-vison-visu\/#primaryimage"},"image":{"@id":"https:\/\/freddymorezon.org\/nos-evenements\/01-08-2025-future-folk-stories-episode-cevenol-vison-visu\/#primaryimage"},"thumbnailUrl":"https:\/\/freddymorezon.org\/wp-content\/uploads\/2025\/04\/vison_visu_dsc00607_bd.jpg.webp","datePublished":"2025-03-22T17:45:43+00:00","dateModified":"2025-09-15T12:40:29+00:00","breadcrumb":{"@id":"https:\/\/freddymorezon.org\/nos-evenements\/01-08-2025-future-folk-stories-episode-cevenol-vison-visu\/#breadcrumb"},"inLanguage":"en-US","potentialAction":[{"@type":"ReadAction","target":["https:\/\/freddymorezon.org\/nos-evenements\/01-08-2025-future-folk-stories-episode-cevenol-vison-visu\/"]}]},{"@type":"ImageObject","inLanguage":"en-US","@id":"https:\/\/freddymorezon.org\/nos-evenements\/01-08-2025-future-folk-stories-episode-cevenol-vison-visu\/#primaryimage","url":"https:\/\/freddymorezon.org\/wp-content\/uploads\/2025\/04\/vison_visu_dsc00607_bd.jpg.webp","contentUrl":"https:\/\/freddymorezon.org\/wp-content\/uploads\/2025\/04\/vison_visu_dsc00607_bd.jpg.webp","width":1000,"height":1498},{"@type":"BreadcrumbList","@id":"https:\/\/freddymorezon.org\/nos-evenements\/01-08-2025-future-folk-stories-episode-cevenol-vison-visu\/#breadcrumb","itemListElement":[{"@type":"ListItem","position":1,"name":"Accueil","item":"https:\/\/freddymorezon.org\/"},{"@type":"ListItem","position":2,"name":"Nos \u00e9v\u00e9nements","item":"https:\/\/freddymorezon.org\/nos-evenements\/"},{"@type":"ListItem","position":3,"name":"01.08.2025 \/\/ FUTURE FOLK STORIES \u00c9PISODE C\u00c9VENOL &#8211; VISON VISU"}]},{"@type":"WebSite","@id":"https:\/\/freddymorezon.org\/#website","url":"https:\/\/freddymorezon.org\/","name":"Freddy Morezon","description":"jazz - musique improvis\u00e9e - esth\u00e9tiques plurielles","publisher":{"@id":"https:\/\/freddymorezon.org\/#organization"},"potentialAction":[{"@type":"SearchAction","target":{"@type":"EntryPoint","urlTemplate":"https:\/\/freddymorezon.org\/?s={search_term_string}"},"query-input":{"@type":"PropertyValueSpecification","valueRequired":true,"valueName":"search_term_string"}}],"inLanguage":"en-US"},{"@type":"Organization","@id":"https:\/\/freddymorezon.org\/#organization","name":"Association Freddy Morezon","url":"https:\/\/freddymorezon.org\/","logo":{"@type":"ImageObject","inLanguage":"en-US","@id":"https:\/\/freddymorezon.org\/#\/schema\/logo\/image\/","url":"https:\/\/freddymorezon.org\/wp-content\/uploads\/2016\/02\/mini-logo-header-site2.jpg","contentUrl":"https:\/\/freddymorezon.org\/wp-content\/uploads\/2016\/02\/mini-logo-header-site2.jpg","width":234,"height":174,"caption":"Association Freddy Morezon"},"image":{"@id":"https:\/\/freddymorezon.org\/#\/schema\/logo\/image\/"},"sameAs":["https:\/\/www.facebook.com\/freddy.morezon\/","https:\/\/www.instagram.com\/freddymorezon\/","https:\/\/www.youtube.com\/user\/freddymorezon","https:\/\/fr.linkedin.com\/company\/freddy-morezon-p.r.o.d."]}]}},"_links":{"self":[{"href":"https:\/\/freddymorezon.org\/en\/wp-json\/wp\/v2\/pages\/23385","targetHints":{"allow":["GET"]}}],"collection":[{"href":"https:\/\/freddymorezon.org\/en\/wp-json\/wp\/v2\/pages"}],"about":[{"href":"https:\/\/freddymorezon.org\/en\/wp-json\/wp\/v2\/types\/page"}],"author":[{"embeddable":true,"href":"https:\/\/freddymorezon.org\/en\/wp-json\/wp\/v2\/users\/1"}],"replies":[{"embeddable":true,"href":"https:\/\/freddymorezon.org\/en\/wp-json\/wp\/v2\/comments?post=23385"}],"version-history":[{"count":9,"href":"https:\/\/freddymorezon.org\/en\/wp-json\/wp\/v2\/pages\/23385\/revisions"}],"predecessor-version":[{"id":23542,"href":"https:\/\/freddymorezon.org\/en\/wp-json\/wp\/v2\/pages\/23385\/revisions\/23542"}],"up":[{"embeddable":true,"href":"https:\/\/freddymorezon.org\/en\/wp-json\/wp\/v2\/pages\/10655"}],"wp:featuredmedia":[{"embeddable":true,"href":"https:\/\/freddymorezon.org\/en\/wp-json\/wp\/v2\/media\/22531"}],"wp:attachment":[{"href":"https:\/\/freddymorezon.org\/en\/wp-json\/wp\/v2\/media?parent=23385"}],"wp:term":[{"taxonomy":"category","embeddable":true,"href":"https:\/\/freddymorezon.org\/en\/wp-json\/wp\/v2\/categories?post=23385"},{"taxonomy":"post_tag","embeddable":true,"href":"https:\/\/freddymorezon.org\/en\/wp-json\/wp\/v2\/tags?post=23385"}],"curies":[{"name":"wp","href":"https:\/\/api.w.org\/{rel}","templated":true}]}}