
{"id":2359,"date":"2016-09-29T10:04:41","date_gmt":"2016-09-29T09:04:41","guid":{"rendered":"https:\/\/freddymorezon.org\/?page_id=2359"},"modified":"2025-12-09T12:14:20","modified_gmt":"2025-12-09T10:14:20","slug":"facteur-sauvage","status":"publish","type":"page","link":"https:\/\/freddymorezon.org\/en\/label\/facteur-sauvage\/","title":{"rendered":"Facteur Sauvage I"},"content":{"rendered":"<div id=\"pl-2359\"  class=\"panel-layout\" ><div id=\"pg-2359-0\"  class=\"panel-grid panel-no-style\" ><div id=\"pgc-2359-0-0\"  class=\"panel-grid-cell\" ><div id=\"panel-2359-0-0-0\" class=\"so-panel widget widget_sow-image panel-first-child\" data-index=\"0\" ><div\n\t\t\t\n\t\t\tclass=\"so-widget-sow-image so-widget-sow-image-default-8b5b6f678277-2359\"\n\t\t\t\n\t\t>\n<div class=\"sow-image-container\">\n\t\t<img \n\tsrc=\"https:\/\/freddymorezon.org\/wp-content\/uploads\/2016\/09\/recto_EP_FacteurSauvage_seri-450x402.jpg\" width=\"450\" height=\"402\" srcset=\"https:\/\/freddymorezon.org\/wp-content\/uploads\/2016\/09\/recto_EP_FacteurSauvage_seri-450x402.jpg 450w, https:\/\/freddymorezon.org\/wp-content\/uploads\/2016\/09\/recto_EP_FacteurSauvage_seri-800x716.jpg 800w, https:\/\/freddymorezon.org\/wp-content\/uploads\/2016\/09\/recto_EP_FacteurSauvage_seri-250x223.jpg 250w, https:\/\/freddymorezon.org\/wp-content\/uploads\/2016\/09\/recto_EP_FacteurSauvage_seri-400x358.jpg 400w, https:\/\/freddymorezon.org\/wp-content\/uploads\/2016\/09\/recto_EP_FacteurSauvage_seri.jpg 1638w\" sizes=\"(max-width: 450px) 100vw, 450px\" title=\"EP Facteur Sauvage\" alt=\"\" \t\tclass=\"so-widget-image\"\/>\n\t<\/div>\n\n<\/div><\/div><div id=\"panel-2359-0-0-1\" class=\"so-panel widget widget_sow-editor\" data-index=\"1\" ><div\n\t\t\t\n\t\t\tclass=\"so-widget-sow-editor so-widget-sow-editor-base\"\n\t\t\t\n\t\t>\n<div class=\"siteorigin-widget-tinymce textwidget\">\n\t<p>\u00c9PUIS\u00c9<\/p>\n<\/div>\n<\/div><\/div><div id=\"panel-2359-0-0-2\" class=\"so-panel widget widget_sow-editor\" data-index=\"2\" ><div\n\t\t\t\n\t\t\tclass=\"so-widget-sow-editor so-widget-sow-editor-base\"\n\t\t\t\n\t\t>\n<div class=\"siteorigin-widget-tinymce textwidget\">\n\t<p><iframe style=\"border: 0; width: 100%; height: 340px;\" src=\"https:\/\/bandcamp.com\/EmbeddedPlayer\/album=2449750013\/size=large\/bgcol=ffffff\/linkcol=0687f5\/artwork=none\/transparent=true\/\" seamless><a href=\"https:\/\/mrmorezon.bandcamp.com\/album\/facteur-sauvage-i\">Facteur Sauvage I by Facteur Sauvage<\/a><\/iframe><\/p>\n<\/div>\n<\/div><\/div><div id=\"panel-2359-0-0-3\" class=\"so-panel widget widget_sow-editor panel-last-child\" data-index=\"3\" ><div\n\t\t\t\n\t\t\tclass=\"so-widget-sow-editor so-widget-sow-editor-base\"\n\t\t\t\n\t\t><h3 class=\"widget-title\">DISTRIBUTION - CR\u00c9DITS<\/h3>\n<div class=\"siteorigin-widget-tinymce textwidget\">\n\t<p>Laurent Paris - batterie pr\u00e9par\u00e9e<br \/>\nDaniel Scalliet - voix<br \/>\nMathieu Sourisseau - guitare basse<\/p>\n<p>Ecrit et compos\u00e9 par Facteur Sauvage<br \/>\nEnregistr\u00e9, mix\u00e9 et masteris\u00e9 par Cyril Petit<br \/>\nGraphisme : Badneighbour &amp; Sons Inc.<br \/>\nS\u00e9rigraphie : typonpatate<br \/>\nMr Morezon et Nowheremen Records<br \/>\n\u00c9dition s\u00e9rigraphi\u00e9e num\u00e9rot\u00e9e \/300.<\/p>\n<\/div>\n<\/div><\/div><\/div><div id=\"pgc-2359-0-1\"  class=\"panel-grid-cell\" ><div id=\"panel-2359-0-1-0\" class=\"so-panel widget widget_sow-headline panel-first-child\" data-index=\"4\" ><div\n\t\t\t\n\t\t\tclass=\"so-widget-sow-headline so-widget-sow-headline-default-44f6e7c37f02-2359\"\n\t\t\t\n\t\t><div class=\"sow-headline-container \">\n\t\t\t\t\t\t\t<h2 class=\"sow-headline\">\n\t\t\t\t\t\tI\t\t\t\t\t\t<\/h2>\n\t\t\t\t\t\t\t\t\t\t\t<div class=\"decoration\">\n\t\t\t\t\t\t<div class=\"decoration-inside\"><\/div>\n\t\t\t\t\t<\/div>\n\t\t\t\t\t\t\t\t\t\t\t<h3 class=\"sow-sub-headline\">\n\t\t\t\t\t\t<h3>Facteur Sauvage<\/h3> Mr Morezon 013 \u23ae f\u00e9vrier 2017\t\t\t\t\t\t<\/h3>\n\t\t\t\t\t\t<\/div>\n<\/div><\/div><div id=\"panel-2359-0-1-1\" class=\"so-panel widget widget_sow-editor\" data-index=\"5\" ><div\n\t\t\t\n\t\t\tclass=\"so-widget-sow-editor so-widget-sow-editor-base\"\n\t\t\t\n\t\t>\n<div class=\"siteorigin-widget-tinymce textwidget\">\n\t<p><iframe loading=\"lazy\" title=\"Facteur Sauvage - Don&#039;t sleep until you die - clip\" width=\"790\" height=\"444\" src=\"https:\/\/www.youtube.com\/embed\/VOT_Wc71Ns4?feature=oembed\" frameborder=\"0\" allow=\"accelerometer; autoplay; clipboard-write; encrypted-media; gyroscope; picture-in-picture; web-share\" referrerpolicy=\"strict-origin-when-cross-origin\" allowfullscreen><\/iframe><\/p>\n<\/div>\n<\/div><\/div><div id=\"panel-2359-0-1-2\" class=\"so-panel widget widget_sow-editor\" data-index=\"6\" ><div\n\t\t\t\n\t\t\tclass=\"so-widget-sow-editor so-widget-sow-editor-base\"\n\t\t\t\n\t\t>\n<div class=\"siteorigin-widget-tinymce textwidget\">\n\t<p>&nbsp;<\/p>\n<h3>Revue de presse<\/h3>\n<div class=\"pt-cv-wrapper\">\n<div class=\"pt-cv-view pt-cv-scrollable pt-cv-colsys pt-cv-left pt-cv-sharp-buttons\" id=\"pt-cv-view-5dfef19z0v\">\n<div data-id=\"pt-cv-page-1\" class=\"pt-cv-page\" data-cvc=\"1\">\n<div id=\"371e831vqc\" class=\"pt-cv-carousel pt-cv-slide\" data-ride=\"cvcarousel\" data-interval=false>\n<div class=\"carousel-inner\">\n<div class=\"item active\">\n<div class=\"row\">\n<div class=\"col-md-12 col-sm-12 col-xs-12 pt-cv-content-item pt-cv-1-col\"  data-pid=\"3447\">\n<div class=\"pt-cv-carousel-caption pt-cv-cap-wo-img\"><span class=\"dashicons dashicons-format-quote pt-cv-pficon\"><\/span><\/p>\n<div class=\"pt-cv-content\">\n<blockquote>\n<h4>Opus Musiques<\/h4>\n<p>Il y a dans le son foutraque et \u00e9nerv\u00e9 de ce trio la folie d\u2019un Fantazio et cette folle libert\u00e9 qui a dessin\u00e9 les contours du Singapour de Tom Waits.<br \/>\nPercussions, guitare r\u00eache, hurlements s\u2019\u00e9chappent de cet EP telle une incantation qui nous plongerait dans un vieux cabaret d\u00e9labr\u00e9 o\u00f9 r\u00e9gnerait le fant\u00f4me de Captain Beefheart. Un tableau surr\u00e9aliste sur un fond bluesy sur lequel les musiciens construisent des paysages d\u00e9routants aux notes jazzy (<em>Where is real love<\/em>) aux pointes de spoken (<em>Fant\u00f4mes au galop<\/em>) aux traits plein de fureur (<em>Mains d\u2019\u0153uvre<\/em>).\n<\/p>\n<\/blockquote>\n<p class=\"legende\">Julien, Opus Musiques, f\u00e9vrier 2017<br \/>\n<a title=\"consulter la chronique\" href=\"http:\/\/opus-musiques.fr\/decouverte\/lequipee-facteur-sauvage\/\" target=\"_blank\"><i class=\"fa fa-chevron-right fa-2x\"><\/i> consulter la chronique sur le site d&#8217;Opus Musiques<\/a><\/p>\n<\/div>\n<\/div>\n<\/div>\n<\/div>\n<\/div>\n<\/div>\n<\/div>\n<\/div>\n<\/div>\n<\/div>\n<style type=\"text\/css\" id=\"pt-cv-inline-style-8eae682l4x\">#pt-cv-view-5dfef19z0v.pt-cv-post-border .pt-cv-content-item   { border-top-style: solid; border-left-style: solid; }\n#pt-cv-view-5dfef19z0v .pt-cv-title a, #pt-cv-view-5dfef19z0v  .panel-title { font-weight: 600 !important; }\n#pt-cv-view-5dfef19z0v .pt-cv-specialp * { font-size: 13px !important; line-height: 1.3 !important; color: #fff !important; background-color: #CC3333 !important; }\n#pt-cv-view-5dfef19z0v .pt-cv-pficon  { color: #bbb !important; }\n#pt-cv-view-5dfef19z0v  .add_to_cart_button, #pt-cv-view-5dfef19z0v  .add_to_cart_button *   { color: #ffffff !important; background-color: #00aeef !important; }\n#pt-cv-view-5dfef19z0v  .woocommerce-onsale   { color: #ffffff !important; background-color: #ff5a5f !important; }\n#pt-cv-view-5dfef19z0v .pt-cv-readmore  { color: #ffffff !important; background-color: #00aeef !important; }\n#pt-cv-view-5dfef19z0v .pt-cv-readmore:hover  { color: #ffffff !important; background-color: #00aeef !important; }\n#pt-cv-view-5dfef19z0v  + .pt-cv-pagination-wrapper .pt-cv-more , #pt-cv-view-5dfef19z0v  + .pt-cv-pagination-wrapper .pagination .active a { color: #ffffff !important; background-color: #00aeef !important; }\n#pt-cv-view-5dfef19z0v .pt-cv-gls-header  { background-color: #00aeef !important; }\n#pt-cv-view-5dfef19z0v .pt-cv-tao  { font-size: 20px !important; line-height: 1.3 !important; color: #ffffff !important; background-color: #00aeef !important; }\n#pt-cv-view-5dfef19z0v { text-align: left; }<\/style>\n<h3>Liens<\/h3>\n<p><a href=\"https:\/\/freddymorezon.org\/projets\/facteur-sauvage\/\"><i class=\"fa fa-chevron-right\"><\/i> Facteur Sauvage<\/a><\/p>\n<\/div>\n<\/div><\/div><div id=\"panel-2359-0-1-3\" class=\"so-panel widget widget_eo_event_list_widget EO_Event_List_Widget panel-last-child\" data-index=\"7\" >\n\n<\/div><\/div><\/div><\/div>","protected":false},"excerpt":{"rendered":"<p>February 2017<br \/>\n* \u00c9PUIS\u00c9 *<\/p>\n","protected":false},"author":1,"featured_media":2830,"parent":140,"menu_order":0,"comment_status":"closed","ping_status":"closed","template":"page-templates\/full-width.php","meta":{"om_disable_all_campaigns":false,"_monsterinsights_skip_tracking":false,"_monsterinsights_sitenote_active":false,"_monsterinsights_sitenote_note":"","_monsterinsights_sitenote_category":0,"_uf_show_specific_survey":0,"_uf_disable_surveys":false,"footnotes":""},"categories":[1174],"tags":[],"class_list":["post-2359","page","type-page","status-publish","has-post-thumbnail","hentry","category-page-label"],"aioseo_notices":[],"yoast_head":"<!-- This site is optimized with the Yoast SEO plugin v27.3 - https:\/\/yoast.com\/product\/yoast-seo-wordpress\/ -->\n<title>Facteur Sauvage I | Freddy Morezon<\/title>\n<meta name=\"robots\" content=\"index, follow, max-snippet:-1, max-image-preview:large, max-video-preview:-1\" \/>\n<link rel=\"canonical\" href=\"https:\/\/freddymorezon.org\/label\/facteur-sauvage\/\" \/>\n<meta property=\"og:locale\" content=\"en_US\" \/>\n<meta property=\"og:type\" content=\"article\" \/>\n<meta property=\"og:title\" content=\"Facteur Sauvage I | Freddy Morezon\" \/>\n<meta property=\"og:description\" content=\"[:fr]F\u00e9vrier 2017[:en]February 2017[:] * \u00c9PUIS\u00c9 *\" \/>\n<meta property=\"og:url\" content=\"https:\/\/freddymorezon.org\/label\/facteur-sauvage\/\" \/>\n<meta property=\"og:site_name\" content=\"Freddy Morezon\" \/>\n<meta property=\"article:publisher\" content=\"https:\/\/www.facebook.com\/freddy.morezon\/\" \/>\n<meta property=\"article:modified_time\" content=\"2025-12-09T10:14:20+00:00\" \/>\n<meta property=\"og:image\" content=\"https:\/\/freddymorezon.org\/wp-content\/uploads\/2016\/09\/recto_EP_FacteurSauvage_seri.jpg\" \/>\n\t<meta property=\"og:image:width\" content=\"1638\" \/>\n\t<meta property=\"og:image:height\" content=\"1466\" \/>\n\t<meta property=\"og:image:type\" content=\"image\/jpeg\" \/>\n<meta name=\"twitter:card\" content=\"summary_large_image\" \/>\n<script type=\"application\/ld+json\" class=\"yoast-schema-graph\">{\"@context\":\"https:\\\/\\\/schema.org\",\"@graph\":[{\"@type\":\"WebPage\",\"@id\":\"https:\\\/\\\/freddymorezon.org\\\/label\\\/facteur-sauvage\\\/\",\"url\":\"https:\\\/\\\/freddymorezon.org\\\/label\\\/facteur-sauvage\\\/\",\"name\":\"Facteur Sauvage I | Freddy Morezon\",\"isPartOf\":{\"@id\":\"https:\\\/\\\/freddymorezon.org\\\/#website\"},\"primaryImageOfPage\":{\"@id\":\"https:\\\/\\\/freddymorezon.org\\\/label\\\/facteur-sauvage\\\/#primaryimage\"},\"image\":{\"@id\":\"https:\\\/\\\/freddymorezon.org\\\/label\\\/facteur-sauvage\\\/#primaryimage\"},\"thumbnailUrl\":\"https:\\\/\\\/freddymorezon.org\\\/wp-content\\\/uploads\\\/2016\\\/09\\\/recto_EP_FacteurSauvage_seri.jpg\",\"datePublished\":\"2016-09-29T09:04:41+00:00\",\"dateModified\":\"2025-12-09T10:14:20+00:00\",\"breadcrumb\":{\"@id\":\"https:\\\/\\\/freddymorezon.org\\\/label\\\/facteur-sauvage\\\/#breadcrumb\"},\"inLanguage\":\"en-US\",\"potentialAction\":[{\"@type\":\"ReadAction\",\"target\":[\"https:\\\/\\\/freddymorezon.org\\\/label\\\/facteur-sauvage\\\/\"]}]},{\"@type\":\"ImageObject\",\"inLanguage\":\"en-US\",\"@id\":\"https:\\\/\\\/freddymorezon.org\\\/label\\\/facteur-sauvage\\\/#primaryimage\",\"url\":\"https:\\\/\\\/freddymorezon.org\\\/wp-content\\\/uploads\\\/2016\\\/09\\\/recto_EP_FacteurSauvage_seri.jpg\",\"contentUrl\":\"https:\\\/\\\/freddymorezon.org\\\/wp-content\\\/uploads\\\/2016\\\/09\\\/recto_EP_FacteurSauvage_seri.jpg\",\"width\":1638,\"height\":1466},{\"@type\":\"BreadcrumbList\",\"@id\":\"https:\\\/\\\/freddymorezon.org\\\/label\\\/facteur-sauvage\\\/#breadcrumb\",\"itemListElement\":[{\"@type\":\"ListItem\",\"position\":1,\"name\":\"Accueil\",\"item\":\"https:\\\/\\\/freddymorezon.org\\\/\"},{\"@type\":\"ListItem\",\"position\":2,\"name\":\"Label\",\"item\":\"https:\\\/\\\/freddymorezon.org\\\/label\\\/\"},{\"@type\":\"ListItem\",\"position\":3,\"name\":\"Facteur Sauvage I\"}]},{\"@type\":\"WebSite\",\"@id\":\"https:\\\/\\\/freddymorezon.org\\\/#website\",\"url\":\"https:\\\/\\\/freddymorezon.org\\\/\",\"name\":\"Freddy Morezon\",\"description\":\"jazz - musique improvis\u00e9e - esth\u00e9tiques plurielles\",\"publisher\":{\"@id\":\"https:\\\/\\\/freddymorezon.org\\\/#organization\"},\"potentialAction\":[{\"@type\":\"SearchAction\",\"target\":{\"@type\":\"EntryPoint\",\"urlTemplate\":\"https:\\\/\\\/freddymorezon.org\\\/?s={search_term_string}\"},\"query-input\":{\"@type\":\"PropertyValueSpecification\",\"valueRequired\":true,\"valueName\":\"search_term_string\"}}],\"inLanguage\":\"en-US\"},{\"@type\":\"Organization\",\"@id\":\"https:\\\/\\\/freddymorezon.org\\\/#organization\",\"name\":\"Association Freddy Morezon\",\"url\":\"https:\\\/\\\/freddymorezon.org\\\/\",\"logo\":{\"@type\":\"ImageObject\",\"inLanguage\":\"en-US\",\"@id\":\"https:\\\/\\\/freddymorezon.org\\\/#\\\/schema\\\/logo\\\/image\\\/\",\"url\":\"https:\\\/\\\/freddymorezon.org\\\/wp-content\\\/uploads\\\/2016\\\/02\\\/mini-logo-header-site2.jpg\",\"contentUrl\":\"https:\\\/\\\/freddymorezon.org\\\/wp-content\\\/uploads\\\/2016\\\/02\\\/mini-logo-header-site2.jpg\",\"width\":234,\"height\":174,\"caption\":\"Association Freddy Morezon\"},\"image\":{\"@id\":\"https:\\\/\\\/freddymorezon.org\\\/#\\\/schema\\\/logo\\\/image\\\/\"},\"sameAs\":[\"https:\\\/\\\/www.facebook.com\\\/freddy.morezon\\\/\",\"https:\\\/\\\/www.instagram.com\\\/freddymorezon\\\/\",\"https:\\\/\\\/www.youtube.com\\\/user\\\/freddymorezon\",\"https:\\\/\\\/fr.linkedin.com\\\/company\\\/freddy-morezon-p.r.o.d.\"]}]}<\/script>\n<!-- \/ Yoast SEO plugin. -->","yoast_head_json":{"title":"Facteur Sauvage I | Freddy Morezon","robots":{"index":"index","follow":"follow","max-snippet":"max-snippet:-1","max-image-preview":"max-image-preview:large","max-video-preview":"max-video-preview:-1"},"canonical":"https:\/\/freddymorezon.org\/label\/facteur-sauvage\/","og_locale":"en_US","og_type":"article","og_title":"Facteur Sauvage I | Freddy Morezon","og_description":"[:fr]F\u00e9vrier 2017[:en]February 2017[:] * \u00c9PUIS\u00c9 *","og_url":"https:\/\/freddymorezon.org\/label\/facteur-sauvage\/","og_site_name":"Freddy Morezon","article_publisher":"https:\/\/www.facebook.com\/freddy.morezon\/","article_modified_time":"2025-12-09T10:14:20+00:00","og_image":[{"width":1638,"height":1466,"url":"https:\/\/freddymorezon.org\/wp-content\/uploads\/2016\/09\/recto_EP_FacteurSauvage_seri.jpg","type":"image\/jpeg"}],"twitter_card":"summary_large_image","schema":{"@context":"https:\/\/schema.org","@graph":[{"@type":"WebPage","@id":"https:\/\/freddymorezon.org\/label\/facteur-sauvage\/","url":"https:\/\/freddymorezon.org\/label\/facteur-sauvage\/","name":"Facteur Sauvage I | Freddy Morezon","isPartOf":{"@id":"https:\/\/freddymorezon.org\/#website"},"primaryImageOfPage":{"@id":"https:\/\/freddymorezon.org\/label\/facteur-sauvage\/#primaryimage"},"image":{"@id":"https:\/\/freddymorezon.org\/label\/facteur-sauvage\/#primaryimage"},"thumbnailUrl":"https:\/\/freddymorezon.org\/wp-content\/uploads\/2016\/09\/recto_EP_FacteurSauvage_seri.jpg","datePublished":"2016-09-29T09:04:41+00:00","dateModified":"2025-12-09T10:14:20+00:00","breadcrumb":{"@id":"https:\/\/freddymorezon.org\/label\/facteur-sauvage\/#breadcrumb"},"inLanguage":"en-US","potentialAction":[{"@type":"ReadAction","target":["https:\/\/freddymorezon.org\/label\/facteur-sauvage\/"]}]},{"@type":"ImageObject","inLanguage":"en-US","@id":"https:\/\/freddymorezon.org\/label\/facteur-sauvage\/#primaryimage","url":"https:\/\/freddymorezon.org\/wp-content\/uploads\/2016\/09\/recto_EP_FacteurSauvage_seri.jpg","contentUrl":"https:\/\/freddymorezon.org\/wp-content\/uploads\/2016\/09\/recto_EP_FacteurSauvage_seri.jpg","width":1638,"height":1466},{"@type":"BreadcrumbList","@id":"https:\/\/freddymorezon.org\/label\/facteur-sauvage\/#breadcrumb","itemListElement":[{"@type":"ListItem","position":1,"name":"Accueil","item":"https:\/\/freddymorezon.org\/"},{"@type":"ListItem","position":2,"name":"Label","item":"https:\/\/freddymorezon.org\/label\/"},{"@type":"ListItem","position":3,"name":"Facteur Sauvage I"}]},{"@type":"WebSite","@id":"https:\/\/freddymorezon.org\/#website","url":"https:\/\/freddymorezon.org\/","name":"Freddy Morezon","description":"jazz - musique improvis\u00e9e - esth\u00e9tiques plurielles","publisher":{"@id":"https:\/\/freddymorezon.org\/#organization"},"potentialAction":[{"@type":"SearchAction","target":{"@type":"EntryPoint","urlTemplate":"https:\/\/freddymorezon.org\/?s={search_term_string}"},"query-input":{"@type":"PropertyValueSpecification","valueRequired":true,"valueName":"search_term_string"}}],"inLanguage":"en-US"},{"@type":"Organization","@id":"https:\/\/freddymorezon.org\/#organization","name":"Association Freddy Morezon","url":"https:\/\/freddymorezon.org\/","logo":{"@type":"ImageObject","inLanguage":"en-US","@id":"https:\/\/freddymorezon.org\/#\/schema\/logo\/image\/","url":"https:\/\/freddymorezon.org\/wp-content\/uploads\/2016\/02\/mini-logo-header-site2.jpg","contentUrl":"https:\/\/freddymorezon.org\/wp-content\/uploads\/2016\/02\/mini-logo-header-site2.jpg","width":234,"height":174,"caption":"Association Freddy Morezon"},"image":{"@id":"https:\/\/freddymorezon.org\/#\/schema\/logo\/image\/"},"sameAs":["https:\/\/www.facebook.com\/freddy.morezon\/","https:\/\/www.instagram.com\/freddymorezon\/","https:\/\/www.youtube.com\/user\/freddymorezon","https:\/\/fr.linkedin.com\/company\/freddy-morezon-p.r.o.d."]}]}},"_links":{"self":[{"href":"https:\/\/freddymorezon.org\/en\/wp-json\/wp\/v2\/pages\/2359","targetHints":{"allow":["GET"]}}],"collection":[{"href":"https:\/\/freddymorezon.org\/en\/wp-json\/wp\/v2\/pages"}],"about":[{"href":"https:\/\/freddymorezon.org\/en\/wp-json\/wp\/v2\/types\/page"}],"author":[{"embeddable":true,"href":"https:\/\/freddymorezon.org\/en\/wp-json\/wp\/v2\/users\/1"}],"replies":[{"embeddable":true,"href":"https:\/\/freddymorezon.org\/en\/wp-json\/wp\/v2\/comments?post=2359"}],"version-history":[{"count":53,"href":"https:\/\/freddymorezon.org\/en\/wp-json\/wp\/v2\/pages\/2359\/revisions"}],"predecessor-version":[{"id":24629,"href":"https:\/\/freddymorezon.org\/en\/wp-json\/wp\/v2\/pages\/2359\/revisions\/24629"}],"up":[{"embeddable":true,"href":"https:\/\/freddymorezon.org\/en\/wp-json\/wp\/v2\/pages\/140"}],"wp:featuredmedia":[{"embeddable":true,"href":"https:\/\/freddymorezon.org\/en\/wp-json\/wp\/v2\/media\/2830"}],"wp:attachment":[{"href":"https:\/\/freddymorezon.org\/en\/wp-json\/wp\/v2\/media?parent=2359"}],"wp:term":[{"taxonomy":"category","embeddable":true,"href":"https:\/\/freddymorezon.org\/en\/wp-json\/wp\/v2\/categories?post=2359"},{"taxonomy":"post_tag","embeddable":true,"href":"https:\/\/freddymorezon.org\/en\/wp-json\/wp\/v2\/tags?post=2359"}],"curies":[{"name":"wp","href":"https:\/\/api.w.org\/{rel}","templated":true}]}}