
{"id":23694,"date":"2025-09-15T15:15:40","date_gmt":"2025-09-15T13:15:40","guid":{"rendered":"https:\/\/freddymorezon.org\/?page_id=23694"},"modified":"2025-12-03T16:29:06","modified_gmt":"2025-12-03T14:29:06","slug":"15-11-25-freddy-taquine-1-ravage","status":"publish","type":"page","link":"https:\/\/freddymorezon.org\/en\/nos-evenements\/15-11-25-freddy-taquine-1-ravage\/","title":{"rendered":"15.11.25 \/\/ Freddy Taquine #1 &#8211; RAVAGE + Virage Ravage"},"content":{"rendered":"<div id=\"pl-23694\"  class=\"panel-layout\" ><div id=\"pg-23694-0\"  class=\"panel-grid panel-no-style\" ><div id=\"pgc-23694-0-0\"  class=\"panel-grid-cell\" ><div id=\"panel-23694-0-0-0\" class=\"so-panel widget widget_sow-image panel-first-child\" data-index=\"0\" ><div\n\t\t\t\n\t\t\tclass=\"so-widget-sow-image so-widget-sow-image-default-8b5b6f678277-23694\"\n\t\t\t\n\t\t>\n<div class=\"sow-image-container\">\n\t\t<img \n\tsrc=\"https:\/\/freddymorezon.org\/wp-content\/uploads\/2025\/09\/Carre-25-26-FREDDY-TAQUINE.png\" width=\"1080\" height=\"1080\" srcset=\"https:\/\/freddymorezon.org\/wp-content\/uploads\/2025\/09\/Carre-25-26-FREDDY-TAQUINE.png 1080w, https:\/\/freddymorezon.org\/wp-content\/uploads\/2025\/09\/Carre-25-26-FREDDY-TAQUINE-800x800.png 800w, https:\/\/freddymorezon.org\/wp-content\/uploads\/2025\/09\/Carre-25-26-FREDDY-TAQUINE-150x150.png 150w, https:\/\/freddymorezon.org\/wp-content\/uploads\/2025\/09\/Carre-25-26-FREDDY-TAQUINE-400x400.png 400w, https:\/\/freddymorezon.org\/wp-content\/uploads\/2025\/09\/Carre-25-26-FREDDY-TAQUINE-100x100.png 100w, https:\/\/freddymorezon.org\/wp-content\/uploads\/2025\/09\/Carre-25-26-FREDDY-TAQUINE-300x300.png 300w\" sizes=\"(max-width: 1080px) 100vw, 1080px\" title=\"Carre\u0301 &#8211; 25-26 FREDDY TAQUINE\" alt=\"\" \t\tclass=\"so-widget-image\"\/>\n\t<\/div>\n\n<\/div><\/div><div id=\"panel-23694-0-0-1\" class=\"so-panel widget widget_sow-headline\" data-index=\"1\" ><div\n\t\t\t\n\t\t\tclass=\"so-widget-sow-headline so-widget-sow-headline-default-33958b114544-23694\"\n\t\t\t\n\t\t><div class=\"sow-headline-container \">\n\t\t\t\t\t\t<div class=\"decoration\">\n\t\t\t\t\t\t<div class=\"decoration-inside\"><\/div>\n\t\t\t\t\t<\/div>\n\t\t\t\t\t<\/div>\n<\/div><\/div><div id=\"panel-23694-0-0-2\" class=\"so-panel widget widget_sow-editor\" data-index=\"2\" ><div\n\t\t\t\n\t\t\tclass=\"so-widget-sow-editor so-widget-sow-editor-base\"\n\t\t\t\n\t\t><h3 class=\"widget-title\">INFOS PRATIQUES<\/h3>\n<div class=\"siteorigin-widget-tinymce textwidget\">\n\t<p>Freddy Taquine #1<br \/>\nsamedi 15 novembre 2025<br \/>\nStart : 21h<\/p>\n<p>Le Taquin, 43 rue des Amidonniers, Toulouse<\/p>\n<p>Tarifs : plein 11\u20ac \/ r\u00e9duit 7\u20ac<\/p>\n<p>bar et restauration sur place<\/p>\n<\/div>\n<\/div><\/div><div id=\"panel-23694-0-0-3\" class=\"so-panel widget widget_sow-button\" data-index=\"3\" ><div\n\t\t\t\n\t\t\tclass=\"so-widget-sow-button so-widget-sow-button-flat-a657a074bb6d-23694\"\n\t\t\t\n\t\t><div class=\"ow-button-base ow-button-align-left\"\n>\n\t\t\t<a\n\t\t\t\t\thref=\"https:\/\/billetterie.festik.net\/le-taquin\/product\/freddy-taquine-virage-ravage-et-ravage\/\"\n\t\t\t\t\tclass=\"sowb-button ow-icon-placement-left ow-button-hover\" \t>\n\t\t<span>\n\t\t\t\n\t\t\tRESERVER\t\t<\/span>\n\t\t\t<\/a>\n\t<\/div>\n<\/div><\/div><div id=\"panel-23694-0-0-4\" class=\"so-panel widget widget_sow-headline\" data-index=\"4\" ><div\n\t\t\t\n\t\t\tclass=\"so-widget-sow-headline so-widget-sow-headline-default-33958b114544-23694\"\n\t\t\t\n\t\t><div class=\"sow-headline-container \">\n\t\t\t\t\t\t<div class=\"decoration\">\n\t\t\t\t\t\t<div class=\"decoration-inside\"><\/div>\n\t\t\t\t\t<\/div>\n\t\t\t\t\t<\/div>\n<\/div><\/div><div id=\"panel-23694-0-0-5\" class=\"so-panel widget widget_sow-editor\" data-index=\"5\" ><div\n\t\t\t\n\t\t\tclass=\"so-widget-sow-editor so-widget-sow-editor-base\"\n\t\t\t\n\t\t><h3 class=\"widget-title\">LIENS<\/h3>\n<div class=\"siteorigin-widget-tinymce textwidget\">\n\t<p><a href=\"https:\/\/freddymorezon.org\/ravage\/\">RAVAGE<\/a><br \/>\n<a href=\"https:\/\/freddymorezon.org\/artistes\/mathieu-werchowski\/\">Mathieu Werchowski<\/a><\/p>\n<p>&nbsp;<\/p>\n<\/div>\n<\/div><\/div><div id=\"panel-23694-0-0-6\" class=\"so-panel widget widget_sow-button panel-last-child\" data-index=\"6\" ><div\n\t\t\t\n\t\t\tclass=\"so-widget-sow-button so-widget-sow-button-flat-a657a074bb6d-23694\"\n\t\t\t\n\t\t><div class=\"ow-button-base ow-button-align-left\"\n>\n\t\t\t<a\n\t\t\t\t\thref=\"https:\/\/freddymorezon.org\/nos-evenements\/\"\n\t\t\t\t\tclass=\"sowb-button ow-icon-placement-left ow-button-hover\" \t>\n\t\t<span>\n\t\t\t\n\t\t\tRetour \u00e0 la page \u00c9v\u00e9nements\t\t<\/span>\n\t\t\t<\/a>\n\t<\/div>\n<\/div><\/div><\/div><div id=\"pgc-23694-0-1\"  class=\"panel-grid-cell\" ><div id=\"panel-23694-0-1-0\" class=\"so-panel widget widget_sow-headline panel-first-child\" data-index=\"7\" ><div\n\t\t\t\n\t\t\tclass=\"so-widget-sow-headline so-widget-sow-headline-default-8a25a039fc2b-23694\"\n\t\t\t\n\t\t><div class=\"sow-headline-container \">\n\t\t\t\t\t\t\t<h2 class=\"sow-headline\">\n\t\t\t\t\t\tFREDDY TAQUINE #1 \/\/ RAVAGE + Virage Ravage\t\t\t\t\t\t<\/h2>\n\t\t\t\t\t\t\t\t\t\t\t<div class=\"decoration\">\n\t\t\t\t\t\t<div class=\"decoration-inside\"><\/div>\n\t\t\t\t\t<\/div>\n\t\t\t\t\t<\/div>\n<\/div><\/div><div id=\"panel-23694-0-1-1\" class=\"so-panel widget widget_sow-editor\" data-index=\"8\" ><div\n\t\t\t\n\t\t\tclass=\"so-widget-sow-editor so-widget-sow-editor-base\"\n\t\t\t\n\t\t><h3 class=\"widget-title\">RAVAGE<\/h3>\n<div class=\"siteorigin-widget-tinymce textwidget\">\n\t<p>RAVAGE est une formation intranquille.<br \/>\nBien aise dans les volutes d\u2019une musique \u00e9lectrique, o\u00f9 la sauvagerie et la d\u00e9licatesse d\u00e9battent de mise en forme : torsion, flexion, extension. R\u00e9p\u00e9titions. Car l\u2019obstination est patente dans ce trio d\u2019infatigables d\u00e9fricheurs form\u00e9 en 2024.<br \/>\nAinsi va RAVAGE, soit Anthony Laguerre, batterie, Bastien Pelenc et Mathieu Werchowski, violons. Ainsi va RAVAGE.<br \/>\nAnim\u00e9 par ces trois compositeurs-improvisateurs arm\u00e9s pour tous les terrains.<br \/>\nTant\u00f4t doom-\u00e9lectroacoustique, tant\u00f4t litanies libertaires.<br \/>\nDans l\u2019exploration d\u2019une musique organique, cin\u00e9matique et fi\u00e9vreuse, la frappe et les huit cordes n\u2019ont de cesse de malaxer leur mati\u00e8re musicale, imagin\u00e9e pour la seule douceur de se laisser d\u00e9structurer. Le mariage du flingue et de la rose, en quelque sorte. Mais, cet app\u00e9tit de destruction a le soin des textures et de l\u2019espace sonore mis en jeu.<\/p>\n<p>RAVAGE raconte aussi la reconstruction.<br \/>\n\u00c0 d\u00e9faut d\u2019un monde nouveau, celle d\u2019un monde ouvert sur l\u2019\u00e9motion, l\u2019aventure et la beaut\u00e9 convulsive.<\/p>\n<p><em>Guillaume Malvoisin<\/em><\/p>\n<p><strong>Line up\u00a0<\/strong><br \/>\nBastien Pelenc : violon - \u00e9lectricit\u00e9<br \/>\nMathieu Werchowski : violon - \u00e9lectricit\u00e9<br \/>\nAnthony Laguerre : batterie<\/p>\n<\/div>\n<\/div><\/div><div id=\"panel-23694-0-1-2\" class=\"so-panel widget widget_sow-editor\" data-index=\"9\" ><div\n\t\t\t\n\t\t\tclass=\"so-widget-sow-editor so-widget-sow-editor-base\"\n\t\t\t\n\t\t>\n<div class=\"siteorigin-widget-tinymce textwidget\">\n\t<p><iframe loading=\"lazy\" title=\"RAVAGE \/\/ Demon Lover\" width=\"790\" height=\"444\" src=\"https:\/\/www.youtube.com\/embed\/SepW-29yCLs?feature=oembed\" frameborder=\"0\" allow=\"accelerometer; autoplay; clipboard-write; encrypted-media; gyroscope; picture-in-picture; web-share\" referrerpolicy=\"strict-origin-when-cross-origin\" allowfullscreen><\/iframe><\/p>\n<\/div>\n<\/div><\/div><div id=\"panel-23694-0-1-3\" class=\"so-panel widget widget_sow-editor\" data-index=\"10\" ><div\n\t\t\t\n\t\t\tclass=\"so-widget-sow-editor so-widget-sow-editor-base\"\n\t\t\t\n\t\t><h3 class=\"widget-title\">VIRAGE RAVAGE<\/h3>\n<div class=\"siteorigin-widget-tinymce textwidget\">\n\t<p>Un dialogue sensible, absurde, profond\u00a0: celui d\u2019une gadulka (vi\u00e8le bulgare \u00e0 cordes sympathiques) et d\u2019un accord\u00e9on chromatique qui s'autorisent fougue et d\u00e9licatesse, fureur et d\u00e9rision, transe et d\u00e9tours.<\/p>\n<p>Savourant l'usure du geste, apprivoisant les dissonances, Agathe Pitarch et Gladys Vantrepotte explorent avec \u00e9motion les textures acoustiques de leurs instruments. De r\u00e9p\u00e9titions en irruptions, un d\u00e9cor se construit dans lequel la voix s\u2019immisce. Bas\u00e9es sur l\u2019improvisation, les compositions de Virage Ravage empruntent les routes hybrides et sinueuses d'une \u00e9pop\u00e9e aux d\u00e9licieux ravages\u2026<\/p>\n<p><b>Line up :<br \/>\n<\/b><strong>Agathe Pitarch<\/strong> : accord\u00e9on chromatique, voix<br \/>\n<strong>Gladys Vantrepotte<\/strong> : gadulka, voix<\/p>\n<\/div>\n<\/div><\/div><div id=\"panel-23694-0-1-4\" class=\"so-panel widget widget_sow-editor panel-last-child\" data-index=\"11\" ><div\n\t\t\t\n\t\t\tclass=\"so-widget-sow-editor so-widget-sow-editor-base\"\n\t\t\t\n\t\t>\n<div class=\"siteorigin-widget-tinymce textwidget\">\n\t<p><iframe loading=\"lazy\" title=\"VIRAGE RAVAGE - Ostinoiseau\" width=\"790\" height=\"444\" src=\"https:\/\/www.youtube.com\/embed\/TvjEzBThVEM?feature=oembed\" frameborder=\"0\" allow=\"accelerometer; autoplay; clipboard-write; encrypted-media; gyroscope; picture-in-picture; web-share\" referrerpolicy=\"strict-origin-when-cross-origin\" allowfullscreen><\/iframe><\/p>\n<\/div>\n<\/div><\/div><\/div><\/div><\/div>","protected":false},"excerpt":{"rendered":"<p>Freddy Taquine #1 samedi 15 novembre 2025 Start : 21h Le Taquin, 43 rue des Amidonniers, Toulouse Tarifs : plein 11\u20ac \/ r\u00e9duit 7\u20ac bar et restauration sur place RAVAGE Mathieu Werchowski &nbsp; RAVAGE est une formation intranquille. Bien aise dans les volutes d\u2019une musique \u00e9lectrique, o\u00f9 la sauvagerie et la d\u00e9licatesse d\u00e9battent de mise&hellip;<\/p>\n<p><a class=\"more-link\" href=\"https:\/\/freddymorezon.org\/en\/nos-evenements\/15-11-25-freddy-taquine-1-ravage\/\" title=\"Continue reading &lsquo;15.11.25 \/\/ Freddy Taquine #1 &#8211; RAVAGE + Virage Ravage&rsquo;\">Continue reading <span class=\"meta-nav\">&rarr;<\/span><\/a><\/p>\n","protected":false},"author":1,"featured_media":23695,"parent":10655,"menu_order":0,"comment_status":"closed","ping_status":"closed","template":"page-templates\/full-width.php","meta":{"om_disable_all_campaigns":false,"_monsterinsights_skip_tracking":false,"_monsterinsights_sitenote_active":false,"_monsterinsights_sitenote_note":"","_monsterinsights_sitenote_category":0,"_uf_show_specific_survey":0,"_uf_disable_surveys":false,"footnotes":""},"categories":[1401],"tags":[],"class_list":["post-23694","page","type-page","status-publish","has-post-thumbnail","hentry","category-nos-evenements-passes"],"aioseo_notices":[],"yoast_head":"<!-- This site is optimized with the Yoast SEO plugin v27.3 - https:\/\/yoast.com\/product\/yoast-seo-wordpress\/ -->\n<title>15.11.25 \/\/ Freddy Taquine #1 - RAVAGE + Virage Ravage | Freddy Morezon<\/title>\n<meta name=\"robots\" content=\"index, follow, max-snippet:-1, max-image-preview:large, max-video-preview:-1\" \/>\n<link rel=\"canonical\" href=\"https:\/\/freddymorezon.org\/nos-evenements\/15-11-25-freddy-taquine-1-ravage\/\" \/>\n<meta property=\"og:locale\" content=\"en_US\" \/>\n<meta property=\"og:type\" content=\"article\" \/>\n<meta property=\"og:title\" content=\"15.11.25 \/\/ Freddy Taquine #1 - RAVAGE + Virage Ravage | Freddy Morezon\" \/>\n<meta property=\"og:description\" content=\"Freddy Taquine #1 samedi 15 novembre 2025 Start : 21h Le Taquin, 43 rue des Amidonniers, Toulouse Tarifs : plein 11\u20ac \/ r\u00e9duit 7\u20ac bar et restauration sur place RAVAGE Mathieu Werchowski &nbsp; RAVAGE est une formation intranquille. Bien aise dans les volutes d\u2019une musique \u00e9lectrique, o\u00f9 la sauvagerie et la d\u00e9licatesse d\u00e9battent de mise&hellip;Continue reading &rarr;\" \/>\n<meta property=\"og:url\" content=\"https:\/\/freddymorezon.org\/nos-evenements\/15-11-25-freddy-taquine-1-ravage\/\" \/>\n<meta property=\"og:site_name\" content=\"Freddy Morezon\" \/>\n<meta property=\"article:publisher\" content=\"https:\/\/www.facebook.com\/freddy.morezon\/\" \/>\n<meta property=\"article:modified_time\" content=\"2025-12-03T14:29:06+00:00\" \/>\n<meta property=\"og:image\" content=\"https:\/\/freddymorezon.org\/wp-content\/uploads\/2025\/09\/Carre-25-26-FREDDY-TAQUINE.png\" \/>\n\t<meta property=\"og:image:width\" content=\"1080\" \/>\n\t<meta property=\"og:image:height\" content=\"1080\" \/>\n\t<meta property=\"og:image:type\" content=\"image\/png\" \/>\n<meta name=\"twitter:card\" content=\"summary_large_image\" \/>\n<script type=\"application\/ld+json\" class=\"yoast-schema-graph\">{\"@context\":\"https:\\\/\\\/schema.org\",\"@graph\":[{\"@type\":\"WebPage\",\"@id\":\"https:\\\/\\\/freddymorezon.org\\\/nos-evenements\\\/15-11-25-freddy-taquine-1-ravage\\\/\",\"url\":\"https:\\\/\\\/freddymorezon.org\\\/nos-evenements\\\/15-11-25-freddy-taquine-1-ravage\\\/\",\"name\":\"15.11.25 \\\/\\\/ Freddy Taquine #1 - RAVAGE + Virage Ravage | Freddy Morezon\",\"isPartOf\":{\"@id\":\"https:\\\/\\\/freddymorezon.org\\\/#website\"},\"primaryImageOfPage\":{\"@id\":\"https:\\\/\\\/freddymorezon.org\\\/nos-evenements\\\/15-11-25-freddy-taquine-1-ravage\\\/#primaryimage\"},\"image\":{\"@id\":\"https:\\\/\\\/freddymorezon.org\\\/nos-evenements\\\/15-11-25-freddy-taquine-1-ravage\\\/#primaryimage\"},\"thumbnailUrl\":\"https:\\\/\\\/freddymorezon.org\\\/wp-content\\\/uploads\\\/2025\\\/09\\\/Carre-25-26-FREDDY-TAQUINE.png\",\"datePublished\":\"2025-09-15T13:15:40+00:00\",\"dateModified\":\"2025-12-03T14:29:06+00:00\",\"breadcrumb\":{\"@id\":\"https:\\\/\\\/freddymorezon.org\\\/nos-evenements\\\/15-11-25-freddy-taquine-1-ravage\\\/#breadcrumb\"},\"inLanguage\":\"en-US\",\"potentialAction\":[{\"@type\":\"ReadAction\",\"target\":[\"https:\\\/\\\/freddymorezon.org\\\/nos-evenements\\\/15-11-25-freddy-taquine-1-ravage\\\/\"]}]},{\"@type\":\"ImageObject\",\"inLanguage\":\"en-US\",\"@id\":\"https:\\\/\\\/freddymorezon.org\\\/nos-evenements\\\/15-11-25-freddy-taquine-1-ravage\\\/#primaryimage\",\"url\":\"https:\\\/\\\/freddymorezon.org\\\/wp-content\\\/uploads\\\/2025\\\/09\\\/Carre-25-26-FREDDY-TAQUINE.png\",\"contentUrl\":\"https:\\\/\\\/freddymorezon.org\\\/wp-content\\\/uploads\\\/2025\\\/09\\\/Carre-25-26-FREDDY-TAQUINE.png\",\"width\":1080,\"height\":1080},{\"@type\":\"BreadcrumbList\",\"@id\":\"https:\\\/\\\/freddymorezon.org\\\/nos-evenements\\\/15-11-25-freddy-taquine-1-ravage\\\/#breadcrumb\",\"itemListElement\":[{\"@type\":\"ListItem\",\"position\":1,\"name\":\"Accueil\",\"item\":\"https:\\\/\\\/freddymorezon.org\\\/\"},{\"@type\":\"ListItem\",\"position\":2,\"name\":\"Nos \u00e9v\u00e9nements\",\"item\":\"https:\\\/\\\/freddymorezon.org\\\/nos-evenements\\\/\"},{\"@type\":\"ListItem\",\"position\":3,\"name\":\"15.11.25 \\\/\\\/ Freddy Taquine #1 &#8211; RAVAGE + Virage Ravage\"}]},{\"@type\":\"WebSite\",\"@id\":\"https:\\\/\\\/freddymorezon.org\\\/#website\",\"url\":\"https:\\\/\\\/freddymorezon.org\\\/\",\"name\":\"Freddy Morezon\",\"description\":\"jazz - musique improvis\u00e9e - esth\u00e9tiques plurielles\",\"publisher\":{\"@id\":\"https:\\\/\\\/freddymorezon.org\\\/#organization\"},\"potentialAction\":[{\"@type\":\"SearchAction\",\"target\":{\"@type\":\"EntryPoint\",\"urlTemplate\":\"https:\\\/\\\/freddymorezon.org\\\/?s={search_term_string}\"},\"query-input\":{\"@type\":\"PropertyValueSpecification\",\"valueRequired\":true,\"valueName\":\"search_term_string\"}}],\"inLanguage\":\"en-US\"},{\"@type\":\"Organization\",\"@id\":\"https:\\\/\\\/freddymorezon.org\\\/#organization\",\"name\":\"Association Freddy Morezon\",\"url\":\"https:\\\/\\\/freddymorezon.org\\\/\",\"logo\":{\"@type\":\"ImageObject\",\"inLanguage\":\"en-US\",\"@id\":\"https:\\\/\\\/freddymorezon.org\\\/#\\\/schema\\\/logo\\\/image\\\/\",\"url\":\"https:\\\/\\\/freddymorezon.org\\\/wp-content\\\/uploads\\\/2016\\\/02\\\/mini-logo-header-site2.jpg\",\"contentUrl\":\"https:\\\/\\\/freddymorezon.org\\\/wp-content\\\/uploads\\\/2016\\\/02\\\/mini-logo-header-site2.jpg\",\"width\":234,\"height\":174,\"caption\":\"Association Freddy Morezon\"},\"image\":{\"@id\":\"https:\\\/\\\/freddymorezon.org\\\/#\\\/schema\\\/logo\\\/image\\\/\"},\"sameAs\":[\"https:\\\/\\\/www.facebook.com\\\/freddy.morezon\\\/\",\"https:\\\/\\\/www.instagram.com\\\/freddymorezon\\\/\",\"https:\\\/\\\/www.youtube.com\\\/user\\\/freddymorezon\",\"https:\\\/\\\/fr.linkedin.com\\\/company\\\/freddy-morezon-p.r.o.d.\"]}]}<\/script>\n<!-- \/ Yoast SEO plugin. -->","yoast_head_json":{"title":"15.11.25 \/\/ Freddy Taquine #1 - RAVAGE + Virage Ravage | Freddy Morezon","robots":{"index":"index","follow":"follow","max-snippet":"max-snippet:-1","max-image-preview":"max-image-preview:large","max-video-preview":"max-video-preview:-1"},"canonical":"https:\/\/freddymorezon.org\/nos-evenements\/15-11-25-freddy-taquine-1-ravage\/","og_locale":"en_US","og_type":"article","og_title":"15.11.25 \/\/ Freddy Taquine #1 - RAVAGE + Virage Ravage | Freddy Morezon","og_description":"Freddy Taquine #1 samedi 15 novembre 2025 Start : 21h Le Taquin, 43 rue des Amidonniers, Toulouse Tarifs : plein 11\u20ac \/ r\u00e9duit 7\u20ac bar et restauration sur place RAVAGE Mathieu Werchowski &nbsp; RAVAGE est une formation intranquille. Bien aise dans les volutes d\u2019une musique \u00e9lectrique, o\u00f9 la sauvagerie et la d\u00e9licatesse d\u00e9battent de mise&hellip;Continue reading &rarr;","og_url":"https:\/\/freddymorezon.org\/nos-evenements\/15-11-25-freddy-taquine-1-ravage\/","og_site_name":"Freddy Morezon","article_publisher":"https:\/\/www.facebook.com\/freddy.morezon\/","article_modified_time":"2025-12-03T14:29:06+00:00","og_image":[{"width":1080,"height":1080,"url":"https:\/\/freddymorezon.org\/wp-content\/uploads\/2025\/09\/Carre-25-26-FREDDY-TAQUINE.png","type":"image\/png"}],"twitter_card":"summary_large_image","schema":{"@context":"https:\/\/schema.org","@graph":[{"@type":"WebPage","@id":"https:\/\/freddymorezon.org\/nos-evenements\/15-11-25-freddy-taquine-1-ravage\/","url":"https:\/\/freddymorezon.org\/nos-evenements\/15-11-25-freddy-taquine-1-ravage\/","name":"15.11.25 \/\/ Freddy Taquine #1 - RAVAGE + Virage Ravage | Freddy Morezon","isPartOf":{"@id":"https:\/\/freddymorezon.org\/#website"},"primaryImageOfPage":{"@id":"https:\/\/freddymorezon.org\/nos-evenements\/15-11-25-freddy-taquine-1-ravage\/#primaryimage"},"image":{"@id":"https:\/\/freddymorezon.org\/nos-evenements\/15-11-25-freddy-taquine-1-ravage\/#primaryimage"},"thumbnailUrl":"https:\/\/freddymorezon.org\/wp-content\/uploads\/2025\/09\/Carre-25-26-FREDDY-TAQUINE.png","datePublished":"2025-09-15T13:15:40+00:00","dateModified":"2025-12-03T14:29:06+00:00","breadcrumb":{"@id":"https:\/\/freddymorezon.org\/nos-evenements\/15-11-25-freddy-taquine-1-ravage\/#breadcrumb"},"inLanguage":"en-US","potentialAction":[{"@type":"ReadAction","target":["https:\/\/freddymorezon.org\/nos-evenements\/15-11-25-freddy-taquine-1-ravage\/"]}]},{"@type":"ImageObject","inLanguage":"en-US","@id":"https:\/\/freddymorezon.org\/nos-evenements\/15-11-25-freddy-taquine-1-ravage\/#primaryimage","url":"https:\/\/freddymorezon.org\/wp-content\/uploads\/2025\/09\/Carre-25-26-FREDDY-TAQUINE.png","contentUrl":"https:\/\/freddymorezon.org\/wp-content\/uploads\/2025\/09\/Carre-25-26-FREDDY-TAQUINE.png","width":1080,"height":1080},{"@type":"BreadcrumbList","@id":"https:\/\/freddymorezon.org\/nos-evenements\/15-11-25-freddy-taquine-1-ravage\/#breadcrumb","itemListElement":[{"@type":"ListItem","position":1,"name":"Accueil","item":"https:\/\/freddymorezon.org\/"},{"@type":"ListItem","position":2,"name":"Nos \u00e9v\u00e9nements","item":"https:\/\/freddymorezon.org\/nos-evenements\/"},{"@type":"ListItem","position":3,"name":"15.11.25 \/\/ Freddy Taquine #1 &#8211; RAVAGE + Virage Ravage"}]},{"@type":"WebSite","@id":"https:\/\/freddymorezon.org\/#website","url":"https:\/\/freddymorezon.org\/","name":"Freddy Morezon","description":"jazz - musique improvis\u00e9e - esth\u00e9tiques plurielles","publisher":{"@id":"https:\/\/freddymorezon.org\/#organization"},"potentialAction":[{"@type":"SearchAction","target":{"@type":"EntryPoint","urlTemplate":"https:\/\/freddymorezon.org\/?s={search_term_string}"},"query-input":{"@type":"PropertyValueSpecification","valueRequired":true,"valueName":"search_term_string"}}],"inLanguage":"en-US"},{"@type":"Organization","@id":"https:\/\/freddymorezon.org\/#organization","name":"Association Freddy Morezon","url":"https:\/\/freddymorezon.org\/","logo":{"@type":"ImageObject","inLanguage":"en-US","@id":"https:\/\/freddymorezon.org\/#\/schema\/logo\/image\/","url":"https:\/\/freddymorezon.org\/wp-content\/uploads\/2016\/02\/mini-logo-header-site2.jpg","contentUrl":"https:\/\/freddymorezon.org\/wp-content\/uploads\/2016\/02\/mini-logo-header-site2.jpg","width":234,"height":174,"caption":"Association Freddy Morezon"},"image":{"@id":"https:\/\/freddymorezon.org\/#\/schema\/logo\/image\/"},"sameAs":["https:\/\/www.facebook.com\/freddy.morezon\/","https:\/\/www.instagram.com\/freddymorezon\/","https:\/\/www.youtube.com\/user\/freddymorezon","https:\/\/fr.linkedin.com\/company\/freddy-morezon-p.r.o.d."]}]}},"_links":{"self":[{"href":"https:\/\/freddymorezon.org\/en\/wp-json\/wp\/v2\/pages\/23694","targetHints":{"allow":["GET"]}}],"collection":[{"href":"https:\/\/freddymorezon.org\/en\/wp-json\/wp\/v2\/pages"}],"about":[{"href":"https:\/\/freddymorezon.org\/en\/wp-json\/wp\/v2\/types\/page"}],"author":[{"embeddable":true,"href":"https:\/\/freddymorezon.org\/en\/wp-json\/wp\/v2\/users\/1"}],"replies":[{"embeddable":true,"href":"https:\/\/freddymorezon.org\/en\/wp-json\/wp\/v2\/comments?post=23694"}],"version-history":[{"count":8,"href":"https:\/\/freddymorezon.org\/en\/wp-json\/wp\/v2\/pages\/23694\/revisions"}],"predecessor-version":[{"id":23979,"href":"https:\/\/freddymorezon.org\/en\/wp-json\/wp\/v2\/pages\/23694\/revisions\/23979"}],"up":[{"embeddable":true,"href":"https:\/\/freddymorezon.org\/en\/wp-json\/wp\/v2\/pages\/10655"}],"wp:featuredmedia":[{"embeddable":true,"href":"https:\/\/freddymorezon.org\/en\/wp-json\/wp\/v2\/media\/23695"}],"wp:attachment":[{"href":"https:\/\/freddymorezon.org\/en\/wp-json\/wp\/v2\/media?parent=23694"}],"wp:term":[{"taxonomy":"category","embeddable":true,"href":"https:\/\/freddymorezon.org\/en\/wp-json\/wp\/v2\/categories?post=23694"},{"taxonomy":"post_tag","embeddable":true,"href":"https:\/\/freddymorezon.org\/en\/wp-json\/wp\/v2\/tags?post=23694"}],"curies":[{"name":"wp","href":"https:\/\/api.w.org\/{rel}","templated":true}]}}