
{"id":23704,"date":"2025-09-15T16:22:12","date_gmt":"2025-09-15T14:22:12","guid":{"rendered":"https:\/\/freddymorezon.org\/?page_id=23704"},"modified":"2026-02-23T17:17:34","modified_gmt":"2026-02-23T15:17:34","slug":"20-02-26-etenesh-wassie-trio-la-ligue-des-objets-cc-bonnefoy-toulouse","status":"publish","type":"page","link":"https:\/\/freddymorezon.org\/en\/nos-evenements\/20-02-26-etenesh-wassie-trio-la-ligue-des-objets-cc-bonnefoy-toulouse\/","title":{"rendered":"20.02.26 \/\/ ETENESH WASSIE + LA LIGUE DES OBJETS &#8211; CC BONNEFOY, TOULOUSE"},"content":{"rendered":"<div id=\"pl-23704\"  class=\"panel-layout\" ><div id=\"pg-23704-0\"  class=\"panel-grid panel-no-style\" ><div id=\"pgc-23704-0-0\"  class=\"panel-grid-cell\" ><div id=\"panel-23704-0-0-0\" class=\"so-panel widget widget_sow-image panel-first-child\" data-index=\"0\" ><div\n\t\t\t\n\t\t\tclass=\"so-widget-sow-image so-widget-sow-image-default-8b5b6f678277-23704\"\n\t\t\t\n\t\t>\n<div class=\"sow-image-container\">\n\t\t<img \n\tsrc=\"https:\/\/freddymorezon.org\/wp-content\/uploads\/2025\/12\/Bonnefoy-150x150.png\" width=\"150\" height=\"150\" srcset=\"https:\/\/freddymorezon.org\/wp-content\/uploads\/2025\/12\/Bonnefoy-150x150.png 150w, https:\/\/freddymorezon.org\/wp-content\/uploads\/2025\/12\/Bonnefoy-800x800.png 800w, https:\/\/freddymorezon.org\/wp-content\/uploads\/2025\/12\/Bonnefoy-400x400.png 400w, https:\/\/freddymorezon.org\/wp-content\/uploads\/2025\/12\/Bonnefoy-100x100.png 100w, https:\/\/freddymorezon.org\/wp-content\/uploads\/2025\/12\/Bonnefoy-300x300.png 300w, https:\/\/freddymorezon.org\/wp-content\/uploads\/2025\/12\/Bonnefoy.png 1080w\" sizes=\"(max-width: 150px) 100vw, 150px\" alt=\"\" \t\tclass=\"so-widget-image\"\/>\n\t<\/div>\n\n<\/div><\/div><div id=\"panel-23704-0-0-1\" class=\"so-panel widget widget_sow-headline\" data-index=\"1\" ><div\n\t\t\t\n\t\t\tclass=\"so-widget-sow-headline so-widget-sow-headline-default-7f8f2d03a0dd-23704\"\n\t\t\t\n\t\t><div class=\"sow-headline-container \">\n\t\t\t\t\t\t<div class=\"decoration\">\n\t\t\t\t\t\t<div class=\"decoration-inside\"><\/div>\n\t\t\t\t\t<\/div>\n\t\t\t\t\t<\/div>\n<\/div><\/div><div id=\"panel-23704-0-0-2\" class=\"so-panel widget widget_sow-editor\" data-index=\"2\" ><div\n\t\t\t\n\t\t\tclass=\"so-widget-sow-editor so-widget-sow-editor-base\"\n\t\t\t\n\t\t><h3 class=\"widget-title\">INFOS PRATIQUES<\/h3>\n<div class=\"siteorigin-widget-tinymce textwidget\">\n\t<p><strong>Etenesh Wassi\u00e9 + La Ligue des Objets<\/strong><\/p>\n<p><strong>Vendredi 20 f\u00e9vrier 2026<\/strong><br \/>\nOuverture des portes 19h<br \/>\nStart 20h<\/p>\n<p><strong>Centre Culturel Bonnefoy<\/strong><br \/>\n4 rue du Faubourg Bonnefoy<br \/>\nToulouse<\/p>\n<p><strong>Tarifs :<\/strong> pr\u00e9vente 10\u20ac \/ sur place 12\u20ac<br \/>\nBar et restauration l\u00e9g\u00e8re sur place<\/p>\n<p>Une soir\u00e9e pr\u00e9sent\u00e9e en partenariat<br \/>\navec le Centre Culturel Bonnefoy<br \/>\net Un Pav\u00e9 dans le Jazz<\/p>\n<\/div>\n<\/div><\/div><div id=\"panel-23704-0-0-3\" class=\"so-panel widget widget_sow-button\" data-index=\"3\" ><div\n\t\t\t\n\t\t\tclass=\"so-widget-sow-button so-widget-sow-button-flat-a657a074bb6d-23704\"\n\t\t\t\n\t\t><div class=\"ow-button-base ow-button-align-left\"\n>\n\t\t\t<a\n\t\t\t\t\thref=\"https:\/\/www.billetweb.fr\/la-ligue-des-objets-trio-etenesh-wassie\"\n\t\t\t\t\tclass=\"sowb-button ow-icon-placement-left ow-button-hover\" \t>\n\t\t<span>\n\t\t\t\n\t\t\tRESERVER\t\t<\/span>\n\t\t\t<\/a>\n\t<\/div>\n<\/div><\/div><div id=\"panel-23704-0-0-4\" class=\"so-panel widget widget_sow-headline\" data-index=\"4\" ><div\n\t\t\t\n\t\t\tclass=\"so-widget-sow-headline so-widget-sow-headline-default-7f8f2d03a0dd-23704\"\n\t\t\t\n\t\t><div class=\"sow-headline-container \">\n\t\t\t\t\t\t<div class=\"decoration\">\n\t\t\t\t\t\t<div class=\"decoration-inside\"><\/div>\n\t\t\t\t\t<\/div>\n\t\t\t\t\t<\/div>\n<\/div><\/div><div id=\"panel-23704-0-0-5\" class=\"so-panel widget widget_sow-editor\" data-index=\"5\" ><div\n\t\t\t\n\t\t\tclass=\"so-widget-sow-editor so-widget-sow-editor-base\"\n\t\t\t\n\t\t><h3 class=\"widget-title\">LIENS<\/h3>\n<div class=\"siteorigin-widget-tinymce textwidget\">\n\t<p><a href=\"https:\/\/freddymorezon.org\/catalogue\/mathieu-sourisseau-etenesh-wassie-trio\/\">Etenesh Wassi\u00e9<\/a><br \/>\n<a href=\"https:\/\/freddymorezon.org\/catalogue\/la-ligue-des-objets\/\">La Ligue des Objets<\/a><\/p>\n<p><a href=\"https:\/\/unpavedanslejazz.fr\/\">Un Pav\u00e9 dans le Jazz<\/a><\/p>\n<\/div>\n<\/div><\/div><div id=\"panel-23704-0-0-6\" class=\"so-panel widget widget_sow-button panel-last-child\" data-index=\"6\" ><div\n\t\t\t\n\t\t\tclass=\"so-widget-sow-button so-widget-sow-button-flat-a657a074bb6d-23704\"\n\t\t\t\n\t\t><div class=\"ow-button-base ow-button-align-left\"\n>\n\t\t\t<a\n\t\t\t\t\thref=\"https:\/\/freddymorezon.org\/nos-evenements\/\"\n\t\t\t\t\tclass=\"sowb-button ow-icon-placement-left ow-button-hover\" \t>\n\t\t<span>\n\t\t\t\n\t\t\tPage \u00c9venements\t\t<\/span>\n\t\t\t<\/a>\n\t<\/div>\n<\/div><\/div><\/div><div id=\"pgc-23704-0-1\"  class=\"panel-grid-cell\" ><div id=\"panel-23704-0-1-0\" class=\"so-panel widget widget_sow-headline panel-first-child\" data-index=\"7\" ><div\n\t\t\t\n\t\t\tclass=\"so-widget-sow-headline so-widget-sow-headline-default-75c9dfe8ebde-23704\"\n\t\t\t\n\t\t><div class=\"sow-headline-container \">\n\t\t\t\t\t\t\t<h2 class=\"sow-headline\">\n\t\t\t\t\t\tETENESH WASSI\u00c9 + LA LIGUE DES OBJETS\t\t\t\t\t\t<\/h2>\n\t\t\t\t\t\t\t\t\t\t\t<div class=\"decoration\">\n\t\t\t\t\t\t<div class=\"decoration-inside\"><\/div>\n\t\t\t\t\t<\/div>\n\t\t\t\t\t<\/div>\n<\/div><\/div><div id=\"panel-23704-0-1-1\" class=\"so-panel widget widget_sow-editor\" data-index=\"8\" ><div\n\t\t\t\n\t\t\tclass=\"so-widget-sow-editor so-widget-sow-editor-base\"\n\t\t\t\n\t\t><h3 class=\"widget-title\">ETENESH WASSI\u00c9<\/h3>\n<div class=\"siteorigin-widget-tinymce textwidget\">\n\t<p>Les racines \u00e9thiopiennes de la musique jou\u00e9e par Etenesh Wassi\u00e9, Mathieu Sourisseau et S\u00e9bastien Bacquias sont ind\u00e9niables mais le trio explore un territoire beaucoup plus large. Bien loin du clinquant des musiques du monde pens\u00e9es hors sol. Ce qui s\u2019invente, avec classe, dans la r\u00e9union d\u00e9licate de ces trois artistes na\u00eet de la friction de l\u2019\u00e9thio-trad aux textures noise, de l\u2019art consomm\u00e9 de la nostalgie folk aux scansions c\u00e2lin\u00e9es par un groove solide. L\u2019objet du trio n\u2019est sans doute pas le chant mais, plus certainement, le r\u00e9cit que les deux musiciens et la chanteuse assemblent \u00e0 six mains. Un r\u00e9cit \u00e9mouvant port\u00e9 par une musique famili\u00e8re dans sa magie et hybride dans son instrumentation.<\/p>\n<p><strong>Line up<\/strong><br \/>\n<strong>Etenesh Wassi\u00e9 :<\/strong> voix<br \/>\n<strong>Mathieu Sourisseau :<\/strong> basse acoustique<br \/>\n<strong>S\u00e9bastien Bacquias :<\/strong> contrebasse<br \/>\n<strong>Fabien Duscombs :<\/strong> batterie<\/p>\n<\/div>\n<\/div><\/div><div id=\"panel-23704-0-1-2\" class=\"so-panel widget widget_sow-editor\" data-index=\"9\" ><div\n\t\t\t\n\t\t\tclass=\"so-widget-sow-editor so-widget-sow-editor-base\"\n\t\t\t\n\t\t>\n<div class=\"siteorigin-widget-tinymce textwidget\">\n\t<p><iframe loading=\"lazy\" title=\"Etenesh Wassie, Mathieu Sourisseau &amp; S\u00e9bastien Bacquias live  Womex18\" width=\"790\" height=\"444\" src=\"https:\/\/www.youtube.com\/embed\/7EgRDzSxfX8?feature=oembed\" frameborder=\"0\" allow=\"accelerometer; autoplay; clipboard-write; encrypted-media; gyroscope; picture-in-picture; web-share\" referrerpolicy=\"strict-origin-when-cross-origin\" allowfullscreen><\/iframe><\/p>\n<\/div>\n<\/div><\/div><div id=\"panel-23704-0-1-3\" class=\"so-panel widget widget_sow-headline\" data-index=\"10\" ><div\n\t\t\t\n\t\t\tclass=\"so-widget-sow-headline so-widget-sow-headline-default-7f8f2d03a0dd-23704\"\n\t\t\t\n\t\t><div class=\"sow-headline-container \">\n\t\t\t\t\t\t<div class=\"decoration\">\n\t\t\t\t\t\t<div class=\"decoration-inside\"><\/div>\n\t\t\t\t\t<\/div>\n\t\t\t\t\t<\/div>\n<\/div><\/div><div id=\"panel-23704-0-1-4\" class=\"so-panel widget widget_sow-editor\" data-index=\"11\" ><div\n\t\t\t\n\t\t\tclass=\"so-widget-sow-editor so-widget-sow-editor-base\"\n\t\t\t\n\t\t><h3 class=\"widget-title\">LA LIGUE DES OBJETS<\/h3>\n<div class=\"siteorigin-widget-tinymce textwidget\">\n\t<p>La Ligue des Objets cr\u00e9e une musique \u00e9prise de libert\u00e9, entre chansons et instrumentaux. Les morceaux d\u00e9bordent, r\u00e9v\u00e8lent au fur et \u00e0 mesure leurs tiroirs secrets, s\u2019autorisant envol\u00e9es \u00e9piques comme \u00e9chos chambristes. M\u00e9lodies \u00e0 chanter sous la douche et accords plus-que-majeurs fr\u00e9quentent illusions rythmiques et explorations instrumentales.<br \/>\nLe son \u00e9voque le jazz, les formats la musique pop. Mais une pop alambiqu\u00e9e et impr\u00e9visible, orchestrale et fun, nourrie par un go\u00fbt immod\u00e9r\u00e9 pour l\u2019absurde.<\/p>\n<p><strong>Line up<\/strong><br \/>\n<strong>Andy L\u00e9v\u00eaque <\/strong>: composition, saxophone alto, percussions<br \/>\n<strong>Sa<\/strong><strong>m<\/strong><strong> Brault<\/strong>\u00a0: voix, clavier et guitare<br \/>\n<strong>Mario.n Josserand<\/strong> : voix, violon et guitare<br \/>\n<strong>Florian Nastorg<\/strong>\u00a0: sax baryton<br \/>\n<strong>Jean-Pierre Vivent<\/strong>\u00a0: batterie-percussions<\/p>\n<\/div>\n<\/div><\/div><div id=\"panel-23704-0-1-5\" class=\"so-panel widget widget_sow-editor panel-last-child\" data-index=\"12\" ><div\n\t\t\t\n\t\t\tclass=\"so-widget-sow-editor so-widget-sow-editor-base\"\n\t\t\t\n\t\t>\n<div class=\"siteorigin-widget-tinymce textwidget\">\n\t<p><iframe loading=\"lazy\" title=\"La Ligue des Objets - Tant pis\" width=\"790\" height=\"444\" src=\"https:\/\/www.youtube.com\/embed\/sZSfPaMeq3I?feature=oembed\" frameborder=\"0\" allow=\"accelerometer; autoplay; clipboard-write; encrypted-media; gyroscope; picture-in-picture; web-share\" referrerpolicy=\"strict-origin-when-cross-origin\" allowfullscreen><\/iframe><\/p>\n<\/div>\n<\/div><\/div><\/div><\/div><\/div>","protected":false},"excerpt":{"rendered":"<p>Etenesh Wassi\u00e9 + La Ligue des Objets Vendredi 20 f\u00e9vrier 2026 Ouverture des portes 19h Start 20h Centre Culturel Bonnefoy 4 rue du Faubourg Bonnefoy Toulouse Tarifs : pr\u00e9vente 10\u20ac \/ sur place 12\u20ac Bar et restauration l\u00e9g\u00e8re sur place Une soir\u00e9e pr\u00e9sent\u00e9e en partenariat avec le Centre Culturel Bonnefoy et Un Pav\u00e9 dans le&hellip;<\/p>\n<p><a class=\"more-link\" href=\"https:\/\/freddymorezon.org\/en\/nos-evenements\/20-02-26-etenesh-wassie-trio-la-ligue-des-objets-cc-bonnefoy-toulouse\/\" title=\"Continue reading &lsquo;20.02.26 \/\/ ETENESH WASSIE + LA LIGUE DES OBJETS &#8211; CC BONNEFOY, TOULOUSE&rsquo;\">Continue reading <span class=\"meta-nav\">&rarr;<\/span><\/a><\/p>\n","protected":false},"author":1,"featured_media":24577,"parent":10655,"menu_order":0,"comment_status":"closed","ping_status":"closed","template":"page-templates\/full-width.php","meta":{"om_disable_all_campaigns":false,"_monsterinsights_skip_tracking":false,"_monsterinsights_sitenote_active":false,"_monsterinsights_sitenote_note":"","_monsterinsights_sitenote_category":0,"_uf_show_specific_survey":0,"_uf_disable_surveys":false,"footnotes":""},"categories":[1401],"tags":[],"class_list":["post-23704","page","type-page","status-publish","has-post-thumbnail","hentry","category-nos-evenements-passes"],"aioseo_notices":[],"yoast_head":"<!-- This site is optimized with the Yoast SEO plugin v27.3 - https:\/\/yoast.com\/product\/yoast-seo-wordpress\/ -->\n<title>20.02.26 \/\/ ETENESH WASSIE + LA LIGUE DES OBJETS - CC BONNEFOY, TOULOUSE | Freddy Morezon<\/title>\n<meta name=\"robots\" content=\"index, follow, max-snippet:-1, max-image-preview:large, max-video-preview:-1\" \/>\n<link rel=\"canonical\" href=\"https:\/\/freddymorezon.org\/nos-evenements\/20-02-26-etenesh-wassie-trio-la-ligue-des-objets-cc-bonnefoy-toulouse\/\" \/>\n<meta property=\"og:locale\" content=\"en_US\" \/>\n<meta property=\"og:type\" content=\"article\" \/>\n<meta property=\"og:title\" content=\"20.02.26 \/\/ ETENESH WASSIE + LA LIGUE DES OBJETS - CC BONNEFOY, TOULOUSE | Freddy Morezon\" \/>\n<meta property=\"og:description\" content=\"Etenesh Wassi\u00e9 + La Ligue des Objets Vendredi 20 f\u00e9vrier 2026 Ouverture des portes 19h Start 20h Centre Culturel Bonnefoy 4 rue du Faubourg Bonnefoy Toulouse Tarifs : pr\u00e9vente 10\u20ac \/ sur place 12\u20ac Bar et restauration l\u00e9g\u00e8re sur place Une soir\u00e9e pr\u00e9sent\u00e9e en partenariat avec le Centre Culturel Bonnefoy et Un Pav\u00e9 dans le&hellip;Continue reading &rarr;\" \/>\n<meta property=\"og:url\" content=\"https:\/\/freddymorezon.org\/nos-evenements\/20-02-26-etenesh-wassie-trio-la-ligue-des-objets-cc-bonnefoy-toulouse\/\" \/>\n<meta property=\"og:site_name\" content=\"Freddy Morezon\" \/>\n<meta property=\"article:publisher\" content=\"https:\/\/www.facebook.com\/freddy.morezon\/\" \/>\n<meta property=\"article:modified_time\" content=\"2026-02-23T15:17:34+00:00\" \/>\n<meta property=\"og:image\" content=\"https:\/\/freddymorezon.org\/wp-content\/uploads\/2025\/12\/Bonnefoy.png\" \/>\n\t<meta property=\"og:image:width\" content=\"1080\" \/>\n\t<meta property=\"og:image:height\" content=\"1080\" \/>\n\t<meta property=\"og:image:type\" content=\"image\/png\" \/>\n<meta name=\"twitter:card\" content=\"summary_large_image\" \/>\n<script type=\"application\/ld+json\" class=\"yoast-schema-graph\">{\"@context\":\"https:\\\/\\\/schema.org\",\"@graph\":[{\"@type\":\"WebPage\",\"@id\":\"https:\\\/\\\/freddymorezon.org\\\/nos-evenements\\\/20-02-26-etenesh-wassie-trio-la-ligue-des-objets-cc-bonnefoy-toulouse\\\/\",\"url\":\"https:\\\/\\\/freddymorezon.org\\\/nos-evenements\\\/20-02-26-etenesh-wassie-trio-la-ligue-des-objets-cc-bonnefoy-toulouse\\\/\",\"name\":\"20.02.26 \\\/\\\/ ETENESH WASSIE + LA LIGUE DES OBJETS - CC BONNEFOY, TOULOUSE | Freddy Morezon\",\"isPartOf\":{\"@id\":\"https:\\\/\\\/freddymorezon.org\\\/#website\"},\"primaryImageOfPage\":{\"@id\":\"https:\\\/\\\/freddymorezon.org\\\/nos-evenements\\\/20-02-26-etenesh-wassie-trio-la-ligue-des-objets-cc-bonnefoy-toulouse\\\/#primaryimage\"},\"image\":{\"@id\":\"https:\\\/\\\/freddymorezon.org\\\/nos-evenements\\\/20-02-26-etenesh-wassie-trio-la-ligue-des-objets-cc-bonnefoy-toulouse\\\/#primaryimage\"},\"thumbnailUrl\":\"https:\\\/\\\/freddymorezon.org\\\/wp-content\\\/uploads\\\/2025\\\/12\\\/Bonnefoy.png\",\"datePublished\":\"2025-09-15T14:22:12+00:00\",\"dateModified\":\"2026-02-23T15:17:34+00:00\",\"breadcrumb\":{\"@id\":\"https:\\\/\\\/freddymorezon.org\\\/nos-evenements\\\/20-02-26-etenesh-wassie-trio-la-ligue-des-objets-cc-bonnefoy-toulouse\\\/#breadcrumb\"},\"inLanguage\":\"en-US\",\"potentialAction\":[{\"@type\":\"ReadAction\",\"target\":[\"https:\\\/\\\/freddymorezon.org\\\/nos-evenements\\\/20-02-26-etenesh-wassie-trio-la-ligue-des-objets-cc-bonnefoy-toulouse\\\/\"]}]},{\"@type\":\"ImageObject\",\"inLanguage\":\"en-US\",\"@id\":\"https:\\\/\\\/freddymorezon.org\\\/nos-evenements\\\/20-02-26-etenesh-wassie-trio-la-ligue-des-objets-cc-bonnefoy-toulouse\\\/#primaryimage\",\"url\":\"https:\\\/\\\/freddymorezon.org\\\/wp-content\\\/uploads\\\/2025\\\/12\\\/Bonnefoy.png\",\"contentUrl\":\"https:\\\/\\\/freddymorezon.org\\\/wp-content\\\/uploads\\\/2025\\\/12\\\/Bonnefoy.png\",\"width\":1080,\"height\":1080},{\"@type\":\"BreadcrumbList\",\"@id\":\"https:\\\/\\\/freddymorezon.org\\\/nos-evenements\\\/20-02-26-etenesh-wassie-trio-la-ligue-des-objets-cc-bonnefoy-toulouse\\\/#breadcrumb\",\"itemListElement\":[{\"@type\":\"ListItem\",\"position\":1,\"name\":\"Accueil\",\"item\":\"https:\\\/\\\/freddymorezon.org\\\/\"},{\"@type\":\"ListItem\",\"position\":2,\"name\":\"Nos \u00e9v\u00e9nements\",\"item\":\"https:\\\/\\\/freddymorezon.org\\\/nos-evenements\\\/\"},{\"@type\":\"ListItem\",\"position\":3,\"name\":\"20.02.26 \\\/\\\/ ETENESH WASSIE + LA LIGUE DES OBJETS &#8211; CC BONNEFOY, TOULOUSE\"}]},{\"@type\":\"WebSite\",\"@id\":\"https:\\\/\\\/freddymorezon.org\\\/#website\",\"url\":\"https:\\\/\\\/freddymorezon.org\\\/\",\"name\":\"Freddy Morezon\",\"description\":\"jazz - musique improvis\u00e9e - esth\u00e9tiques plurielles\",\"publisher\":{\"@id\":\"https:\\\/\\\/freddymorezon.org\\\/#organization\"},\"potentialAction\":[{\"@type\":\"SearchAction\",\"target\":{\"@type\":\"EntryPoint\",\"urlTemplate\":\"https:\\\/\\\/freddymorezon.org\\\/?s={search_term_string}\"},\"query-input\":{\"@type\":\"PropertyValueSpecification\",\"valueRequired\":true,\"valueName\":\"search_term_string\"}}],\"inLanguage\":\"en-US\"},{\"@type\":\"Organization\",\"@id\":\"https:\\\/\\\/freddymorezon.org\\\/#organization\",\"name\":\"Association Freddy Morezon\",\"url\":\"https:\\\/\\\/freddymorezon.org\\\/\",\"logo\":{\"@type\":\"ImageObject\",\"inLanguage\":\"en-US\",\"@id\":\"https:\\\/\\\/freddymorezon.org\\\/#\\\/schema\\\/logo\\\/image\\\/\",\"url\":\"https:\\\/\\\/freddymorezon.org\\\/wp-content\\\/uploads\\\/2016\\\/02\\\/mini-logo-header-site2.jpg\",\"contentUrl\":\"https:\\\/\\\/freddymorezon.org\\\/wp-content\\\/uploads\\\/2016\\\/02\\\/mini-logo-header-site2.jpg\",\"width\":234,\"height\":174,\"caption\":\"Association Freddy Morezon\"},\"image\":{\"@id\":\"https:\\\/\\\/freddymorezon.org\\\/#\\\/schema\\\/logo\\\/image\\\/\"},\"sameAs\":[\"https:\\\/\\\/www.facebook.com\\\/freddy.morezon\\\/\",\"https:\\\/\\\/www.instagram.com\\\/freddymorezon\\\/\",\"https:\\\/\\\/www.youtube.com\\\/user\\\/freddymorezon\",\"https:\\\/\\\/fr.linkedin.com\\\/company\\\/freddy-morezon-p.r.o.d.\"]}]}<\/script>\n<!-- \/ Yoast SEO plugin. -->","yoast_head_json":{"title":"20.02.26 \/\/ ETENESH WASSIE + LA LIGUE DES OBJETS - CC BONNEFOY, TOULOUSE | Freddy Morezon","robots":{"index":"index","follow":"follow","max-snippet":"max-snippet:-1","max-image-preview":"max-image-preview:large","max-video-preview":"max-video-preview:-1"},"canonical":"https:\/\/freddymorezon.org\/nos-evenements\/20-02-26-etenesh-wassie-trio-la-ligue-des-objets-cc-bonnefoy-toulouse\/","og_locale":"en_US","og_type":"article","og_title":"20.02.26 \/\/ ETENESH WASSIE + LA LIGUE DES OBJETS - CC BONNEFOY, TOULOUSE | Freddy Morezon","og_description":"Etenesh Wassi\u00e9 + La Ligue des Objets Vendredi 20 f\u00e9vrier 2026 Ouverture des portes 19h Start 20h Centre Culturel Bonnefoy 4 rue du Faubourg Bonnefoy Toulouse Tarifs : pr\u00e9vente 10\u20ac \/ sur place 12\u20ac Bar et restauration l\u00e9g\u00e8re sur place Une soir\u00e9e pr\u00e9sent\u00e9e en partenariat avec le Centre Culturel Bonnefoy et Un Pav\u00e9 dans le&hellip;Continue reading &rarr;","og_url":"https:\/\/freddymorezon.org\/nos-evenements\/20-02-26-etenesh-wassie-trio-la-ligue-des-objets-cc-bonnefoy-toulouse\/","og_site_name":"Freddy Morezon","article_publisher":"https:\/\/www.facebook.com\/freddy.morezon\/","article_modified_time":"2026-02-23T15:17:34+00:00","og_image":[{"width":1080,"height":1080,"url":"https:\/\/freddymorezon.org\/wp-content\/uploads\/2025\/12\/Bonnefoy.png","type":"image\/png"}],"twitter_card":"summary_large_image","schema":{"@context":"https:\/\/schema.org","@graph":[{"@type":"WebPage","@id":"https:\/\/freddymorezon.org\/nos-evenements\/20-02-26-etenesh-wassie-trio-la-ligue-des-objets-cc-bonnefoy-toulouse\/","url":"https:\/\/freddymorezon.org\/nos-evenements\/20-02-26-etenesh-wassie-trio-la-ligue-des-objets-cc-bonnefoy-toulouse\/","name":"20.02.26 \/\/ ETENESH WASSIE + LA LIGUE DES OBJETS - CC BONNEFOY, TOULOUSE | Freddy Morezon","isPartOf":{"@id":"https:\/\/freddymorezon.org\/#website"},"primaryImageOfPage":{"@id":"https:\/\/freddymorezon.org\/nos-evenements\/20-02-26-etenesh-wassie-trio-la-ligue-des-objets-cc-bonnefoy-toulouse\/#primaryimage"},"image":{"@id":"https:\/\/freddymorezon.org\/nos-evenements\/20-02-26-etenesh-wassie-trio-la-ligue-des-objets-cc-bonnefoy-toulouse\/#primaryimage"},"thumbnailUrl":"https:\/\/freddymorezon.org\/wp-content\/uploads\/2025\/12\/Bonnefoy.png","datePublished":"2025-09-15T14:22:12+00:00","dateModified":"2026-02-23T15:17:34+00:00","breadcrumb":{"@id":"https:\/\/freddymorezon.org\/nos-evenements\/20-02-26-etenesh-wassie-trio-la-ligue-des-objets-cc-bonnefoy-toulouse\/#breadcrumb"},"inLanguage":"en-US","potentialAction":[{"@type":"ReadAction","target":["https:\/\/freddymorezon.org\/nos-evenements\/20-02-26-etenesh-wassie-trio-la-ligue-des-objets-cc-bonnefoy-toulouse\/"]}]},{"@type":"ImageObject","inLanguage":"en-US","@id":"https:\/\/freddymorezon.org\/nos-evenements\/20-02-26-etenesh-wassie-trio-la-ligue-des-objets-cc-bonnefoy-toulouse\/#primaryimage","url":"https:\/\/freddymorezon.org\/wp-content\/uploads\/2025\/12\/Bonnefoy.png","contentUrl":"https:\/\/freddymorezon.org\/wp-content\/uploads\/2025\/12\/Bonnefoy.png","width":1080,"height":1080},{"@type":"BreadcrumbList","@id":"https:\/\/freddymorezon.org\/nos-evenements\/20-02-26-etenesh-wassie-trio-la-ligue-des-objets-cc-bonnefoy-toulouse\/#breadcrumb","itemListElement":[{"@type":"ListItem","position":1,"name":"Accueil","item":"https:\/\/freddymorezon.org\/"},{"@type":"ListItem","position":2,"name":"Nos \u00e9v\u00e9nements","item":"https:\/\/freddymorezon.org\/nos-evenements\/"},{"@type":"ListItem","position":3,"name":"20.02.26 \/\/ ETENESH WASSIE + LA LIGUE DES OBJETS &#8211; CC BONNEFOY, TOULOUSE"}]},{"@type":"WebSite","@id":"https:\/\/freddymorezon.org\/#website","url":"https:\/\/freddymorezon.org\/","name":"Freddy Morezon","description":"jazz - musique improvis\u00e9e - esth\u00e9tiques plurielles","publisher":{"@id":"https:\/\/freddymorezon.org\/#organization"},"potentialAction":[{"@type":"SearchAction","target":{"@type":"EntryPoint","urlTemplate":"https:\/\/freddymorezon.org\/?s={search_term_string}"},"query-input":{"@type":"PropertyValueSpecification","valueRequired":true,"valueName":"search_term_string"}}],"inLanguage":"en-US"},{"@type":"Organization","@id":"https:\/\/freddymorezon.org\/#organization","name":"Association Freddy Morezon","url":"https:\/\/freddymorezon.org\/","logo":{"@type":"ImageObject","inLanguage":"en-US","@id":"https:\/\/freddymorezon.org\/#\/schema\/logo\/image\/","url":"https:\/\/freddymorezon.org\/wp-content\/uploads\/2016\/02\/mini-logo-header-site2.jpg","contentUrl":"https:\/\/freddymorezon.org\/wp-content\/uploads\/2016\/02\/mini-logo-header-site2.jpg","width":234,"height":174,"caption":"Association Freddy Morezon"},"image":{"@id":"https:\/\/freddymorezon.org\/#\/schema\/logo\/image\/"},"sameAs":["https:\/\/www.facebook.com\/freddy.morezon\/","https:\/\/www.instagram.com\/freddymorezon\/","https:\/\/www.youtube.com\/user\/freddymorezon","https:\/\/fr.linkedin.com\/company\/freddy-morezon-p.r.o.d."]}]}},"_links":{"self":[{"href":"https:\/\/freddymorezon.org\/en\/wp-json\/wp\/v2\/pages\/23704","targetHints":{"allow":["GET"]}}],"collection":[{"href":"https:\/\/freddymorezon.org\/en\/wp-json\/wp\/v2\/pages"}],"about":[{"href":"https:\/\/freddymorezon.org\/en\/wp-json\/wp\/v2\/types\/page"}],"author":[{"embeddable":true,"href":"https:\/\/freddymorezon.org\/en\/wp-json\/wp\/v2\/users\/1"}],"replies":[{"embeddable":true,"href":"https:\/\/freddymorezon.org\/en\/wp-json\/wp\/v2\/comments?post=23704"}],"version-history":[{"count":15,"href":"https:\/\/freddymorezon.org\/en\/wp-json\/wp\/v2\/pages\/23704\/revisions"}],"predecessor-version":[{"id":24589,"href":"https:\/\/freddymorezon.org\/en\/wp-json\/wp\/v2\/pages\/23704\/revisions\/24589"}],"up":[{"embeddable":true,"href":"https:\/\/freddymorezon.org\/en\/wp-json\/wp\/v2\/pages\/10655"}],"wp:featuredmedia":[{"embeddable":true,"href":"https:\/\/freddymorezon.org\/en\/wp-json\/wp\/v2\/media\/24577"}],"wp:attachment":[{"href":"https:\/\/freddymorezon.org\/en\/wp-json\/wp\/v2\/media?parent=23704"}],"wp:term":[{"taxonomy":"category","embeddable":true,"href":"https:\/\/freddymorezon.org\/en\/wp-json\/wp\/v2\/categories?post=23704"},{"taxonomy":"post_tag","embeddable":true,"href":"https:\/\/freddymorezon.org\/en\/wp-json\/wp\/v2\/tags?post=23704"}],"curies":[{"name":"wp","href":"https:\/\/api.w.org\/{rel}","templated":true}]}}