
{"id":23793,"date":"2025-09-18T14:27:26","date_gmt":"2025-09-18T12:27:26","guid":{"rendered":"https:\/\/freddymorezon.org\/?page_id=23793"},"modified":"2026-02-24T10:18:45","modified_gmt":"2026-02-24T08:18:45","slug":"for-john-cage-morton-feldman-wodrascka-x-laitinen-x-werchowski","status":"publish","type":"page","link":"https:\/\/freddymorezon.org\/en\/catalogue\/for-john-cage-morton-feldman-wodrascka-x-laitinen-x-werchowski\/","title":{"rendered":"For John Cage (Morton Feldman 1982)"},"content":{"rendered":"<div id=\"pl-23793\"  class=\"panel-layout\" ><div id=\"pg-23793-0\"  class=\"panel-grid panel-no-style\" ><div id=\"pgc-23793-0-0\"  class=\"panel-grid-cell\" ><div id=\"panel-23793-0-0-0\" class=\"so-panel widget widget_eo_event_list_widget EO_Event_List_Widget panel-first-child\" data-index=\"0\" >\n\n<\/div><div id=\"panel-23793-0-0-1\" class=\"so-panel widget widget_sow-button\" data-index=\"1\" ><div\n\t\t\t\n\t\t\tclass=\"so-widget-sow-button so-widget-sow-button-flat-5192bebda948-23793\"\n\t\t\t\n\t\t><div class=\"ow-button-base ow-button-align-center\"\n>\n\t\t\t<a\n\t\t\t\t\thref=\"https:\/\/freddymorezon.org\/agenda-for-john-cage-morton-feldman\/\"\n\t\t\t\t\tclass=\"sowb-button ow-icon-placement-left ow-button-hover\" \t>\n\t\t<span>\n\t\t\t\n\t\t\tToutes les dates\t\t<\/span>\n\t\t\t<\/a>\n\t<\/div>\n<\/div><\/div><div id=\"panel-23793-0-0-2\" class=\"so-panel widget widget_sow-editor\" data-index=\"2\" ><div\n\t\t\t\n\t\t\tclass=\"so-widget-sow-editor so-widget-sow-editor-base\"\n\t\t\t\n\t\t>\n<div class=\"siteorigin-widget-tinymce textwidget\">\n\t<h3>News<\/h3>\n<\/div>\n<\/div><\/div><div id=\"panel-23793-0-0-3\" class=\"so-panel widget widget_sow-headline\" data-index=\"3\" ><div\n\t\t\t\n\t\t\tclass=\"so-widget-sow-headline so-widget-sow-headline-default-b38155868e09-23793\"\n\t\t\t\n\t\t><div class=\"sow-headline-container \">\n\t\t\t\t\t\t<div class=\"decoration\">\n\t\t\t\t\t\t<div class=\"decoration-inside\"><\/div>\n\t\t\t\t\t<\/div>\n\t\t\t\t\t<\/div>\n<\/div><\/div><div id=\"panel-23793-0-0-4\" class=\"so-panel widget widget_sow-editor\" data-index=\"4\" ><div\n\t\t\t\n\t\t\tclass=\"so-widget-sow-editor so-widget-sow-editor-base\"\n\t\t\t\n\t\t>\n<div class=\"siteorigin-widget-tinymce textwidget\">\n\t<p>Christine Wodrascka invite Mathieu Werchowski et Eela Laitinen \u00e0 c\u00e9l\u00e9brer l\u2019anniversaire de Morton Feldman en interpr\u00e9tant sa pi\u00e8ce <em>For John Cage. <\/em><\/p>\n<p>\u2605 Premi\u00e8re r\u00e9sidence en mars 2026 au GMEA-CNCM Albi Tarn.<\/p>\n<\/div>\n<\/div><\/div><div id=\"panel-23793-0-0-5\" class=\"so-panel widget widget_sow-headline\" data-index=\"5\" ><div\n\t\t\t\n\t\t\tclass=\"so-widget-sow-headline so-widget-sow-headline-default-633f6c8ac639-23793\"\n\t\t\t\n\t\t><div class=\"sow-headline-container \">\n\t\t\t\t\t\t<div class=\"decoration\">\n\t\t\t\t\t\t<div class=\"decoration-inside\"><\/div>\n\t\t\t\t\t<\/div>\n\t\t\t\t\t<\/div>\n<\/div><\/div><div id=\"panel-23793-0-0-6\" class=\"so-panel widget widget_sow-editor\" data-index=\"6\" ><div\n\t\t\t\n\t\t\tclass=\"so-widget-sow-editor so-widget-sow-editor-base\"\n\t\t\t\n\t\t>\n<div class=\"siteorigin-widget-tinymce textwidget\">\n\t<h3>Line-up<\/h3>\n<p><strong>Christine Wodrascka<\/strong> - piano<br \/>\n<strong>Mathieu Werchowski<\/strong> - violon<br \/>\n<strong>Eela Laitinen<\/strong> - pinceaux<\/p>\n<\/div>\n<\/div><\/div><div id=\"panel-23793-0-0-7\" class=\"so-panel widget widget_sow-headline\" data-index=\"7\" ><div\n\t\t\t\n\t\t\tclass=\"so-widget-sow-headline so-widget-sow-headline-default-633f6c8ac639-23793\"\n\t\t\t\n\t\t><div class=\"sow-headline-container \">\n\t\t\t\t\t\t<div class=\"decoration\">\n\t\t\t\t\t\t<div class=\"decoration-inside\"><\/div>\n\t\t\t\t\t<\/div>\n\t\t\t\t\t<\/div>\n<\/div><\/div><div id=\"panel-23793-0-0-8\" class=\"so-panel widget widget_sow-editor\" data-index=\"8\" ><div\n\t\t\t\n\t\t\tclass=\"so-widget-sow-editor so-widget-sow-editor-base\"\n\t\t\t\n\t\t>\n<div class=\"siteorigin-widget-tinymce textwidget\">\n\t<h3 class=\"widget-title\">Contact<\/h3>\n<p>Fran\u00e7ois Montjosieu \/\/ francois@freddymorezon.org<\/p>\n<\/div>\n<\/div><\/div><div id=\"panel-23793-0-0-9\" class=\"so-panel widget widget_sow-headline\" data-index=\"9\" ><div\n\t\t\t\n\t\t\tclass=\"so-widget-sow-headline so-widget-sow-headline-default-633f6c8ac639-23793\"\n\t\t\t\n\t\t><div class=\"sow-headline-container \">\n\t\t\t\t\t\t<div class=\"decoration\">\n\t\t\t\t\t\t<div class=\"decoration-inside\"><\/div>\n\t\t\t\t\t<\/div>\n\t\t\t\t\t<\/div>\n<\/div><\/div><div id=\"panel-23793-0-0-10\" class=\"so-panel widget widget_sow-editor panel-last-child\" data-index=\"10\" ><div\n\t\t\t\n\t\t\tclass=\"so-widget-sow-editor so-widget-sow-editor-base\"\n\t\t\t\n\t\t><h3 class=\"widget-title\">Links<\/h3>\n<div class=\"siteorigin-widget-tinymce textwidget\">\n\t<p><i class=\"fa fa-file-text-o fa-2x\"><\/i><a title=\"File\" href=\"https:\/\/freddymorezon.org\/wp-content\/uploads\/2025\/09\/Dossier-For-John-Cage.pdf\" target=\"_blank\" rel=\"noopener noreferrer\"> File<\/a><\/p>\n<p><i class=\"fa fa-folder fa-4x\"><\/i> <a title=\"pack pro\" href=\"https:\/\/fichiers.freddymorezon.org\/index.php\/s\/zs8YlhANCUNGNiT\" target=\"_blank\" rel=\"noopener\">Pack pro<\/a><\/p>\n<li><i class=\"fa fa-chevron-right fa-2x\"><\/i> <a title=\"Christine Wodrascka\" href=\"https:\/\/freddymorezon.org\/artistes\/christine-wodrascka\/\">Christine Wodrascka<\/a><\/li>\n<li><i class=\"fa fa-chevron-right fa-2x\"><\/i> <a title=\"Mathieu Werchowski\" href=\"https:\/\/freddymorezon.org\/artistes\/mathieu-werchowski\/\">Mathieu Werchowski<\/a><\/li>\n<li><i class=\"fa fa-chevron-right fa-2x\"><\/i> <a title=\"Eela Laitinen\" href=\"https:\/\/freddymorezon.org\/artistes\/eela-laitinen\/\">Eela Laitinen<\/a><\/li>\n<\/div>\n<\/div><\/div><\/div><div id=\"pgc-23793-0-1\"  class=\"panel-grid-cell\" ><div id=\"panel-23793-0-1-0\" class=\"so-panel widget widget_sow-editor panel-first-child\" data-index=\"11\" ><div\n\t\t\t\n\t\t\tclass=\"so-widget-sow-editor so-widget-sow-editor-base\"\n\t\t\t\n\t\t>\n<div class=\"siteorigin-widget-tinymce textwidget\">\n\t<h1>For John Cage (Morton Feldman 1982)<\/h1>\n<h3>minimalisme & live painting<\/h3>\n<\/div>\n<\/div><\/div><div id=\"panel-23793-0-1-1\" class=\"so-panel widget widget_sow-image\" data-index=\"12\" ><div\n\t\t\t\n\t\t\tclass=\"so-widget-sow-image so-widget-sow-image-default-8b5b6f678277-23793\"\n\t\t\t\n\t\t>\n<div class=\"sow-image-container\">\n\t\t<img \n\tsrc=\"https:\/\/freddymorezon.org\/wp-content\/uploads\/2025\/09\/Morton-Feldman-Eela-laitinen-1240x560.png\" width=\"1240\" height=\"560\" sizes=\"(max-width: 1240px) 100vw, 1240px\" title=\"Morton Feldman &#8211; Eela laitinen\" alt=\"\" \t\tclass=\"so-widget-image\"\/>\n\t<\/div>\n\n<\/div><\/div><div id=\"panel-23793-0-1-2\" class=\"so-panel widget widget_sow-editor\" data-index=\"13\" ><div\n\t\t\t\n\t\t\tclass=\"so-widget-sow-editor so-widget-sow-editor-base\"\n\t\t\t\n\t\t>\n<div class=\"siteorigin-widget-tinymce textwidget\">\n\t<p>Morton \u00a0Feldman \u00e9tait amateur de peinture abstraite. Sa fin de parcours, dont est issue cette pi\u00e8ce, sera aussi marqu\u00e9e par sa passion pour les tapis d\u2019Anatolie. La r\u00e9p\u00e9tition imparfaite de leurs motifs et leurs couleurs, leur illusoire sym\u00e9trie le fascine et inspire son mode de composition. Comme dans ces tapis, il r\u00e9p\u00e8te des motifs successifs mais les modifie l\u00e9g\u00e8rement afin de d\u00e9router lentement l'auditeur. Plus de notion de forme ni de plan d\u2019ensemble, plus de conclusion: tout comme le tisserand qui s\u2019arr\u00eate \u00e0 la dimension souhait\u00e9e, Feldman termine la pi\u00e8ce d'un trait quand il atteint la dur\u00e9e pressentie.<\/p>\n<p>Tr\u00e8s vite cette pr\u00e9sence constante de la peinture et du graphisme dans la pens\u00e9e musicale de Feldman am\u00e8ne Christine Wodradscka et Mathieu Werchowski \u00e0 \u00e9largir leur interpr\u00e9tation en invitant l\u2019artiste plasticienne Eela Laitinen \u00e0 jouer cette pi\u00e8ce avec eux pour en souligner la \u00a0dimension plastique.<\/p>\n<p>Pour convoquer le processus de lente transformation propre \u00e0 la musique de Feldman, \u00a0Eela laitinen choisit d\u2019utiliser un mat\u00e9riau hydrochromique. Elle utilise de l\u2019eau pour peindre \u00a0des motifs qui disparaissent au fur et \u00e0 mesure que s\u00e8che le tissu. Elle cr\u00e9e sur sc\u00e8ne un monde visuel qui disparait lentement au fur et \u00e0 mesure de sa gen\u00e8se.<\/p>\n<p>Tout un monde s\u2019ouvre alors \u00e0 elle pour convoquer les modes de composition de cette pi\u00e8ce\u00a0: surimpression, \u00e9vanescence,\u00a0 lente transformation, disparition. \u00a0Ce processus de dessin, par sa lenteur et son alt\u00e9ration imperceptible, nous immerge dans le temps flott\u00e9 de la pi\u00e8ce.<\/p>\n<p><em>Une production Freddy Morezon, avec le soutien du GMEA-CNCM Albi-Tarn<\/em><\/p>\n<\/div>\n<\/div><\/div><div id=\"panel-23793-0-1-3\" class=\"so-panel widget widget_sow-editor\" data-index=\"14\" ><div\n\t\t\t\n\t\t\tclass=\"so-widget-sow-editor so-widget-sow-editor-base\"\n\t\t\t\n\t\t>\n<div class=\"siteorigin-widget-tinymce textwidget\">\n\t<\/div>\n<\/div><\/div><div id=\"panel-23793-0-1-4\" class=\"so-panel widget widget_sow-editor panel-last-child\" data-index=\"15\" ><div\n\t\t\t\n\t\t\tclass=\"so-widget-sow-editor so-widget-sow-editor-base\"\n\t\t\t\n\t\t>\n<div class=\"siteorigin-widget-tinymce textwidget\">\n\t<\/div>\n<\/div><\/div><\/div><\/div><\/div>","protected":false},"excerpt":{"rendered":"<p>News Christine Wodrascka invite Mathieu Werchowski et Eela Laitinen \u00e0 c\u00e9l\u00e9brer l\u2019anniversaire de Morton Feldman en interpr\u00e9tant sa pi\u00e8ce For John Cage. \u2605 Premi\u00e8re r\u00e9sidence en mars 2026 au GMEA-CNCM Albi Tarn. Line-up Christine Wodrascka &#8211; piano Mathieu Werchowski &#8211; violon Eela Laitinen &#8211; pinceaux Contact Fran\u00e7ois Montjosieu \/\/ francois@freddymorezon.org File Pack pro Christine Wodrascka&hellip;<\/p>\n<p><a class=\"more-link\" href=\"https:\/\/freddymorezon.org\/en\/catalogue\/for-john-cage-morton-feldman-wodrascka-x-laitinen-x-werchowski\/\" title=\"Continue reading &lsquo;For John Cage (Morton Feldman 1982)&rsquo;\">Continue reading <span class=\"meta-nav\">&rarr;<\/span><\/a><\/p>\n","protected":false},"author":1,"featured_media":23798,"parent":134,"menu_order":0,"comment_status":"closed","ping_status":"closed","template":"page-templates\/full-width.php","meta":{"om_disable_all_campaigns":false,"_monsterinsights_skip_tracking":false,"_monsterinsights_sitenote_active":false,"_monsterinsights_sitenote_note":"","_monsterinsights_sitenote_category":0,"_uf_show_specific_survey":0,"_uf_disable_surveys":false,"footnotes":""},"categories":[283,1234,917,1173],"tags":[],"class_list":["post-23793","page","type-page","status-publish","has-post-thumbnail","hentry","category-christine-wodrascka","category-eela-laitinen","category-mathieu-werchowski","category-page-creation"],"aioseo_notices":[],"yoast_head":"<!-- This site is optimized with the Yoast SEO plugin v27.3 - https:\/\/yoast.com\/product\/yoast-seo-wordpress\/ -->\n<title>For John Cage (Morton Feldman 1982) | Freddy Morezon<\/title>\n<meta name=\"robots\" content=\"index, follow, max-snippet:-1, max-image-preview:large, max-video-preview:-1\" \/>\n<link rel=\"canonical\" href=\"https:\/\/freddymorezon.org\/catalogue\/for-john-cage-morton-feldman-wodrascka-x-laitinen-x-werchowski\/\" \/>\n<meta property=\"og:locale\" content=\"en_US\" \/>\n<meta property=\"og:type\" content=\"article\" \/>\n<meta property=\"og:title\" content=\"For John Cage (Morton Feldman 1982) | Freddy Morezon\" \/>\n<meta property=\"og:description\" content=\"News Christine Wodrascka invite Mathieu Werchowski et Eela Laitinen \u00e0 c\u00e9l\u00e9brer l\u2019anniversaire de Morton Feldman en interpr\u00e9tant sa pi\u00e8ce For John Cage. \u2605 Premi\u00e8re r\u00e9sidence en mars 2026 au GMEA-CNCM Albi Tarn. Line-up Christine Wodrascka - piano Mathieu Werchowski - violon Eela Laitinen - pinceaux Contact Fran\u00e7ois Montjosieu \/\/ francois@freddymorezon.org File Pack pro Christine Wodrascka&hellip;Continue reading &rarr;\" \/>\n<meta property=\"og:url\" content=\"https:\/\/freddymorezon.org\/catalogue\/for-john-cage-morton-feldman-wodrascka-x-laitinen-x-werchowski\/\" \/>\n<meta property=\"og:site_name\" content=\"Freddy Morezon\" \/>\n<meta property=\"article:publisher\" content=\"https:\/\/www.facebook.com\/freddy.morezon\/\" \/>\n<meta property=\"article:modified_time\" content=\"2026-02-24T08:18:45+00:00\" \/>\n<meta property=\"og:image\" content=\"https:\/\/freddymorezon.org\/wp-content\/uploads\/2025\/09\/Morton-Feldman-Eela-laitinen.png\" \/>\n\t<meta property=\"og:image:width\" content=\"1267\" \/>\n\t<meta property=\"og:image:height\" content=\"703\" \/>\n\t<meta property=\"og:image:type\" content=\"image\/png\" \/>\n<meta name=\"twitter:card\" content=\"summary_large_image\" \/>\n<script type=\"application\/ld+json\" class=\"yoast-schema-graph\">{\"@context\":\"https:\\\/\\\/schema.org\",\"@graph\":[{\"@type\":\"WebPage\",\"@id\":\"https:\\\/\\\/freddymorezon.org\\\/catalogue\\\/for-john-cage-morton-feldman-wodrascka-x-laitinen-x-werchowski\\\/\",\"url\":\"https:\\\/\\\/freddymorezon.org\\\/catalogue\\\/for-john-cage-morton-feldman-wodrascka-x-laitinen-x-werchowski\\\/\",\"name\":\"For John Cage (Morton Feldman 1982) | Freddy Morezon\",\"isPartOf\":{\"@id\":\"https:\\\/\\\/freddymorezon.org\\\/#website\"},\"primaryImageOfPage\":{\"@id\":\"https:\\\/\\\/freddymorezon.org\\\/catalogue\\\/for-john-cage-morton-feldman-wodrascka-x-laitinen-x-werchowski\\\/#primaryimage\"},\"image\":{\"@id\":\"https:\\\/\\\/freddymorezon.org\\\/catalogue\\\/for-john-cage-morton-feldman-wodrascka-x-laitinen-x-werchowski\\\/#primaryimage\"},\"thumbnailUrl\":\"https:\\\/\\\/freddymorezon.org\\\/wp-content\\\/uploads\\\/2025\\\/09\\\/Morton-Feldman-Eela-laitinen.png\",\"datePublished\":\"2025-09-18T12:27:26+00:00\",\"dateModified\":\"2026-02-24T08:18:45+00:00\",\"breadcrumb\":{\"@id\":\"https:\\\/\\\/freddymorezon.org\\\/catalogue\\\/for-john-cage-morton-feldman-wodrascka-x-laitinen-x-werchowski\\\/#breadcrumb\"},\"inLanguage\":\"en-US\",\"potentialAction\":[{\"@type\":\"ReadAction\",\"target\":[\"https:\\\/\\\/freddymorezon.org\\\/catalogue\\\/for-john-cage-morton-feldman-wodrascka-x-laitinen-x-werchowski\\\/\"]}]},{\"@type\":\"ImageObject\",\"inLanguage\":\"en-US\",\"@id\":\"https:\\\/\\\/freddymorezon.org\\\/catalogue\\\/for-john-cage-morton-feldman-wodrascka-x-laitinen-x-werchowski\\\/#primaryimage\",\"url\":\"https:\\\/\\\/freddymorezon.org\\\/wp-content\\\/uploads\\\/2025\\\/09\\\/Morton-Feldman-Eela-laitinen.png\",\"contentUrl\":\"https:\\\/\\\/freddymorezon.org\\\/wp-content\\\/uploads\\\/2025\\\/09\\\/Morton-Feldman-Eela-laitinen.png\",\"width\":1267,\"height\":703},{\"@type\":\"BreadcrumbList\",\"@id\":\"https:\\\/\\\/freddymorezon.org\\\/catalogue\\\/for-john-cage-morton-feldman-wodrascka-x-laitinen-x-werchowski\\\/#breadcrumb\",\"itemListElement\":[{\"@type\":\"ListItem\",\"position\":1,\"name\":\"Accueil\",\"item\":\"https:\\\/\\\/freddymorezon.org\\\/\"},{\"@type\":\"ListItem\",\"position\":2,\"name\":\"Catalogue\",\"item\":\"https:\\\/\\\/freddymorezon.org\\\/catalogue\\\/\"},{\"@type\":\"ListItem\",\"position\":3,\"name\":\"For John Cage (Morton Feldman 1982)\"}]},{\"@type\":\"WebSite\",\"@id\":\"https:\\\/\\\/freddymorezon.org\\\/#website\",\"url\":\"https:\\\/\\\/freddymorezon.org\\\/\",\"name\":\"Freddy Morezon\",\"description\":\"jazz - musique improvis\u00e9e - esth\u00e9tiques plurielles\",\"publisher\":{\"@id\":\"https:\\\/\\\/freddymorezon.org\\\/#organization\"},\"potentialAction\":[{\"@type\":\"SearchAction\",\"target\":{\"@type\":\"EntryPoint\",\"urlTemplate\":\"https:\\\/\\\/freddymorezon.org\\\/?s={search_term_string}\"},\"query-input\":{\"@type\":\"PropertyValueSpecification\",\"valueRequired\":true,\"valueName\":\"search_term_string\"}}],\"inLanguage\":\"en-US\"},{\"@type\":\"Organization\",\"@id\":\"https:\\\/\\\/freddymorezon.org\\\/#organization\",\"name\":\"Association Freddy Morezon\",\"url\":\"https:\\\/\\\/freddymorezon.org\\\/\",\"logo\":{\"@type\":\"ImageObject\",\"inLanguage\":\"en-US\",\"@id\":\"https:\\\/\\\/freddymorezon.org\\\/#\\\/schema\\\/logo\\\/image\\\/\",\"url\":\"https:\\\/\\\/freddymorezon.org\\\/wp-content\\\/uploads\\\/2016\\\/02\\\/mini-logo-header-site2.jpg\",\"contentUrl\":\"https:\\\/\\\/freddymorezon.org\\\/wp-content\\\/uploads\\\/2016\\\/02\\\/mini-logo-header-site2.jpg\",\"width\":234,\"height\":174,\"caption\":\"Association Freddy Morezon\"},\"image\":{\"@id\":\"https:\\\/\\\/freddymorezon.org\\\/#\\\/schema\\\/logo\\\/image\\\/\"},\"sameAs\":[\"https:\\\/\\\/www.facebook.com\\\/freddy.morezon\\\/\",\"https:\\\/\\\/www.instagram.com\\\/freddymorezon\\\/\",\"https:\\\/\\\/www.youtube.com\\\/user\\\/freddymorezon\",\"https:\\\/\\\/fr.linkedin.com\\\/company\\\/freddy-morezon-p.r.o.d.\"]}]}<\/script>\n<!-- \/ Yoast SEO plugin. -->","yoast_head_json":{"title":"For John Cage (Morton Feldman 1982) | Freddy Morezon","robots":{"index":"index","follow":"follow","max-snippet":"max-snippet:-1","max-image-preview":"max-image-preview:large","max-video-preview":"max-video-preview:-1"},"canonical":"https:\/\/freddymorezon.org\/catalogue\/for-john-cage-morton-feldman-wodrascka-x-laitinen-x-werchowski\/","og_locale":"en_US","og_type":"article","og_title":"For John Cage (Morton Feldman 1982) | Freddy Morezon","og_description":"News Christine Wodrascka invite Mathieu Werchowski et Eela Laitinen \u00e0 c\u00e9l\u00e9brer l\u2019anniversaire de Morton Feldman en interpr\u00e9tant sa pi\u00e8ce For John Cage. \u2605 Premi\u00e8re r\u00e9sidence en mars 2026 au GMEA-CNCM Albi Tarn. Line-up Christine Wodrascka - piano Mathieu Werchowski - violon Eela Laitinen - pinceaux Contact Fran\u00e7ois Montjosieu \/\/ francois@freddymorezon.org File Pack pro Christine Wodrascka&hellip;Continue reading &rarr;","og_url":"https:\/\/freddymorezon.org\/catalogue\/for-john-cage-morton-feldman-wodrascka-x-laitinen-x-werchowski\/","og_site_name":"Freddy Morezon","article_publisher":"https:\/\/www.facebook.com\/freddy.morezon\/","article_modified_time":"2026-02-24T08:18:45+00:00","og_image":[{"width":1267,"height":703,"url":"https:\/\/freddymorezon.org\/wp-content\/uploads\/2025\/09\/Morton-Feldman-Eela-laitinen.png","type":"image\/png"}],"twitter_card":"summary_large_image","schema":{"@context":"https:\/\/schema.org","@graph":[{"@type":"WebPage","@id":"https:\/\/freddymorezon.org\/catalogue\/for-john-cage-morton-feldman-wodrascka-x-laitinen-x-werchowski\/","url":"https:\/\/freddymorezon.org\/catalogue\/for-john-cage-morton-feldman-wodrascka-x-laitinen-x-werchowski\/","name":"For John Cage (Morton Feldman 1982) | Freddy Morezon","isPartOf":{"@id":"https:\/\/freddymorezon.org\/#website"},"primaryImageOfPage":{"@id":"https:\/\/freddymorezon.org\/catalogue\/for-john-cage-morton-feldman-wodrascka-x-laitinen-x-werchowski\/#primaryimage"},"image":{"@id":"https:\/\/freddymorezon.org\/catalogue\/for-john-cage-morton-feldman-wodrascka-x-laitinen-x-werchowski\/#primaryimage"},"thumbnailUrl":"https:\/\/freddymorezon.org\/wp-content\/uploads\/2025\/09\/Morton-Feldman-Eela-laitinen.png","datePublished":"2025-09-18T12:27:26+00:00","dateModified":"2026-02-24T08:18:45+00:00","breadcrumb":{"@id":"https:\/\/freddymorezon.org\/catalogue\/for-john-cage-morton-feldman-wodrascka-x-laitinen-x-werchowski\/#breadcrumb"},"inLanguage":"en-US","potentialAction":[{"@type":"ReadAction","target":["https:\/\/freddymorezon.org\/catalogue\/for-john-cage-morton-feldman-wodrascka-x-laitinen-x-werchowski\/"]}]},{"@type":"ImageObject","inLanguage":"en-US","@id":"https:\/\/freddymorezon.org\/catalogue\/for-john-cage-morton-feldman-wodrascka-x-laitinen-x-werchowski\/#primaryimage","url":"https:\/\/freddymorezon.org\/wp-content\/uploads\/2025\/09\/Morton-Feldman-Eela-laitinen.png","contentUrl":"https:\/\/freddymorezon.org\/wp-content\/uploads\/2025\/09\/Morton-Feldman-Eela-laitinen.png","width":1267,"height":703},{"@type":"BreadcrumbList","@id":"https:\/\/freddymorezon.org\/catalogue\/for-john-cage-morton-feldman-wodrascka-x-laitinen-x-werchowski\/#breadcrumb","itemListElement":[{"@type":"ListItem","position":1,"name":"Accueil","item":"https:\/\/freddymorezon.org\/"},{"@type":"ListItem","position":2,"name":"Catalogue","item":"https:\/\/freddymorezon.org\/catalogue\/"},{"@type":"ListItem","position":3,"name":"For John Cage (Morton Feldman 1982)"}]},{"@type":"WebSite","@id":"https:\/\/freddymorezon.org\/#website","url":"https:\/\/freddymorezon.org\/","name":"Freddy Morezon","description":"jazz - musique improvis\u00e9e - esth\u00e9tiques plurielles","publisher":{"@id":"https:\/\/freddymorezon.org\/#organization"},"potentialAction":[{"@type":"SearchAction","target":{"@type":"EntryPoint","urlTemplate":"https:\/\/freddymorezon.org\/?s={search_term_string}"},"query-input":{"@type":"PropertyValueSpecification","valueRequired":true,"valueName":"search_term_string"}}],"inLanguage":"en-US"},{"@type":"Organization","@id":"https:\/\/freddymorezon.org\/#organization","name":"Association Freddy Morezon","url":"https:\/\/freddymorezon.org\/","logo":{"@type":"ImageObject","inLanguage":"en-US","@id":"https:\/\/freddymorezon.org\/#\/schema\/logo\/image\/","url":"https:\/\/freddymorezon.org\/wp-content\/uploads\/2016\/02\/mini-logo-header-site2.jpg","contentUrl":"https:\/\/freddymorezon.org\/wp-content\/uploads\/2016\/02\/mini-logo-header-site2.jpg","width":234,"height":174,"caption":"Association Freddy Morezon"},"image":{"@id":"https:\/\/freddymorezon.org\/#\/schema\/logo\/image\/"},"sameAs":["https:\/\/www.facebook.com\/freddy.morezon\/","https:\/\/www.instagram.com\/freddymorezon\/","https:\/\/www.youtube.com\/user\/freddymorezon","https:\/\/fr.linkedin.com\/company\/freddy-morezon-p.r.o.d."]}]}},"_links":{"self":[{"href":"https:\/\/freddymorezon.org\/en\/wp-json\/wp\/v2\/pages\/23793","targetHints":{"allow":["GET"]}}],"collection":[{"href":"https:\/\/freddymorezon.org\/en\/wp-json\/wp\/v2\/pages"}],"about":[{"href":"https:\/\/freddymorezon.org\/en\/wp-json\/wp\/v2\/types\/page"}],"author":[{"embeddable":true,"href":"https:\/\/freddymorezon.org\/en\/wp-json\/wp\/v2\/users\/1"}],"replies":[{"embeddable":true,"href":"https:\/\/freddymorezon.org\/en\/wp-json\/wp\/v2\/comments?post=23793"}],"version-history":[{"count":18,"href":"https:\/\/freddymorezon.org\/en\/wp-json\/wp\/v2\/pages\/23793\/revisions"}],"predecessor-version":[{"id":24008,"href":"https:\/\/freddymorezon.org\/en\/wp-json\/wp\/v2\/pages\/23793\/revisions\/24008"}],"up":[{"embeddable":true,"href":"https:\/\/freddymorezon.org\/en\/wp-json\/wp\/v2\/pages\/134"}],"wp:featuredmedia":[{"embeddable":true,"href":"https:\/\/freddymorezon.org\/en\/wp-json\/wp\/v2\/media\/23798"}],"wp:attachment":[{"href":"https:\/\/freddymorezon.org\/en\/wp-json\/wp\/v2\/media?parent=23793"}],"wp:term":[{"taxonomy":"category","embeddable":true,"href":"https:\/\/freddymorezon.org\/en\/wp-json\/wp\/v2\/categories?post=23793"},{"taxonomy":"post_tag","embeddable":true,"href":"https:\/\/freddymorezon.org\/en\/wp-json\/wp\/v2\/tags?post=23793"}],"curies":[{"name":"wp","href":"https:\/\/api.w.org\/{rel}","templated":true}]}}