
{"id":24061,"date":"2025-09-14T12:50:37","date_gmt":"2025-09-14T10:50:37","guid":{"rendered":"https:\/\/freddymorezon.org\/?page_id=24061"},"modified":"2025-12-03T16:27:57","modified_gmt":"2025-12-03T14:27:57","slug":"02-11-2025-future-folk-stories-episode-cevenol-duo-solos","status":"publish","type":"page","link":"https:\/\/freddymorezon.org\/en\/nos-evenements\/02-11-2025-future-folk-stories-episode-cevenol-duo-solos\/","title":{"rendered":"02.11.2025 \/\/ Future Folk Stories \u00c9pisode c\u00e9venol &#8211; Duo solos"},"content":{"rendered":"<div id=\"pl-24061\"  class=\"panel-layout\" ><div id=\"pg-24061-0\"  class=\"panel-grid panel-no-style\" ><div id=\"pgc-24061-0-0\"  class=\"panel-grid-cell\" ><div id=\"panel-24061-0-0-0\" class=\"so-panel widget widget_sow-image panel-first-child\" data-index=\"0\" ><div\n\t\t\t\n\t\t\tclass=\"so-widget-sow-image so-widget-sow-image-default-8b5b6f678277-24061\"\n\t\t\t\n\t\t>\n<div class=\"sow-image-container\">\n\t\t<img \n\tsrc=\"https:\/\/freddymorezon.org\/wp-content\/uploads\/2025\/10\/Vignette-duo-solos-1-150x150.png\" width=\"150\" height=\"150\" srcset=\"https:\/\/freddymorezon.org\/wp-content\/uploads\/2025\/10\/Vignette-duo-solos-1-150x150.png 150w, https:\/\/freddymorezon.org\/wp-content\/uploads\/2025\/10\/Vignette-duo-solos-1-800x800.png 800w, https:\/\/freddymorezon.org\/wp-content\/uploads\/2025\/10\/Vignette-duo-solos-1-400x400.png 400w, https:\/\/freddymorezon.org\/wp-content\/uploads\/2025\/10\/Vignette-duo-solos-1-100x100.png 100w, https:\/\/freddymorezon.org\/wp-content\/uploads\/2025\/10\/Vignette-duo-solos-1-300x300.png 300w, https:\/\/freddymorezon.org\/wp-content\/uploads\/2025\/10\/Vignette-duo-solos-1.png 1080w\" sizes=\"(max-width: 150px) 100vw, 150px\" title=\"Vignette duo solos\" alt=\"\" \t\tclass=\"so-widget-image\"\/>\n\t<\/div>\n\n<\/div><\/div><div id=\"panel-24061-0-0-1\" class=\"so-panel widget widget_sow-headline\" data-index=\"1\" ><div\n\t\t\t\n\t\t\tclass=\"so-widget-sow-headline so-widget-sow-headline-default-33958b114544-24061\"\n\t\t\t\n\t\t><div class=\"sow-headline-container \">\n\t\t\t\t\t\t<div class=\"decoration\">\n\t\t\t\t\t\t<div class=\"decoration-inside\"><\/div>\n\t\t\t\t\t<\/div>\n\t\t\t\t\t<\/div>\n<\/div><\/div><div id=\"panel-24061-0-0-2\" class=\"so-panel widget widget_sow-editor\" data-index=\"2\" ><div\n\t\t\t\n\t\t\tclass=\"so-widget-sow-editor so-widget-sow-editor-base\"\n\t\t\t\n\t\t>\n<div class=\"siteorigin-widget-tinymce textwidget\">\n\t<p><strong>DUO SOLOS<\/strong><br \/>\ndimanche 2 novembre 2025<br \/>\nStart : 11h30<\/p>\n<p>Eglise<br \/>\nSt F\u00e9lix de Palli\u00e8res (30)<\/p>\n<p>Tout public - Prix libre<\/p>\n<\/div>\n<\/div><\/div><div id=\"panel-24061-0-0-3\" class=\"so-panel widget widget_sow-headline\" data-index=\"3\" ><div\n\t\t\t\n\t\t\tclass=\"so-widget-sow-headline so-widget-sow-headline-default-33958b114544-24061\"\n\t\t\t\n\t\t><div class=\"sow-headline-container \">\n\t\t\t\t\t\t<div class=\"decoration\">\n\t\t\t\t\t\t<div class=\"decoration-inside\"><\/div>\n\t\t\t\t\t<\/div>\n\t\t\t\t\t<\/div>\n<\/div><\/div><div id=\"panel-24061-0-0-4\" class=\"so-panel widget widget_sow-editor panel-last-child\" data-index=\"4\" ><div\n\t\t\t\n\t\t\tclass=\"so-widget-sow-editor so-widget-sow-editor-base\"\n\t\t\t\n\t\t><h3 class=\"widget-title\">LIENS<\/h3>\n<div class=\"siteorigin-widget-tinymce textwidget\">\n\t<p><a href=\"https:\/\/freddymorezon.org\/catalogue\/future-folk-stories\/future-folk-stories-episode-cevenol\/\">Future Folk Stories \u00e9pisode c\u00e9venol<\/a><br \/>\n<a href=\"https:\/\/freddymorezon.org\/artistes\/robin-fincker\/\">Robin Fincker<\/a><br \/>\n<a href=\"https:\/\/modal-media.com\/artiste\/lucile-marsac\/\">Lucile Marsac<\/a><\/p>\n<p><a href=\"https:\/\/freddymorezon.org\/future-folk-stories-2-1\/\">Future Folks Stories - 2+1<\/a><\/p>\n<\/div>\n<\/div><\/div><\/div><div id=\"pgc-24061-0-1\"  class=\"panel-grid-cell\" ><div id=\"panel-24061-0-1-0\" class=\"so-panel widget widget_sow-headline panel-first-child\" data-index=\"5\" ><div\n\t\t\t\n\t\t\tclass=\"so-widget-sow-headline so-widget-sow-headline-default-d42322c5b14c-24061\"\n\t\t\t\n\t\t><div class=\"sow-headline-container \">\n\t\t\t\t\t\t\t<h2 class=\"sow-headline\">\n\t\t\t\t\t\t02.11.2025 \/\/ FUTURE FOLK STORIES EPISODE CEVENOL - DUO SOLOS\t\t\t\t\t\t<\/h2>\n\t\t\t\t\t\t\t\t\t\t\t<div class=\"decoration\">\n\t\t\t\t\t\t<div class=\"decoration-inside\"><\/div>\n\t\t\t\t\t<\/div>\n\t\t\t\t\t<\/div>\n<\/div><\/div><div id=\"panel-24061-0-1-1\" class=\"so-panel widget widget_sow-editor\" data-index=\"6\" ><div\n\t\t\t\n\t\t\tclass=\"so-widget-sow-editor so-widget-sow-editor-base\"\n\t\t\t\n\t\t><h3 class=\"widget-title\">Lucile Marsac x Robin Fincker<\/h3>\n<div class=\"siteorigin-widget-tinymce textwidget\">\n\t<\/div>\n<\/div><\/div><div id=\"panel-24061-0-1-2\" class=\"so-panel widget widget_sow-image panel-last-child\" data-index=\"7\" ><div\n\t\t\t\n\t\t\tclass=\"so-widget-sow-image so-widget-sow-image-default-8b5b6f678277-24061\"\n\t\t\t\n\t\t>\n<div class=\"sow-image-container\">\n\t\t<img \n\tsrc=\"https:\/\/freddymorezon.org\/wp-content\/uploads\/2025\/10\/CONCERT-0211_final-A4-scaled.jpg\" width=\"1810\" height=\"2560\" srcset=\"https:\/\/freddymorezon.org\/wp-content\/uploads\/2025\/10\/CONCERT-0211_final-A4-scaled.jpg 1810w, https:\/\/freddymorezon.org\/wp-content\/uploads\/2025\/10\/CONCERT-0211_final-A4-566x800.jpg 566w, https:\/\/freddymorezon.org\/wp-content\/uploads\/2025\/10\/CONCERT-0211_final-A4-1086x1536.jpg 1086w, https:\/\/freddymorezon.org\/wp-content\/uploads\/2025\/10\/CONCERT-0211_final-A4-1448x2048.jpg 1448w, https:\/\/freddymorezon.org\/wp-content\/uploads\/2025\/10\/CONCERT-0211_final-A4-400x566.jpg 400w\" sizes=\"(max-width: 1810px) 100vw, 1810px\" title=\"CONCERT 2\/11 A4 &#8211; 1\" alt=\"\" \t\tclass=\"so-widget-image\"\/>\n\t<\/div>\n\n<\/div><\/div><\/div><\/div><\/div>","protected":false},"excerpt":{"rendered":"<p>DUO SOLOS dimanche 2 novembre 2025 Start : 11h30 Eglise St F\u00e9lix de Palli\u00e8res (30) Tout public &#8211; Prix libre Future Folk Stories \u00e9pisode c\u00e9venol Robin Fincker Lucile Marsac Future Folks Stories &#8211; 2+1<\/p>\n","protected":false},"author":1,"featured_media":24062,"parent":10655,"menu_order":0,"comment_status":"closed","ping_status":"closed","template":"page-templates\/full-width.php","meta":{"om_disable_all_campaigns":false,"_monsterinsights_skip_tracking":false,"_monsterinsights_sitenote_active":false,"_monsterinsights_sitenote_note":"","_monsterinsights_sitenote_category":0,"_uf_show_specific_survey":0,"_uf_disable_surveys":false,"footnotes":""},"categories":[1401],"tags":[],"class_list":["post-24061","page","type-page","status-publish","has-post-thumbnail","hentry","category-nos-evenements-passes"],"aioseo_notices":[],"yoast_head":"<!-- This site is optimized with the Yoast SEO plugin v27.3 - https:\/\/yoast.com\/product\/yoast-seo-wordpress\/ -->\n<title>02.11.2025 \/\/ Future Folk Stories \u00c9pisode c\u00e9venol - Duo solos | Freddy Morezon<\/title>\n<meta name=\"robots\" content=\"index, follow, max-snippet:-1, max-image-preview:large, max-video-preview:-1\" \/>\n<link rel=\"canonical\" href=\"https:\/\/freddymorezon.org\/nos-evenements\/02-11-2025-future-folk-stories-episode-cevenol-duo-solos\/\" \/>\n<meta property=\"og:locale\" content=\"en_US\" \/>\n<meta property=\"og:type\" content=\"article\" \/>\n<meta property=\"og:title\" content=\"02.11.2025 \/\/ Future Folk Stories \u00c9pisode c\u00e9venol - Duo solos | Freddy Morezon\" \/>\n<meta property=\"og:description\" content=\"DUO SOLOS dimanche 2 novembre 2025 Start : 11h30 Eglise St F\u00e9lix de Palli\u00e8res (30) Tout public - Prix libre Future Folk Stories \u00e9pisode c\u00e9venol Robin Fincker Lucile Marsac Future Folks Stories - 2+1\" \/>\n<meta property=\"og:url\" content=\"https:\/\/freddymorezon.org\/nos-evenements\/02-11-2025-future-folk-stories-episode-cevenol-duo-solos\/\" \/>\n<meta property=\"og:site_name\" content=\"Freddy Morezon\" \/>\n<meta property=\"article:publisher\" content=\"https:\/\/www.facebook.com\/freddy.morezon\/\" \/>\n<meta property=\"article:modified_time\" content=\"2025-12-03T14:27:57+00:00\" \/>\n<meta property=\"og:image\" content=\"https:\/\/freddymorezon.org\/wp-content\/uploads\/2025\/10\/Vignette-duo-solos.png\" \/>\n\t<meta property=\"og:image:width\" content=\"1080\" \/>\n\t<meta property=\"og:image:height\" content=\"1080\" \/>\n\t<meta property=\"og:image:type\" content=\"image\/png\" \/>\n<meta name=\"twitter:card\" content=\"summary_large_image\" \/>\n<script type=\"application\/ld+json\" class=\"yoast-schema-graph\">{\"@context\":\"https:\\\/\\\/schema.org\",\"@graph\":[{\"@type\":\"WebPage\",\"@id\":\"https:\\\/\\\/freddymorezon.org\\\/nos-evenements\\\/02-11-2025-future-folk-stories-episode-cevenol-duo-solos\\\/\",\"url\":\"https:\\\/\\\/freddymorezon.org\\\/nos-evenements\\\/02-11-2025-future-folk-stories-episode-cevenol-duo-solos\\\/\",\"name\":\"02.11.2025 \\\/\\\/ Future Folk Stories \u00c9pisode c\u00e9venol - Duo solos | Freddy Morezon\",\"isPartOf\":{\"@id\":\"https:\\\/\\\/freddymorezon.org\\\/#website\"},\"primaryImageOfPage\":{\"@id\":\"https:\\\/\\\/freddymorezon.org\\\/nos-evenements\\\/02-11-2025-future-folk-stories-episode-cevenol-duo-solos\\\/#primaryimage\"},\"image\":{\"@id\":\"https:\\\/\\\/freddymorezon.org\\\/nos-evenements\\\/02-11-2025-future-folk-stories-episode-cevenol-duo-solos\\\/#primaryimage\"},\"thumbnailUrl\":\"https:\\\/\\\/freddymorezon.org\\\/wp-content\\\/uploads\\\/2025\\\/10\\\/Vignette-duo-solos.png\",\"datePublished\":\"2025-09-14T10:50:37+00:00\",\"dateModified\":\"2025-12-03T14:27:57+00:00\",\"breadcrumb\":{\"@id\":\"https:\\\/\\\/freddymorezon.org\\\/nos-evenements\\\/02-11-2025-future-folk-stories-episode-cevenol-duo-solos\\\/#breadcrumb\"},\"inLanguage\":\"en-US\",\"potentialAction\":[{\"@type\":\"ReadAction\",\"target\":[\"https:\\\/\\\/freddymorezon.org\\\/nos-evenements\\\/02-11-2025-future-folk-stories-episode-cevenol-duo-solos\\\/\"]}]},{\"@type\":\"ImageObject\",\"inLanguage\":\"en-US\",\"@id\":\"https:\\\/\\\/freddymorezon.org\\\/nos-evenements\\\/02-11-2025-future-folk-stories-episode-cevenol-duo-solos\\\/#primaryimage\",\"url\":\"https:\\\/\\\/freddymorezon.org\\\/wp-content\\\/uploads\\\/2025\\\/10\\\/Vignette-duo-solos.png\",\"contentUrl\":\"https:\\\/\\\/freddymorezon.org\\\/wp-content\\\/uploads\\\/2025\\\/10\\\/Vignette-duo-solos.png\",\"width\":1080,\"height\":1080},{\"@type\":\"BreadcrumbList\",\"@id\":\"https:\\\/\\\/freddymorezon.org\\\/nos-evenements\\\/02-11-2025-future-folk-stories-episode-cevenol-duo-solos\\\/#breadcrumb\",\"itemListElement\":[{\"@type\":\"ListItem\",\"position\":1,\"name\":\"Accueil\",\"item\":\"https:\\\/\\\/freddymorezon.org\\\/\"},{\"@type\":\"ListItem\",\"position\":2,\"name\":\"Nos \u00e9v\u00e9nements\",\"item\":\"https:\\\/\\\/freddymorezon.org\\\/nos-evenements\\\/\"},{\"@type\":\"ListItem\",\"position\":3,\"name\":\"02.11.2025 \\\/\\\/ Future Folk Stories \u00c9pisode c\u00e9venol &#8211; Duo solos\"}]},{\"@type\":\"WebSite\",\"@id\":\"https:\\\/\\\/freddymorezon.org\\\/#website\",\"url\":\"https:\\\/\\\/freddymorezon.org\\\/\",\"name\":\"Freddy Morezon\",\"description\":\"jazz - musique improvis\u00e9e - esth\u00e9tiques plurielles\",\"publisher\":{\"@id\":\"https:\\\/\\\/freddymorezon.org\\\/#organization\"},\"potentialAction\":[{\"@type\":\"SearchAction\",\"target\":{\"@type\":\"EntryPoint\",\"urlTemplate\":\"https:\\\/\\\/freddymorezon.org\\\/?s={search_term_string}\"},\"query-input\":{\"@type\":\"PropertyValueSpecification\",\"valueRequired\":true,\"valueName\":\"search_term_string\"}}],\"inLanguage\":\"en-US\"},{\"@type\":\"Organization\",\"@id\":\"https:\\\/\\\/freddymorezon.org\\\/#organization\",\"name\":\"Association Freddy Morezon\",\"url\":\"https:\\\/\\\/freddymorezon.org\\\/\",\"logo\":{\"@type\":\"ImageObject\",\"inLanguage\":\"en-US\",\"@id\":\"https:\\\/\\\/freddymorezon.org\\\/#\\\/schema\\\/logo\\\/image\\\/\",\"url\":\"https:\\\/\\\/freddymorezon.org\\\/wp-content\\\/uploads\\\/2016\\\/02\\\/mini-logo-header-site2.jpg\",\"contentUrl\":\"https:\\\/\\\/freddymorezon.org\\\/wp-content\\\/uploads\\\/2016\\\/02\\\/mini-logo-header-site2.jpg\",\"width\":234,\"height\":174,\"caption\":\"Association Freddy Morezon\"},\"image\":{\"@id\":\"https:\\\/\\\/freddymorezon.org\\\/#\\\/schema\\\/logo\\\/image\\\/\"},\"sameAs\":[\"https:\\\/\\\/www.facebook.com\\\/freddy.morezon\\\/\",\"https:\\\/\\\/www.instagram.com\\\/freddymorezon\\\/\",\"https:\\\/\\\/www.youtube.com\\\/user\\\/freddymorezon\",\"https:\\\/\\\/fr.linkedin.com\\\/company\\\/freddy-morezon-p.r.o.d.\"]}]}<\/script>\n<!-- \/ Yoast SEO plugin. -->","yoast_head_json":{"title":"02.11.2025 \/\/ Future Folk Stories \u00c9pisode c\u00e9venol - Duo solos | Freddy Morezon","robots":{"index":"index","follow":"follow","max-snippet":"max-snippet:-1","max-image-preview":"max-image-preview:large","max-video-preview":"max-video-preview:-1"},"canonical":"https:\/\/freddymorezon.org\/nos-evenements\/02-11-2025-future-folk-stories-episode-cevenol-duo-solos\/","og_locale":"en_US","og_type":"article","og_title":"02.11.2025 \/\/ Future Folk Stories \u00c9pisode c\u00e9venol - Duo solos | Freddy Morezon","og_description":"DUO SOLOS dimanche 2 novembre 2025 Start : 11h30 Eglise St F\u00e9lix de Palli\u00e8res (30) Tout public - Prix libre Future Folk Stories \u00e9pisode c\u00e9venol Robin Fincker Lucile Marsac Future Folks Stories - 2+1","og_url":"https:\/\/freddymorezon.org\/nos-evenements\/02-11-2025-future-folk-stories-episode-cevenol-duo-solos\/","og_site_name":"Freddy Morezon","article_publisher":"https:\/\/www.facebook.com\/freddy.morezon\/","article_modified_time":"2025-12-03T14:27:57+00:00","og_image":[{"width":1080,"height":1080,"url":"https:\/\/freddymorezon.org\/wp-content\/uploads\/2025\/10\/Vignette-duo-solos.png","type":"image\/png"}],"twitter_card":"summary_large_image","schema":{"@context":"https:\/\/schema.org","@graph":[{"@type":"WebPage","@id":"https:\/\/freddymorezon.org\/nos-evenements\/02-11-2025-future-folk-stories-episode-cevenol-duo-solos\/","url":"https:\/\/freddymorezon.org\/nos-evenements\/02-11-2025-future-folk-stories-episode-cevenol-duo-solos\/","name":"02.11.2025 \/\/ Future Folk Stories \u00c9pisode c\u00e9venol - Duo solos | Freddy Morezon","isPartOf":{"@id":"https:\/\/freddymorezon.org\/#website"},"primaryImageOfPage":{"@id":"https:\/\/freddymorezon.org\/nos-evenements\/02-11-2025-future-folk-stories-episode-cevenol-duo-solos\/#primaryimage"},"image":{"@id":"https:\/\/freddymorezon.org\/nos-evenements\/02-11-2025-future-folk-stories-episode-cevenol-duo-solos\/#primaryimage"},"thumbnailUrl":"https:\/\/freddymorezon.org\/wp-content\/uploads\/2025\/10\/Vignette-duo-solos.png","datePublished":"2025-09-14T10:50:37+00:00","dateModified":"2025-12-03T14:27:57+00:00","breadcrumb":{"@id":"https:\/\/freddymorezon.org\/nos-evenements\/02-11-2025-future-folk-stories-episode-cevenol-duo-solos\/#breadcrumb"},"inLanguage":"en-US","potentialAction":[{"@type":"ReadAction","target":["https:\/\/freddymorezon.org\/nos-evenements\/02-11-2025-future-folk-stories-episode-cevenol-duo-solos\/"]}]},{"@type":"ImageObject","inLanguage":"en-US","@id":"https:\/\/freddymorezon.org\/nos-evenements\/02-11-2025-future-folk-stories-episode-cevenol-duo-solos\/#primaryimage","url":"https:\/\/freddymorezon.org\/wp-content\/uploads\/2025\/10\/Vignette-duo-solos.png","contentUrl":"https:\/\/freddymorezon.org\/wp-content\/uploads\/2025\/10\/Vignette-duo-solos.png","width":1080,"height":1080},{"@type":"BreadcrumbList","@id":"https:\/\/freddymorezon.org\/nos-evenements\/02-11-2025-future-folk-stories-episode-cevenol-duo-solos\/#breadcrumb","itemListElement":[{"@type":"ListItem","position":1,"name":"Accueil","item":"https:\/\/freddymorezon.org\/"},{"@type":"ListItem","position":2,"name":"Nos \u00e9v\u00e9nements","item":"https:\/\/freddymorezon.org\/nos-evenements\/"},{"@type":"ListItem","position":3,"name":"02.11.2025 \/\/ Future Folk Stories \u00c9pisode c\u00e9venol &#8211; Duo solos"}]},{"@type":"WebSite","@id":"https:\/\/freddymorezon.org\/#website","url":"https:\/\/freddymorezon.org\/","name":"Freddy Morezon","description":"jazz - musique improvis\u00e9e - esth\u00e9tiques plurielles","publisher":{"@id":"https:\/\/freddymorezon.org\/#organization"},"potentialAction":[{"@type":"SearchAction","target":{"@type":"EntryPoint","urlTemplate":"https:\/\/freddymorezon.org\/?s={search_term_string}"},"query-input":{"@type":"PropertyValueSpecification","valueRequired":true,"valueName":"search_term_string"}}],"inLanguage":"en-US"},{"@type":"Organization","@id":"https:\/\/freddymorezon.org\/#organization","name":"Association Freddy Morezon","url":"https:\/\/freddymorezon.org\/","logo":{"@type":"ImageObject","inLanguage":"en-US","@id":"https:\/\/freddymorezon.org\/#\/schema\/logo\/image\/","url":"https:\/\/freddymorezon.org\/wp-content\/uploads\/2016\/02\/mini-logo-header-site2.jpg","contentUrl":"https:\/\/freddymorezon.org\/wp-content\/uploads\/2016\/02\/mini-logo-header-site2.jpg","width":234,"height":174,"caption":"Association Freddy Morezon"},"image":{"@id":"https:\/\/freddymorezon.org\/#\/schema\/logo\/image\/"},"sameAs":["https:\/\/www.facebook.com\/freddy.morezon\/","https:\/\/www.instagram.com\/freddymorezon\/","https:\/\/www.youtube.com\/user\/freddymorezon","https:\/\/fr.linkedin.com\/company\/freddy-morezon-p.r.o.d."]}]}},"_links":{"self":[{"href":"https:\/\/freddymorezon.org\/en\/wp-json\/wp\/v2\/pages\/24061","targetHints":{"allow":["GET"]}}],"collection":[{"href":"https:\/\/freddymorezon.org\/en\/wp-json\/wp\/v2\/pages"}],"about":[{"href":"https:\/\/freddymorezon.org\/en\/wp-json\/wp\/v2\/types\/page"}],"author":[{"embeddable":true,"href":"https:\/\/freddymorezon.org\/en\/wp-json\/wp\/v2\/users\/1"}],"replies":[{"embeddable":true,"href":"https:\/\/freddymorezon.org\/en\/wp-json\/wp\/v2\/comments?post=24061"}],"version-history":[{"count":3,"href":"https:\/\/freddymorezon.org\/en\/wp-json\/wp\/v2\/pages\/24061\/revisions"}],"predecessor-version":[{"id":24067,"href":"https:\/\/freddymorezon.org\/en\/wp-json\/wp\/v2\/pages\/24061\/revisions\/24067"}],"up":[{"embeddable":true,"href":"https:\/\/freddymorezon.org\/en\/wp-json\/wp\/v2\/pages\/10655"}],"wp:featuredmedia":[{"embeddable":true,"href":"https:\/\/freddymorezon.org\/en\/wp-json\/wp\/v2\/media\/24062"}],"wp:attachment":[{"href":"https:\/\/freddymorezon.org\/en\/wp-json\/wp\/v2\/media?parent=24061"}],"wp:term":[{"taxonomy":"category","embeddable":true,"href":"https:\/\/freddymorezon.org\/en\/wp-json\/wp\/v2\/categories?post=24061"},{"taxonomy":"post_tag","embeddable":true,"href":"https:\/\/freddymorezon.org\/en\/wp-json\/wp\/v2\/tags?post=24061"}],"curies":[{"name":"wp","href":"https:\/\/api.w.org\/{rel}","templated":true}]}}