
{"id":24384,"date":"2025-12-11T12:02:59","date_gmt":"2025-12-11T10:02:59","guid":{"rendered":"https:\/\/freddymorezon.org\/?page_id=24384"},"modified":"2026-02-10T12:33:11","modified_gmt":"2026-02-10T10:33:11","slug":"yene-alem","status":"publish","type":"page","link":"https:\/\/freddymorezon.org\/en\/label\/yene-alem\/","title":{"rendered":"YENE ALEM"},"content":{"rendered":"<div id=\"pl-24384\"  class=\"panel-layout\" ><div id=\"pg-24384-0\"  class=\"panel-grid panel-no-style\" ><div id=\"pgc-24384-0-0\"  class=\"panel-grid-cell\" ><div id=\"panel-24384-0-0-0\" class=\"so-panel widget widget_sow-image panel-first-child\" data-index=\"0\" ><div\n\t\t\t\n\t\t\tclass=\"so-widget-sow-image so-widget-sow-image-default-8b5b6f678277-24384\"\n\t\t\t\n\t\t>\n<div class=\"sow-image-container\">\n\t\t<img \n\tsrc=\"https:\/\/freddymorezon.org\/wp-content\/uploads\/2026\/02\/visuel_disque_yenealem_wassiesourisseauladerach.jpg\" width=\"1440\" height=\"1440\" srcset=\"https:\/\/freddymorezon.org\/wp-content\/uploads\/2026\/02\/visuel_disque_yenealem_wassiesourisseauladerach.jpg 1440w, https:\/\/freddymorezon.org\/wp-content\/uploads\/2026\/02\/visuel_disque_yenealem_wassiesourisseauladerach-800x800.jpg 800w, https:\/\/freddymorezon.org\/wp-content\/uploads\/2026\/02\/visuel_disque_yenealem_wassiesourisseauladerach-150x150.jpg 150w, https:\/\/freddymorezon.org\/wp-content\/uploads\/2026\/02\/visuel_disque_yenealem_wassiesourisseauladerach-400x400.jpg 400w, https:\/\/freddymorezon.org\/wp-content\/uploads\/2026\/02\/visuel_disque_yenealem_wassiesourisseauladerach-100x100.jpg 100w, https:\/\/freddymorezon.org\/wp-content\/uploads\/2026\/02\/visuel_disque_yenealem_wassiesourisseauladerach-300x300.jpg 300w\" sizes=\"(max-width: 1440px) 100vw, 1440px\" alt=\"\" \t\tclass=\"so-widget-image\"\/>\n\t<\/div>\n\n<\/div><\/div><div id=\"panel-24384-0-0-1\" class=\"so-panel widget widget_sow-editor\" data-index=\"1\" ><div\n\t\t\t\n\t\t\tclass=\"so-widget-sow-editor so-widget-sow-editor-base\"\n\t\t\t\n\t\t>\n<div class=\"siteorigin-widget-tinymce textwidget\">\n\t<h3>Commander<\/h3>\n<div class=\"ajout-panier\">\n<h4 style=\"display: inline;\"><i class=\"fa fa-chevron-right fa-2x\"><\/i> CD<\/h4>\n<p class=\"product woocommerce add_to_cart_inline \" style=\"border:4px solid #ccc; padding: 12px;\"><span class=\"woocommerce-Price-amount amount\"><bdi>15,00<span class=\"woocommerce-Price-currencySymbol\">&euro;<\/span><\/bdi><\/span><a href=\"\/en\/wp-json\/wp\/v2\/pages\/24384?add-to-cart=24390\" aria-describedby=\"woocommerce_loop_add_to_cart_link_describedby_24390\" data-quantity=\"1\" class=\"button product_type_simple add_to_cart_button ajax_add_to_cart\" data-product_id=\"24390\" data-product_sku=\"\" aria-label=\"Add to cart: &ldquo;YENE ALEM - CD&rdquo;\" rel=\"nofollow\" data-success_message=\"&ldquo;YENE ALEM - CD&rdquo; has been added to your cart\">Add to cart<\/a>\t<span id=\"woocommerce_loop_add_to_cart_link_describedby_24390\" class=\"screen-reader-text\">\n\t\t\t<\/span>\n<\/p><\/div>\n<\/div>\n<\/div><\/div><div id=\"panel-24384-0-0-2\" class=\"so-panel widget widget_sow-button\" data-index=\"2\" ><div\n\t\t\t\n\t\t\tclass=\"so-widget-sow-button so-widget-sow-button-flat-5192bebda948-24384\"\n\t\t\t\n\t\t><div class=\"ow-button-base ow-button-align-center\"\n>\n\t\t\t<a\n\t\t\t\t\thref=\"https:\/\/mrmorezon.bandcamp.com\/album\/yene-alem\"\n\t\t\t\t\tclass=\"sowb-button ow-icon-placement-left ow-button-hover\" \t>\n\t\t<span>\n\t\t\t\n\t\t\tCOMMANDER SUR BANDCAMP\t\t<\/span>\n\t\t\t<\/a>\n\t<\/div>\n<\/div><\/div><div id=\"panel-24384-0-0-3\" class=\"so-panel widget widget_sow-headline\" data-index=\"3\" ><div\n\t\t\t\n\t\t\tclass=\"so-widget-sow-headline so-widget-sow-headline-default-7f8f2d03a0dd-24384\"\n\t\t\t\n\t\t><div class=\"sow-headline-container \">\n\t\t\t\t\t\t<div class=\"decoration\">\n\t\t\t\t\t\t<div class=\"decoration-inside\"><\/div>\n\t\t\t\t\t<\/div>\n\t\t\t\t\t<\/div>\n<\/div><\/div><div id=\"panel-24384-0-0-4\" class=\"so-panel widget widget_sow-editor\" data-index=\"4\" ><div\n\t\t\t\n\t\t\tclass=\"so-widget-sow-editor so-widget-sow-editor-base\"\n\t\t\t\n\t\t><h3 class=\"widget-title\">DISTRIBUTION - CR\u00c9DITS<\/h3>\n<div class=\"siteorigin-widget-tinymce textwidget\">\n\t<p><strong>Etenesh Wassi\u00e9<\/strong> chant<br \/>\n<strong>Mathieu Sourisseau<\/strong> basse acoustique<br \/>\n<strong>Julie L\u00e4derach<\/strong> violoncelle<\/p>\n<\/div>\n<\/div><\/div><div id=\"panel-24384-0-0-5\" class=\"so-panel widget widget_sow-headline\" data-index=\"5\" ><div\n\t\t\t\n\t\t\tclass=\"so-widget-sow-headline so-widget-sow-headline-default-7f8f2d03a0dd-24384\"\n\t\t\t\n\t\t><div class=\"sow-headline-container \">\n\t\t\t\t\t\t<div class=\"decoration\">\n\t\t\t\t\t\t<div class=\"decoration-inside\"><\/div>\n\t\t\t\t\t<\/div>\n\t\t\t\t\t<\/div>\n<\/div><\/div><div id=\"panel-24384-0-0-6\" class=\"so-panel widget widget_sow-editor panel-last-child\" data-index=\"6\" ><div\n\t\t\t\n\t\t\tclass=\"so-widget-sow-editor so-widget-sow-editor-base\"\n\t\t\t\n\t\t><h3 class=\"widget-title\">LIENS<\/h3>\n<div class=\"siteorigin-widget-tinymce textwidget\">\n\t<li><i class=\"fa fa-chevron-right fa-2x\"><\/i> <a href=\"https:\/\/freddymorezon.org\/catalogue\/mathieu-sourisseau-etenesh-wassie-trio\/\">Etenesh Wassi\u00e9 Trio<\/a><\/li>\n<li><i class=\"fa fa-chevron-right fa-2x\"><\/i> <a href=\"https:\/\/freddymorezon.org\/artistes\/etenesh-wassie\/\">Etenesh Wassi\u00e9<\/a><\/li>\n<li><i class=\"fa fa-chevron-right fa-2x\"><\/i> <a href=\"https:\/\/freddymorezon.org\/artistes\/mathieu-sourisseau\/\">Mathieu Sourisseau<\/a><\/li>\n<\/div>\n<\/div><\/div><\/div><div id=\"pgc-24384-0-1\"  class=\"panel-grid-cell\" ><div id=\"panel-24384-0-1-0\" class=\"so-panel widget widget_sow-editor panel-first-child\" data-index=\"7\" ><div\n\t\t\t\n\t\t\tclass=\"so-widget-sow-editor so-widget-sow-editor-base\"\n\t\t\t\n\t\t>\n<div class=\"siteorigin-widget-tinymce textwidget\">\n\t<h2>YENE ALEM<\/h2>\n<h3>ETENESH WASSI\u00c9<\/h3>\n<p>Mr Morezon 044 \u23ae 2018<\/p>\n<\/div>\n<\/div><\/div><div id=\"panel-24384-0-1-1\" class=\"so-panel widget widget_sow-headline\" data-index=\"8\" ><div\n\t\t\t\n\t\t\tclass=\"so-widget-sow-headline so-widget-sow-headline-default-7f8f2d03a0dd-24384\"\n\t\t\t\n\t\t><div class=\"sow-headline-container \">\n\t\t\t\t\t\t<div class=\"decoration\">\n\t\t\t\t\t\t<div class=\"decoration-inside\"><\/div>\n\t\t\t\t\t<\/div>\n\t\t\t\t\t<\/div>\n<\/div><\/div><div id=\"panel-24384-0-1-2\" class=\"so-panel widget widget_sow-editor\" data-index=\"9\" ><div\n\t\t\t\n\t\t\tclass=\"so-widget-sow-editor so-widget-sow-editor-base\"\n\t\t\t\n\t\t>\n<div class=\"siteorigin-widget-tinymce textwidget\">\n\t<p>\u201cVoyager ce n'est pas devenir l\u2019autre, c\u2019est aller \u00e0 sa rencontre. Etenesh Wassie et Mathieu Sourisseau sont des musiciens voyageurs. Dix ans d\u00e9j\u00e0 qu\u2019Etenesh se frotte \u00e0 des musiques venues d\u2019ailleurs, c\u2019est-\u00e0-dire d\u2019ici. Chanteuse traditionnelle \u00e9thiopienne, elle a nou\u00e9 des affinit\u00e9s \u00e9lectives avec Mathieu Sourisseau, nourri de free-jazz et de rock alternatif. Sur leur premier album en duo, Belo Belo, puis sur sc\u00e8ne ils se sont frott\u00e9s encore \u00e0 d\u2019autres esth\u00e9tiques, chacun conservant l\u2019int\u00e9grit\u00e9 de son langage musical propre. En invitant Julie L\u00e4derach et son violoncelle, ils construisent autour des tensions entre rock, musique occidentale et chant azmari un triangle d\u2019\u00e9nergie d\u2019une beaut\u00e9 singuli\u00e8re, \u00e2pre et g\u00e9n\u00e9reuse. \u201d<br \/>\nDiane Gastellu<\/p>\n<\/div>\n<\/div><\/div><div id=\"panel-24384-0-1-3\" class=\"so-panel widget widget_sow-editor\" data-index=\"10\" ><div\n\t\t\t\n\t\t\tclass=\"so-widget-sow-editor so-widget-sow-editor-base\"\n\t\t\t\n\t\t>\n<div class=\"siteorigin-widget-tinymce textwidget\">\n\t<p><iframe loading=\"lazy\" title=\"Yene Alem - Trio Etenesh Wassi\u00e9 \/ Mathieu Sourisseau \/ S\u00e9bastien Bacquias\" width=\"790\" height=\"444\" src=\"https:\/\/www.youtube.com\/embed\/FVgdWlbqle8?feature=oembed\" frameborder=\"0\" allow=\"accelerometer; autoplay; clipboard-write; encrypted-media; gyroscope; picture-in-picture; web-share\" referrerpolicy=\"strict-origin-when-cross-origin\" allowfullscreen><\/iframe><\/p>\n<\/div>\n<\/div><\/div><div id=\"panel-24384-0-1-4\" class=\"so-panel widget widget_eo_event_list_widget EO_Event_List_Widget panel-last-child\" data-index=\"11\" >\n\n<\/div><\/div><\/div><\/div>","protected":false},"excerpt":{"rendered":"<p>2018<\/p>\n","protected":false},"author":1,"featured_media":4949,"parent":140,"menu_order":0,"comment_status":"closed","ping_status":"closed","template":"page-templates\/full-width.php","meta":{"om_disable_all_campaigns":false,"_monsterinsights_skip_tracking":false,"_monsterinsights_sitenote_active":false,"_monsterinsights_sitenote_note":"","_monsterinsights_sitenote_category":0,"_uf_show_specific_survey":0,"_uf_disable_surveys":false,"footnotes":""},"categories":[93,1174,1318],"tags":[],"class_list":["post-24384","page","type-page","status-publish","has-post-thumbnail","hentry","category-label","category-page-label","category-trio-wassie-sourisseau-bacquias"],"aioseo_notices":[],"yoast_head":"<!-- This site is optimized with the Yoast SEO plugin v27.4 - https:\/\/yoast.com\/product\/yoast-seo-wordpress\/ -->\n<title>YENE ALEM | Freddy Morezon<\/title>\n<meta name=\"robots\" content=\"index, follow, max-snippet:-1, max-image-preview:large, max-video-preview:-1\" \/>\n<link rel=\"canonical\" href=\"https:\/\/freddymorezon.org\/label\/yene-alem\/\" \/>\n<meta property=\"og:locale\" content=\"en_US\" \/>\n<meta property=\"og:type\" content=\"article\" \/>\n<meta property=\"og:title\" content=\"YENE ALEM | Freddy Morezon\" \/>\n<meta property=\"og:description\" content=\"[:fr]2018[:en]2018[:]\" \/>\n<meta property=\"og:url\" content=\"https:\/\/freddymorezon.org\/label\/yene-alem\/\" \/>\n<meta property=\"og:site_name\" content=\"Freddy Morezon\" \/>\n<meta property=\"article:publisher\" content=\"https:\/\/www.facebook.com\/freddy.morezon\/\" \/>\n<meta property=\"article:modified_time\" content=\"2026-02-10T10:33:11+00:00\" \/>\n<meta property=\"og:image\" content=\"https:\/\/freddymorezon.org\/wp-content\/uploads\/2018\/02\/pochette_yenealem_300dpi.jpg\" \/>\n\t<meta property=\"og:image:width\" content=\"1440\" \/>\n\t<meta property=\"og:image:height\" content=\"1440\" \/>\n\t<meta property=\"og:image:type\" content=\"image\/jpeg\" \/>\n<meta name=\"twitter:card\" content=\"summary_large_image\" \/>\n<script type=\"application\/ld+json\" class=\"yoast-schema-graph\">{\"@context\":\"https:\\\/\\\/schema.org\",\"@graph\":[{\"@type\":\"WebPage\",\"@id\":\"https:\\\/\\\/freddymorezon.org\\\/label\\\/yene-alem\\\/\",\"url\":\"https:\\\/\\\/freddymorezon.org\\\/label\\\/yene-alem\\\/\",\"name\":\"YENE ALEM | Freddy Morezon\",\"isPartOf\":{\"@id\":\"https:\\\/\\\/freddymorezon.org\\\/#website\"},\"primaryImageOfPage\":{\"@id\":\"https:\\\/\\\/freddymorezon.org\\\/label\\\/yene-alem\\\/#primaryimage\"},\"image\":{\"@id\":\"https:\\\/\\\/freddymorezon.org\\\/label\\\/yene-alem\\\/#primaryimage\"},\"thumbnailUrl\":\"https:\\\/\\\/freddymorezon.org\\\/wp-content\\\/uploads\\\/2018\\\/02\\\/pochette_yenealem_300dpi.jpg\",\"datePublished\":\"2025-12-11T10:02:59+00:00\",\"dateModified\":\"2026-02-10T10:33:11+00:00\",\"breadcrumb\":{\"@id\":\"https:\\\/\\\/freddymorezon.org\\\/label\\\/yene-alem\\\/#breadcrumb\"},\"inLanguage\":\"en-US\",\"potentialAction\":[{\"@type\":\"ReadAction\",\"target\":[\"https:\\\/\\\/freddymorezon.org\\\/label\\\/yene-alem\\\/\"]}]},{\"@type\":\"ImageObject\",\"inLanguage\":\"en-US\",\"@id\":\"https:\\\/\\\/freddymorezon.org\\\/label\\\/yene-alem\\\/#primaryimage\",\"url\":\"https:\\\/\\\/freddymorezon.org\\\/wp-content\\\/uploads\\\/2018\\\/02\\\/pochette_yenealem_300dpi.jpg\",\"contentUrl\":\"https:\\\/\\\/freddymorezon.org\\\/wp-content\\\/uploads\\\/2018\\\/02\\\/pochette_yenealem_300dpi.jpg\",\"width\":1440,\"height\":1440},{\"@type\":\"BreadcrumbList\",\"@id\":\"https:\\\/\\\/freddymorezon.org\\\/label\\\/yene-alem\\\/#breadcrumb\",\"itemListElement\":[{\"@type\":\"ListItem\",\"position\":1,\"name\":\"Accueil\",\"item\":\"https:\\\/\\\/freddymorezon.org\\\/\"},{\"@type\":\"ListItem\",\"position\":2,\"name\":\"Label\",\"item\":\"https:\\\/\\\/freddymorezon.org\\\/label\\\/\"},{\"@type\":\"ListItem\",\"position\":3,\"name\":\"YENE ALEM\"}]},{\"@type\":\"WebSite\",\"@id\":\"https:\\\/\\\/freddymorezon.org\\\/#website\",\"url\":\"https:\\\/\\\/freddymorezon.org\\\/\",\"name\":\"Freddy Morezon\",\"description\":\"jazz - musique improvis\u00e9e - esth\u00e9tiques plurielles\",\"publisher\":{\"@id\":\"https:\\\/\\\/freddymorezon.org\\\/#organization\"},\"potentialAction\":[{\"@type\":\"SearchAction\",\"target\":{\"@type\":\"EntryPoint\",\"urlTemplate\":\"https:\\\/\\\/freddymorezon.org\\\/?s={search_term_string}\"},\"query-input\":{\"@type\":\"PropertyValueSpecification\",\"valueRequired\":true,\"valueName\":\"search_term_string\"}}],\"inLanguage\":\"en-US\"},{\"@type\":\"Organization\",\"@id\":\"https:\\\/\\\/freddymorezon.org\\\/#organization\",\"name\":\"Association Freddy Morezon\",\"url\":\"https:\\\/\\\/freddymorezon.org\\\/\",\"logo\":{\"@type\":\"ImageObject\",\"inLanguage\":\"en-US\",\"@id\":\"https:\\\/\\\/freddymorezon.org\\\/#\\\/schema\\\/logo\\\/image\\\/\",\"url\":\"https:\\\/\\\/freddymorezon.org\\\/wp-content\\\/uploads\\\/2016\\\/02\\\/mini-logo-header-site2.jpg\",\"contentUrl\":\"https:\\\/\\\/freddymorezon.org\\\/wp-content\\\/uploads\\\/2016\\\/02\\\/mini-logo-header-site2.jpg\",\"width\":234,\"height\":174,\"caption\":\"Association Freddy Morezon\"},\"image\":{\"@id\":\"https:\\\/\\\/freddymorezon.org\\\/#\\\/schema\\\/logo\\\/image\\\/\"},\"sameAs\":[\"https:\\\/\\\/www.facebook.com\\\/freddy.morezon\\\/\",\"https:\\\/\\\/www.instagram.com\\\/freddymorezon\\\/\",\"https:\\\/\\\/www.youtube.com\\\/user\\\/freddymorezon\",\"https:\\\/\\\/fr.linkedin.com\\\/company\\\/freddy-morezon-p.r.o.d.\"]}]}<\/script>\n<!-- \/ Yoast SEO plugin. -->","yoast_head_json":{"title":"YENE ALEM | Freddy Morezon","robots":{"index":"index","follow":"follow","max-snippet":"max-snippet:-1","max-image-preview":"max-image-preview:large","max-video-preview":"max-video-preview:-1"},"canonical":"https:\/\/freddymorezon.org\/label\/yene-alem\/","og_locale":"en_US","og_type":"article","og_title":"YENE ALEM | Freddy Morezon","og_description":"[:fr]2018[:en]2018[:]","og_url":"https:\/\/freddymorezon.org\/label\/yene-alem\/","og_site_name":"Freddy Morezon","article_publisher":"https:\/\/www.facebook.com\/freddy.morezon\/","article_modified_time":"2026-02-10T10:33:11+00:00","og_image":[{"width":1440,"height":1440,"url":"https:\/\/freddymorezon.org\/wp-content\/uploads\/2018\/02\/pochette_yenealem_300dpi.jpg","type":"image\/jpeg"}],"twitter_card":"summary_large_image","schema":{"@context":"https:\/\/schema.org","@graph":[{"@type":"WebPage","@id":"https:\/\/freddymorezon.org\/label\/yene-alem\/","url":"https:\/\/freddymorezon.org\/label\/yene-alem\/","name":"YENE ALEM | Freddy Morezon","isPartOf":{"@id":"https:\/\/freddymorezon.org\/#website"},"primaryImageOfPage":{"@id":"https:\/\/freddymorezon.org\/label\/yene-alem\/#primaryimage"},"image":{"@id":"https:\/\/freddymorezon.org\/label\/yene-alem\/#primaryimage"},"thumbnailUrl":"https:\/\/freddymorezon.org\/wp-content\/uploads\/2018\/02\/pochette_yenealem_300dpi.jpg","datePublished":"2025-12-11T10:02:59+00:00","dateModified":"2026-02-10T10:33:11+00:00","breadcrumb":{"@id":"https:\/\/freddymorezon.org\/label\/yene-alem\/#breadcrumb"},"inLanguage":"en-US","potentialAction":[{"@type":"ReadAction","target":["https:\/\/freddymorezon.org\/label\/yene-alem\/"]}]},{"@type":"ImageObject","inLanguage":"en-US","@id":"https:\/\/freddymorezon.org\/label\/yene-alem\/#primaryimage","url":"https:\/\/freddymorezon.org\/wp-content\/uploads\/2018\/02\/pochette_yenealem_300dpi.jpg","contentUrl":"https:\/\/freddymorezon.org\/wp-content\/uploads\/2018\/02\/pochette_yenealem_300dpi.jpg","width":1440,"height":1440},{"@type":"BreadcrumbList","@id":"https:\/\/freddymorezon.org\/label\/yene-alem\/#breadcrumb","itemListElement":[{"@type":"ListItem","position":1,"name":"Accueil","item":"https:\/\/freddymorezon.org\/"},{"@type":"ListItem","position":2,"name":"Label","item":"https:\/\/freddymorezon.org\/label\/"},{"@type":"ListItem","position":3,"name":"YENE ALEM"}]},{"@type":"WebSite","@id":"https:\/\/freddymorezon.org\/#website","url":"https:\/\/freddymorezon.org\/","name":"Freddy Morezon","description":"jazz - musique improvis\u00e9e - esth\u00e9tiques plurielles","publisher":{"@id":"https:\/\/freddymorezon.org\/#organization"},"potentialAction":[{"@type":"SearchAction","target":{"@type":"EntryPoint","urlTemplate":"https:\/\/freddymorezon.org\/?s={search_term_string}"},"query-input":{"@type":"PropertyValueSpecification","valueRequired":true,"valueName":"search_term_string"}}],"inLanguage":"en-US"},{"@type":"Organization","@id":"https:\/\/freddymorezon.org\/#organization","name":"Association Freddy Morezon","url":"https:\/\/freddymorezon.org\/","logo":{"@type":"ImageObject","inLanguage":"en-US","@id":"https:\/\/freddymorezon.org\/#\/schema\/logo\/image\/","url":"https:\/\/freddymorezon.org\/wp-content\/uploads\/2016\/02\/mini-logo-header-site2.jpg","contentUrl":"https:\/\/freddymorezon.org\/wp-content\/uploads\/2016\/02\/mini-logo-header-site2.jpg","width":234,"height":174,"caption":"Association Freddy Morezon"},"image":{"@id":"https:\/\/freddymorezon.org\/#\/schema\/logo\/image\/"},"sameAs":["https:\/\/www.facebook.com\/freddy.morezon\/","https:\/\/www.instagram.com\/freddymorezon\/","https:\/\/www.youtube.com\/user\/freddymorezon","https:\/\/fr.linkedin.com\/company\/freddy-morezon-p.r.o.d."]}]}},"_links":{"self":[{"href":"https:\/\/freddymorezon.org\/en\/wp-json\/wp\/v2\/pages\/24384","targetHints":{"allow":["GET"]}}],"collection":[{"href":"https:\/\/freddymorezon.org\/en\/wp-json\/wp\/v2\/pages"}],"about":[{"href":"https:\/\/freddymorezon.org\/en\/wp-json\/wp\/v2\/types\/page"}],"author":[{"embeddable":true,"href":"https:\/\/freddymorezon.org\/en\/wp-json\/wp\/v2\/users\/1"}],"replies":[{"embeddable":true,"href":"https:\/\/freddymorezon.org\/en\/wp-json\/wp\/v2\/comments?post=24384"}],"version-history":[{"count":11,"href":"https:\/\/freddymorezon.org\/en\/wp-json\/wp\/v2\/pages\/24384\/revisions"}],"predecessor-version":[{"id":25033,"href":"https:\/\/freddymorezon.org\/en\/wp-json\/wp\/v2\/pages\/24384\/revisions\/25033"}],"up":[{"embeddable":true,"href":"https:\/\/freddymorezon.org\/en\/wp-json\/wp\/v2\/pages\/140"}],"wp:featuredmedia":[{"embeddable":true,"href":"https:\/\/freddymorezon.org\/en\/wp-json\/wp\/v2\/media\/4949"}],"wp:attachment":[{"href":"https:\/\/freddymorezon.org\/en\/wp-json\/wp\/v2\/media?parent=24384"}],"wp:term":[{"taxonomy":"category","embeddable":true,"href":"https:\/\/freddymorezon.org\/en\/wp-json\/wp\/v2\/categories?post=24384"},{"taxonomy":"post_tag","embeddable":true,"href":"https:\/\/freddymorezon.org\/en\/wp-json\/wp\/v2\/tags?post=24384"}],"curies":[{"name":"wp","href":"https:\/\/api.w.org\/{rel}","templated":true}]}}