
{"id":24402,"date":"2025-12-11T12:09:17","date_gmt":"2025-12-11T10:09:17","guid":{"rendered":"https:\/\/freddymorezon.org\/?page_id=24402"},"modified":"2026-02-10T12:34:05","modified_gmt":"2026-02-10T10:34:05","slug":"zeraf","status":"publish","type":"page","link":"https:\/\/freddymorezon.org\/en\/label\/zeraf\/","title":{"rendered":"ZERAF !"},"content":{"rendered":"<div id=\"pl-24402\"  class=\"panel-layout\" ><div id=\"pg-24402-0\"  class=\"panel-grid panel-no-style\" ><div id=\"pgc-24402-0-0\"  class=\"panel-grid-cell\" ><div id=\"panel-24402-0-0-0\" class=\"so-panel widget widget_sow-image panel-first-child\" data-index=\"0\" ><div\n\t\t\t\n\t\t\tclass=\"so-widget-sow-image so-widget-sow-image-default-8b5b6f678277-24402\"\n\t\t\t\n\t\t>\n<div class=\"sow-image-container\">\n\t\t<img \n\tsrc=\"https:\/\/freddymorezon.org\/wp-content\/uploads\/2016\/04\/eteneshtigre_.jpg\" width=\"323\" height=\"323\" srcset=\"https:\/\/freddymorezon.org\/wp-content\/uploads\/2016\/04\/eteneshtigre_.jpg 323w, https:\/\/freddymorezon.org\/wp-content\/uploads\/2016\/04\/eteneshtigre_-150x150.jpg 150w, https:\/\/freddymorezon.org\/wp-content\/uploads\/2016\/04\/eteneshtigre_-100x100.jpg 100w, https:\/\/freddymorezon.org\/wp-content\/uploads\/2016\/04\/eteneshtigre_-300x300.jpg 300w\" sizes=\"(max-width: 323px) 100vw, 323px\" title=\"Zeraf &#8211; Etenesh &#038; Le Tigre (des Platanes)\" alt=\"\" \t\tclass=\"so-widget-image\"\/>\n\t<\/div>\n\n<\/div><\/div><div id=\"panel-24402-0-0-1\" class=\"so-panel widget widget_sow-editor\" data-index=\"1\" ><div\n\t\t\t\n\t\t\tclass=\"so-widget-sow-editor so-widget-sow-editor-base\"\n\t\t\t\n\t\t>\n<div class=\"siteorigin-widget-tinymce textwidget\">\n\t<h3>Commander<\/h3>\n<div class=\"ajout-panier\">\n<h4 style=\"display: inline;\"><i class=\"fa fa-chevron-right fa-2x\"><\/i> CD<\/h4>\n<p class=\"product woocommerce add_to_cart_inline \" style=\"border:4px solid #ccc; padding: 12px;\"><span class=\"woocommerce-Price-amount amount\"><bdi>15,00<span class=\"woocommerce-Price-currencySymbol\">&euro;<\/span><\/bdi><\/span><a href=\"\/en\/wp-json\/wp\/v2\/pages\/24402?add-to-cart=24409\" aria-describedby=\"woocommerce_loop_add_to_cart_link_describedby_24409\" data-quantity=\"1\" class=\"button product_type_simple add_to_cart_button ajax_add_to_cart\" data-product_id=\"24409\" data-product_sku=\"\" aria-label=\"Add to cart: &ldquo;ZERAF ! - CD&rdquo;\" rel=\"nofollow\" data-success_message=\"&ldquo;ZERAF ! - CD&rdquo; has been added to your cart\">Add to cart<\/a>\t<span id=\"woocommerce_loop_add_to_cart_link_describedby_24409\" class=\"screen-reader-text\">\n\t\t\t<\/span>\n<\/p><\/div>\n<\/div>\n<\/div><\/div><div id=\"panel-24402-0-0-2\" class=\"so-panel widget widget_sow-button\" data-index=\"2\" ><div\n\t\t\t\n\t\t\tclass=\"so-widget-sow-button so-widget-sow-button-flat-a657a074bb6d-24402\"\n\t\t\t\n\t\t><div class=\"ow-button-base ow-button-align-left\"\n>\n\t\t\t<a\n\t\t\t\t\thref=\"https:\/\/mrmorezon.bandcamp.com\/album\/zeraf\"\n\t\t\t\t\tclass=\"sowb-button ow-icon-placement-left ow-button-hover\" \t>\n\t\t<span>\n\t\t\t\n\t\t\tCOMMANDER SUR BANDCAMP\t\t<\/span>\n\t\t\t<\/a>\n\t<\/div>\n<\/div><\/div><div id=\"panel-24402-0-0-3\" class=\"so-panel widget widget_sow-headline\" data-index=\"3\" ><div\n\t\t\t\n\t\t\tclass=\"so-widget-sow-headline so-widget-sow-headline-default-7f8f2d03a0dd-24402\"\n\t\t\t\n\t\t><div class=\"sow-headline-container \">\n\t\t\t\t\t\t<div class=\"decoration\">\n\t\t\t\t\t\t<div class=\"decoration-inside\"><\/div>\n\t\t\t\t\t<\/div>\n\t\t\t\t\t<\/div>\n<\/div><\/div><div id=\"panel-24402-0-0-4\" class=\"so-panel widget widget_sow-editor\" data-index=\"4\" ><div\n\t\t\t\n\t\t\tclass=\"so-widget-sow-editor so-widget-sow-editor-base\"\n\t\t\t\n\t\t>\n<div class=\"siteorigin-widget-tinymce textwidget\">\n\t<p>DISTRIBUTION - CR\u00c9DITS<\/p>\n<p><strong>Etenesh Wassi\u00e9<\/strong> voix<br \/>\n<strong>Marc D\u00e9mereau<\/strong> saxophone bayton, saxophone alto, cris<br \/>\n<strong>Pi\u00e9ro P\u00e9pin<\/strong> trompette, bugle, melodica<br \/>\n<strong>Fabien Duscombs<\/strong> batterie, percussions<br \/>\n<strong>Mathieu Sourisseau<\/strong> guitare basse acoustique, guitare, banjo, soubassophone<br \/>\n<strong>Olivier Cussac<\/strong> orgue hammond<\/p>\n<\/div>\n<\/div><\/div><div id=\"panel-24402-0-0-5\" class=\"so-panel widget widget_sow-headline\" data-index=\"5\" ><div\n\t\t\t\n\t\t\tclass=\"so-widget-sow-headline so-widget-sow-headline-default-7f8f2d03a0dd-24402\"\n\t\t\t\n\t\t><div class=\"sow-headline-container \">\n\t\t\t\t\t\t<div class=\"decoration\">\n\t\t\t\t\t\t<div class=\"decoration-inside\"><\/div>\n\t\t\t\t\t<\/div>\n\t\t\t\t\t<\/div>\n<\/div><\/div><div id=\"panel-24402-0-0-6\" class=\"so-panel widget widget_sow-editor\" data-index=\"6\" ><div\n\t\t\t\n\t\t\tclass=\"so-widget-sow-editor so-widget-sow-editor-base\"\n\t\t\t\n\t\t><h3 class=\"widget-title\">LIENS<\/h3>\n<div class=\"siteorigin-widget-tinymce textwidget\">\n\t<p><i class=\"fa fa-chevron-right fa-2x\"><\/i> <a href=\"https:\/\/freddymorezon.org\/productions\/le-tigre-des-platanes\/\">Le Tigre des Platanes<\/a><br \/>\n \t<i class=\"fa fa-chevron-right fa-2x\"><\/i> <a href=\"https:\/\/freddymorezon.org\/artistes\/etenesh-wassie\/\">Etenesh Wassi\u00e9<\/a><br \/>\n<i class=\"fa fa-chevron-right fa-2x\"><\/i> <a href=\"https:\/\/freddymorezon.org\/artistes\/marc-demereau\/\">Marc D\u00e9mereau<\/a><br \/>\n<i class=\"fa fa-chevron-right fa-2x\"><\/i> <a href=\"https:\/\/freddymorezon.org\/artistes\/fabien-duscombs\/\">Fabien Duscombs<\/a><br \/>\n<i class=\"fa fa-chevron-right fa-2x\"><\/i> <a href=\"https:\/\/freddymorezon.org\/artistes\/mathieu-sourisseau\/\">Mathieu Sourisseau<\/a><\/p>\n<\/div>\n<\/div><\/div><div id=\"panel-24402-0-0-7\" class=\"so-panel widget widget_sow-headline panel-last-child\" data-index=\"7\" ><div\n\t\t\t\n\t\t\tclass=\"so-widget-sow-headline so-widget-sow-headline-default-7f8f2d03a0dd-24402\"\n\t\t\t\n\t\t><div class=\"sow-headline-container \">\n\t\t\t\t\t\t<div class=\"decoration\">\n\t\t\t\t\t\t<div class=\"decoration-inside\"><\/div>\n\t\t\t\t\t<\/div>\n\t\t\t\t\t<\/div>\n<\/div><\/div><\/div><div id=\"pgc-24402-0-1\"  class=\"panel-grid-cell\" ><div id=\"panel-24402-0-1-0\" class=\"so-panel widget widget_sow-editor panel-first-child\" data-index=\"8\" ><div\n\t\t\t\n\t\t\tclass=\"so-widget-sow-editor so-widget-sow-editor-base\"\n\t\t\t\n\t\t>\n<div class=\"siteorigin-widget-tinymce textwidget\">\n\t<h2>ZERAF !<\/h2>\n<h3>ETENESH WASSI\u00c9 x LE TIGRE DES PLATANES<\/h3>\n<p>Mr Morezon 045 \u23ae 2008<\/p>\n<\/div>\n<\/div><\/div><div id=\"panel-24402-0-1-1\" class=\"so-panel widget widget_sow-headline\" data-index=\"9\" ><div\n\t\t\t\n\t\t\tclass=\"so-widget-sow-headline so-widget-sow-headline-default-7f8f2d03a0dd-24402\"\n\t\t\t\n\t\t><div class=\"sow-headline-container \">\n\t\t\t\t\t\t<div class=\"decoration\">\n\t\t\t\t\t\t<div class=\"decoration-inside\"><\/div>\n\t\t\t\t\t<\/div>\n\t\t\t\t\t<\/div>\n<\/div><\/div><div id=\"panel-24402-0-1-2\" class=\"so-panel widget widget_sow-editor\" data-index=\"10\" ><div\n\t\t\t\n\t\t\tclass=\"so-widget-sow-editor so-widget-sow-editor-base\"\n\t\t\t\n\t\t>\n<div class=\"siteorigin-widget-tinymce textwidget\">\n\t<p>\" <em>Sur ces th\u00e8mes ancr\u00e9s dans la tradition des m\u00e9nestrels azmari, les quatre toulousains tricotent des arrangements os\u00e9s qui m\u00ealent harmonies jazz et envol\u00e9es free aux modes pentatoniques de la musique profane d\u2019Ethiopie. <strong>Marc D\u00e9mereau<\/strong> et Et\u00e9n\u00e8sh Wassi\u00e9 ouvrent l\u2019album en un duo d\u00e9pouill\u00e9 sur \u00ab\u00a0M\u00e8dinanna Z\u00e8l\u00e8ss\u00e8gna\u00a0\u00bb. Ensuite, l\u2019orchestration s\u2019enrichit progressivement\u00a0: banjo fretless et melodica colorent \u00ab\u00a0Ambassel Fantay\u00a0\u00bb, \u00ab\u00a0Muziqawi Silt\u00a0\u00bb a la gravit\u00e9 jubilatoire d\u2019un th\u00e8me de combat, les paroxysmes lyriques du sax sur \u00ab\u00a0Y\u00e8z\u00e8m\u00e8d Y\u00e8baed\u00a0\u00bb sont aussi engag\u00e9s que peu traditionnels, le sax et la trompette sonnent comme une section enti\u00e8re de big band sur \u00ab\u00a0Esti Lenurbet\u00a0\u00bb ou \u00ab\u00a0Tezeta\u00a0\u00bb, les arrangements clignent parfois de l\u2019oeil vers le rock ou le ska des ann\u00e9es 80 (\u00ab\u00a0N\u00e8y-N\u00e8y W\u00e8l\u00e8ba\u00a0\u00bb). Un groove imparable (mention sp\u00e9ciale pour le travail de transe accompli \u00e0 la basse acoustique par <strong>Mathieu Sourisseau<\/strong> et \u00e0 la batterie par <strong>Fabien Duscombs<\/strong>), et une gaiet\u00e9 \u00e2pre et un rien am\u00e8re, fruit des modes pentatoniques \u00e9thiopiens, qui impr\u00e8gne tout l\u2019album, des ballades (\u00ab Bati \u00bb, une mont\u00e9e d\u2019\u00e9motion \u00e0 l\u2019\u00e9tat pur, ou le d\u00e9licat \u00ab Awash \u00bb ) aux contre-chants fr\u00e9n\u00e9tiques et festifs de \u00ab Woub Ab\u00e8ba \u00bb.<\/em> \"<\/p>\n<p>Diane Gastellu, <strong>Citizen Jazz<\/strong><\/p>\n<\/div>\n<\/div><\/div><div id=\"panel-24402-0-1-3\" class=\"so-panel widget widget_sow-editor\" data-index=\"11\" ><div\n\t\t\t\n\t\t\tclass=\"so-widget-sow-editor so-widget-sow-editor-base\"\n\t\t\t\n\t\t>\n<div class=\"siteorigin-widget-tinymce textwidget\">\n\t<p><iframe loading=\"lazy\" title=\"Zeraf live @ Womex 2018 \/ Etenesh Wassie - Mathieu Sourisseau - S\u00e9bastien Bacquias\" width=\"790\" height=\"444\" src=\"https:\/\/www.youtube.com\/embed\/dSBwkVc3p6s?feature=oembed\" frameborder=\"0\" allow=\"accelerometer; autoplay; clipboard-write; encrypted-media; gyroscope; picture-in-picture; web-share\" referrerpolicy=\"strict-origin-when-cross-origin\" allowfullscreen><\/iframe><\/p>\n<\/div>\n<\/div><\/div><div id=\"panel-24402-0-1-4\" class=\"so-panel widget widget_eo_event_list_widget EO_Event_List_Widget panel-last-child\" data-index=\"12\" >\n\n<\/div><\/div><\/div><\/div>","protected":false},"excerpt":{"rendered":"<p>2008<\/p>\n","protected":false},"author":1,"featured_media":1373,"parent":140,"menu_order":0,"comment_status":"closed","ping_status":"closed","template":"page-templates\/full-width.php","meta":{"om_disable_all_campaigns":false,"_monsterinsights_skip_tracking":false,"_monsterinsights_sitenote_active":false,"_monsterinsights_sitenote_note":"","_monsterinsights_sitenote_category":0,"_uf_show_specific_survey":0,"_uf_disable_surveys":false,"footnotes":""},"categories":[101,1305,1075,93,119,1074,1174,1318],"tags":[],"class_list":["post-24402","page","type-page","status-publish","has-post-thumbnail","hentry","category-discographie","category-etenesh-wassie","category-fabien-duscombs","category-label","category-le-tigre-des-platanes","category-marc-demereau","category-page-label","category-trio-wassie-sourisseau-bacquias"],"aioseo_notices":[],"yoast_head":"<!-- This site is optimized with the Yoast SEO plugin v27.4 - https:\/\/yoast.com\/product\/yoast-seo-wordpress\/ -->\n<title>ZERAF ! | Freddy Morezon<\/title>\n<meta name=\"robots\" content=\"index, follow, max-snippet:-1, max-image-preview:large, max-video-preview:-1\" \/>\n<link rel=\"canonical\" href=\"https:\/\/freddymorezon.org\/label\/zeraf\/\" \/>\n<meta property=\"og:locale\" content=\"en_US\" \/>\n<meta property=\"og:type\" content=\"article\" \/>\n<meta property=\"og:title\" content=\"ZERAF ! | Freddy Morezon\" \/>\n<meta property=\"og:description\" content=\"[:fr]2008[:en]2008[:]\" \/>\n<meta property=\"og:url\" content=\"https:\/\/freddymorezon.org\/label\/zeraf\/\" \/>\n<meta property=\"og:site_name\" content=\"Freddy Morezon\" \/>\n<meta property=\"article:publisher\" content=\"https:\/\/www.facebook.com\/freddy.morezon\/\" \/>\n<meta property=\"article:modified_time\" content=\"2026-02-10T10:34:05+00:00\" \/>\n<meta property=\"og:image\" content=\"https:\/\/freddymorezon.org\/wp-content\/uploads\/2016\/04\/eteneshtigre_.jpg\" \/>\n\t<meta property=\"og:image:width\" content=\"323\" \/>\n\t<meta property=\"og:image:height\" content=\"323\" \/>\n\t<meta property=\"og:image:type\" content=\"image\/jpeg\" \/>\n<meta name=\"twitter:card\" content=\"summary_large_image\" \/>\n<script type=\"application\/ld+json\" class=\"yoast-schema-graph\">{\"@context\":\"https:\\\/\\\/schema.org\",\"@graph\":[{\"@type\":\"WebPage\",\"@id\":\"https:\\\/\\\/freddymorezon.org\\\/label\\\/zeraf\\\/\",\"url\":\"https:\\\/\\\/freddymorezon.org\\\/label\\\/zeraf\\\/\",\"name\":\"ZERAF ! | Freddy Morezon\",\"isPartOf\":{\"@id\":\"https:\\\/\\\/freddymorezon.org\\\/#website\"},\"primaryImageOfPage\":{\"@id\":\"https:\\\/\\\/freddymorezon.org\\\/label\\\/zeraf\\\/#primaryimage\"},\"image\":{\"@id\":\"https:\\\/\\\/freddymorezon.org\\\/label\\\/zeraf\\\/#primaryimage\"},\"thumbnailUrl\":\"https:\\\/\\\/freddymorezon.org\\\/wp-content\\\/uploads\\\/2016\\\/04\\\/eteneshtigre_.jpg\",\"datePublished\":\"2025-12-11T10:09:17+00:00\",\"dateModified\":\"2026-02-10T10:34:05+00:00\",\"breadcrumb\":{\"@id\":\"https:\\\/\\\/freddymorezon.org\\\/label\\\/zeraf\\\/#breadcrumb\"},\"inLanguage\":\"en-US\",\"potentialAction\":[{\"@type\":\"ReadAction\",\"target\":[\"https:\\\/\\\/freddymorezon.org\\\/label\\\/zeraf\\\/\"]}]},{\"@type\":\"ImageObject\",\"inLanguage\":\"en-US\",\"@id\":\"https:\\\/\\\/freddymorezon.org\\\/label\\\/zeraf\\\/#primaryimage\",\"url\":\"https:\\\/\\\/freddymorezon.org\\\/wp-content\\\/uploads\\\/2016\\\/04\\\/eteneshtigre_.jpg\",\"contentUrl\":\"https:\\\/\\\/freddymorezon.org\\\/wp-content\\\/uploads\\\/2016\\\/04\\\/eteneshtigre_.jpg\",\"width\":323,\"height\":323},{\"@type\":\"BreadcrumbList\",\"@id\":\"https:\\\/\\\/freddymorezon.org\\\/label\\\/zeraf\\\/#breadcrumb\",\"itemListElement\":[{\"@type\":\"ListItem\",\"position\":1,\"name\":\"Accueil\",\"item\":\"https:\\\/\\\/freddymorezon.org\\\/\"},{\"@type\":\"ListItem\",\"position\":2,\"name\":\"Label\",\"item\":\"https:\\\/\\\/freddymorezon.org\\\/label\\\/\"},{\"@type\":\"ListItem\",\"position\":3,\"name\":\"ZERAF !\"}]},{\"@type\":\"WebSite\",\"@id\":\"https:\\\/\\\/freddymorezon.org\\\/#website\",\"url\":\"https:\\\/\\\/freddymorezon.org\\\/\",\"name\":\"Freddy Morezon\",\"description\":\"jazz - musique improvis\u00e9e - esth\u00e9tiques plurielles\",\"publisher\":{\"@id\":\"https:\\\/\\\/freddymorezon.org\\\/#organization\"},\"potentialAction\":[{\"@type\":\"SearchAction\",\"target\":{\"@type\":\"EntryPoint\",\"urlTemplate\":\"https:\\\/\\\/freddymorezon.org\\\/?s={search_term_string}\"},\"query-input\":{\"@type\":\"PropertyValueSpecification\",\"valueRequired\":true,\"valueName\":\"search_term_string\"}}],\"inLanguage\":\"en-US\"},{\"@type\":\"Organization\",\"@id\":\"https:\\\/\\\/freddymorezon.org\\\/#organization\",\"name\":\"Association Freddy Morezon\",\"url\":\"https:\\\/\\\/freddymorezon.org\\\/\",\"logo\":{\"@type\":\"ImageObject\",\"inLanguage\":\"en-US\",\"@id\":\"https:\\\/\\\/freddymorezon.org\\\/#\\\/schema\\\/logo\\\/image\\\/\",\"url\":\"https:\\\/\\\/freddymorezon.org\\\/wp-content\\\/uploads\\\/2016\\\/02\\\/mini-logo-header-site2.jpg\",\"contentUrl\":\"https:\\\/\\\/freddymorezon.org\\\/wp-content\\\/uploads\\\/2016\\\/02\\\/mini-logo-header-site2.jpg\",\"width\":234,\"height\":174,\"caption\":\"Association Freddy Morezon\"},\"image\":{\"@id\":\"https:\\\/\\\/freddymorezon.org\\\/#\\\/schema\\\/logo\\\/image\\\/\"},\"sameAs\":[\"https:\\\/\\\/www.facebook.com\\\/freddy.morezon\\\/\",\"https:\\\/\\\/www.instagram.com\\\/freddymorezon\\\/\",\"https:\\\/\\\/www.youtube.com\\\/user\\\/freddymorezon\",\"https:\\\/\\\/fr.linkedin.com\\\/company\\\/freddy-morezon-p.r.o.d.\"]}]}<\/script>\n<!-- \/ Yoast SEO plugin. -->","yoast_head_json":{"title":"ZERAF ! | Freddy Morezon","robots":{"index":"index","follow":"follow","max-snippet":"max-snippet:-1","max-image-preview":"max-image-preview:large","max-video-preview":"max-video-preview:-1"},"canonical":"https:\/\/freddymorezon.org\/label\/zeraf\/","og_locale":"en_US","og_type":"article","og_title":"ZERAF ! | Freddy Morezon","og_description":"[:fr]2008[:en]2008[:]","og_url":"https:\/\/freddymorezon.org\/label\/zeraf\/","og_site_name":"Freddy Morezon","article_publisher":"https:\/\/www.facebook.com\/freddy.morezon\/","article_modified_time":"2026-02-10T10:34:05+00:00","og_image":[{"width":323,"height":323,"url":"https:\/\/freddymorezon.org\/wp-content\/uploads\/2016\/04\/eteneshtigre_.jpg","type":"image\/jpeg"}],"twitter_card":"summary_large_image","schema":{"@context":"https:\/\/schema.org","@graph":[{"@type":"WebPage","@id":"https:\/\/freddymorezon.org\/label\/zeraf\/","url":"https:\/\/freddymorezon.org\/label\/zeraf\/","name":"ZERAF ! | Freddy Morezon","isPartOf":{"@id":"https:\/\/freddymorezon.org\/#website"},"primaryImageOfPage":{"@id":"https:\/\/freddymorezon.org\/label\/zeraf\/#primaryimage"},"image":{"@id":"https:\/\/freddymorezon.org\/label\/zeraf\/#primaryimage"},"thumbnailUrl":"https:\/\/freddymorezon.org\/wp-content\/uploads\/2016\/04\/eteneshtigre_.jpg","datePublished":"2025-12-11T10:09:17+00:00","dateModified":"2026-02-10T10:34:05+00:00","breadcrumb":{"@id":"https:\/\/freddymorezon.org\/label\/zeraf\/#breadcrumb"},"inLanguage":"en-US","potentialAction":[{"@type":"ReadAction","target":["https:\/\/freddymorezon.org\/label\/zeraf\/"]}]},{"@type":"ImageObject","inLanguage":"en-US","@id":"https:\/\/freddymorezon.org\/label\/zeraf\/#primaryimage","url":"https:\/\/freddymorezon.org\/wp-content\/uploads\/2016\/04\/eteneshtigre_.jpg","contentUrl":"https:\/\/freddymorezon.org\/wp-content\/uploads\/2016\/04\/eteneshtigre_.jpg","width":323,"height":323},{"@type":"BreadcrumbList","@id":"https:\/\/freddymorezon.org\/label\/zeraf\/#breadcrumb","itemListElement":[{"@type":"ListItem","position":1,"name":"Accueil","item":"https:\/\/freddymorezon.org\/"},{"@type":"ListItem","position":2,"name":"Label","item":"https:\/\/freddymorezon.org\/label\/"},{"@type":"ListItem","position":3,"name":"ZERAF !"}]},{"@type":"WebSite","@id":"https:\/\/freddymorezon.org\/#website","url":"https:\/\/freddymorezon.org\/","name":"Freddy Morezon","description":"jazz - musique improvis\u00e9e - esth\u00e9tiques plurielles","publisher":{"@id":"https:\/\/freddymorezon.org\/#organization"},"potentialAction":[{"@type":"SearchAction","target":{"@type":"EntryPoint","urlTemplate":"https:\/\/freddymorezon.org\/?s={search_term_string}"},"query-input":{"@type":"PropertyValueSpecification","valueRequired":true,"valueName":"search_term_string"}}],"inLanguage":"en-US"},{"@type":"Organization","@id":"https:\/\/freddymorezon.org\/#organization","name":"Association Freddy Morezon","url":"https:\/\/freddymorezon.org\/","logo":{"@type":"ImageObject","inLanguage":"en-US","@id":"https:\/\/freddymorezon.org\/#\/schema\/logo\/image\/","url":"https:\/\/freddymorezon.org\/wp-content\/uploads\/2016\/02\/mini-logo-header-site2.jpg","contentUrl":"https:\/\/freddymorezon.org\/wp-content\/uploads\/2016\/02\/mini-logo-header-site2.jpg","width":234,"height":174,"caption":"Association Freddy Morezon"},"image":{"@id":"https:\/\/freddymorezon.org\/#\/schema\/logo\/image\/"},"sameAs":["https:\/\/www.facebook.com\/freddy.morezon\/","https:\/\/www.instagram.com\/freddymorezon\/","https:\/\/www.youtube.com\/user\/freddymorezon","https:\/\/fr.linkedin.com\/company\/freddy-morezon-p.r.o.d."]}]}},"_links":{"self":[{"href":"https:\/\/freddymorezon.org\/en\/wp-json\/wp\/v2\/pages\/24402","targetHints":{"allow":["GET"]}}],"collection":[{"href":"https:\/\/freddymorezon.org\/en\/wp-json\/wp\/v2\/pages"}],"about":[{"href":"https:\/\/freddymorezon.org\/en\/wp-json\/wp\/v2\/types\/page"}],"author":[{"embeddable":true,"href":"https:\/\/freddymorezon.org\/en\/wp-json\/wp\/v2\/users\/1"}],"replies":[{"embeddable":true,"href":"https:\/\/freddymorezon.org\/en\/wp-json\/wp\/v2\/comments?post=24402"}],"version-history":[{"count":11,"href":"https:\/\/freddymorezon.org\/en\/wp-json\/wp\/v2\/pages\/24402\/revisions"}],"predecessor-version":[{"id":25034,"href":"https:\/\/freddymorezon.org\/en\/wp-json\/wp\/v2\/pages\/24402\/revisions\/25034"}],"up":[{"embeddable":true,"href":"https:\/\/freddymorezon.org\/en\/wp-json\/wp\/v2\/pages\/140"}],"wp:featuredmedia":[{"embeddable":true,"href":"https:\/\/freddymorezon.org\/en\/wp-json\/wp\/v2\/media\/1373"}],"wp:attachment":[{"href":"https:\/\/freddymorezon.org\/en\/wp-json\/wp\/v2\/media?parent=24402"}],"wp:term":[{"taxonomy":"category","embeddable":true,"href":"https:\/\/freddymorezon.org\/en\/wp-json\/wp\/v2\/categories?post=24402"},{"taxonomy":"post_tag","embeddable":true,"href":"https:\/\/freddymorezon.org\/en\/wp-json\/wp\/v2\/tags?post=24402"}],"curies":[{"name":"wp","href":"https:\/\/api.w.org\/{rel}","templated":true}]}}