
{"id":24514,"date":"2025-09-14T18:55:04","date_gmt":"2025-09-14T16:55:04","guid":{"rendered":"https:\/\/freddymorezon.org\/?page_id=24514"},"modified":"2026-02-16T11:36:15","modified_gmt":"2026-02-16T09:36:15","slug":"28-01-2026-freddy-taquine-2-bison-phare-x-thomas-barriere-arsen-doline","status":"publish","type":"page","link":"https:\/\/freddymorezon.org\/en\/nos-evenements\/28-01-2026-freddy-taquine-2-bison-phare-x-thomas-barriere-arsen-doline\/","title":{"rendered":"28.01.2026 \/\/ FREDDY TAQUINE #2 &#8211; BISON PHARE x THOMAS BARRIERE + ARSEN DOLINE"},"content":{"rendered":"<div id=\"pl-24514\"  class=\"panel-layout\" ><div id=\"pg-24514-0\"  class=\"panel-grid panel-no-style\" ><div id=\"pgc-24514-0-0\"  class=\"panel-grid-cell\" ><div id=\"panel-24514-0-0-0\" class=\"so-panel widget widget_sow-image panel-first-child\" data-index=\"0\" ><div\n\t\t\t\n\t\t\tclass=\"so-widget-sow-image so-widget-sow-image-default-8b5b6f678277-24514\"\n\t\t\t\n\t\t>\n<div class=\"sow-image-container\">\n\t\t<img \n\tsrc=\"https:\/\/freddymorezon.org\/wp-content\/uploads\/2025\/12\/Carre-25-26-FREDDY-TAQUINE.png\" width=\"1080\" height=\"1080\" srcset=\"https:\/\/freddymorezon.org\/wp-content\/uploads\/2025\/12\/Carre-25-26-FREDDY-TAQUINE.png 1080w, https:\/\/freddymorezon.org\/wp-content\/uploads\/2025\/12\/Carre-25-26-FREDDY-TAQUINE-800x800.png 800w, https:\/\/freddymorezon.org\/wp-content\/uploads\/2025\/12\/Carre-25-26-FREDDY-TAQUINE-150x150.png 150w, https:\/\/freddymorezon.org\/wp-content\/uploads\/2025\/12\/Carre-25-26-FREDDY-TAQUINE-400x400.png 400w, https:\/\/freddymorezon.org\/wp-content\/uploads\/2025\/12\/Carre-25-26-FREDDY-TAQUINE-100x100.png 100w, https:\/\/freddymorezon.org\/wp-content\/uploads\/2025\/12\/Carre-25-26-FREDDY-TAQUINE-300x300.png 300w\" sizes=\"(max-width: 1080px) 100vw, 1080px\" title=\"Carre\u0301 &#8211; 25-26 FREDDY TAQUINE\" alt=\"\" \t\tclass=\"so-widget-image\"\/>\n\t<\/div>\n\n<\/div><\/div><div id=\"panel-24514-0-0-1\" class=\"so-panel widget widget_sow-headline\" data-index=\"1\" ><div\n\t\t\t\n\t\t\tclass=\"so-widget-sow-headline so-widget-sow-headline-default-7f8f2d03a0dd-24514\"\n\t\t\t\n\t\t><div class=\"sow-headline-container \">\n\t\t\t\t\t\t<div class=\"decoration\">\n\t\t\t\t\t\t<div class=\"decoration-inside\"><\/div>\n\t\t\t\t\t<\/div>\n\t\t\t\t\t<\/div>\n<\/div><\/div><div id=\"panel-24514-0-0-2\" class=\"so-panel widget widget_sow-editor\" data-index=\"2\" ><div\n\t\t\t\n\t\t\tclass=\"so-widget-sow-editor so-widget-sow-editor-base\"\n\t\t\t\n\t\t><h3 class=\"widget-title\">INFO SPRATIQUES<\/h3>\n<div class=\"siteorigin-widget-tinymce textwidget\">\n\t<p><strong>Freddy Taquine #2<\/strong><br \/>\nmercredi 28 janvier 2026<br \/>\nStart : 21h<\/p>\n<p>Le Taquin, 43 rue des Amidonniers, Toulouse<br \/>\nTarifs : plein 11\u20ac \/ r\u00e9duit 7\u20ac<br \/>\nbar et restauration sur place<\/p>\n<\/div>\n<\/div><\/div><div id=\"panel-24514-0-0-3\" class=\"so-panel widget widget_sow-button\" data-index=\"3\" ><div\n\t\t\t\n\t\t\tclass=\"so-widget-sow-button so-widget-sow-button-flat-a657a074bb6d-24514\"\n\t\t\t\n\t\t><div class=\"ow-button-base ow-button-align-left\"\n>\n\t\t\t<a\n\t\t\t\t\thref=\"https:\/\/billetterie.festik.net\/le-taquin\/product\/freddy-taquine-2-bison-phare-invite-thomas-barriere-et-arsen-doline\"\n\t\t\t\t\tclass=\"sowb-button ow-icon-placement-left ow-button-hover\" target=\"_blank\" rel=\"noopener noreferrer\" \t>\n\t\t<span>\n\t\t\t\n\t\t\tRESERVER\t\t<\/span>\n\t\t\t<\/a>\n\t<\/div>\n<\/div><\/div><div id=\"panel-24514-0-0-4\" class=\"so-panel widget widget_sow-headline\" data-index=\"4\" ><div\n\t\t\t\n\t\t\tclass=\"so-widget-sow-headline so-widget-sow-headline-default-7f8f2d03a0dd-24514\"\n\t\t\t\n\t\t><div class=\"sow-headline-container \">\n\t\t\t\t\t\t<div class=\"decoration\">\n\t\t\t\t\t\t<div class=\"decoration-inside\"><\/div>\n\t\t\t\t\t<\/div>\n\t\t\t\t\t<\/div>\n<\/div><\/div><div id=\"panel-24514-0-0-5\" class=\"so-panel widget widget_sow-editor\" data-index=\"5\" ><div\n\t\t\t\n\t\t\tclass=\"so-widget-sow-editor so-widget-sow-editor-base\"\n\t\t\t\n\t\t><h3 class=\"widget-title\">LIENS<\/h3>\n<div class=\"siteorigin-widget-tinymce textwidget\">\n\t<p><a href=\"https:\/\/daniel-webster-scalliet.jimdofree.com\/\">BISON PHARE<\/a><br \/>\n<a href=\"https:\/\/www.thomasbarriere.com\/\">Thomas Barri\u00e8re<\/a><\/p>\n<p><a href=\"https:\/\/www.le-taquin.fr\/\">Le Taquin<\/a><\/p>\n<p><a href=\"https:\/\/freddymorezon.org\/wp-content\/uploads\/2025\/12\/DOSSIER-DE-PRESSE-Freddy-Taquine-2.pdf\">DOSSIER DE PRESSE FREDDY TAQUINE #2<\/a><\/p>\n<\/div>\n<\/div><\/div><div id=\"panel-24514-0-0-6\" class=\"so-panel widget widget_sow-button panel-last-child\" data-index=\"6\" ><div\n\t\t\t\n\t\t\tclass=\"so-widget-sow-button so-widget-sow-button-flat-a657a074bb6d-24514\"\n\t\t\t\n\t\t><div class=\"ow-button-base ow-button-align-left\"\n>\n\t\t\t<a\n\t\t\t\t\thref=\"https:\/\/freddymorezon.org\/nos-evenements\/\"\n\t\t\t\t\tclass=\"sowb-button ow-icon-placement-left ow-button-hover\" \t>\n\t\t<span>\n\t\t\t\n\t\t\tPage \u00c9venements\t\t<\/span>\n\t\t\t<\/a>\n\t<\/div>\n<\/div><\/div><\/div><div id=\"pgc-24514-0-1\"  class=\"panel-grid-cell\" ><div id=\"panel-24514-0-1-0\" class=\"so-panel widget widget_sow-headline panel-first-child\" data-index=\"7\" ><div\n\t\t\t\n\t\t\tclass=\"so-widget-sow-headline so-widget-sow-headline-default-d42322c5b14c-24514\"\n\t\t\t\n\t\t><div class=\"sow-headline-container \">\n\t\t\t\t\t\t\t<h2 class=\"sow-headline\">\n\t\t\t\t\t\tFREDDY TAQUINE #2 - BISON PHARE x THOMAS BARRIERE + ARSEN DOLINE\t\t\t\t\t\t<\/h2>\n\t\t\t\t\t\t\t\t\t\t\t<div class=\"decoration\">\n\t\t\t\t\t\t<div class=\"decoration-inside\"><\/div>\n\t\t\t\t\t<\/div>\n\t\t\t\t\t<\/div>\n<\/div><\/div><div id=\"panel-24514-0-1-1\" class=\"so-panel widget widget_sow-editor\" data-index=\"8\" ><div\n\t\t\t\n\t\t\tclass=\"so-widget-sow-editor so-widget-sow-editor-base\"\n\t\t\t\n\t\t><h3 class=\"widget-title\">BISON PHARE invite THOMAS BARRIERE<\/h3>\n<div class=\"siteorigin-widget-tinymce textwidget\">\n\t<p>Entre chansons fantomatiques et po\u00e9sie passag\u00e8re, Bison Phare est un animal \u00e0 sang bleu incarn\u00e9 par Daniel Scalliet. Cet artiste Freddy Morezon est venu au spectacle par la porte du chansonnier et affectionne le chant anglo-saxon et la po\u00e9sie fran\u00e7aise.<\/p>\n<p>Il explore un territoire plut\u00f4t rock, folk hybride dans son origine, et r\u00e9solument blues dans sa structure musicale. On le retrouve dans divers projets (Mocking Dead Bird, Facteur Sauvage, 26 000 couverts).<br \/>\nIl invite pour l\u2019occasion Thomas Barri\u00e8re, guitariste port\u00e9 par les musiques de traverse, comme nous les aimons chez Freddy Morezon.<\/p>\n<p>Pouvant passer du pur exp\u00e9rimental \u00e0 une pop \u00e9th\u00e9r\u00e9e, il m\u00eale mati\u00e8re sonore et m\u00e9lodies, improvisation et composition, croisant bien souvent les fers avec le spectacle vivant (Cirque Trottola, Cie Ex Nihilo, le Petit Th\u00e9\u00e2tre Baraque\u2026) et le cin\u00e9ma.<\/p>\n<div class=\"x14z9mp xat24cr x1lziwak x1vvkbs xtlvy1s\">Ensemble, ils proposent une veill\u00e9e po\u00e9tique et sonore, m\u00ealant chansons, mati\u00e8res exp\u00e9rimentales et m\u00e9lodies primaires, puisant dans leurs r\u00e9pertoires respectifs et un univers improvis\u00e9.<\/div>\n<div><\/div>\n<div class=\"x14z9mp xat24cr x1lziwak x1vvkbs xtlvy1s\"><strong>Line up<\/strong><br class=\"html-br\" \/>Daniel Scalliet : voix, guitare t\u00e9nor, mandoloncelle<br class=\"html-br\" \/>Thomas Bari\u00e8re : guitare double manche<\/div>\n<\/div>\n<\/div><\/div><div id=\"panel-24514-0-1-2\" class=\"so-panel widget widget_sow-editor\" data-index=\"9\" ><div\n\t\t\t\n\t\t\tclass=\"so-widget-sow-editor so-widget-sow-editor-base\"\n\t\t\t\n\t\t>\n<div class=\"siteorigin-widget-tinymce textwidget\">\n\t<p><iframe loading=\"lazy\" title=\"Alkebulan\" width=\"790\" height=\"444\" src=\"https:\/\/www.youtube.com\/embed\/lgNhRZjwrSU?feature=oembed\" frameborder=\"0\" allow=\"accelerometer; autoplay; clipboard-write; encrypted-media; gyroscope; picture-in-picture; web-share\" referrerpolicy=\"strict-origin-when-cross-origin\" allowfullscreen><\/iframe><\/p>\n<\/div>\n<\/div><\/div><div id=\"panel-24514-0-1-3\" class=\"so-panel widget widget_sow-editor\" data-index=\"10\" ><div\n\t\t\t\n\t\t\tclass=\"so-widget-sow-editor so-widget-sow-editor-base\"\n\t\t\t\n\t\t><h3 class=\"widget-title\">ARSEN DOLINE<\/h3>\n<div class=\"siteorigin-widget-tinymce textwidget\">\n\t<div class=\"x14z9mp xat24cr x1lziwak x1vvkbs xtlvy1s\">Arsen Doline frappe, mart\u00e8le et frotte. Pas d\u2019artifices, pas d\u2019arrangements, l\u2019acte est le r\u00e9sultat. R\u00e9p\u00e9ter et r\u00e9p\u00e9ter pour entendre les nuances de la peau, du souffle, du timbre, variations sur une temporalit\u00e9 de l\u2019effort. R\u00e9p\u00e9ter encore pour que la danse s\u2019impr\u00e8gne. Faire de la r\u00e9p\u00e9tition une exp\u00e9rience physique. R\u00e9p\u00e9ter encore, encore, et alors sentir le temps comme un ph\u00e9nom\u00e8ne vivant.<\/div>\n<div class=\"x14z9mp xat24cr x1lziwak x1vvkbs xtlvy1s\">David Eyguesier est un guitariste \u00e9tabli dans le Tarn-et-Garonne. Il compose avec le trio Ars\u00e8ne Doline une musique minimaliste, vivace et dansante, d\u2019improvisation r\u00e9p\u00e9titive qui bondit dans les br\u00e8ches du rythme. Il emm\u00e8ne la guitare dans des territoires contrast\u00e9s \u00e0 la crois\u00e9e des genres et des gestes.<\/div>\n<div><\/div>\n<div class=\"x14z9mp xat24cr x1lziwak x1vvkbs xtlvy1s\"><strong>Line Up<\/strong><br class=\"html-br\" \/>Florent Manneveau saxophone<br class=\"html-br\" \/>Etienne Ziemniak batterie<br class=\"html-br\" \/>David Eyguesier guitare<\/div>\n<\/div>\n<\/div><\/div><div id=\"panel-24514-0-1-4\" class=\"so-panel widget widget_sow-editor panel-last-child\" data-index=\"11\" ><div\n\t\t\t\n\t\t\tclass=\"so-widget-sow-editor so-widget-sow-editor-base\"\n\t\t\t\n\t\t>\n<div class=\"siteorigin-widget-tinymce textwidget\">\n\t<p><iframe loading=\"lazy\" title=\"Arsen Doline \u00e0 la Lune Rouge A2\" width=\"790\" height=\"444\" src=\"https:\/\/www.youtube.com\/embed\/2oSD7rjgmPk?feature=oembed\" frameborder=\"0\" allow=\"accelerometer; autoplay; clipboard-write; encrypted-media; gyroscope; picture-in-picture; web-share\" referrerpolicy=\"strict-origin-when-cross-origin\" allowfullscreen><\/iframe><\/p>\n<\/div>\n<\/div><\/div><\/div><\/div><\/div>","protected":false},"excerpt":{"rendered":"<p>Freddy Taquine #2 mercredi 28 janvier 2026 Start : 21h Le Taquin, 43 rue des Amidonniers, Toulouse Tarifs : plein 11\u20ac \/ r\u00e9duit 7\u20ac bar et restauration sur place BISON PHARE Thomas Barri\u00e8re Le Taquin DOSSIER DE PRESSE FREDDY TAQUINE #2 Entre chansons fantomatiques et po\u00e9sie passag\u00e8re, Bison Phare est un animal \u00e0 sang bleu&hellip;<\/p>\n<p><a class=\"more-link\" href=\"https:\/\/freddymorezon.org\/en\/nos-evenements\/28-01-2026-freddy-taquine-2-bison-phare-x-thomas-barriere-arsen-doline\/\" title=\"Continue reading &lsquo;28.01.2026 \/\/ FREDDY TAQUINE #2 &#8211; BISON PHARE x THOMAS BARRIERE + ARSEN DOLINE&rsquo;\">Continue reading <span class=\"meta-nav\">&rarr;<\/span><\/a><\/p>\n","protected":false},"author":1,"featured_media":24518,"parent":10655,"menu_order":0,"comment_status":"closed","ping_status":"closed","template":"page-templates\/full-width.php","meta":{"om_disable_all_campaigns":false,"_monsterinsights_skip_tracking":false,"_monsterinsights_sitenote_active":false,"_monsterinsights_sitenote_note":"","_monsterinsights_sitenote_category":0,"_uf_show_specific_survey":0,"_uf_disable_surveys":false,"footnotes":""},"categories":[1401],"tags":[],"class_list":["post-24514","page","type-page","status-publish","has-post-thumbnail","hentry","category-nos-evenements-passes"],"aioseo_notices":[],"yoast_head":"<!-- This site is optimized with the Yoast SEO plugin v27.3 - https:\/\/yoast.com\/product\/yoast-seo-wordpress\/ -->\n<title>28.01.2026 \/\/ FREDDY TAQUINE #2 - BISON PHARE x THOMAS BARRIERE + ARSEN DOLINE | Freddy Morezon<\/title>\n<meta name=\"robots\" content=\"index, follow, max-snippet:-1, max-image-preview:large, max-video-preview:-1\" \/>\n<link rel=\"canonical\" href=\"https:\/\/freddymorezon.org\/nos-evenements\/28-01-2026-freddy-taquine-2-bison-phare-x-thomas-barriere-arsen-doline\/\" \/>\n<meta property=\"og:locale\" content=\"en_US\" \/>\n<meta property=\"og:type\" content=\"article\" \/>\n<meta property=\"og:title\" content=\"28.01.2026 \/\/ FREDDY TAQUINE #2 - BISON PHARE x THOMAS BARRIERE + ARSEN DOLINE | Freddy Morezon\" \/>\n<meta property=\"og:description\" content=\"Freddy Taquine #2 mercredi 28 janvier 2026 Start : 21h Le Taquin, 43 rue des Amidonniers, Toulouse Tarifs : plein 11\u20ac \/ r\u00e9duit 7\u20ac bar et restauration sur place BISON PHARE Thomas Barri\u00e8re Le Taquin DOSSIER DE PRESSE FREDDY TAQUINE #2 Entre chansons fantomatiques et po\u00e9sie passag\u00e8re, Bison Phare est un animal \u00e0 sang bleu&hellip;Continue reading &rarr;\" \/>\n<meta property=\"og:url\" content=\"https:\/\/freddymorezon.org\/nos-evenements\/28-01-2026-freddy-taquine-2-bison-phare-x-thomas-barriere-arsen-doline\/\" \/>\n<meta property=\"og:site_name\" content=\"Freddy Morezon\" \/>\n<meta property=\"article:publisher\" content=\"https:\/\/www.facebook.com\/freddy.morezon\/\" \/>\n<meta property=\"article:modified_time\" content=\"2026-02-16T09:36:15+00:00\" \/>\n<meta property=\"og:image\" content=\"https:\/\/freddymorezon.org\/wp-content\/uploads\/2025\/12\/Carre-25-26-FREDDY-TAQUINE.png\" \/>\n\t<meta property=\"og:image:width\" content=\"1080\" \/>\n\t<meta property=\"og:image:height\" content=\"1080\" \/>\n\t<meta property=\"og:image:type\" content=\"image\/png\" \/>\n<meta name=\"twitter:card\" content=\"summary_large_image\" \/>\n<script type=\"application\/ld+json\" class=\"yoast-schema-graph\">{\"@context\":\"https:\\\/\\\/schema.org\",\"@graph\":[{\"@type\":\"WebPage\",\"@id\":\"https:\\\/\\\/freddymorezon.org\\\/nos-evenements\\\/28-01-2026-freddy-taquine-2-bison-phare-x-thomas-barriere-arsen-doline\\\/\",\"url\":\"https:\\\/\\\/freddymorezon.org\\\/nos-evenements\\\/28-01-2026-freddy-taquine-2-bison-phare-x-thomas-barriere-arsen-doline\\\/\",\"name\":\"28.01.2026 \\\/\\\/ FREDDY TAQUINE #2 - BISON PHARE x THOMAS BARRIERE + ARSEN DOLINE | Freddy Morezon\",\"isPartOf\":{\"@id\":\"https:\\\/\\\/freddymorezon.org\\\/#website\"},\"primaryImageOfPage\":{\"@id\":\"https:\\\/\\\/freddymorezon.org\\\/nos-evenements\\\/28-01-2026-freddy-taquine-2-bison-phare-x-thomas-barriere-arsen-doline\\\/#primaryimage\"},\"image\":{\"@id\":\"https:\\\/\\\/freddymorezon.org\\\/nos-evenements\\\/28-01-2026-freddy-taquine-2-bison-phare-x-thomas-barriere-arsen-doline\\\/#primaryimage\"},\"thumbnailUrl\":\"https:\\\/\\\/freddymorezon.org\\\/wp-content\\\/uploads\\\/2025\\\/12\\\/Carre-25-26-FREDDY-TAQUINE.png\",\"datePublished\":\"2025-09-14T16:55:04+00:00\",\"dateModified\":\"2026-02-16T09:36:15+00:00\",\"breadcrumb\":{\"@id\":\"https:\\\/\\\/freddymorezon.org\\\/nos-evenements\\\/28-01-2026-freddy-taquine-2-bison-phare-x-thomas-barriere-arsen-doline\\\/#breadcrumb\"},\"inLanguage\":\"en-US\",\"potentialAction\":[{\"@type\":\"ReadAction\",\"target\":[\"https:\\\/\\\/freddymorezon.org\\\/nos-evenements\\\/28-01-2026-freddy-taquine-2-bison-phare-x-thomas-barriere-arsen-doline\\\/\"]}]},{\"@type\":\"ImageObject\",\"inLanguage\":\"en-US\",\"@id\":\"https:\\\/\\\/freddymorezon.org\\\/nos-evenements\\\/28-01-2026-freddy-taquine-2-bison-phare-x-thomas-barriere-arsen-doline\\\/#primaryimage\",\"url\":\"https:\\\/\\\/freddymorezon.org\\\/wp-content\\\/uploads\\\/2025\\\/12\\\/Carre-25-26-FREDDY-TAQUINE.png\",\"contentUrl\":\"https:\\\/\\\/freddymorezon.org\\\/wp-content\\\/uploads\\\/2025\\\/12\\\/Carre-25-26-FREDDY-TAQUINE.png\",\"width\":1080,\"height\":1080},{\"@type\":\"BreadcrumbList\",\"@id\":\"https:\\\/\\\/freddymorezon.org\\\/nos-evenements\\\/28-01-2026-freddy-taquine-2-bison-phare-x-thomas-barriere-arsen-doline\\\/#breadcrumb\",\"itemListElement\":[{\"@type\":\"ListItem\",\"position\":1,\"name\":\"Accueil\",\"item\":\"https:\\\/\\\/freddymorezon.org\\\/\"},{\"@type\":\"ListItem\",\"position\":2,\"name\":\"Nos \u00e9v\u00e9nements\",\"item\":\"https:\\\/\\\/freddymorezon.org\\\/nos-evenements\\\/\"},{\"@type\":\"ListItem\",\"position\":3,\"name\":\"28.01.2026 \\\/\\\/ FREDDY TAQUINE #2 &#8211; BISON PHARE x THOMAS BARRIERE + ARSEN DOLINE\"}]},{\"@type\":\"WebSite\",\"@id\":\"https:\\\/\\\/freddymorezon.org\\\/#website\",\"url\":\"https:\\\/\\\/freddymorezon.org\\\/\",\"name\":\"Freddy Morezon\",\"description\":\"jazz - musique improvis\u00e9e - esth\u00e9tiques plurielles\",\"publisher\":{\"@id\":\"https:\\\/\\\/freddymorezon.org\\\/#organization\"},\"potentialAction\":[{\"@type\":\"SearchAction\",\"target\":{\"@type\":\"EntryPoint\",\"urlTemplate\":\"https:\\\/\\\/freddymorezon.org\\\/?s={search_term_string}\"},\"query-input\":{\"@type\":\"PropertyValueSpecification\",\"valueRequired\":true,\"valueName\":\"search_term_string\"}}],\"inLanguage\":\"en-US\"},{\"@type\":\"Organization\",\"@id\":\"https:\\\/\\\/freddymorezon.org\\\/#organization\",\"name\":\"Association Freddy Morezon\",\"url\":\"https:\\\/\\\/freddymorezon.org\\\/\",\"logo\":{\"@type\":\"ImageObject\",\"inLanguage\":\"en-US\",\"@id\":\"https:\\\/\\\/freddymorezon.org\\\/#\\\/schema\\\/logo\\\/image\\\/\",\"url\":\"https:\\\/\\\/freddymorezon.org\\\/wp-content\\\/uploads\\\/2016\\\/02\\\/mini-logo-header-site2.jpg\",\"contentUrl\":\"https:\\\/\\\/freddymorezon.org\\\/wp-content\\\/uploads\\\/2016\\\/02\\\/mini-logo-header-site2.jpg\",\"width\":234,\"height\":174,\"caption\":\"Association Freddy Morezon\"},\"image\":{\"@id\":\"https:\\\/\\\/freddymorezon.org\\\/#\\\/schema\\\/logo\\\/image\\\/\"},\"sameAs\":[\"https:\\\/\\\/www.facebook.com\\\/freddy.morezon\\\/\",\"https:\\\/\\\/www.instagram.com\\\/freddymorezon\\\/\",\"https:\\\/\\\/www.youtube.com\\\/user\\\/freddymorezon\",\"https:\\\/\\\/fr.linkedin.com\\\/company\\\/freddy-morezon-p.r.o.d.\"]}]}<\/script>\n<!-- \/ Yoast SEO plugin. -->","yoast_head_json":{"title":"28.01.2026 \/\/ FREDDY TAQUINE #2 - BISON PHARE x THOMAS BARRIERE + ARSEN DOLINE | Freddy Morezon","robots":{"index":"index","follow":"follow","max-snippet":"max-snippet:-1","max-image-preview":"max-image-preview:large","max-video-preview":"max-video-preview:-1"},"canonical":"https:\/\/freddymorezon.org\/nos-evenements\/28-01-2026-freddy-taquine-2-bison-phare-x-thomas-barriere-arsen-doline\/","og_locale":"en_US","og_type":"article","og_title":"28.01.2026 \/\/ FREDDY TAQUINE #2 - BISON PHARE x THOMAS BARRIERE + ARSEN DOLINE | Freddy Morezon","og_description":"Freddy Taquine #2 mercredi 28 janvier 2026 Start : 21h Le Taquin, 43 rue des Amidonniers, Toulouse Tarifs : plein 11\u20ac \/ r\u00e9duit 7\u20ac bar et restauration sur place BISON PHARE Thomas Barri\u00e8re Le Taquin DOSSIER DE PRESSE FREDDY TAQUINE #2 Entre chansons fantomatiques et po\u00e9sie passag\u00e8re, Bison Phare est un animal \u00e0 sang bleu&hellip;Continue reading &rarr;","og_url":"https:\/\/freddymorezon.org\/nos-evenements\/28-01-2026-freddy-taquine-2-bison-phare-x-thomas-barriere-arsen-doline\/","og_site_name":"Freddy Morezon","article_publisher":"https:\/\/www.facebook.com\/freddy.morezon\/","article_modified_time":"2026-02-16T09:36:15+00:00","og_image":[{"width":1080,"height":1080,"url":"https:\/\/freddymorezon.org\/wp-content\/uploads\/2025\/12\/Carre-25-26-FREDDY-TAQUINE.png","type":"image\/png"}],"twitter_card":"summary_large_image","schema":{"@context":"https:\/\/schema.org","@graph":[{"@type":"WebPage","@id":"https:\/\/freddymorezon.org\/nos-evenements\/28-01-2026-freddy-taquine-2-bison-phare-x-thomas-barriere-arsen-doline\/","url":"https:\/\/freddymorezon.org\/nos-evenements\/28-01-2026-freddy-taquine-2-bison-phare-x-thomas-barriere-arsen-doline\/","name":"28.01.2026 \/\/ FREDDY TAQUINE #2 - BISON PHARE x THOMAS BARRIERE + ARSEN DOLINE | Freddy Morezon","isPartOf":{"@id":"https:\/\/freddymorezon.org\/#website"},"primaryImageOfPage":{"@id":"https:\/\/freddymorezon.org\/nos-evenements\/28-01-2026-freddy-taquine-2-bison-phare-x-thomas-barriere-arsen-doline\/#primaryimage"},"image":{"@id":"https:\/\/freddymorezon.org\/nos-evenements\/28-01-2026-freddy-taquine-2-bison-phare-x-thomas-barriere-arsen-doline\/#primaryimage"},"thumbnailUrl":"https:\/\/freddymorezon.org\/wp-content\/uploads\/2025\/12\/Carre-25-26-FREDDY-TAQUINE.png","datePublished":"2025-09-14T16:55:04+00:00","dateModified":"2026-02-16T09:36:15+00:00","breadcrumb":{"@id":"https:\/\/freddymorezon.org\/nos-evenements\/28-01-2026-freddy-taquine-2-bison-phare-x-thomas-barriere-arsen-doline\/#breadcrumb"},"inLanguage":"en-US","potentialAction":[{"@type":"ReadAction","target":["https:\/\/freddymorezon.org\/nos-evenements\/28-01-2026-freddy-taquine-2-bison-phare-x-thomas-barriere-arsen-doline\/"]}]},{"@type":"ImageObject","inLanguage":"en-US","@id":"https:\/\/freddymorezon.org\/nos-evenements\/28-01-2026-freddy-taquine-2-bison-phare-x-thomas-barriere-arsen-doline\/#primaryimage","url":"https:\/\/freddymorezon.org\/wp-content\/uploads\/2025\/12\/Carre-25-26-FREDDY-TAQUINE.png","contentUrl":"https:\/\/freddymorezon.org\/wp-content\/uploads\/2025\/12\/Carre-25-26-FREDDY-TAQUINE.png","width":1080,"height":1080},{"@type":"BreadcrumbList","@id":"https:\/\/freddymorezon.org\/nos-evenements\/28-01-2026-freddy-taquine-2-bison-phare-x-thomas-barriere-arsen-doline\/#breadcrumb","itemListElement":[{"@type":"ListItem","position":1,"name":"Accueil","item":"https:\/\/freddymorezon.org\/"},{"@type":"ListItem","position":2,"name":"Nos \u00e9v\u00e9nements","item":"https:\/\/freddymorezon.org\/nos-evenements\/"},{"@type":"ListItem","position":3,"name":"28.01.2026 \/\/ FREDDY TAQUINE #2 &#8211; BISON PHARE x THOMAS BARRIERE + ARSEN DOLINE"}]},{"@type":"WebSite","@id":"https:\/\/freddymorezon.org\/#website","url":"https:\/\/freddymorezon.org\/","name":"Freddy Morezon","description":"jazz - musique improvis\u00e9e - esth\u00e9tiques plurielles","publisher":{"@id":"https:\/\/freddymorezon.org\/#organization"},"potentialAction":[{"@type":"SearchAction","target":{"@type":"EntryPoint","urlTemplate":"https:\/\/freddymorezon.org\/?s={search_term_string}"},"query-input":{"@type":"PropertyValueSpecification","valueRequired":true,"valueName":"search_term_string"}}],"inLanguage":"en-US"},{"@type":"Organization","@id":"https:\/\/freddymorezon.org\/#organization","name":"Association Freddy Morezon","url":"https:\/\/freddymorezon.org\/","logo":{"@type":"ImageObject","inLanguage":"en-US","@id":"https:\/\/freddymorezon.org\/#\/schema\/logo\/image\/","url":"https:\/\/freddymorezon.org\/wp-content\/uploads\/2016\/02\/mini-logo-header-site2.jpg","contentUrl":"https:\/\/freddymorezon.org\/wp-content\/uploads\/2016\/02\/mini-logo-header-site2.jpg","width":234,"height":174,"caption":"Association Freddy Morezon"},"image":{"@id":"https:\/\/freddymorezon.org\/#\/schema\/logo\/image\/"},"sameAs":["https:\/\/www.facebook.com\/freddy.morezon\/","https:\/\/www.instagram.com\/freddymorezon\/","https:\/\/www.youtube.com\/user\/freddymorezon","https:\/\/fr.linkedin.com\/company\/freddy-morezon-p.r.o.d."]}]}},"_links":{"self":[{"href":"https:\/\/freddymorezon.org\/en\/wp-json\/wp\/v2\/pages\/24514","targetHints":{"allow":["GET"]}}],"collection":[{"href":"https:\/\/freddymorezon.org\/en\/wp-json\/wp\/v2\/pages"}],"about":[{"href":"https:\/\/freddymorezon.org\/en\/wp-json\/wp\/v2\/types\/page"}],"author":[{"embeddable":true,"href":"https:\/\/freddymorezon.org\/en\/wp-json\/wp\/v2\/users\/1"}],"replies":[{"embeddable":true,"href":"https:\/\/freddymorezon.org\/en\/wp-json\/wp\/v2\/comments?post=24514"}],"version-history":[{"count":6,"href":"https:\/\/freddymorezon.org\/en\/wp-json\/wp\/v2\/pages\/24514\/revisions"}],"predecessor-version":[{"id":24730,"href":"https:\/\/freddymorezon.org\/en\/wp-json\/wp\/v2\/pages\/24514\/revisions\/24730"}],"up":[{"embeddable":true,"href":"https:\/\/freddymorezon.org\/en\/wp-json\/wp\/v2\/pages\/10655"}],"wp:featuredmedia":[{"embeddable":true,"href":"https:\/\/freddymorezon.org\/en\/wp-json\/wp\/v2\/media\/24518"}],"wp:attachment":[{"href":"https:\/\/freddymorezon.org\/en\/wp-json\/wp\/v2\/media?parent=24514"}],"wp:term":[{"taxonomy":"category","embeddable":true,"href":"https:\/\/freddymorezon.org\/en\/wp-json\/wp\/v2\/categories?post=24514"},{"taxonomy":"post_tag","embeddable":true,"href":"https:\/\/freddymorezon.org\/en\/wp-json\/wp\/v2\/tags?post=24514"}],"curies":[{"name":"wp","href":"https:\/\/api.w.org\/{rel}","templated":true}]}}