
{"id":24702,"date":"2025-12-13T18:06:48","date_gmt":"2025-12-13T16:06:48","guid":{"rendered":"https:\/\/freddymorezon.org\/?page_id=24702"},"modified":"2026-01-23T18:16:17","modified_gmt":"2026-01-23T16:16:17","slug":"21-01-26-etenesh-wassie-bis-2026","status":"publish","type":"page","link":"https:\/\/freddymorezon.org\/en\/nos-evenements\/21-01-26-etenesh-wassie-bis-2026\/","title":{"rendered":"21.01.26 \/\/ SHOWCASES &#8211; BIS 2026"},"content":{"rendered":"<div id=\"pl-24702\"  class=\"panel-layout\" ><div id=\"pg-24702-0\"  class=\"panel-grid panel-no-style\" ><div id=\"pgc-24702-0-0\"  class=\"panel-grid-cell\" ><div id=\"panel-24702-0-0-0\" class=\"so-panel widget widget_sow-image panel-first-child\" data-index=\"0\" ><div\n\t\t\t\n\t\t\tclass=\"so-widget-sow-image so-widget-sow-image-default-8b5b6f678277-24702\"\n\t\t\t\n\t\t>\n<div class=\"sow-image-container\">\n\t\t<img \n\tsrc=\"https:\/\/freddymorezon.org\/wp-content\/uploads\/2026\/01\/valide.png\" width=\"1414\" height=\"2000\" srcset=\"https:\/\/freddymorezon.org\/wp-content\/uploads\/2026\/01\/valide.png 1414w, https:\/\/freddymorezon.org\/wp-content\/uploads\/2026\/01\/valide-566x800.png 566w, https:\/\/freddymorezon.org\/wp-content\/uploads\/2026\/01\/valide-1086x1536.png 1086w, https:\/\/freddymorezon.org\/wp-content\/uploads\/2026\/01\/valide-400x566.png 400w\" sizes=\"(max-width: 1414px) 100vw, 1414px\" title=\"valide\u0301\" alt=\"\" \t\tclass=\"so-widget-image\"\/>\n\t<\/div>\n\n<\/div><\/div><div id=\"panel-24702-0-0-1\" class=\"so-panel widget widget_sow-headline\" data-index=\"1\" ><div\n\t\t\t\n\t\t\tclass=\"so-widget-sow-headline so-widget-sow-headline-default-7f8f2d03a0dd-24702\"\n\t\t\t\n\t\t><div class=\"sow-headline-container \">\n\t\t\t\t\t\t<div class=\"decoration\">\n\t\t\t\t\t\t<div class=\"decoration-inside\"><\/div>\n\t\t\t\t\t<\/div>\n\t\t\t\t\t<\/div>\n<\/div><\/div><div id=\"panel-24702-0-0-2\" class=\"so-panel widget widget_sow-editor\" data-index=\"2\" ><div\n\t\t\t\n\t\t\tclass=\"so-widget-sow-editor so-widget-sow-editor-base\"\n\t\t\t\n\t\t><h3 class=\"widget-title\">INFOS PRATIQUES<\/h3>\n<div class=\"siteorigin-widget-tinymce textwidget\">\n\t<p><span class=\"x193iq5w xeuugli x13faqbe x1vvkbs xlh3980 xvmahel x1n0sxbx x1lliihq x1s928wv xhkezso x1gmr53x x1cpjm7i x1fgarty x1943h6x xudqn12 x3x7a5m x6prxxf xvq8zen xo1l8bm xzsf02u\" dir=\"auto\">\u25c9\u25c9\u25c9 5 COLLECTIFS, 1 SOUFFLE ! \u25c9\u25c9\u25c9<br class=\"html-br\" \/>\u2605 5 concerts gratuits \u2605<\/span><br \/>\nmercredi 21 janvier 2026<br \/>\nStart : 18h<\/p>\n<p>POL-N, 11 rue des olivettes, Nantes<br \/>\nGratuit<br \/>\nbar et restauration sur place<\/p>\n<\/div>\n<\/div><\/div><div id=\"panel-24702-0-0-3\" class=\"so-panel widget widget_sow-headline\" data-index=\"3\" ><div\n\t\t\t\n\t\t\tclass=\"so-widget-sow-headline so-widget-sow-headline-default-7f8f2d03a0dd-24702\"\n\t\t\t\n\t\t><div class=\"sow-headline-container \">\n\t\t\t\t\t\t<div class=\"decoration\">\n\t\t\t\t\t\t<div class=\"decoration-inside\"><\/div>\n\t\t\t\t\t<\/div>\n\t\t\t\t\t<\/div>\n<\/div><\/div><div id=\"panel-24702-0-0-4\" class=\"so-panel widget widget_sow-editor panel-last-child\" data-index=\"4\" ><div\n\t\t\t\n\t\t\tclass=\"so-widget-sow-editor so-widget-sow-editor-base\"\n\t\t\t\n\t\t><h3 class=\"widget-title\">LIENS<\/h3>\n<div class=\"siteorigin-widget-tinymce textwidget\">\n\t<p><a href=\"https:\/\/www.capsulcollectif.com\/fr\/groupes\/ymir\">Ymir<\/a><br \/>\n<a href=\"https:\/\/www.capsulcollectif.com\/fr\">Colunia Music<\/a><\/p>\n<p><a href=\"https:\/\/emiliechevi.wixsite.com\/duo-peggy\">Duo Peggy Buard & Emilie Chevillard<\/a><br \/>\n<a href=\"https:\/\/colunia.wixsite.com\/music\">Colunia Music<\/a><\/p>\n<p><a href=\"https:\/\/freddymorezon.org\/catalogue\/mathieu-sourisseau-etenesh-wassie-trio\/\">Etenesh Wassi\u00e9<\/a><br \/>\n<a href=\"https:\/\/freddymorezon.org\/\">Freddy Morezon<\/a><\/p>\n<p><a href=\"https:\/\/yannjoussein.wixsite.com\/yannjoussein\">Yann Joussen - Keep the bastards honest<\/a><br \/>\n<a href=\"https:\/\/www.collectifcoax.com\/\">Collectif Coax<\/a><\/p>\n<p><a href=\"https:\/\/lesproductionsdumouflon.com\/no-tongues-les-voies-du-monde\/\">No Tongues<\/a><br \/>\n<a href=\"https:\/\/lesproductionsdumouflon.com\/\">Les mouflons<\/a><\/p>\n<\/div>\n<\/div><\/div><\/div><div id=\"pgc-24702-0-1\"  class=\"panel-grid-cell\" ><div id=\"panel-24702-0-1-0\" class=\"so-panel widget widget_sow-headline panel-first-child\" data-index=\"5\" ><div\n\t\t\t\n\t\t\tclass=\"so-widget-sow-headline so-widget-sow-headline-default-44f6e7c37f02-24702\"\n\t\t\t\n\t\t><div class=\"sow-headline-container \">\n\t\t\t\t\t\t\t<h2 class=\"sow-headline\">\n\t\t\t\t\t\tSHOWCASES - BIS 2026\t\t\t\t\t\t<\/h2>\n\t\t\t\t\t\t\t\t\t\t\t<div class=\"decoration\">\n\t\t\t\t\t\t<div class=\"decoration-inside\"><\/div>\n\t\t\t\t\t<\/div>\n\t\t\t\t\t<\/div>\n<\/div><\/div><div id=\"panel-24702-0-1-1\" class=\"so-panel widget widget_sow-editor\" data-index=\"6\" ><div\n\t\t\t\n\t\t\tclass=\"so-widget-sow-editor so-widget-sow-editor-base\"\n\t\t\t\n\t\t>\n<div class=\"siteorigin-widget-tinymce textwidget\">\n\t<h3 class=\"x14z9mp xat24cr x1lziwak x1vvkbs xtlvy1s\">\u25ba 18:30 - YMIR - jazz suspendu <span class=\"html-span xexx8yu xyri2b x18d9i69 x1c1uobl x1hl2dhg x16tdsg8 x1vvkbs x3nfvp2 x1j61x8r x1fcty0u xdj266r xat24cr xm2jcoa x1mpyi22 xxymvpz\">\u25c0\ufe0e<\/span><\/h3>\n<div><\/div>\n<div class=\"x14z9mp xat24cr x1lziwak x1vvkbs xtlvy1s\">Ymir propose la travers\u00e9e d\u2019un espace vaste, satur\u00e9 de mouvements infiniment petits, teint\u00e9 de min\u00e9ral, de minimal, de malice, de po\u00e9sie. Une musique qui s'\u00e9coute de pr\u00e8s.<\/div>\n<div><\/div>\n<div><span class=\"a_GcMg font-feature-liga-off font-feature-clig-off font-feature-calt-off text-decoration-none text-strikethrough-none\">ALINE BISSEY : FL\u00dbTES TRAVERSI\u00c8RES | GUILLAUME HADDAD : VIOLONCELLE | ALEXIS PERSIGAN : TROMBONE | ADRIEN DESSE : BATTERIE<\/span><\/div>\n<\/div>\n<\/div><\/div><div id=\"panel-24702-0-1-2\" class=\"so-panel widget widget_sow-editor\" data-index=\"7\" ><div\n\t\t\t\n\t\t\tclass=\"so-widget-sow-editor so-widget-sow-editor-base\"\n\t\t\t\n\t\t>\n<div class=\"siteorigin-widget-tinymce textwidget\">\n\t<p><iframe loading=\"lazy\" title=\"YMIR \/\/coy coy\\\" width=\"790\" height=\"444\" src=\"https:\/\/www.youtube.com\/embed\/_3FxG2MlEQc?feature=oembed\" frameborder=\"0\" allow=\"accelerometer; autoplay; clipboard-write; encrypted-media; gyroscope; picture-in-picture; web-share\" referrerpolicy=\"strict-origin-when-cross-origin\" allowfullscreen><\/iframe><\/p>\n<\/div>\n<\/div><\/div><div id=\"panel-24702-0-1-3\" class=\"so-panel widget widget_sow-editor\" data-index=\"8\" ><div\n\t\t\t\n\t\t\tclass=\"so-widget-sow-editor so-widget-sow-editor-base\"\n\t\t\t\n\t\t>\n<div class=\"siteorigin-widget-tinymce textwidget\">\n\t<h3 class=\"x14z9mp xat24cr x1lziwak x1vvkbs xtlvy1s\">\u25ba 19:15 - DUO PEGGY BUARD &amp; EMILIE CHEVILLARD - jazz intime <span class=\"html-span xexx8yu xyri2b x18d9i69 x1c1uobl x1hl2dhg x16tdsg8 x1vvkbs x3nfvp2 x1j61x8r x1fcty0u xdj266r xat24cr xm2jcoa x1mpyi22 xxymvpz\">\u25c0\ufe0e<\/span><\/h3>\n<div><\/div>\n<div class=\"x14z9mp xat24cr x1lziwak x1vvkbs xtlvy1s\">Jazz intime et ouvert, o\u00f9 la libert\u00e9 de l'improvisation produit des mirages et floute les fronti\u00e8res entre la harpe chromatique et du piano.<\/div>\n<div>\n<p class=\"cvGsUA direction-ltr align-start para-style-body\"><span class=\"a_GcMg font-feature-liga-off font-feature-clig-off font-feature-calt-off text-decoration-none text-strikethrough-none\"><br \/>\nPEGGY BUARD : PIANO \u23ae <\/span><span class=\"a_GcMg font-feature-liga-off font-feature-clig-off font-feature-calt-off text-decoration-none text-strikethrough-none\">\u00c9MILIE CHEVILLARD : HARPE CHROMATIQUE<\/span><\/p>\n<\/div>\n<\/div>\n<\/div><\/div><div id=\"panel-24702-0-1-4\" class=\"so-panel widget widget_sow-editor\" data-index=\"9\" ><div\n\t\t\t\n\t\t\tclass=\"so-widget-sow-editor so-widget-sow-editor-base\"\n\t\t\t\n\t\t>\n<div class=\"siteorigin-widget-tinymce textwidget\">\n\t<p><iframe loading=\"lazy\" title=\"Duo Peggy Buard\/Emilie Chevillard - Ch\u00e2teau de Goulaine - Septembre 2022\" width=\"790\" height=\"444\" src=\"https:\/\/www.youtube.com\/embed\/MweVm8YfXuA?feature=oembed\" frameborder=\"0\" allow=\"accelerometer; autoplay; clipboard-write; encrypted-media; gyroscope; picture-in-picture; web-share\" referrerpolicy=\"strict-origin-when-cross-origin\" allowfullscreen><\/iframe><\/p>\n<\/div>\n<\/div><\/div><div id=\"panel-24702-0-1-5\" class=\"so-panel widget widget_sow-editor\" data-index=\"10\" ><div\n\t\t\t\n\t\t\tclass=\"so-widget-sow-editor so-widget-sow-editor-base\"\n\t\t\t\n\t\t>\n<div class=\"siteorigin-widget-tinymce textwidget\">\n\t<h3 class=\"x14z9mp xat24cr x1lziwak x1vvkbs xtlvy1s\">\u25ba 20:00 - ETENESH WASSI\u00c9 - \u00e9thio-trad \/ folk-blues <span class=\"html-span xexx8yu xyri2b x18d9i69 x1c1uobl x1hl2dhg x16tdsg8 x1vvkbs x3nfvp2 x1j61x8r x1fcty0u xdj266r xat24cr xm2jcoa x1mpyi22 xxymvpz\">\u25c0\ufe0e<\/span><\/h3>\n<div><\/div>\n<div class=\"x14z9mp xat24cr x1lziwak x1vvkbs xtlvy1s\">Friction de l\u2019\u00e9thio-trad aux textures noise, de l\u2019art consomm\u00e9 de la nostalgie folk aux scansions c\u00e2lin\u00e9es par un groove solide.<\/div>\n<div><\/div>\n<div><span class=\"a_GcMg font-feature-liga-off font-feature-clig-off font-feature-calt-off text-decoration-none text-strikethrough-none\">ETENESH WASSI\u00c9 : VOIX | MATHIEUSOURISSEAU : BASSE ACOUSTIQUE | S\u00c9BASTIEN BACQUIAS : CONTREBASSE | FABIEN DUSCOMBS : BATTERIE<\/span><\/div>\n<\/div>\n<\/div><\/div><div id=\"panel-24702-0-1-6\" class=\"so-panel widget widget_sow-editor\" data-index=\"11\" ><div\n\t\t\t\n\t\t\tclass=\"so-widget-sow-editor so-widget-sow-editor-base\"\n\t\t\t\n\t\t>\n<div class=\"siteorigin-widget-tinymce textwidget\">\n\t<p><iframe loading=\"lazy\" title=\"Zeraf live @ Womex 2018 \/ Etenesh Wassie - Mathieu Sourisseau - S\u00e9bastien Bacquias\" width=\"790\" height=\"444\" src=\"https:\/\/www.youtube.com\/embed\/dSBwkVc3p6s?feature=oembed\" frameborder=\"0\" allow=\"accelerometer; autoplay; clipboard-write; encrypted-media; gyroscope; picture-in-picture; web-share\" referrerpolicy=\"strict-origin-when-cross-origin\" allowfullscreen><\/iframe><\/p>\n<\/div>\n<\/div><\/div><div id=\"panel-24702-0-1-7\" class=\"so-panel widget widget_sow-editor\" data-index=\"12\" ><div\n\t\t\t\n\t\t\tclass=\"so-widget-sow-editor so-widget-sow-editor-base\"\n\t\t\t\n\t\t>\n<div class=\"siteorigin-widget-tinymce textwidget\">\n\t<h3 class=\"x14z9mp xat24cr x1lziwak x1vvkbs xtlvy1s\">\u25ba 20:45 - KEEP THE BASTARDS HONEST - solo batterie &amp; \u00e9lectronique <span class=\"html-span xexx8yu xyri2b x18d9i69 x1c1uobl x1hl2dhg x16tdsg8 x1vvkbs x3nfvp2 x1j61x8r x1fcty0u xdj266r xat24cr xm2jcoa x1mpyi22 xxymvpz\">\u25c0\ufe0e<\/span><\/h3>\n<div><\/div>\n<div class=\"x14z9mp xat24cr x1lziwak x1vvkbs xtlvy1s\">Nourri de noise et de rythmiques acoustiques et \u00e9lectroniques en passant par des influences kraut rock ainsi que l\u2019\u00e9nergie rebelle du free jazz ce solo nous am\u00e8ne \u00e0 une transe et une danse singuli\u00e8re.<\/div>\n<div><\/div>\n<div><span class=\"a_GcMg font-feature-liga-off font-feature-clig-off font-feature-calt-off text-decoration-none text-strikethrough-none\">YANN JOUSSEIN : BATTERIE ET \u00c9LECTRONIQUE<\/span><\/div>\n<\/div>\n<\/div><\/div><div id=\"panel-24702-0-1-8\" class=\"so-panel widget widget_sow-editor\" data-index=\"13\" ><div\n\t\t\t\n\t\t\tclass=\"so-widget-sow-editor so-widget-sow-editor-base\"\n\t\t\t\n\t\t>\n<div class=\"siteorigin-widget-tinymce textwidget\">\n\t<p><iframe loading=\"lazy\" title=\"Keep The Bastards Honest: solo batterie et \u00e9lectronique de Yann Joussein festival Jazz \u00e0 Luz 13\/7\/24\" width=\"790\" height=\"444\" src=\"https:\/\/www.youtube.com\/embed\/3nY3k2ieR6M?feature=oembed\" frameborder=\"0\" allow=\"accelerometer; autoplay; clipboard-write; encrypted-media; gyroscope; picture-in-picture; web-share\" referrerpolicy=\"strict-origin-when-cross-origin\" allowfullscreen><\/iframe><\/p>\n<\/div>\n<\/div><\/div><div id=\"panel-24702-0-1-9\" class=\"so-panel widget widget_sow-editor\" data-index=\"14\" ><div\n\t\t\t\n\t\t\tclass=\"so-widget-sow-editor so-widget-sow-editor-base\"\n\t\t\t\n\t\t>\n<div class=\"siteorigin-widget-tinymce textwidget\">\n\t<h3 class=\"x14z9mp xat24cr x1lziwak x1vvkbs xtlvy1s\">\u25ba 21:30 - NO TONGUES - jazz aventureux<span class=\"html-span xexx8yu xyri2b x18d9i69 x1c1uobl x1hl2dhg x16tdsg8 x1vvkbs x3nfvp2 x1j61x8r x1fcty0u xdj266r xat24cr xm2jcoa x1mpyi22 xxymvpz\">\u25c0\ufe0e<\/span><\/h3>\n<div><\/div>\n<div class=\"x14z9mp xat24cr x1lziwak x1vvkbs xtlvy1s\">Dans leur nouvelle cr\u00e9ation IIII, les musiciens de No Tongues explorent la notion de r\u00e9p\u00e9tition et de pulsation issues de rituels et de c\u00e9r\u00e9monies s\u00e9culaires.<\/div>\n<div><\/div>\n<div><span class=\"a_GcMg font-feature-liga-off font-feature-clig-off font-feature-calt-off text-decoration-none text-strikethrough-none\">MATTHIEU PRUAL : SAXOPHONE, CLARINETTE ET FL\u00dbTES | RONAN COURTY : CONTREBASSE ET CLAVIER | RONAN PRUAL : CONTREBASSE ET PERCUSSION | ALAN REGARDIN : TROMPETTE ET \u00c9LECTRONIQUE<\/span><\/div>\n<\/div>\n<\/div><\/div><div id=\"panel-24702-0-1-10\" class=\"so-panel widget widget_sow-editor panel-last-child\" data-index=\"15\" ><div\n\t\t\t\n\t\t\tclass=\"so-widget-sow-editor so-widget-sow-editor-base\"\n\t\t\t\n\t\t>\n<div class=\"siteorigin-widget-tinymce textwidget\">\n\t<p><iframe loading=\"lazy\" title=\"NO TONGUES IIII - CYCLOPE (extrait)\" width=\"790\" height=\"444\" src=\"https:\/\/www.youtube.com\/embed\/9tL_5c07zho?feature=oembed\" frameborder=\"0\" allow=\"accelerometer; autoplay; clipboard-write; encrypted-media; gyroscope; picture-in-picture; web-share\" referrerpolicy=\"strict-origin-when-cross-origin\" allowfullscreen><\/iframe><\/p>\n<\/div>\n<\/div><\/div><\/div><\/div><\/div>","protected":false},"excerpt":{"rendered":"<p>\u25c9\u25c9\u25c9 5 COLLECTIFS, 1 SOUFFLE ! \u25c9\u25c9\u25c9\u2605 5 concerts gratuits \u2605 mercredi 21 janvier 2026 Start : 18h POL-N, 11 rue des olivettes, Nantes Gratuit bar et restauration sur place Ymir Colunia Music Duo Peggy Buard &#038; Emilie Chevillard Colunia Music Etenesh Wassi\u00e9 Freddy Morezon Yann Joussen &#8211; Keep the bastards honest Collectif Coax No&hellip;<\/p>\n<p><a class=\"more-link\" href=\"https:\/\/freddymorezon.org\/en\/nos-evenements\/21-01-26-etenesh-wassie-bis-2026\/\" title=\"Continue reading &lsquo;21.01.26 \/\/ SHOWCASES &#8211; BIS 2026&rsquo;\">Continue reading <span class=\"meta-nav\">&rarr;<\/span><\/a><\/p>\n","protected":false},"author":1,"featured_media":24709,"parent":10655,"menu_order":0,"comment_status":"closed","ping_status":"closed","template":"page-templates\/full-width.php","meta":{"om_disable_all_campaigns":false,"_monsterinsights_skip_tracking":false,"_monsterinsights_sitenote_active":false,"_monsterinsights_sitenote_note":"","_monsterinsights_sitenote_category":0,"_uf_show_specific_survey":0,"_uf_disable_surveys":false,"footnotes":""},"categories":[1401],"tags":[],"class_list":["post-24702","page","type-page","status-publish","has-post-thumbnail","hentry","category-nos-evenements-passes"],"aioseo_notices":[],"yoast_head":"<!-- This site is optimized with the Yoast SEO plugin v27.3 - https:\/\/yoast.com\/product\/yoast-seo-wordpress\/ -->\n<title>21.01.26 \/\/ SHOWCASES - BIS 2026 | Freddy Morezon<\/title>\n<meta name=\"robots\" content=\"index, follow, max-snippet:-1, max-image-preview:large, max-video-preview:-1\" \/>\n<link rel=\"canonical\" href=\"https:\/\/freddymorezon.org\/nos-evenements\/21-01-26-etenesh-wassie-bis-2026\/\" \/>\n<meta property=\"og:locale\" content=\"en_US\" \/>\n<meta property=\"og:type\" content=\"article\" \/>\n<meta property=\"og:title\" content=\"21.01.26 \/\/ SHOWCASES - BIS 2026 | Freddy Morezon\" \/>\n<meta property=\"og:description\" content=\"\u25c9\u25c9\u25c9 5 COLLECTIFS, 1 SOUFFLE ! \u25c9\u25c9\u25c9\u2605 5 concerts gratuits \u2605 mercredi 21 janvier 2026 Start : 18h POL-N, 11 rue des olivettes, Nantes Gratuit bar et restauration sur place Ymir Colunia Music Duo Peggy Buard &amp; Emilie Chevillard Colunia Music Etenesh Wassi\u00e9 Freddy Morezon Yann Joussen - Keep the bastards honest Collectif Coax No&hellip;Continue reading &rarr;\" \/>\n<meta property=\"og:url\" content=\"https:\/\/freddymorezon.org\/nos-evenements\/21-01-26-etenesh-wassie-bis-2026\/\" \/>\n<meta property=\"og:site_name\" content=\"Freddy Morezon\" \/>\n<meta property=\"article:publisher\" content=\"https:\/\/www.facebook.com\/freddy.morezon\/\" \/>\n<meta property=\"article:modified_time\" content=\"2026-01-23T16:16:17+00:00\" \/>\n<meta property=\"og:image\" content=\"https:\/\/freddymorezon.org\/wp-content\/uploads\/2025\/12\/Vignette-BIS-26.png\" \/>\n\t<meta property=\"og:image:width\" content=\"1400\" \/>\n\t<meta property=\"og:image:height\" content=\"1400\" \/>\n\t<meta property=\"og:image:type\" content=\"image\/png\" \/>\n<meta name=\"twitter:card\" content=\"summary_large_image\" \/>\n<script type=\"application\/ld+json\" class=\"yoast-schema-graph\">{\"@context\":\"https:\\\/\\\/schema.org\",\"@graph\":[{\"@type\":\"WebPage\",\"@id\":\"https:\\\/\\\/freddymorezon.org\\\/nos-evenements\\\/21-01-26-etenesh-wassie-bis-2026\\\/\",\"url\":\"https:\\\/\\\/freddymorezon.org\\\/nos-evenements\\\/21-01-26-etenesh-wassie-bis-2026\\\/\",\"name\":\"21.01.26 \\\/\\\/ SHOWCASES - BIS 2026 | Freddy Morezon\",\"isPartOf\":{\"@id\":\"https:\\\/\\\/freddymorezon.org\\\/#website\"},\"primaryImageOfPage\":{\"@id\":\"https:\\\/\\\/freddymorezon.org\\\/nos-evenements\\\/21-01-26-etenesh-wassie-bis-2026\\\/#primaryimage\"},\"image\":{\"@id\":\"https:\\\/\\\/freddymorezon.org\\\/nos-evenements\\\/21-01-26-etenesh-wassie-bis-2026\\\/#primaryimage\"},\"thumbnailUrl\":\"https:\\\/\\\/freddymorezon.org\\\/wp-content\\\/uploads\\\/2025\\\/12\\\/Vignette-BIS-26.png\",\"datePublished\":\"2025-12-13T16:06:48+00:00\",\"dateModified\":\"2026-01-23T16:16:17+00:00\",\"breadcrumb\":{\"@id\":\"https:\\\/\\\/freddymorezon.org\\\/nos-evenements\\\/21-01-26-etenesh-wassie-bis-2026\\\/#breadcrumb\"},\"inLanguage\":\"en-US\",\"potentialAction\":[{\"@type\":\"ReadAction\",\"target\":[\"https:\\\/\\\/freddymorezon.org\\\/nos-evenements\\\/21-01-26-etenesh-wassie-bis-2026\\\/\"]}]},{\"@type\":\"ImageObject\",\"inLanguage\":\"en-US\",\"@id\":\"https:\\\/\\\/freddymorezon.org\\\/nos-evenements\\\/21-01-26-etenesh-wassie-bis-2026\\\/#primaryimage\",\"url\":\"https:\\\/\\\/freddymorezon.org\\\/wp-content\\\/uploads\\\/2025\\\/12\\\/Vignette-BIS-26.png\",\"contentUrl\":\"https:\\\/\\\/freddymorezon.org\\\/wp-content\\\/uploads\\\/2025\\\/12\\\/Vignette-BIS-26.png\",\"width\":1400,\"height\":1400},{\"@type\":\"BreadcrumbList\",\"@id\":\"https:\\\/\\\/freddymorezon.org\\\/nos-evenements\\\/21-01-26-etenesh-wassie-bis-2026\\\/#breadcrumb\",\"itemListElement\":[{\"@type\":\"ListItem\",\"position\":1,\"name\":\"Accueil\",\"item\":\"https:\\\/\\\/freddymorezon.org\\\/\"},{\"@type\":\"ListItem\",\"position\":2,\"name\":\"Nos \u00e9v\u00e9nements\",\"item\":\"https:\\\/\\\/freddymorezon.org\\\/nos-evenements\\\/\"},{\"@type\":\"ListItem\",\"position\":3,\"name\":\"21.01.26 \\\/\\\/ SHOWCASES &#8211; BIS 2026\"}]},{\"@type\":\"WebSite\",\"@id\":\"https:\\\/\\\/freddymorezon.org\\\/#website\",\"url\":\"https:\\\/\\\/freddymorezon.org\\\/\",\"name\":\"Freddy Morezon\",\"description\":\"jazz - musique improvis\u00e9e - esth\u00e9tiques plurielles\",\"publisher\":{\"@id\":\"https:\\\/\\\/freddymorezon.org\\\/#organization\"},\"potentialAction\":[{\"@type\":\"SearchAction\",\"target\":{\"@type\":\"EntryPoint\",\"urlTemplate\":\"https:\\\/\\\/freddymorezon.org\\\/?s={search_term_string}\"},\"query-input\":{\"@type\":\"PropertyValueSpecification\",\"valueRequired\":true,\"valueName\":\"search_term_string\"}}],\"inLanguage\":\"en-US\"},{\"@type\":\"Organization\",\"@id\":\"https:\\\/\\\/freddymorezon.org\\\/#organization\",\"name\":\"Association Freddy Morezon\",\"url\":\"https:\\\/\\\/freddymorezon.org\\\/\",\"logo\":{\"@type\":\"ImageObject\",\"inLanguage\":\"en-US\",\"@id\":\"https:\\\/\\\/freddymorezon.org\\\/#\\\/schema\\\/logo\\\/image\\\/\",\"url\":\"https:\\\/\\\/freddymorezon.org\\\/wp-content\\\/uploads\\\/2016\\\/02\\\/mini-logo-header-site2.jpg\",\"contentUrl\":\"https:\\\/\\\/freddymorezon.org\\\/wp-content\\\/uploads\\\/2016\\\/02\\\/mini-logo-header-site2.jpg\",\"width\":234,\"height\":174,\"caption\":\"Association Freddy Morezon\"},\"image\":{\"@id\":\"https:\\\/\\\/freddymorezon.org\\\/#\\\/schema\\\/logo\\\/image\\\/\"},\"sameAs\":[\"https:\\\/\\\/www.facebook.com\\\/freddy.morezon\\\/\",\"https:\\\/\\\/www.instagram.com\\\/freddymorezon\\\/\",\"https:\\\/\\\/www.youtube.com\\\/user\\\/freddymorezon\",\"https:\\\/\\\/fr.linkedin.com\\\/company\\\/freddy-morezon-p.r.o.d.\"]}]}<\/script>\n<!-- \/ Yoast SEO plugin. -->","yoast_head_json":{"title":"21.01.26 \/\/ SHOWCASES - BIS 2026 | Freddy Morezon","robots":{"index":"index","follow":"follow","max-snippet":"max-snippet:-1","max-image-preview":"max-image-preview:large","max-video-preview":"max-video-preview:-1"},"canonical":"https:\/\/freddymorezon.org\/nos-evenements\/21-01-26-etenesh-wassie-bis-2026\/","og_locale":"en_US","og_type":"article","og_title":"21.01.26 \/\/ SHOWCASES - BIS 2026 | Freddy Morezon","og_description":"\u25c9\u25c9\u25c9 5 COLLECTIFS, 1 SOUFFLE ! \u25c9\u25c9\u25c9\u2605 5 concerts gratuits \u2605 mercredi 21 janvier 2026 Start : 18h POL-N, 11 rue des olivettes, Nantes Gratuit bar et restauration sur place Ymir Colunia Music Duo Peggy Buard & Emilie Chevillard Colunia Music Etenesh Wassi\u00e9 Freddy Morezon Yann Joussen - Keep the bastards honest Collectif Coax No&hellip;Continue reading &rarr;","og_url":"https:\/\/freddymorezon.org\/nos-evenements\/21-01-26-etenesh-wassie-bis-2026\/","og_site_name":"Freddy Morezon","article_publisher":"https:\/\/www.facebook.com\/freddy.morezon\/","article_modified_time":"2026-01-23T16:16:17+00:00","og_image":[{"width":1400,"height":1400,"url":"https:\/\/freddymorezon.org\/wp-content\/uploads\/2025\/12\/Vignette-BIS-26.png","type":"image\/png"}],"twitter_card":"summary_large_image","schema":{"@context":"https:\/\/schema.org","@graph":[{"@type":"WebPage","@id":"https:\/\/freddymorezon.org\/nos-evenements\/21-01-26-etenesh-wassie-bis-2026\/","url":"https:\/\/freddymorezon.org\/nos-evenements\/21-01-26-etenesh-wassie-bis-2026\/","name":"21.01.26 \/\/ SHOWCASES - BIS 2026 | Freddy Morezon","isPartOf":{"@id":"https:\/\/freddymorezon.org\/#website"},"primaryImageOfPage":{"@id":"https:\/\/freddymorezon.org\/nos-evenements\/21-01-26-etenesh-wassie-bis-2026\/#primaryimage"},"image":{"@id":"https:\/\/freddymorezon.org\/nos-evenements\/21-01-26-etenesh-wassie-bis-2026\/#primaryimage"},"thumbnailUrl":"https:\/\/freddymorezon.org\/wp-content\/uploads\/2025\/12\/Vignette-BIS-26.png","datePublished":"2025-12-13T16:06:48+00:00","dateModified":"2026-01-23T16:16:17+00:00","breadcrumb":{"@id":"https:\/\/freddymorezon.org\/nos-evenements\/21-01-26-etenesh-wassie-bis-2026\/#breadcrumb"},"inLanguage":"en-US","potentialAction":[{"@type":"ReadAction","target":["https:\/\/freddymorezon.org\/nos-evenements\/21-01-26-etenesh-wassie-bis-2026\/"]}]},{"@type":"ImageObject","inLanguage":"en-US","@id":"https:\/\/freddymorezon.org\/nos-evenements\/21-01-26-etenesh-wassie-bis-2026\/#primaryimage","url":"https:\/\/freddymorezon.org\/wp-content\/uploads\/2025\/12\/Vignette-BIS-26.png","contentUrl":"https:\/\/freddymorezon.org\/wp-content\/uploads\/2025\/12\/Vignette-BIS-26.png","width":1400,"height":1400},{"@type":"BreadcrumbList","@id":"https:\/\/freddymorezon.org\/nos-evenements\/21-01-26-etenesh-wassie-bis-2026\/#breadcrumb","itemListElement":[{"@type":"ListItem","position":1,"name":"Accueil","item":"https:\/\/freddymorezon.org\/"},{"@type":"ListItem","position":2,"name":"Nos \u00e9v\u00e9nements","item":"https:\/\/freddymorezon.org\/nos-evenements\/"},{"@type":"ListItem","position":3,"name":"21.01.26 \/\/ SHOWCASES &#8211; BIS 2026"}]},{"@type":"WebSite","@id":"https:\/\/freddymorezon.org\/#website","url":"https:\/\/freddymorezon.org\/","name":"Freddy Morezon","description":"jazz - musique improvis\u00e9e - esth\u00e9tiques plurielles","publisher":{"@id":"https:\/\/freddymorezon.org\/#organization"},"potentialAction":[{"@type":"SearchAction","target":{"@type":"EntryPoint","urlTemplate":"https:\/\/freddymorezon.org\/?s={search_term_string}"},"query-input":{"@type":"PropertyValueSpecification","valueRequired":true,"valueName":"search_term_string"}}],"inLanguage":"en-US"},{"@type":"Organization","@id":"https:\/\/freddymorezon.org\/#organization","name":"Association Freddy Morezon","url":"https:\/\/freddymorezon.org\/","logo":{"@type":"ImageObject","inLanguage":"en-US","@id":"https:\/\/freddymorezon.org\/#\/schema\/logo\/image\/","url":"https:\/\/freddymorezon.org\/wp-content\/uploads\/2016\/02\/mini-logo-header-site2.jpg","contentUrl":"https:\/\/freddymorezon.org\/wp-content\/uploads\/2016\/02\/mini-logo-header-site2.jpg","width":234,"height":174,"caption":"Association Freddy Morezon"},"image":{"@id":"https:\/\/freddymorezon.org\/#\/schema\/logo\/image\/"},"sameAs":["https:\/\/www.facebook.com\/freddy.morezon\/","https:\/\/www.instagram.com\/freddymorezon\/","https:\/\/www.youtube.com\/user\/freddymorezon","https:\/\/fr.linkedin.com\/company\/freddy-morezon-p.r.o.d."]}]}},"_links":{"self":[{"href":"https:\/\/freddymorezon.org\/en\/wp-json\/wp\/v2\/pages\/24702","targetHints":{"allow":["GET"]}}],"collection":[{"href":"https:\/\/freddymorezon.org\/en\/wp-json\/wp\/v2\/pages"}],"about":[{"href":"https:\/\/freddymorezon.org\/en\/wp-json\/wp\/v2\/types\/page"}],"author":[{"embeddable":true,"href":"https:\/\/freddymorezon.org\/en\/wp-json\/wp\/v2\/users\/1"}],"replies":[{"embeddable":true,"href":"https:\/\/freddymorezon.org\/en\/wp-json\/wp\/v2\/comments?post=24702"}],"version-history":[{"count":6,"href":"https:\/\/freddymorezon.org\/en\/wp-json\/wp\/v2\/pages\/24702\/revisions"}],"predecessor-version":[{"id":24761,"href":"https:\/\/freddymorezon.org\/en\/wp-json\/wp\/v2\/pages\/24702\/revisions\/24761"}],"up":[{"embeddable":true,"href":"https:\/\/freddymorezon.org\/en\/wp-json\/wp\/v2\/pages\/10655"}],"wp:featuredmedia":[{"embeddable":true,"href":"https:\/\/freddymorezon.org\/en\/wp-json\/wp\/v2\/media\/24709"}],"wp:attachment":[{"href":"https:\/\/freddymorezon.org\/en\/wp-json\/wp\/v2\/media?parent=24702"}],"wp:term":[{"taxonomy":"category","embeddable":true,"href":"https:\/\/freddymorezon.org\/en\/wp-json\/wp\/v2\/categories?post=24702"},{"taxonomy":"post_tag","embeddable":true,"href":"https:\/\/freddymorezon.org\/en\/wp-json\/wp\/v2\/tags?post=24702"}],"curies":[{"name":"wp","href":"https:\/\/api.w.org\/{rel}","templated":true}]}}