
{"id":24849,"date":"2026-01-23T17:58:28","date_gmt":"2026-01-23T15:58:28","guid":{"rendered":"https:\/\/freddymorezon.org\/?page_id=24849"},"modified":"2026-03-11T11:23:16","modified_gmt":"2026-03-11T09:23:16","slug":"27-02-2026-detournees-%c2%b7-exploration-1","status":"publish","type":"page","link":"https:\/\/freddymorezon.org\/en\/nos-evenements\/27-02-2026-detournees-%c2%b7-exploration-1\/","title":{"rendered":"27.02.2026 \/\/ D\u00e9(tourn\u00e9es) \u00b7 Exploration #1"},"content":{"rendered":"<div id=\"pl-24849\"  class=\"panel-layout\" ><div id=\"pg-24849-0\"  class=\"panel-grid panel-no-style\" ><div id=\"pgc-24849-0-0\"  class=\"panel-grid-cell\" ><div id=\"panel-24849-0-0-0\" class=\"so-panel widget widget_sow-image panel-first-child\" data-index=\"0\" ><div\n\t\t\t\n\t\t\tclass=\"so-widget-sow-image so-widget-sow-image-default-8b5b6f678277-24849\"\n\t\t\t\n\t\t>\n<div class=\"sow-image-container\">\n\t\t<img \n\tsrc=\"https:\/\/freddymorezon.org\/wp-content\/uploads\/2026\/01\/Copie-de-Vignettes-Nos-evenements.png\" width=\"1080\" height=\"1080\" srcset=\"https:\/\/freddymorezon.org\/wp-content\/uploads\/2026\/01\/Copie-de-Vignettes-Nos-evenements.png 1080w, https:\/\/freddymorezon.org\/wp-content\/uploads\/2026\/01\/Copie-de-Vignettes-Nos-evenements-800x800.png 800w, https:\/\/freddymorezon.org\/wp-content\/uploads\/2026\/01\/Copie-de-Vignettes-Nos-evenements-150x150.png 150w, https:\/\/freddymorezon.org\/wp-content\/uploads\/2026\/01\/Copie-de-Vignettes-Nos-evenements-400x400.png 400w, https:\/\/freddymorezon.org\/wp-content\/uploads\/2026\/01\/Copie-de-Vignettes-Nos-evenements-100x100.png 100w, https:\/\/freddymorezon.org\/wp-content\/uploads\/2026\/01\/Copie-de-Vignettes-Nos-evenements-300x300.png 300w\" sizes=\"(max-width: 1080px) 100vw, 1080px\" title=\"Copie de Vignettes Nos e\u0301ve\u0301nements\" alt=\"\" \t\tclass=\"so-widget-image\"\/>\n\t<\/div>\n\n<\/div><\/div><div id=\"panel-24849-0-0-1\" class=\"so-panel widget widget_sow-headline\" data-index=\"1\" ><div\n\t\t\t\n\t\t\tclass=\"so-widget-sow-headline so-widget-sow-headline-default-7f8f2d03a0dd-24849\"\n\t\t\t\n\t\t><div class=\"sow-headline-container \">\n\t\t\t\t\t\t<div class=\"decoration\">\n\t\t\t\t\t\t<div class=\"decoration-inside\"><\/div>\n\t\t\t\t\t<\/div>\n\t\t\t\t\t<\/div>\n<\/div><\/div><div id=\"panel-24849-0-0-2\" class=\"so-panel widget widget_sow-editor\" data-index=\"2\" ><div\n\t\t\t\n\t\t\tclass=\"so-widget-sow-editor so-widget-sow-editor-base\"\n\t\t\t\n\t\t><h3 class=\"widget-title\">INFOS PRATIQUES<\/h3>\n<div class=\"siteorigin-widget-tinymce textwidget\">\n\t<p class=\"cvGsUA direction-ltr align-start para-style-body\"><span class=\"a_GcMg font-feature-liga-off font-feature-clig-off font-feature-calt-off text-decoration-none text-strikethrough-none\">Exploration Territoire Sensible<br \/>\n<\/span><span class=\"a_GcMg font-feature-liga-off font-feature-clig-off font-feature-calt-off text-decoration-none text-strikethrough-none\"><strong>Vendredi 27 f\u00e9vrier \u00b7 17h + 19h30<\/strong><br \/>\n<\/span><span class=\"a_GcMg font-feature-liga-off font-feature-clig-off font-feature-calt-off text-decoration-none text-strikethrough-none\">La Maisoun \u00b7 MJC L\u2019Isle-Jourdain<br \/>\n<\/span><span class=\"a_GcMg font-feature-liga-off font-feature-clig-off font-feature-calt-off text-decoration-none text-strikethrough-none\">dur\u00e9e : 40 min<br \/>\n<\/span><span class=\"a_GcMg font-feature-liga-off font-feature-clig-off font-feature-calt-off text-decoration-none text-strikethrough-none\">gratuit - tout public - sur r\u00e9servation<\/span><\/p>\n<\/div>\n<\/div><\/div><div id=\"panel-24849-0-0-3\" class=\"so-panel widget widget_sow-button\" data-index=\"3\" ><div\n\t\t\t\n\t\t\tclass=\"so-widget-sow-button so-widget-sow-button-flat-cb07f6eb6544-24849\"\n\t\t\t\n\t\t><div class=\"ow-button-base ow-button-align-left\"\n>\n\t\t\t<a\n\t\t\t\t\thref=\"https:\/\/www.helloasso.com\/associations\/mjc-la-maisoun\/evenements\/de-tournees-exploration-territoire-sensible-17h\"\n\t\t\t\t\tclass=\"sowb-button ow-icon-placement-left ow-button-hover\" \t>\n\t\t<span>\n\t\t\t\n\t\t\tR\u00e9server pour la s\u00e9ance de 17h\t\t<\/span>\n\t\t\t<\/a>\n\t<\/div>\n<\/div><\/div><div id=\"panel-24849-0-0-4\" class=\"so-panel widget widget_sow-button\" data-index=\"4\" ><div\n\t\t\t\n\t\t\tclass=\"so-widget-sow-button so-widget-sow-button-flat-cb07f6eb6544-24849\"\n\t\t\t\n\t\t><div class=\"ow-button-base ow-button-align-left\"\n>\n\t\t\t<a\n\t\t\t\t\thref=\"https:\/\/www.helloasso.com\/associations\/mjc-la-maisoun\/evenements\/de-tournees-exploration-territoire-sensible-19h30\"\n\t\t\t\t\tclass=\"sowb-button ow-icon-placement-left ow-button-hover\" \t>\n\t\t<span>\n\t\t\t\n\t\t\tR\u00e9server pour la s\u00e9ance de 19h30\t\t<\/span>\n\t\t\t<\/a>\n\t<\/div>\n<\/div><\/div><div id=\"panel-24849-0-0-5\" class=\"so-panel widget widget_sow-headline\" data-index=\"5\" ><div\n\t\t\t\n\t\t\tclass=\"so-widget-sow-headline so-widget-sow-headline-default-7f8f2d03a0dd-24849\"\n\t\t\t\n\t\t><div class=\"sow-headline-container \">\n\t\t\t\t\t\t<div class=\"decoration\">\n\t\t\t\t\t\t<div class=\"decoration-inside\"><\/div>\n\t\t\t\t\t<\/div>\n\t\t\t\t\t<\/div>\n<\/div><\/div><div id=\"panel-24849-0-0-6\" class=\"so-panel widget widget_sow-editor\" data-index=\"6\" ><div\n\t\t\t\n\t\t\tclass=\"so-widget-sow-editor so-widget-sow-editor-base\"\n\t\t\t\n\t\t><h3 class=\"widget-title\">LIENS<\/h3>\n<div class=\"siteorigin-widget-tinymce textwidget\">\n\t<p><a href=\"https:\/\/freddymorezon.org\/projets-de-territoire\/projet-de-territoire-gers\/\">D\u00e9(tourn\u00e9es)<\/a><br \/>\n<a href=\"https:\/\/freddymorezon.org\/wp-content\/uploads\/2026\/01\/DOSSIER-DE-PRESSE-Detournees-2026-def.pdf\">Dossier de presse D\u00e9(tourn\u00e9es)<\/a><\/p>\n<p><a href=\"https:\/\/mjclamaisoun.fr\/event\/detournee-les-journees-labo\/\">La Maisoun<\/a><br \/>\n<a href=\"https:\/\/www.paysportesdegascogne.com\/\">Pays Portes de Gascogne<\/a><\/p>\n<\/div>\n<\/div><\/div><div id=\"panel-24849-0-0-7\" class=\"so-panel widget widget_sow-editor\" data-index=\"7\" ><div\n\t\t\t\n\t\t\tclass=\"so-widget-sow-editor so-widget-sow-editor-base\"\n\t\t\t\n\t\t><h3 class=\"widget-title\">PARTENAIRES<\/h3>\n<div class=\"siteorigin-widget-tinymce textwidget\">\n\t<p><em>D\u00e9(tourn\u00e9es) est une production du collectif Freddy Morezon, r\u00e9alis\u00e9 en partenariat avec le Pays Portes de Gascogne. <\/em><em>Ce projet b\u00e9n\u00e9ficie du soutien du programme europ\u00e9en Leader du Pays Portes de Gascogne, de la DRAC Occitanie, de la R\u00e9gion Occitanie, du Pays Portes<\/em> <em>de Gascogne et de la DAAC via la DSDEN 32. <\/em><\/p>\n<\/div>\n<\/div><\/div><div id=\"panel-24849-0-0-8\" class=\"so-panel widget widget_sow-button\" data-index=\"8\" ><div\n\t\t\t\n\t\t\tclass=\"so-widget-sow-button so-widget-sow-button-flat-5192bebda948-24849\"\n\t\t\t\n\t\t><div class=\"ow-button-base ow-button-align-center\"\n>\n\t\t\t<a\n\t\t\t\t\thref=\"https:\/\/freddymorezon.org\/projets-de-territoire\/projet-de-territoire-gers\/\"\n\t\t\t\t\tclass=\"sowb-button ow-icon-placement-left ow-button-hover\" \t>\n\t\t<span>\n\t\t\t\n\t\t\tRetour \u00e0 la page D\u00e9(tourn\u00e9es)\t\t<\/span>\n\t\t\t<\/a>\n\t<\/div>\n<\/div><\/div><div id=\"panel-24849-0-0-9\" class=\"so-panel widget widget_sow-button panel-last-child\" data-index=\"9\" ><div\n\t\t\t\n\t\t\tclass=\"so-widget-sow-button so-widget-sow-button-flat-5192bebda948-24849\"\n\t\t\t\n\t\t><div class=\"ow-button-base ow-button-align-center\"\n>\n\t\t\t<a\n\t\t\t\t\thref=\"https:\/\/freddymorezon.org\/nos-evenements\/\"\n\t\t\t\t\tclass=\"sowb-button ow-icon-placement-left ow-button-hover\" \t>\n\t\t<span>\n\t\t\t\n\t\t\tRetour \u00e0 la page \u00c9v\u00e9nements\t\t<\/span>\n\t\t\t<\/a>\n\t<\/div>\n<\/div><\/div><\/div><div id=\"pgc-24849-0-1\"  class=\"panel-grid-cell\" ><div id=\"panel-24849-0-1-0\" class=\"so-panel widget widget_sow-headline panel-first-child\" data-index=\"10\" ><div\n\t\t\t\n\t\t\tclass=\"so-widget-sow-headline so-widget-sow-headline-default-44f6e7c37f02-24849\"\n\t\t\t\n\t\t><div class=\"sow-headline-container \">\n\t\t\t\t\t\t\t<h2 class=\"sow-headline\">\n\t\t\t\t\t\tD\u00c9(TOURN\u00c9ES) \/\/ Exploration \u00b7 Territoire Sensible\t\t\t\t\t\t<\/h2>\n\t\t\t\t\t\t\t\t\t\t\t<div class=\"decoration\">\n\t\t\t\t\t\t<div class=\"decoration-inside\"><\/div>\n\t\t\t\t\t<\/div>\n\t\t\t\t\t<\/div>\n<\/div><\/div><div id=\"panel-24849-0-1-1\" class=\"so-panel widget widget_sow-editor\" data-index=\"11\" ><div\n\t\t\t\n\t\t\tclass=\"so-widget-sow-editor so-widget-sow-editor-base\"\n\t\t\t\n\t\t>\n<div class=\"siteorigin-widget-tinymce textwidget\">\n\t<p class=\"cvGsUA direction-ltr align-justify para-style-body\"><span class=\"a_GcMg font-feature-liga-off font-feature-clig-off font-feature-calt-off text-decoration-none text-strikethrough-none\">D\u00e9(tourn\u00e9es) <\/span><span class=\"a_GcMg font-feature-liga-off font-feature-clig-off font-feature-calt-off text-decoration-none text-strikethrough-none\">est un projet artistique et culturel de territoire qui se d\u00e9roule au long cours sur le territoire du <\/span><span class=\"a_GcMg font-feature-liga-off font-feature-clig-off font-feature-calt-off text-decoration-none text-strikethrough-none\">Pays Portes de Gascogne<\/span><span class=\"a_GcMg font-feature-liga-off font-feature-clig-off font-feature-calt-off text-decoration-none text-strikethrough-none\">. <\/span><span class=\"a_GcMg font-feature-liga-off font-feature-clig-off font-feature-calt-off text-decoration-none text-strikethrough-none\">Chaque phase comprend un laboratoire de recherche \u00e0 partir des mati\u00e8res collect\u00e9es aupr\u00e8s des habitant\u00b7es par les artistes et musicien\u00b7nes du <\/span><span class=\"a_GcMg font-feature-liga-off font-feature-clig-off font-feature-calt-off text-decoration-none text-strikethrough-none\">collectif Freddy Morezon<\/span><span class=\"a_GcMg font-feature-liga-off font-feature-clig-off font-feature-calt-off text-decoration-none text-strikethrough-none\">. Pour partager et rendre public ce travail in situ, nous vous donnons rendez-vous lors de temps baptis\u00e9s <\/span><strong><span class=\"a_GcMg font-feature-liga-off font-feature-clig-off font-feature-calt-off text-decoration-none text-strikethrough-none\">EXPLORATIONS<\/span><\/strong><span class=\"a_GcMg font-feature-liga-off font-feature-clig-off font-feature-calt-off text-decoration-none text-strikethrough-none\"> : ces spectacles gratuits sont \u00e0 vivre seul\u00b7e, en famille, entre ami\u00b7es.<\/span><\/p>\n<p class=\"cvGsUA direction-ltr align-justify para-style-body\"><span class=\"a_GcMg font-feature-liga-off font-feature-clig-off font-feature-calt-off text-decoration-none text-strikethrough-none\">Connaissons-nous si bien les lieux et trajets que nous fr\u00e9quentons au quotidien ? N\u2019y a-t-il pas encore des zones d\u2019ombres, des d\u00e9tails cach\u00e9s, des bribes qui nous \u00e9chappent ? Nos territoires, m\u00eame cadastr\u00e9s dans les moindres recoins, m\u00eame arpent\u00e9s en tous sens, sont toujours mit\u00e9s de petits vides, de terra incognita, de sorte que ce qui nous para\u00eet banal ou \u00e9vident abrite toujours une dimension \u00e9trange et po\u00e9tique.<br \/>\n<\/span><span class=\"a_GcMg font-feature-liga-off font-feature-clig-off font-feature-calt-off text-decoration-none text-strikethrough-none\">Tels des art-ch\u00e9ologues, nous vous proposons d\u2019aller explorer, d\u00e9nicher, red\u00e9couvrir ou composer les angles morts de vos espaces quotidiens et jeter un nouveau regard sur ce que vous pensiez conna\u00eetre sur le bout des doigts.<br \/>\n<\/span><span class=\"a_GcMg font-feature-liga-off font-feature-clig-off font-feature-calt-off text-decoration-none text-strikethrough-none\">Ici, un spectacle m\u00ealant musique, arts visuels et mouvement vous est propos\u00e9 par S\u00e9bastien Cirotteau, Ivon Delpratto, Luc Fagoaga, Audrey Houdart, Eela Laitinen et C\u00e9line Schmidt dans une sc\u00e9nographie de la Cie Esp\u00e9c\u00e9ga.<\/span><\/p>\n<\/div>\n<\/div><\/div><div id=\"panel-24849-0-1-2\" class=\"so-panel widget widget_sow-image panel-last-child\" data-index=\"12\" ><div\n\t\t\t\n\t\t\tclass=\"so-widget-sow-image so-widget-sow-image-default-8b5b6f678277-24849\"\n\t\t\t\n\t\t>\n<div class=\"sow-image-container\">\n\t\t<img \n\tsrc=\"https:\/\/freddymorezon.org\/wp-content\/uploads\/2026\/01\/Rien-a-voir-Espegeca\u00a9Giorgio-Pupella-22-1240x560.jpg\" width=\"1240\" height=\"560\" sizes=\"(max-width: 1240px) 100vw, 1240px\" title=\"Rien a\u0300 voir- Espe\u0301ge\u0301ca\u00a9Giorgio Pupella-22\" alt=\"\" \t\tclass=\"so-widget-image\"\/>\n\t<\/div>\n\n<\/div><\/div><\/div><\/div><\/div>","protected":false},"excerpt":{"rendered":"<p>Exploration Territoire Sensible Vendredi 27 f\u00e9vrier \u00b7 17h + 19h30 La Maisoun \u00b7 MJC L\u2019Isle-Jourdain dur\u00e9e : 40 min gratuit &#8211; tout public &#8211; sur r\u00e9servation D\u00e9(tourn\u00e9es) Dossier de presse D\u00e9(tourn\u00e9es) La Maisoun Pays Portes de Gascogne D\u00e9(tourn\u00e9es) est une production du collectif Freddy Morezon, r\u00e9alis\u00e9 en partenariat avec le Pays Portes de Gascogne. Ce&hellip;<\/p>\n<p><a class=\"more-link\" href=\"https:\/\/freddymorezon.org\/en\/nos-evenements\/27-02-2026-detournees-%c2%b7-exploration-1\/\" title=\"Continue reading &lsquo;27.02.2026 \/\/ D\u00e9(tourn\u00e9es) \u00b7 Exploration #1&rsquo;\">Continue reading <span class=\"meta-nav\">&rarr;<\/span><\/a><\/p>\n","protected":false},"author":1,"featured_media":24853,"parent":10655,"menu_order":0,"comment_status":"closed","ping_status":"closed","template":"page-templates\/full-width.php","meta":{"om_disable_all_campaigns":false,"_monsterinsights_skip_tracking":false,"_monsterinsights_sitenote_active":false,"_monsterinsights_sitenote_note":"","_monsterinsights_sitenote_category":0,"_uf_show_specific_survey":0,"_uf_disable_surveys":false,"footnotes":""},"categories":[1401],"tags":[],"class_list":["post-24849","page","type-page","status-publish","has-post-thumbnail","hentry","category-nos-evenements-passes"],"aioseo_notices":[],"yoast_head":"<!-- This site is optimized with the Yoast SEO plugin v27.4 - https:\/\/yoast.com\/product\/yoast-seo-wordpress\/ -->\n<title>27.02.2026 \/\/ D\u00e9(tourn\u00e9es) \u00b7 Exploration #1 | Freddy Morezon<\/title>\n<meta name=\"robots\" content=\"index, follow, max-snippet:-1, max-image-preview:large, max-video-preview:-1\" \/>\n<link rel=\"canonical\" href=\"https:\/\/freddymorezon.org\/nos-evenements\/27-02-2026-detournees-\u00b7-exploration-1\/\" \/>\n<meta property=\"og:locale\" content=\"en_US\" \/>\n<meta property=\"og:type\" content=\"article\" \/>\n<meta property=\"og:title\" content=\"27.02.2026 \/\/ D\u00e9(tourn\u00e9es) \u00b7 Exploration #1 | Freddy Morezon\" \/>\n<meta property=\"og:description\" content=\"Exploration Territoire Sensible Vendredi 27 f\u00e9vrier \u00b7 17h + 19h30 La Maisoun \u00b7 MJC L\u2019Isle-Jourdain dur\u00e9e : 40 min gratuit - tout public - sur r\u00e9servation D\u00e9(tourn\u00e9es) Dossier de presse D\u00e9(tourn\u00e9es) La Maisoun Pays Portes de Gascogne D\u00e9(tourn\u00e9es) est une production du collectif Freddy Morezon, r\u00e9alis\u00e9 en partenariat avec le Pays Portes de Gascogne. Ce&hellip;Continue reading &rarr;\" \/>\n<meta property=\"og:url\" content=\"https:\/\/freddymorezon.org\/nos-evenements\/27-02-2026-detournees-\u00b7-exploration-1\/\" \/>\n<meta property=\"og:site_name\" content=\"Freddy Morezon\" \/>\n<meta property=\"article:publisher\" content=\"https:\/\/www.facebook.com\/freddy.morezon\/\" \/>\n<meta property=\"article:modified_time\" content=\"2026-03-11T09:23:16+00:00\" \/>\n<meta property=\"og:image\" content=\"https:\/\/freddymorezon.org\/wp-content\/uploads\/2026\/01\/Copie-de-Vignettes-Nos-evenements.png\" \/>\n\t<meta property=\"og:image:width\" content=\"1080\" \/>\n\t<meta property=\"og:image:height\" content=\"1080\" \/>\n\t<meta property=\"og:image:type\" content=\"image\/png\" \/>\n<meta name=\"twitter:card\" content=\"summary_large_image\" \/>\n<script type=\"application\/ld+json\" class=\"yoast-schema-graph\">{\"@context\":\"https:\\\/\\\/schema.org\",\"@graph\":[{\"@type\":\"WebPage\",\"@id\":\"https:\\\/\\\/freddymorezon.org\\\/nos-evenements\\\/27-02-2026-detournees-%c2%b7-exploration-1\\\/\",\"url\":\"https:\\\/\\\/freddymorezon.org\\\/nos-evenements\\\/27-02-2026-detournees-%c2%b7-exploration-1\\\/\",\"name\":\"27.02.2026 \\\/\\\/ D\u00e9(tourn\u00e9es) \u00b7 Exploration #1 | Freddy Morezon\",\"isPartOf\":{\"@id\":\"https:\\\/\\\/freddymorezon.org\\\/#website\"},\"primaryImageOfPage\":{\"@id\":\"https:\\\/\\\/freddymorezon.org\\\/nos-evenements\\\/27-02-2026-detournees-%c2%b7-exploration-1\\\/#primaryimage\"},\"image\":{\"@id\":\"https:\\\/\\\/freddymorezon.org\\\/nos-evenements\\\/27-02-2026-detournees-%c2%b7-exploration-1\\\/#primaryimage\"},\"thumbnailUrl\":\"https:\\\/\\\/freddymorezon.org\\\/wp-content\\\/uploads\\\/2026\\\/01\\\/Copie-de-Vignettes-Nos-evenements.png\",\"datePublished\":\"2026-01-23T15:58:28+00:00\",\"dateModified\":\"2026-03-11T09:23:16+00:00\",\"breadcrumb\":{\"@id\":\"https:\\\/\\\/freddymorezon.org\\\/nos-evenements\\\/27-02-2026-detournees-%c2%b7-exploration-1\\\/#breadcrumb\"},\"inLanguage\":\"en-US\",\"potentialAction\":[{\"@type\":\"ReadAction\",\"target\":[\"https:\\\/\\\/freddymorezon.org\\\/nos-evenements\\\/27-02-2026-detournees-%c2%b7-exploration-1\\\/\"]}]},{\"@type\":\"ImageObject\",\"inLanguage\":\"en-US\",\"@id\":\"https:\\\/\\\/freddymorezon.org\\\/nos-evenements\\\/27-02-2026-detournees-%c2%b7-exploration-1\\\/#primaryimage\",\"url\":\"https:\\\/\\\/freddymorezon.org\\\/wp-content\\\/uploads\\\/2026\\\/01\\\/Copie-de-Vignettes-Nos-evenements.png\",\"contentUrl\":\"https:\\\/\\\/freddymorezon.org\\\/wp-content\\\/uploads\\\/2026\\\/01\\\/Copie-de-Vignettes-Nos-evenements.png\",\"width\":1080,\"height\":1080},{\"@type\":\"BreadcrumbList\",\"@id\":\"https:\\\/\\\/freddymorezon.org\\\/nos-evenements\\\/27-02-2026-detournees-%c2%b7-exploration-1\\\/#breadcrumb\",\"itemListElement\":[{\"@type\":\"ListItem\",\"position\":1,\"name\":\"Accueil\",\"item\":\"https:\\\/\\\/freddymorezon.org\\\/\"},{\"@type\":\"ListItem\",\"position\":2,\"name\":\"Nos \u00e9v\u00e9nements\",\"item\":\"https:\\\/\\\/freddymorezon.org\\\/nos-evenements\\\/\"},{\"@type\":\"ListItem\",\"position\":3,\"name\":\"27.02.2026 \\\/\\\/ D\u00e9(tourn\u00e9es) \u00b7 Exploration #1\"}]},{\"@type\":\"WebSite\",\"@id\":\"https:\\\/\\\/freddymorezon.org\\\/#website\",\"url\":\"https:\\\/\\\/freddymorezon.org\\\/\",\"name\":\"Freddy Morezon\",\"description\":\"jazz - musique improvis\u00e9e - esth\u00e9tiques plurielles\",\"publisher\":{\"@id\":\"https:\\\/\\\/freddymorezon.org\\\/#organization\"},\"potentialAction\":[{\"@type\":\"SearchAction\",\"target\":{\"@type\":\"EntryPoint\",\"urlTemplate\":\"https:\\\/\\\/freddymorezon.org\\\/?s={search_term_string}\"},\"query-input\":{\"@type\":\"PropertyValueSpecification\",\"valueRequired\":true,\"valueName\":\"search_term_string\"}}],\"inLanguage\":\"en-US\"},{\"@type\":\"Organization\",\"@id\":\"https:\\\/\\\/freddymorezon.org\\\/#organization\",\"name\":\"Association Freddy Morezon\",\"url\":\"https:\\\/\\\/freddymorezon.org\\\/\",\"logo\":{\"@type\":\"ImageObject\",\"inLanguage\":\"en-US\",\"@id\":\"https:\\\/\\\/freddymorezon.org\\\/#\\\/schema\\\/logo\\\/image\\\/\",\"url\":\"https:\\\/\\\/freddymorezon.org\\\/wp-content\\\/uploads\\\/2016\\\/02\\\/mini-logo-header-site2.jpg\",\"contentUrl\":\"https:\\\/\\\/freddymorezon.org\\\/wp-content\\\/uploads\\\/2016\\\/02\\\/mini-logo-header-site2.jpg\",\"width\":234,\"height\":174,\"caption\":\"Association Freddy Morezon\"},\"image\":{\"@id\":\"https:\\\/\\\/freddymorezon.org\\\/#\\\/schema\\\/logo\\\/image\\\/\"},\"sameAs\":[\"https:\\\/\\\/www.facebook.com\\\/freddy.morezon\\\/\",\"https:\\\/\\\/www.instagram.com\\\/freddymorezon\\\/\",\"https:\\\/\\\/www.youtube.com\\\/user\\\/freddymorezon\",\"https:\\\/\\\/fr.linkedin.com\\\/company\\\/freddy-morezon-p.r.o.d.\"]}]}<\/script>\n<!-- \/ Yoast SEO plugin. -->","yoast_head_json":{"title":"27.02.2026 \/\/ D\u00e9(tourn\u00e9es) \u00b7 Exploration #1 | Freddy Morezon","robots":{"index":"index","follow":"follow","max-snippet":"max-snippet:-1","max-image-preview":"max-image-preview:large","max-video-preview":"max-video-preview:-1"},"canonical":"https:\/\/freddymorezon.org\/nos-evenements\/27-02-2026-detournees-\u00b7-exploration-1\/","og_locale":"en_US","og_type":"article","og_title":"27.02.2026 \/\/ D\u00e9(tourn\u00e9es) \u00b7 Exploration #1 | Freddy Morezon","og_description":"Exploration Territoire Sensible Vendredi 27 f\u00e9vrier \u00b7 17h + 19h30 La Maisoun \u00b7 MJC L\u2019Isle-Jourdain dur\u00e9e : 40 min gratuit - tout public - sur r\u00e9servation D\u00e9(tourn\u00e9es) Dossier de presse D\u00e9(tourn\u00e9es) La Maisoun Pays Portes de Gascogne D\u00e9(tourn\u00e9es) est une production du collectif Freddy Morezon, r\u00e9alis\u00e9 en partenariat avec le Pays Portes de Gascogne. Ce&hellip;Continue reading &rarr;","og_url":"https:\/\/freddymorezon.org\/nos-evenements\/27-02-2026-detournees-\u00b7-exploration-1\/","og_site_name":"Freddy Morezon","article_publisher":"https:\/\/www.facebook.com\/freddy.morezon\/","article_modified_time":"2026-03-11T09:23:16+00:00","og_image":[{"width":1080,"height":1080,"url":"https:\/\/freddymorezon.org\/wp-content\/uploads\/2026\/01\/Copie-de-Vignettes-Nos-evenements.png","type":"image\/png"}],"twitter_card":"summary_large_image","schema":{"@context":"https:\/\/schema.org","@graph":[{"@type":"WebPage","@id":"https:\/\/freddymorezon.org\/nos-evenements\/27-02-2026-detournees-%c2%b7-exploration-1\/","url":"https:\/\/freddymorezon.org\/nos-evenements\/27-02-2026-detournees-%c2%b7-exploration-1\/","name":"27.02.2026 \/\/ D\u00e9(tourn\u00e9es) \u00b7 Exploration #1 | Freddy Morezon","isPartOf":{"@id":"https:\/\/freddymorezon.org\/#website"},"primaryImageOfPage":{"@id":"https:\/\/freddymorezon.org\/nos-evenements\/27-02-2026-detournees-%c2%b7-exploration-1\/#primaryimage"},"image":{"@id":"https:\/\/freddymorezon.org\/nos-evenements\/27-02-2026-detournees-%c2%b7-exploration-1\/#primaryimage"},"thumbnailUrl":"https:\/\/freddymorezon.org\/wp-content\/uploads\/2026\/01\/Copie-de-Vignettes-Nos-evenements.png","datePublished":"2026-01-23T15:58:28+00:00","dateModified":"2026-03-11T09:23:16+00:00","breadcrumb":{"@id":"https:\/\/freddymorezon.org\/nos-evenements\/27-02-2026-detournees-%c2%b7-exploration-1\/#breadcrumb"},"inLanguage":"en-US","potentialAction":[{"@type":"ReadAction","target":["https:\/\/freddymorezon.org\/nos-evenements\/27-02-2026-detournees-%c2%b7-exploration-1\/"]}]},{"@type":"ImageObject","inLanguage":"en-US","@id":"https:\/\/freddymorezon.org\/nos-evenements\/27-02-2026-detournees-%c2%b7-exploration-1\/#primaryimage","url":"https:\/\/freddymorezon.org\/wp-content\/uploads\/2026\/01\/Copie-de-Vignettes-Nos-evenements.png","contentUrl":"https:\/\/freddymorezon.org\/wp-content\/uploads\/2026\/01\/Copie-de-Vignettes-Nos-evenements.png","width":1080,"height":1080},{"@type":"BreadcrumbList","@id":"https:\/\/freddymorezon.org\/nos-evenements\/27-02-2026-detournees-%c2%b7-exploration-1\/#breadcrumb","itemListElement":[{"@type":"ListItem","position":1,"name":"Accueil","item":"https:\/\/freddymorezon.org\/"},{"@type":"ListItem","position":2,"name":"Nos \u00e9v\u00e9nements","item":"https:\/\/freddymorezon.org\/nos-evenements\/"},{"@type":"ListItem","position":3,"name":"27.02.2026 \/\/ D\u00e9(tourn\u00e9es) \u00b7 Exploration #1"}]},{"@type":"WebSite","@id":"https:\/\/freddymorezon.org\/#website","url":"https:\/\/freddymorezon.org\/","name":"Freddy Morezon","description":"jazz - musique improvis\u00e9e - esth\u00e9tiques plurielles","publisher":{"@id":"https:\/\/freddymorezon.org\/#organization"},"potentialAction":[{"@type":"SearchAction","target":{"@type":"EntryPoint","urlTemplate":"https:\/\/freddymorezon.org\/?s={search_term_string}"},"query-input":{"@type":"PropertyValueSpecification","valueRequired":true,"valueName":"search_term_string"}}],"inLanguage":"en-US"},{"@type":"Organization","@id":"https:\/\/freddymorezon.org\/#organization","name":"Association Freddy Morezon","url":"https:\/\/freddymorezon.org\/","logo":{"@type":"ImageObject","inLanguage":"en-US","@id":"https:\/\/freddymorezon.org\/#\/schema\/logo\/image\/","url":"https:\/\/freddymorezon.org\/wp-content\/uploads\/2016\/02\/mini-logo-header-site2.jpg","contentUrl":"https:\/\/freddymorezon.org\/wp-content\/uploads\/2016\/02\/mini-logo-header-site2.jpg","width":234,"height":174,"caption":"Association Freddy Morezon"},"image":{"@id":"https:\/\/freddymorezon.org\/#\/schema\/logo\/image\/"},"sameAs":["https:\/\/www.facebook.com\/freddy.morezon\/","https:\/\/www.instagram.com\/freddymorezon\/","https:\/\/www.youtube.com\/user\/freddymorezon","https:\/\/fr.linkedin.com\/company\/freddy-morezon-p.r.o.d."]}]}},"_links":{"self":[{"href":"https:\/\/freddymorezon.org\/en\/wp-json\/wp\/v2\/pages\/24849","targetHints":{"allow":["GET"]}}],"collection":[{"href":"https:\/\/freddymorezon.org\/en\/wp-json\/wp\/v2\/pages"}],"about":[{"href":"https:\/\/freddymorezon.org\/en\/wp-json\/wp\/v2\/types\/page"}],"author":[{"embeddable":true,"href":"https:\/\/freddymorezon.org\/en\/wp-json\/wp\/v2\/users\/1"}],"replies":[{"embeddable":true,"href":"https:\/\/freddymorezon.org\/en\/wp-json\/wp\/v2\/comments?post=24849"}],"version-history":[{"count":7,"href":"https:\/\/freddymorezon.org\/en\/wp-json\/wp\/v2\/pages\/24849\/revisions"}],"predecessor-version":[{"id":24859,"href":"https:\/\/freddymorezon.org\/en\/wp-json\/wp\/v2\/pages\/24849\/revisions\/24859"}],"up":[{"embeddable":true,"href":"https:\/\/freddymorezon.org\/en\/wp-json\/wp\/v2\/pages\/10655"}],"wp:featuredmedia":[{"embeddable":true,"href":"https:\/\/freddymorezon.org\/en\/wp-json\/wp\/v2\/media\/24853"}],"wp:attachment":[{"href":"https:\/\/freddymorezon.org\/en\/wp-json\/wp\/v2\/media?parent=24849"}],"wp:term":[{"taxonomy":"category","embeddable":true,"href":"https:\/\/freddymorezon.org\/en\/wp-json\/wp\/v2\/categories?post=24849"},{"taxonomy":"post_tag","embeddable":true,"href":"https:\/\/freddymorezon.org\/en\/wp-json\/wp\/v2\/tags?post=24849"}],"curies":[{"name":"wp","href":"https:\/\/api.w.org\/{rel}","templated":true}]}}