
{"id":24890,"date":"2026-01-27T13:12:09","date_gmt":"2026-01-27T11:12:09","guid":{"rendered":"https:\/\/freddymorezon.org\/?page_id=24890"},"modified":"2026-04-09T16:22:49","modified_gmt":"2026-04-09T14:22:49","slug":"27-03-26-detournees-%c2%b7-performance-lecture-musicale","status":"publish","type":"page","link":"https:\/\/freddymorezon.org\/en\/nos-evenements\/27-03-26-detournees-%c2%b7-performance-lecture-musicale\/","title":{"rendered":"27.03.26 \/\/ D\u00e9(tourn\u00e9es) \u00b7 Performance lecture-musicale"},"content":{"rendered":"<div id=\"pl-24890\"  class=\"panel-layout\" ><div id=\"pg-24890-0\"  class=\"panel-grid panel-no-style\" ><div id=\"pgc-24890-0-0\"  class=\"panel-grid-cell\" ><div id=\"panel-24890-0-0-0\" class=\"so-panel widget widget_sow-image panel-first-child\" data-index=\"0\" ><div\n\t\t\t\n\t\t\tclass=\"so-widget-sow-image so-widget-sow-image-default-8b5b6f678277-24890\"\n\t\t\t\n\t\t>\n<div class=\"sow-image-container\">\n\t\t<img \n\tsrc=\"https:\/\/freddymorezon.org\/wp-content\/uploads\/2026\/01\/34.png\" width=\"1080\" height=\"1080\" srcset=\"https:\/\/freddymorezon.org\/wp-content\/uploads\/2026\/01\/34.png 1080w, https:\/\/freddymorezon.org\/wp-content\/uploads\/2026\/01\/34-800x800.png 800w, https:\/\/freddymorezon.org\/wp-content\/uploads\/2026\/01\/34-150x150.png 150w, https:\/\/freddymorezon.org\/wp-content\/uploads\/2026\/01\/34-400x400.png 400w, https:\/\/freddymorezon.org\/wp-content\/uploads\/2026\/01\/34-100x100.png 100w, https:\/\/freddymorezon.org\/wp-content\/uploads\/2026\/01\/34-300x300.png 300w\" sizes=\"(max-width: 1080px) 100vw, 1080px\" alt=\"\" \t\tclass=\"so-widget-image\"\/>\n\t<\/div>\n\n<\/div><\/div><div id=\"panel-24890-0-0-1\" class=\"so-panel widget widget_sow-headline\" data-index=\"1\" ><div\n\t\t\t\n\t\t\tclass=\"so-widget-sow-headline so-widget-sow-headline-default-7f8f2d03a0dd-24890\"\n\t\t\t\n\t\t><div class=\"sow-headline-container \">\n\t\t\t\t\t\t<div class=\"decoration\">\n\t\t\t\t\t\t<div class=\"decoration-inside\"><\/div>\n\t\t\t\t\t<\/div>\n\t\t\t\t\t<\/div>\n<\/div><\/div><div id=\"panel-24890-0-0-2\" class=\"so-panel widget widget_sow-editor\" data-index=\"2\" ><div\n\t\t\t\n\t\t\tclass=\"so-widget-sow-editor so-widget-sow-editor-base\"\n\t\t\t\n\t\t><h3 class=\"widget-title\">INFOS PRATIQUES<\/h3>\n<div class=\"siteorigin-widget-tinymce textwidget\">\n\t<p class=\"cvGsUA direction-ltr align-start para-style-body\"><span class=\"a_GcMg font-feature-liga-off font-feature-clig-off font-feature-calt-off text-decoration-none text-strikethrough-none\"><strong>Performance Lecture musicale<\/strong><br \/>\n<\/span><span class=\"a_GcMg font-feature-liga-off font-feature-clig-off font-feature-calt-off text-decoration-none text-strikethrough-none\">Vendredi 27 mars<\/span><span class=\"a_GcMg font-feature-liga-off font-feature-clig-off font-feature-calt-off text-decoration-none text-strikethrough-none\"> 2026<br \/>\n<\/span><span class=\"a_GcMg font-feature-liga-off font-feature-clig-off font-feature-calt-off text-decoration-none text-strikethrough-none\">Salle de lecture des Archives d\u00e9partementales<br \/>\n81 route de Pessan \u00b7 Auch<br \/>\n<\/span><span class=\"a_GcMg font-feature-liga-off font-feature-clig-off font-feature-calt-off text-decoration-none text-strikethrough-none\">14h30 \u00b7 repr\u00e9sentation scolaire<br \/>\n<\/span><span class=\"a_GcMg font-feature-liga-off font-feature-clig-off font-feature-calt-off text-decoration-none text-strikethrough-none\">19h00 \u00b7 repr\u00e9sentation tout public<br \/>\n<\/span><span class=\"a_GcMg font-feature-liga-off font-feature-clig-off font-feature-calt-off text-decoration-none text-strikethrough-none\">gratuit \u00b7 sur r\u00e9servation : 05 62 67 47 67 \u00b7<\/span> <span class=\"a_GcMg font-feature-liga-off font-feature-clig-off font-feature-calt-off text-decoration-none text-strikethrough-none\"><a href=\"mailto:archives32@gers.fr\">archives32@gers.fr<\/a><br \/>\n<\/span><span class=\"a_GcMg font-feature-liga-off font-feature-clig-off font-feature-calt-off text-decoration-none text-strikethrough-none\">tout public<\/span><\/p>\n<\/div>\n<\/div><\/div><div id=\"panel-24890-0-0-3\" class=\"so-panel widget widget_sow-button\" data-index=\"3\" ><div\n\t\t\t\n\t\t\tclass=\"so-widget-sow-button so-widget-sow-button-flat-5192bebda948-24890\"\n\t\t\t\n\t\t><div class=\"ow-button-base ow-button-align-center\"\n>\n\t\t\t<a\n\t\t\t\t\thref=\"https:\/\/www.archives32.fr\/lagenda-culturel-du-1er-semestre-2026\/\"\n\t\t\t\t\tclass=\"sowb-button ow-icon-placement-left ow-button-hover\" \t>\n\t\t<span>\n\t\t\t\n\t\t\t+ D'INFOS\t\t<\/span>\n\t\t\t<\/a>\n\t<\/div>\n<\/div><\/div><div id=\"panel-24890-0-0-4\" class=\"so-panel widget widget_sow-headline\" data-index=\"4\" ><div\n\t\t\t\n\t\t\tclass=\"so-widget-sow-headline so-widget-sow-headline-default-7f8f2d03a0dd-24890\"\n\t\t\t\n\t\t><div class=\"sow-headline-container \">\n\t\t\t\t\t\t<div class=\"decoration\">\n\t\t\t\t\t\t<div class=\"decoration-inside\"><\/div>\n\t\t\t\t\t<\/div>\n\t\t\t\t\t<\/div>\n<\/div><\/div><div id=\"panel-24890-0-0-5\" class=\"so-panel widget widget_sow-editor\" data-index=\"5\" ><div\n\t\t\t\n\t\t\tclass=\"so-widget-sow-editor so-widget-sow-editor-base\"\n\t\t\t\n\t\t><h3 class=\"widget-title\">LIENS<\/h3>\n<div class=\"siteorigin-widget-tinymce textwidget\">\n\t<p><a href=\"https:\/\/freddymorezon.org\/projets-de-territoire\/projet-de-territoire-gers\/\">D\u00e9(tourn\u00e9es)<\/a><br \/>\n<a href=\"https:\/\/freddymorezon.org\/wp-content\/uploads\/2026\/01\/DOSSIER-DE-PRESSE-Detournees-2026-def.pdf\">Dossier de presse D\u00e9(tourn\u00e9es)<\/a><\/p>\n<p><a href=\"https:\/\/www.archives32.fr\/lagenda-culturel-du-1er-semestre-2026\/\">Archives d\u00e9partementales du Gers<\/a><br \/>\n<a href=\"https:\/\/www.paysportesdegascogne.com\/\">Pays Portes de Gascogne<\/a><\/p>\n<\/div>\n<\/div><\/div><div id=\"panel-24890-0-0-6\" class=\"so-panel widget widget_sow-headline\" data-index=\"6\" ><div\n\t\t\t\n\t\t\tclass=\"so-widget-sow-headline so-widget-sow-headline-default-7f8f2d03a0dd-24890\"\n\t\t\t\n\t\t><div class=\"sow-headline-container \">\n\t\t\t\t\t\t<div class=\"decoration\">\n\t\t\t\t\t\t<div class=\"decoration-inside\"><\/div>\n\t\t\t\t\t<\/div>\n\t\t\t\t\t<\/div>\n<\/div><\/div><div id=\"panel-24890-0-0-7\" class=\"so-panel widget widget_sow-editor\" data-index=\"7\" ><div\n\t\t\t\n\t\t\tclass=\"so-widget-sow-editor so-widget-sow-editor-base\"\n\t\t\t\n\t\t><h3 class=\"widget-title\">PARTENAIRES<\/h3>\n<div class=\"siteorigin-widget-tinymce textwidget\">\n\t<p><em>D\u00e9(tourn\u00e9es) est une production du collectif Freddy Morezon, r\u00e9alis\u00e9 en partenariat avec le Pays Portes de Gascogne. <\/em><em>Ce projet b\u00e9n\u00e9ficie du soutien du programme europ\u00e9en Leader du Pays Portes de Gascogne, de la DRAC Occitanie, de la R\u00e9gion Occitanie, du Pays Portes<\/em> <em>de Gascogne et de la DAAC via la DSDEN 32. <\/em><\/p>\n<\/div>\n<\/div><\/div><div id=\"panel-24890-0-0-8\" class=\"so-panel widget widget_sow-button\" data-index=\"8\" ><div\n\t\t\t\n\t\t\tclass=\"so-widget-sow-button so-widget-sow-button-flat-5192bebda948-24890\"\n\t\t\t\n\t\t><div class=\"ow-button-base ow-button-align-center\"\n>\n\t\t\t<a\n\t\t\t\t\thref=\"https:\/\/freddymorezon.org\/projets-de-territoire\/projet-de-territoire-gers\/\"\n\t\t\t\t\tclass=\"sowb-button ow-icon-placement-left ow-button-hover\" \t>\n\t\t<span>\n\t\t\t\n\t\t\tRetour \u00e0 la page D\u00e9(tourn\u00e9es)\t\t<\/span>\n\t\t\t<\/a>\n\t<\/div>\n<\/div><\/div><div id=\"panel-24890-0-0-9\" class=\"so-panel widget widget_sow-button panel-last-child\" data-index=\"9\" ><div\n\t\t\t\n\t\t\tclass=\"so-widget-sow-button so-widget-sow-button-flat-5192bebda948-24890\"\n\t\t\t\n\t\t><div class=\"ow-button-base ow-button-align-center\"\n>\n\t\t\t<a\n\t\t\t\t\thref=\"https:\/\/freddymorezon.org\/nos-evenements\/\"\n\t\t\t\t\tclass=\"sowb-button ow-icon-placement-left ow-button-hover\" \t>\n\t\t<span>\n\t\t\t\n\t\t\tRetour \u00e0 la page \u00c9v\u00e9nements\t\t<\/span>\n\t\t\t<\/a>\n\t<\/div>\n<\/div><\/div><\/div><div id=\"pgc-24890-0-1\"  class=\"panel-grid-cell\" ><div id=\"panel-24890-0-1-0\" class=\"so-panel widget widget_sow-headline panel-first-child\" data-index=\"10\" ><div\n\t\t\t\n\t\t\tclass=\"so-widget-sow-headline so-widget-sow-headline-default-44f6e7c37f02-24890\"\n\t\t\t\n\t\t><div class=\"sow-headline-container \">\n\t\t\t\t\t\t\t<h2 class=\"sow-headline\">\n\t\t\t\t\t\tD\u00e9(tourn\u00e9es) \/\/ Performance lecture musicale\t\t\t\t\t\t<\/h2>\n\t\t\t\t\t\t\t\t\t\t\t<div class=\"decoration\">\n\t\t\t\t\t\t<div class=\"decoration-inside\"><\/div>\n\t\t\t\t\t<\/div>\n\t\t\t\t\t<\/div>\n<\/div><\/div><div id=\"panel-24890-0-1-1\" class=\"so-panel widget widget_sow-editor\" data-index=\"11\" ><div\n\t\t\t\n\t\t\tclass=\"so-widget-sow-editor so-widget-sow-editor-base\"\n\t\t\t\n\t\t>\n<div class=\"siteorigin-widget-tinymce textwidget\">\n\t<p class=\"cvGsUA direction-ltr align-justify para-style-body\"><span class=\"a_GcMg font-feature-liga-off font-feature-clig-off font-feature-calt-off text-decoration-none text-strikethrough-none\">D\u00e9(tourn\u00e9es) <\/span><span class=\"a_GcMg font-feature-liga-off font-feature-clig-off font-feature-calt-off text-decoration-none text-strikethrough-none\">est un projet artistique et culturel de territoire qui se d\u00e9roule au long cours sur le territoire du <\/span><span class=\"a_GcMg font-feature-liga-off font-feature-clig-off font-feature-calt-off text-decoration-none text-strikethrough-none\">Pays Portes de Gascogne<\/span><span class=\"a_GcMg font-feature-liga-off font-feature-clig-off font-feature-calt-off text-decoration-none text-strikethrough-none\">.<\/span><\/p>\n<p class=\"cvGsUA direction-ltr align-justify para-style-body\"><span class=\"a_GcMg font-feature-liga-off font-feature-clig-off font-feature-calt-off text-decoration-none text-strikethrough-none\">Chaque phase comprend un laboratoire de recherche \u00e0 partir des mati\u00e8res collect\u00e9es sur le territoire par les artistes et musicien\u00b7nes du <\/span><span class=\"a_GcMg font-feature-liga-off font-feature-clig-off font-feature-calt-off text-decoration-none text-strikethrough-none\">collectif Freddy Morezon<\/span><span class=\"a_GcMg font-feature-liga-off font-feature-clig-off font-feature-calt-off text-decoration-none text-strikethrough-none\">. Pour partager et rendre public ce travail in situ, nous vous donnons rendez-vous lors de temps baptis\u00e9s <\/span><span class=\"a_GcMg font-feature-liga-off font-feature-clig-off font-feature-calt-off text-decoration-none text-strikethrough-none\">EXPLORATIONS<\/span><span class=\"a_GcMg font-feature-liga-off font-feature-clig-off font-feature-calt-off text-decoration-none text-strikethrough-none\"> : ces spectacles gratuits sont \u00e0 vivre seul\u00b7e, en famille, entre ami\u00b7es.<\/span><\/p>\n<p><span class=\"a_GcMg font-feature-liga-off font-feature-clig-off font-feature-calt-off text-decoration-none text-strikethrough-none\">Trois musiciens du collectif Freddy Morezon investissent les Archives d\u00e9partementales du Gers pour mettre en sons et en mots La D\u00e9p\u00eache Auscitaine parue exactement un si\u00e8cle plus t\u00f4t, le 27 mars 1926. Cette date anniversaire devient un miroir tendu entre notre \u00e9poque et celle de l\u2019entre-deux-guerres. La performance traverse conseils de beaut\u00e9, faits divers, sports ou petites annonces. En s\u2019emparant d\u2019un journal centenaire, ils op\u00e8rent un pas de c\u00f4t\u00e9 pour interroger l\u2019\u00e9volution de l\u2019information, la mont\u00e9e du populisme ou la place des femmes dans la soci\u00e9t\u00e9.<\/span><\/p>\n<p class=\"cvGsUA direction-ltr align-start para-style-body\"><span class=\"a_GcMg font-feature-liga-off font-feature-clig-off font-feature-calt-off text-decoration-none text-strikethrough-none\"><strong>AVEC LES ARTISTES<\/strong> <\/span><span class=\"a_GcMg font-feature-liga-off font-feature-clig-off font-feature-calt-off text-decoration-none text-strikethrough-none\">Marc D\u00e9mereau - Luc Fagoaga - Laurent Paris<\/span><\/p>\n<\/div>\n<\/div><\/div><div id=\"panel-24890-0-1-2\" class=\"so-panel widget widget_sow-image panel-last-child\" data-index=\"12\" ><div\n\t\t\t\n\t\t\tclass=\"so-widget-sow-image so-widget-sow-image-default-8b5b6f678277-24890\"\n\t\t\t\n\t\t><\/div><\/div><\/div><\/div><\/div>","protected":false},"excerpt":{"rendered":"<p>Performance Lecture musicale Vendredi 27 mars 2026 Salle de lecture des Archives d\u00e9partementales 81 route de Pessan \u00b7 Auch 14h30 \u00b7 repr\u00e9sentation scolaire 19h00 \u00b7 repr\u00e9sentation tout public gratuit \u00b7 sur r\u00e9servation : 05 62 67 47 67 \u00b7 archives32@gers.fr tout public D\u00e9(tourn\u00e9es) Dossier de presse D\u00e9(tourn\u00e9es) Archives d\u00e9partementales du Gers Pays Portes de Gascogne<\/p>\n","protected":false},"author":1,"featured_media":0,"parent":10655,"menu_order":0,"comment_status":"closed","ping_status":"closed","template":"page-templates\/full-width.php","meta":{"om_disable_all_campaigns":false,"_monsterinsights_skip_tracking":false,"_monsterinsights_sitenote_active":false,"_monsterinsights_sitenote_note":"","_monsterinsights_sitenote_category":0,"_uf_show_specific_survey":0,"_uf_disable_surveys":false,"footnotes":""},"categories":[1401],"tags":[],"class_list":["post-24890","page","type-page","status-publish","hentry","category-nos-evenements-passes"],"aioseo_notices":[],"yoast_head":"<!-- This site is optimized with the Yoast SEO plugin v27.3 - https:\/\/yoast.com\/product\/yoast-seo-wordpress\/ -->\n<title>27.03.26 \/\/ D\u00e9(tourn\u00e9es) \u00b7 Performance lecture-musicale | Freddy Morezon<\/title>\n<meta name=\"robots\" content=\"index, follow, max-snippet:-1, max-image-preview:large, max-video-preview:-1\" \/>\n<link rel=\"canonical\" href=\"https:\/\/freddymorezon.org\/nos-evenements\/27-03-26-detournees-\u00b7-performance-lecture-musicale\/\" \/>\n<meta property=\"og:locale\" content=\"en_US\" \/>\n<meta property=\"og:type\" content=\"article\" \/>\n<meta property=\"og:title\" content=\"27.03.26 \/\/ D\u00e9(tourn\u00e9es) \u00b7 Performance lecture-musicale | Freddy Morezon\" \/>\n<meta property=\"og:description\" content=\"Performance Lecture musicale Vendredi 27 mars 2026 Salle de lecture des Archives d\u00e9partementales 81 route de Pessan \u00b7 Auch 14h30 \u00b7 repr\u00e9sentation scolaire 19h00 \u00b7 repr\u00e9sentation tout public gratuit \u00b7 sur r\u00e9servation : 05 62 67 47 67 \u00b7 archives32@gers.fr tout public D\u00e9(tourn\u00e9es) Dossier de presse D\u00e9(tourn\u00e9es) Archives d\u00e9partementales du Gers Pays Portes de Gascogne\" \/>\n<meta property=\"og:url\" content=\"https:\/\/freddymorezon.org\/nos-evenements\/27-03-26-detournees-\u00b7-performance-lecture-musicale\/\" \/>\n<meta property=\"og:site_name\" content=\"Freddy Morezon\" \/>\n<meta property=\"article:publisher\" content=\"https:\/\/www.facebook.com\/freddy.morezon\/\" \/>\n<meta property=\"article:modified_time\" content=\"2026-04-09T14:22:49+00:00\" \/>\n<meta property=\"og:image\" content=\"https:\/\/freddymorezon.org\/wp-content\/uploads\/2016\/02\/mini-logo-header-site2.jpg\" \/>\n\t<meta property=\"og:image:width\" content=\"234\" \/>\n\t<meta property=\"og:image:height\" content=\"174\" \/>\n\t<meta property=\"og:image:type\" content=\"image\/jpeg\" \/>\n<meta name=\"twitter:card\" content=\"summary_large_image\" \/>\n<script type=\"application\/ld+json\" class=\"yoast-schema-graph\">{\"@context\":\"https:\\\/\\\/schema.org\",\"@graph\":[{\"@type\":\"WebPage\",\"@id\":\"https:\\\/\\\/freddymorezon.org\\\/nos-evenements\\\/27-03-26-detournees-%c2%b7-performance-lecture-musicale\\\/\",\"url\":\"https:\\\/\\\/freddymorezon.org\\\/nos-evenements\\\/27-03-26-detournees-%c2%b7-performance-lecture-musicale\\\/\",\"name\":\"27.03.26 \\\/\\\/ D\u00e9(tourn\u00e9es) \u00b7 Performance lecture-musicale | Freddy Morezon\",\"isPartOf\":{\"@id\":\"https:\\\/\\\/freddymorezon.org\\\/#website\"},\"datePublished\":\"2026-01-27T11:12:09+00:00\",\"dateModified\":\"2026-04-09T14:22:49+00:00\",\"breadcrumb\":{\"@id\":\"https:\\\/\\\/freddymorezon.org\\\/nos-evenements\\\/27-03-26-detournees-%c2%b7-performance-lecture-musicale\\\/#breadcrumb\"},\"inLanguage\":\"en-US\",\"potentialAction\":[{\"@type\":\"ReadAction\",\"target\":[\"https:\\\/\\\/freddymorezon.org\\\/nos-evenements\\\/27-03-26-detournees-%c2%b7-performance-lecture-musicale\\\/\"]}]},{\"@type\":\"BreadcrumbList\",\"@id\":\"https:\\\/\\\/freddymorezon.org\\\/nos-evenements\\\/27-03-26-detournees-%c2%b7-performance-lecture-musicale\\\/#breadcrumb\",\"itemListElement\":[{\"@type\":\"ListItem\",\"position\":1,\"name\":\"Accueil\",\"item\":\"https:\\\/\\\/freddymorezon.org\\\/\"},{\"@type\":\"ListItem\",\"position\":2,\"name\":\"Nos \u00e9v\u00e9nements\",\"item\":\"https:\\\/\\\/freddymorezon.org\\\/nos-evenements\\\/\"},{\"@type\":\"ListItem\",\"position\":3,\"name\":\"27.03.26 \\\/\\\/ D\u00e9(tourn\u00e9es) \u00b7 Performance lecture-musicale\"}]},{\"@type\":\"WebSite\",\"@id\":\"https:\\\/\\\/freddymorezon.org\\\/#website\",\"url\":\"https:\\\/\\\/freddymorezon.org\\\/\",\"name\":\"Freddy Morezon\",\"description\":\"jazz - musique improvis\u00e9e - esth\u00e9tiques plurielles\",\"publisher\":{\"@id\":\"https:\\\/\\\/freddymorezon.org\\\/#organization\"},\"potentialAction\":[{\"@type\":\"SearchAction\",\"target\":{\"@type\":\"EntryPoint\",\"urlTemplate\":\"https:\\\/\\\/freddymorezon.org\\\/?s={search_term_string}\"},\"query-input\":{\"@type\":\"PropertyValueSpecification\",\"valueRequired\":true,\"valueName\":\"search_term_string\"}}],\"inLanguage\":\"en-US\"},{\"@type\":\"Organization\",\"@id\":\"https:\\\/\\\/freddymorezon.org\\\/#organization\",\"name\":\"Association Freddy Morezon\",\"url\":\"https:\\\/\\\/freddymorezon.org\\\/\",\"logo\":{\"@type\":\"ImageObject\",\"inLanguage\":\"en-US\",\"@id\":\"https:\\\/\\\/freddymorezon.org\\\/#\\\/schema\\\/logo\\\/image\\\/\",\"url\":\"https:\\\/\\\/freddymorezon.org\\\/wp-content\\\/uploads\\\/2016\\\/02\\\/mini-logo-header-site2.jpg\",\"contentUrl\":\"https:\\\/\\\/freddymorezon.org\\\/wp-content\\\/uploads\\\/2016\\\/02\\\/mini-logo-header-site2.jpg\",\"width\":234,\"height\":174,\"caption\":\"Association Freddy Morezon\"},\"image\":{\"@id\":\"https:\\\/\\\/freddymorezon.org\\\/#\\\/schema\\\/logo\\\/image\\\/\"},\"sameAs\":[\"https:\\\/\\\/www.facebook.com\\\/freddy.morezon\\\/\",\"https:\\\/\\\/www.instagram.com\\\/freddymorezon\\\/\",\"https:\\\/\\\/www.youtube.com\\\/user\\\/freddymorezon\",\"https:\\\/\\\/fr.linkedin.com\\\/company\\\/freddy-morezon-p.r.o.d.\"]}]}<\/script>\n<!-- \/ Yoast SEO plugin. -->","yoast_head_json":{"title":"27.03.26 \/\/ D\u00e9(tourn\u00e9es) \u00b7 Performance lecture-musicale | Freddy Morezon","robots":{"index":"index","follow":"follow","max-snippet":"max-snippet:-1","max-image-preview":"max-image-preview:large","max-video-preview":"max-video-preview:-1"},"canonical":"https:\/\/freddymorezon.org\/nos-evenements\/27-03-26-detournees-\u00b7-performance-lecture-musicale\/","og_locale":"en_US","og_type":"article","og_title":"27.03.26 \/\/ D\u00e9(tourn\u00e9es) \u00b7 Performance lecture-musicale | Freddy Morezon","og_description":"Performance Lecture musicale Vendredi 27 mars 2026 Salle de lecture des Archives d\u00e9partementales 81 route de Pessan \u00b7 Auch 14h30 \u00b7 repr\u00e9sentation scolaire 19h00 \u00b7 repr\u00e9sentation tout public gratuit \u00b7 sur r\u00e9servation : 05 62 67 47 67 \u00b7 archives32@gers.fr tout public D\u00e9(tourn\u00e9es) Dossier de presse D\u00e9(tourn\u00e9es) Archives d\u00e9partementales du Gers Pays Portes de Gascogne","og_url":"https:\/\/freddymorezon.org\/nos-evenements\/27-03-26-detournees-\u00b7-performance-lecture-musicale\/","og_site_name":"Freddy Morezon","article_publisher":"https:\/\/www.facebook.com\/freddy.morezon\/","article_modified_time":"2026-04-09T14:22:49+00:00","og_image":[{"width":234,"height":174,"url":"https:\/\/freddymorezon.org\/wp-content\/uploads\/2016\/02\/mini-logo-header-site2.jpg","type":"image\/jpeg"}],"twitter_card":"summary_large_image","schema":{"@context":"https:\/\/schema.org","@graph":[{"@type":"WebPage","@id":"https:\/\/freddymorezon.org\/nos-evenements\/27-03-26-detournees-%c2%b7-performance-lecture-musicale\/","url":"https:\/\/freddymorezon.org\/nos-evenements\/27-03-26-detournees-%c2%b7-performance-lecture-musicale\/","name":"27.03.26 \/\/ D\u00e9(tourn\u00e9es) \u00b7 Performance lecture-musicale | Freddy Morezon","isPartOf":{"@id":"https:\/\/freddymorezon.org\/#website"},"datePublished":"2026-01-27T11:12:09+00:00","dateModified":"2026-04-09T14:22:49+00:00","breadcrumb":{"@id":"https:\/\/freddymorezon.org\/nos-evenements\/27-03-26-detournees-%c2%b7-performance-lecture-musicale\/#breadcrumb"},"inLanguage":"en-US","potentialAction":[{"@type":"ReadAction","target":["https:\/\/freddymorezon.org\/nos-evenements\/27-03-26-detournees-%c2%b7-performance-lecture-musicale\/"]}]},{"@type":"BreadcrumbList","@id":"https:\/\/freddymorezon.org\/nos-evenements\/27-03-26-detournees-%c2%b7-performance-lecture-musicale\/#breadcrumb","itemListElement":[{"@type":"ListItem","position":1,"name":"Accueil","item":"https:\/\/freddymorezon.org\/"},{"@type":"ListItem","position":2,"name":"Nos \u00e9v\u00e9nements","item":"https:\/\/freddymorezon.org\/nos-evenements\/"},{"@type":"ListItem","position":3,"name":"27.03.26 \/\/ D\u00e9(tourn\u00e9es) \u00b7 Performance lecture-musicale"}]},{"@type":"WebSite","@id":"https:\/\/freddymorezon.org\/#website","url":"https:\/\/freddymorezon.org\/","name":"Freddy Morezon","description":"jazz - musique improvis\u00e9e - esth\u00e9tiques plurielles","publisher":{"@id":"https:\/\/freddymorezon.org\/#organization"},"potentialAction":[{"@type":"SearchAction","target":{"@type":"EntryPoint","urlTemplate":"https:\/\/freddymorezon.org\/?s={search_term_string}"},"query-input":{"@type":"PropertyValueSpecification","valueRequired":true,"valueName":"search_term_string"}}],"inLanguage":"en-US"},{"@type":"Organization","@id":"https:\/\/freddymorezon.org\/#organization","name":"Association Freddy Morezon","url":"https:\/\/freddymorezon.org\/","logo":{"@type":"ImageObject","inLanguage":"en-US","@id":"https:\/\/freddymorezon.org\/#\/schema\/logo\/image\/","url":"https:\/\/freddymorezon.org\/wp-content\/uploads\/2016\/02\/mini-logo-header-site2.jpg","contentUrl":"https:\/\/freddymorezon.org\/wp-content\/uploads\/2016\/02\/mini-logo-header-site2.jpg","width":234,"height":174,"caption":"Association Freddy Morezon"},"image":{"@id":"https:\/\/freddymorezon.org\/#\/schema\/logo\/image\/"},"sameAs":["https:\/\/www.facebook.com\/freddy.morezon\/","https:\/\/www.instagram.com\/freddymorezon\/","https:\/\/www.youtube.com\/user\/freddymorezon","https:\/\/fr.linkedin.com\/company\/freddy-morezon-p.r.o.d."]}]}},"_links":{"self":[{"href":"https:\/\/freddymorezon.org\/en\/wp-json\/wp\/v2\/pages\/24890","targetHints":{"allow":["GET"]}}],"collection":[{"href":"https:\/\/freddymorezon.org\/en\/wp-json\/wp\/v2\/pages"}],"about":[{"href":"https:\/\/freddymorezon.org\/en\/wp-json\/wp\/v2\/types\/page"}],"author":[{"embeddable":true,"href":"https:\/\/freddymorezon.org\/en\/wp-json\/wp\/v2\/users\/1"}],"replies":[{"embeddable":true,"href":"https:\/\/freddymorezon.org\/en\/wp-json\/wp\/v2\/comments?post=24890"}],"version-history":[{"count":2,"href":"https:\/\/freddymorezon.org\/en\/wp-json\/wp\/v2\/pages\/24890\/revisions"}],"predecessor-version":[{"id":24893,"href":"https:\/\/freddymorezon.org\/en\/wp-json\/wp\/v2\/pages\/24890\/revisions\/24893"}],"up":[{"embeddable":true,"href":"https:\/\/freddymorezon.org\/en\/wp-json\/wp\/v2\/pages\/10655"}],"wp:attachment":[{"href":"https:\/\/freddymorezon.org\/en\/wp-json\/wp\/v2\/media?parent=24890"}],"wp:term":[{"taxonomy":"category","embeddable":true,"href":"https:\/\/freddymorezon.org\/en\/wp-json\/wp\/v2\/categories?post=24890"},{"taxonomy":"post_tag","embeddable":true,"href":"https:\/\/freddymorezon.org\/en\/wp-json\/wp\/v2\/tags?post=24890"}],"curies":[{"name":"wp","href":"https:\/\/api.w.org\/{rel}","templated":true}]}}