
{"id":24913,"date":"2026-01-27T15:58:45","date_gmt":"2026-01-27T13:58:45","guid":{"rendered":"https:\/\/freddymorezon.org\/?page_id=24913"},"modified":"2026-04-16T11:06:38","modified_gmt":"2026-04-16T09:06:38","slug":"23-04-26-freddy-taquine-3","status":"publish","type":"page","link":"https:\/\/freddymorezon.org\/en\/nos-evenements\/23-04-26-freddy-taquine-3\/","title":{"rendered":"23.04.26 \/\/ Freddy Taquine #3"},"content":{"rendered":"<div id=\"pl-24913\"  class=\"panel-layout\" ><div id=\"pg-24913-0\"  class=\"panel-grid panel-no-style\" ><div id=\"pgc-24913-0-0\"  class=\"panel-grid-cell\" ><div id=\"panel-24913-0-0-0\" class=\"so-panel widget widget_sow-image panel-first-child\" data-index=\"0\" ><div\n\t\t\t\n\t\t\tclass=\"so-widget-sow-image so-widget-sow-image-default-8b5b6f678277-24913\"\n\t\t\t\n\t\t>\n<div class=\"sow-image-container\">\n\t\t<img \n\tsrc=\"https:\/\/freddymorezon.org\/wp-content\/uploads\/2026\/01\/FT-3.png\" width=\"1080\" height=\"1080\" srcset=\"https:\/\/freddymorezon.org\/wp-content\/uploads\/2026\/01\/FT-3.png 1080w, https:\/\/freddymorezon.org\/wp-content\/uploads\/2026\/01\/FT-3-800x800.png 800w, https:\/\/freddymorezon.org\/wp-content\/uploads\/2026\/01\/FT-3-150x150.png 150w, https:\/\/freddymorezon.org\/wp-content\/uploads\/2026\/01\/FT-3-400x400.png 400w, https:\/\/freddymorezon.org\/wp-content\/uploads\/2026\/01\/FT-3-100x100.png 100w, https:\/\/freddymorezon.org\/wp-content\/uploads\/2026\/01\/FT-3-300x300.png 300w\" sizes=\"(max-width: 1080px) 100vw, 1080px\" title=\"FT #3\" alt=\"\" \t\tclass=\"so-widget-image\"\/>\n\t<\/div>\n\n<\/div><\/div><div id=\"panel-24913-0-0-1\" class=\"so-panel widget widget_sow-headline\" data-index=\"1\" ><div\n\t\t\t\n\t\t\tclass=\"so-widget-sow-headline so-widget-sow-headline-default-44f6e7c37f02-24913\"\n\t\t\t\n\t\t><div class=\"sow-headline-container \">\n\t\t\t\t\t\t<div class=\"decoration\">\n\t\t\t\t\t\t<div class=\"decoration-inside\"><\/div>\n\t\t\t\t\t<\/div>\n\t\t\t\t\t<\/div>\n<\/div><\/div><div id=\"panel-24913-0-0-2\" class=\"so-panel widget widget_sow-editor\" data-index=\"2\" ><div\n\t\t\t\n\t\t\tclass=\"so-widget-sow-editor so-widget-sow-editor-base\"\n\t\t\t\n\t\t><h3 class=\"widget-title\">INFOS PRATIQUES<\/h3>\n<div class=\"siteorigin-widget-tinymce textwidget\">\n\t<p><strong>Freddy Taquine #3<\/strong><br \/>\njeudi 23 avril 2026<br \/>\nStart : 21h<\/p>\n<p>Le Taquin, 43 rue des Amidonniers, Toulouse<br \/>\nTarifs : plein 12\u20ac \/ r\u00e9duit 8\u20ac<br \/>\nbar et restauration sur place<\/p>\n<\/div>\n<\/div><\/div><div id=\"panel-24913-0-0-3\" class=\"so-panel widget widget_sow-button\" data-index=\"3\" ><div\n\t\t\t\n\t\t\tclass=\"so-widget-sow-button so-widget-sow-button-flat-a657a074bb6d-24913\"\n\t\t\t\n\t\t><div class=\"ow-button-base ow-button-align-left\"\n>\n\t\t\t<a\n\t\t\t\t\thref=\"https:\/\/www.le-taquin.fr\/\"\n\t\t\t\t\tclass=\"sowb-button ow-icon-placement-left ow-button-hover\" \t>\n\t\t<span>\n\t\t\t\n\t\t\t+ D'INFOS\t\t<\/span>\n\t\t\t<\/a>\n\t<\/div>\n<\/div><\/div><div id=\"panel-24913-0-0-4\" class=\"so-panel widget widget_sow-headline\" data-index=\"4\" ><div\n\t\t\t\n\t\t\tclass=\"so-widget-sow-headline so-widget-sow-headline-default-7f8f2d03a0dd-24913\"\n\t\t\t\n\t\t><div class=\"sow-headline-container \">\n\t\t\t\t\t\t<div class=\"decoration\">\n\t\t\t\t\t\t<div class=\"decoration-inside\"><\/div>\n\t\t\t\t\t<\/div>\n\t\t\t\t\t<\/div>\n<\/div><\/div><div id=\"panel-24913-0-0-5\" class=\"so-panel widget widget_sow-editor\" data-index=\"5\" ><div\n\t\t\t\n\t\t\tclass=\"so-widget-sow-editor so-widget-sow-editor-base\"\n\t\t\t\n\t\t><h3 class=\"widget-title\">LIENS<\/h3>\n<div class=\"siteorigin-widget-tinymce textwidget\">\n\t<p><a href=\"https:\/\/linktr.ee\/clameurs?utm_source=ig&utm_medium=social&utm_content=link_in_bio&fbclid=PAZXh0bgNhZW0CMTEAc3J0YwZhcHBfaWQMMjU2MjgxMDQwNTU4AAGnxwBmip3tIYsL1c0lvJTzO_VbeTXLhjmJ44YyA0SieclDd6PkbHnFpjrxTu0_aem_t1QFVF4DfR4-zBK3FBz0yA\">Clameurs<\/a><\/p>\n<p><a href=\"https:\/\/freddymorezon.org\/en\/artistes\/robin-fincker\/\">Robin Fincker<\/a><br \/>\n<a href=\"https:\/\/www.facebook.com\/fannylasfargues?locale=fr_FR\">Fanny Lasfargues<\/a><br \/>\n<a href=\"https:\/\/www.sebbrun.com\/\">Seb Brun<\/a><\/p>\n<p><a href=\"https:\/\/www.le-taquin.fr\/\">Le Taquin<\/a><\/p>\n<p><a href=\"https:\/\/freddymorezon.org\/wp-content\/uploads\/2026\/03\/Dossier-de-presse-Freddy-Taquine-3.pdf\">DOSSIER DE PRESSE FREDDY TAQUINE #3<\/a><\/p>\n<\/div>\n<\/div><\/div><div id=\"panel-24913-0-0-6\" class=\"so-panel widget widget_sow-button panel-last-child\" data-index=\"6\" ><div\n\t\t\t\n\t\t\tclass=\"so-widget-sow-button so-widget-sow-button-flat-a657a074bb6d-24913\"\n\t\t\t\n\t\t><div class=\"ow-button-base ow-button-align-left\"\n>\n\t\t\t<a\n\t\t\t\t\thref=\"https:\/\/freddymorezon.org\/nos-evenements\/\"\n\t\t\t\t\tclass=\"sowb-button ow-icon-placement-left ow-button-hover\" \t>\n\t\t<span>\n\t\t\t\n\t\t\tRetour \u00e0 la page \u00c9v\u00e9nements\t\t<\/span>\n\t\t\t<\/a>\n\t<\/div>\n<\/div><\/div><\/div><div id=\"pgc-24913-0-1\"  class=\"panel-grid-cell\" ><div id=\"panel-24913-0-1-0\" class=\"so-panel widget widget_sow-headline panel-first-child\" data-index=\"7\" ><div\n\t\t\t\n\t\t\tclass=\"so-widget-sow-headline so-widget-sow-headline-default-44f6e7c37f02-24913\"\n\t\t\t\n\t\t><div class=\"sow-headline-container \">\n\t\t\t\t\t\t\t<h2 class=\"sow-headline\">\n\t\t\t\t\t\tFreddy Taquine #3 \/\/ Clameurs + Robin Fincker invite Fanny Lasfargues et Seb Brun \t\t\t\t\t\t<\/h2>\n\t\t\t\t\t\t\t\t\t\t\t<div class=\"decoration\">\n\t\t\t\t\t\t<div class=\"decoration-inside\"><\/div>\n\t\t\t\t\t<\/div>\n\t\t\t\t\t<\/div>\n<\/div><\/div><div id=\"panel-24913-0-1-1\" class=\"so-panel widget widget_sow-editor\" data-index=\"8\" ><div\n\t\t\t\n\t\t\tclass=\"so-widget-sow-editor so-widget-sow-editor-base\"\n\t\t\t\n\t\t>\n<div class=\"siteorigin-widget-tinymce textwidget\">\n\t<h2>Clameurs<\/h2>\n<div>Form\u00e9 par Sarah Procissi au oud \u00e9lectro-acoustique et Jean-Christophe Bournine \u00e0 la contrebasse 5 cordes, CLAMEURS d\u00e9ploie une musique puissante, sensible, intense et contemplative.<\/div>\n<div><\/div>\n<div>Le projet est un cri, un son-manifeste, une ode \u00e0 rester vivants.<\/div>\n<div>\n<div>Du classicisme de leurs instruments, des musiques de traditions jusqu\u2019\u00e0 l\u2019avant-garde, en passant par un certain rock lourd et rugueux, le duo d\u00e9veloppe un langage propre o\u00f9 l'\u00e9l\u00e9gance des cordes croise la texture, la mati\u00e8re sonore, les riffs ent\u00eatants empreints de modalit\u00e9s orientales ou encore de minimalisme.<br \/>\nAmplifi\u00e9s, trait\u00e9s et d\u00e9multipli\u00e9s, les instruments acoustiques du duo, auxquels s'ajoutent un synth\u00e9 modulaire, se muent en une harde sonique et impr\u00e9visible.\n<\/div>\n<div>CLAMEURS convoque l'ombre et la lumi\u00e8re, la douceur et l'\u00e9nergie, le statique et la rupture dans un conte sans parole \u00e9voquant le vivant, ses contrastes et son bouillonnement. Il s'agit de \"parler\" haut, de clamer la vibration d'un monde r\u00e9el ou imaginaire, onirique et radical, d'un territoire utopique dont les contours se mat\u00e9rialisent en ondes \u00e9lectriques, murmures m\u00e9talliques et hurlements bois\u00e9s.<\/div>\n<\/div>\n<p>&nbsp;<\/p>\n<\/div>\n<\/div><\/div><div id=\"panel-24913-0-1-2\" class=\"so-panel widget widget_sow-editor\" data-index=\"9\" ><div\n\t\t\t\n\t\t\tclass=\"so-widget-sow-editor so-widget-sow-editor-base\"\n\t\t\t\n\t\t>\n<div class=\"siteorigin-widget-tinymce textwidget\">\n\t<p><iframe loading=\"lazy\" title=\"CLAMEURS - TEASER 2025 (JC Bournine et Sarah Procissi)\" width=\"790\" height=\"444\" src=\"https:\/\/www.youtube.com\/embed\/23nnOrwA72o?feature=oembed\" frameborder=\"0\" allow=\"accelerometer; autoplay; clipboard-write; encrypted-media; gyroscope; picture-in-picture; web-share\" referrerpolicy=\"strict-origin-when-cross-origin\" allowfullscreen><\/iframe><\/p>\n<\/div>\n<\/div><\/div><div id=\"panel-24913-0-1-3\" class=\"so-panel widget widget_sow-editor\" data-index=\"10\" ><div\n\t\t\t\n\t\t\tclass=\"so-widget-sow-editor so-widget-sow-editor-base\"\n\t\t\t\n\t\t>\n<div class=\"siteorigin-widget-tinymce textwidget\">\n\t<h2>Robin Fincker invite Fanny Lasfargues et Seb Brun<\/h2>\n<p class=\"cvGsUA direction-ltr align-justify para-style-body\"><span class=\"a_GcMg font-feature-liga-off font-feature-clig-off font-feature-calt-off text-decoration-none text-strikethrough-none\">20 ans que ces trois-l\u00e0 se croisent dans diff\u00e9rents projets : ces compagnons de route se sont connus au c\u0153ur de la sc\u00e8ne parisienne au d\u00e9but des ann\u00e9es 2000 . Ils ont eu depuis de nombreuses occasions de jouer les uns avec les autres, mais c\u2019est une premi\u00e8re que de les voir s\u2019associer tous les trois.<br \/>\n<\/span><span class=\"a_GcMg font-feature-liga-off font-feature-clig-off font-feature-calt-off text-decoration-none text-strikethrough-none\">Ils entament leur travail commun l\u2019hiver prochain : la rencontre du folklore de demain port\u00e9 par Robin Fincker, de la musique m\u00e9tiss\u00e9e aux racines africaines de Fanny Lasfargues et de la techno instrumentale de Seb Brun. Freddy Taquine #3 sera l\u2019opportunit\u00e9 de d\u00e9couvrir leurs premi\u00e8res exp\u00e9rimentations partag\u00e9es.<\/span><\/p>\n<p class=\"cvGsUA direction-ltr align-justify para-style-body\"><span class=\"a_GcMg font-feature-liga-off font-feature-clig-off font-feature-calt-off text-decoration-none text-strikethrough-none\">Le saxophoniste et clarinettiste fran\u00e7ais <\/span><strong><span class=\"a_GcMg font-feature-liga-off font-feature-clig-off font-feature-calt-off text-decoration-none text-strikethrough-none\">Robin Fincker<\/span><\/strong><span class=\"a_GcMg font-feature-liga-off font-feature-clig-off font-feature-calt-off text-decoration-none text-strikethrough-none\"> est une figure marquante de la sc\u00e8ne musicale cr\u00e9ative europ\u00e9enne. Il est d\u00e9crit comme un \u00ab ultra-virtuose dont chaque vague suivante instille l'impression de cr\u00e9ation \u00bb (Lib\u00e9ration) et a d\u00e9velopp\u00e9 un son instantan\u00e9ment reconnaissable par sa libert\u00e9 stylistique o\u00f9 se m\u00e9lange musiques-improvis\u00e9es, jazz, musiques folkloriques traditionnelles, rock et musique \u00e9lectronique. Musicien Freddy Morezon, il porte diff\u00e9rents projets toujours en prise avec une folk contemporaine (Bedmakers, Future Folk Stories, Vison Visu,<\/span> <span class=\"a_GcMg font-feature-liga-off font-feature-clig-off font-feature-calt-off text-decoration-none text-strikethrough-none\">Finis terrae avec Vincent Courtois ...).<\/span><\/p>\n<p class=\"cvGsUA direction-ltr align-justify para-style-body\"><strong><span class=\"a_GcMg font-feature-liga-off font-feature-clig-off font-feature-calt-off text-decoration-none text-strikethrough-none\">La bassiste <\/span><span class=\"a_GcMg font-feature-liga-off font-feature-clig-off font-feature-calt-off text-decoration-none text-strikethrough-none\">Fanny Lasfargues<\/span><\/strong><span class=\"a_GcMg font-feature-liga-off font-feature-clig-off font-feature-calt-off text-decoration-none text-strikethrough-none\"><strong> :<\/strong> \u201c elle est souvent l\u2019instigatrice d\u2019une musique organique, puissante et radicale qui se nourrit de nombreuses influences \u201d (Citizenjazz). Avec ses instruments-monde, elle cr\u00e9e une po\u00e9sie bruitiste teint\u00e9e du groove-transe de la musique africaine.<\/span><\/p>\n<p class=\"cvGsUA direction-ltr align-justify para-style-body\"><strong><span class=\"a_GcMg font-feature-liga-off font-feature-clig-off font-feature-calt-off text-decoration-none text-strikethrough-none\">S\u00e9bastien Brun <\/span><\/strong><span class=\"a_GcMg font-feature-liga-off font-feature-clig-off font-feature-calt-off text-decoration-none text-strikethrough-none\">est batteur, compositeur et producteur. Son travail se situe \u00e0 la crois\u00e9e du rythme, de l'\u00e9lectronique et de la perception sonore incarn\u00e9e. Il aborde la batterie comme un syst\u00e8me dynamique \u2013 enrichi par des processus analogiques et num\u00e9riques \u2013 g\u00e9n\u00e9rant un mat\u00e9riau sonore brut, instable et hautement tactile. Ses recherches portent sur l'empilement, la r\u00e9p\u00e9tition, la modulation de vitesse, les changements d'\u00e9chelle temporelle et le potentiel transformateur du son sur le corps.<\/span><\/p>\n<\/div>\n<\/div><\/div><div id=\"panel-24913-0-1-4\" class=\"so-panel widget widget_sow-image panel-last-child\" data-index=\"11\" ><div\n\t\t\t\n\t\t\tclass=\"so-widget-sow-image so-widget-sow-image-default-8b5b6f678277-24913\"\n\t\t\t\n\t\t>\n<div class=\"sow-image-container\">\n\t\t<img \n\tsrc=\"https:\/\/freddymorezon.org\/wp-content\/uploads\/2026\/03\/Robin-Fanny-Seb.png\" width=\"672\" height=\"314\" srcset=\"https:\/\/freddymorezon.org\/wp-content\/uploads\/2026\/03\/Robin-Fanny-Seb.png 672w, https:\/\/freddymorezon.org\/wp-content\/uploads\/2026\/03\/Robin-Fanny-Seb-400x187.png 400w\" sizes=\"(max-width: 672px) 100vw, 672px\" title=\"Robin Fanny Seb\" alt=\"\" \t\tclass=\"so-widget-image\"\/>\n\t<\/div>\n\n<\/div><\/div><\/div><\/div><\/div>","protected":false},"excerpt":{"rendered":"<p>Freddy Taquine #3 jeudi 23 avril 2026 Start : 21h Le Taquin, 43 rue des Amidonniers, Toulouse Tarifs : plein 12\u20ac \/ r\u00e9duit 8\u20ac bar et restauration sur place Clameurs Robin Fincker Fanny Lasfargues Seb Brun Le Taquin DOSSIER DE PRESSE FREDDY TAQUINE #3 Clameurs Form\u00e9 par Sarah Procissi au oud \u00e9lectro-acoustique et Jean-Christophe Bournine&hellip;<\/p>\n<p><a class=\"more-link\" href=\"https:\/\/freddymorezon.org\/en\/nos-evenements\/23-04-26-freddy-taquine-3\/\" title=\"Continue reading &lsquo;23.04.26 \/\/ Freddy Taquine #3&rsquo;\">Continue reading <span class=\"meta-nav\">&rarr;<\/span><\/a><\/p>\n","protected":false},"author":1,"featured_media":0,"parent":10655,"menu_order":0,"comment_status":"closed","ping_status":"closed","template":"page-templates\/full-width.php","meta":{"om_disable_all_campaigns":false,"_monsterinsights_skip_tracking":false,"_monsterinsights_sitenote_active":false,"_monsterinsights_sitenote_note":"","_monsterinsights_sitenote_category":0,"_uf_show_specific_survey":0,"_uf_disable_surveys":false,"footnotes":""},"categories":[800],"tags":[],"class_list":["post-24913","page","type-page","status-publish","hentry","category-nos-evenements"],"aioseo_notices":[],"yoast_head":"<!-- This site is optimized with the Yoast SEO plugin v27.4 - https:\/\/yoast.com\/product\/yoast-seo-wordpress\/ -->\n<title>23.04.26 \/\/ Freddy Taquine #3 | Freddy Morezon<\/title>\n<meta name=\"robots\" content=\"index, follow, max-snippet:-1, max-image-preview:large, max-video-preview:-1\" \/>\n<link rel=\"canonical\" href=\"https:\/\/freddymorezon.org\/nos-evenements\/23-04-26-freddy-taquine-3\/\" \/>\n<meta property=\"og:locale\" content=\"en_US\" \/>\n<meta property=\"og:type\" content=\"article\" \/>\n<meta property=\"og:title\" content=\"23.04.26 \/\/ Freddy Taquine #3 | Freddy Morezon\" \/>\n<meta property=\"og:description\" content=\"Freddy Taquine #3 jeudi 23 avril 2026 Start : 21h Le Taquin, 43 rue des Amidonniers, Toulouse Tarifs : plein 12\u20ac \/ r\u00e9duit 8\u20ac bar et restauration sur place Clameurs Robin Fincker Fanny Lasfargues Seb Brun Le Taquin DOSSIER DE PRESSE FREDDY TAQUINE #3 Clameurs Form\u00e9 par Sarah Procissi au oud \u00e9lectro-acoustique et Jean-Christophe Bournine&hellip;Continue reading &rarr;\" \/>\n<meta property=\"og:url\" content=\"https:\/\/freddymorezon.org\/nos-evenements\/23-04-26-freddy-taquine-3\/\" \/>\n<meta property=\"og:site_name\" content=\"Freddy Morezon\" \/>\n<meta property=\"article:publisher\" content=\"https:\/\/www.facebook.com\/freddy.morezon\/\" \/>\n<meta property=\"article:modified_time\" content=\"2026-04-16T09:06:38+00:00\" \/>\n<meta property=\"og:image\" content=\"https:\/\/freddymorezon.org\/wp-content\/uploads\/2016\/02\/mini-logo-header-site2.jpg\" \/>\n\t<meta property=\"og:image:width\" content=\"234\" \/>\n\t<meta property=\"og:image:height\" content=\"174\" \/>\n\t<meta property=\"og:image:type\" content=\"image\/jpeg\" \/>\n<meta name=\"twitter:card\" content=\"summary_large_image\" \/>\n<script type=\"application\/ld+json\" class=\"yoast-schema-graph\">{\"@context\":\"https:\\\/\\\/schema.org\",\"@graph\":[{\"@type\":\"WebPage\",\"@id\":\"https:\\\/\\\/freddymorezon.org\\\/nos-evenements\\\/23-04-26-freddy-taquine-3\\\/\",\"url\":\"https:\\\/\\\/freddymorezon.org\\\/nos-evenements\\\/23-04-26-freddy-taquine-3\\\/\",\"name\":\"23.04.26 \\\/\\\/ Freddy Taquine #3 | Freddy Morezon\",\"isPartOf\":{\"@id\":\"https:\\\/\\\/freddymorezon.org\\\/#website\"},\"datePublished\":\"2026-01-27T13:58:45+00:00\",\"dateModified\":\"2026-04-16T09:06:38+00:00\",\"breadcrumb\":{\"@id\":\"https:\\\/\\\/freddymorezon.org\\\/nos-evenements\\\/23-04-26-freddy-taquine-3\\\/#breadcrumb\"},\"inLanguage\":\"en-US\",\"potentialAction\":[{\"@type\":\"ReadAction\",\"target\":[\"https:\\\/\\\/freddymorezon.org\\\/nos-evenements\\\/23-04-26-freddy-taquine-3\\\/\"]}]},{\"@type\":\"BreadcrumbList\",\"@id\":\"https:\\\/\\\/freddymorezon.org\\\/nos-evenements\\\/23-04-26-freddy-taquine-3\\\/#breadcrumb\",\"itemListElement\":[{\"@type\":\"ListItem\",\"position\":1,\"name\":\"Accueil\",\"item\":\"https:\\\/\\\/freddymorezon.org\\\/\"},{\"@type\":\"ListItem\",\"position\":2,\"name\":\"Nos \u00e9v\u00e9nements\",\"item\":\"https:\\\/\\\/freddymorezon.org\\\/nos-evenements\\\/\"},{\"@type\":\"ListItem\",\"position\":3,\"name\":\"23.04.26 \\\/\\\/ Freddy Taquine #3\"}]},{\"@type\":\"WebSite\",\"@id\":\"https:\\\/\\\/freddymorezon.org\\\/#website\",\"url\":\"https:\\\/\\\/freddymorezon.org\\\/\",\"name\":\"Freddy Morezon\",\"description\":\"jazz - musique improvis\u00e9e - esth\u00e9tiques plurielles\",\"publisher\":{\"@id\":\"https:\\\/\\\/freddymorezon.org\\\/#organization\"},\"potentialAction\":[{\"@type\":\"SearchAction\",\"target\":{\"@type\":\"EntryPoint\",\"urlTemplate\":\"https:\\\/\\\/freddymorezon.org\\\/?s={search_term_string}\"},\"query-input\":{\"@type\":\"PropertyValueSpecification\",\"valueRequired\":true,\"valueName\":\"search_term_string\"}}],\"inLanguage\":\"en-US\"},{\"@type\":\"Organization\",\"@id\":\"https:\\\/\\\/freddymorezon.org\\\/#organization\",\"name\":\"Association Freddy Morezon\",\"url\":\"https:\\\/\\\/freddymorezon.org\\\/\",\"logo\":{\"@type\":\"ImageObject\",\"inLanguage\":\"en-US\",\"@id\":\"https:\\\/\\\/freddymorezon.org\\\/#\\\/schema\\\/logo\\\/image\\\/\",\"url\":\"https:\\\/\\\/freddymorezon.org\\\/wp-content\\\/uploads\\\/2016\\\/02\\\/mini-logo-header-site2.jpg\",\"contentUrl\":\"https:\\\/\\\/freddymorezon.org\\\/wp-content\\\/uploads\\\/2016\\\/02\\\/mini-logo-header-site2.jpg\",\"width\":234,\"height\":174,\"caption\":\"Association Freddy Morezon\"},\"image\":{\"@id\":\"https:\\\/\\\/freddymorezon.org\\\/#\\\/schema\\\/logo\\\/image\\\/\"},\"sameAs\":[\"https:\\\/\\\/www.facebook.com\\\/freddy.morezon\\\/\",\"https:\\\/\\\/www.instagram.com\\\/freddymorezon\\\/\",\"https:\\\/\\\/www.youtube.com\\\/user\\\/freddymorezon\",\"https:\\\/\\\/fr.linkedin.com\\\/company\\\/freddy-morezon-p.r.o.d.\"]}]}<\/script>\n<!-- \/ Yoast SEO plugin. -->","yoast_head_json":{"title":"23.04.26 \/\/ Freddy Taquine #3 | Freddy Morezon","robots":{"index":"index","follow":"follow","max-snippet":"max-snippet:-1","max-image-preview":"max-image-preview:large","max-video-preview":"max-video-preview:-1"},"canonical":"https:\/\/freddymorezon.org\/nos-evenements\/23-04-26-freddy-taquine-3\/","og_locale":"en_US","og_type":"article","og_title":"23.04.26 \/\/ Freddy Taquine #3 | Freddy Morezon","og_description":"Freddy Taquine #3 jeudi 23 avril 2026 Start : 21h Le Taquin, 43 rue des Amidonniers, Toulouse Tarifs : plein 12\u20ac \/ r\u00e9duit 8\u20ac bar et restauration sur place Clameurs Robin Fincker Fanny Lasfargues Seb Brun Le Taquin DOSSIER DE PRESSE FREDDY TAQUINE #3 Clameurs Form\u00e9 par Sarah Procissi au oud \u00e9lectro-acoustique et Jean-Christophe Bournine&hellip;Continue reading &rarr;","og_url":"https:\/\/freddymorezon.org\/nos-evenements\/23-04-26-freddy-taquine-3\/","og_site_name":"Freddy Morezon","article_publisher":"https:\/\/www.facebook.com\/freddy.morezon\/","article_modified_time":"2026-04-16T09:06:38+00:00","og_image":[{"width":234,"height":174,"url":"https:\/\/freddymorezon.org\/wp-content\/uploads\/2016\/02\/mini-logo-header-site2.jpg","type":"image\/jpeg"}],"twitter_card":"summary_large_image","schema":{"@context":"https:\/\/schema.org","@graph":[{"@type":"WebPage","@id":"https:\/\/freddymorezon.org\/nos-evenements\/23-04-26-freddy-taquine-3\/","url":"https:\/\/freddymorezon.org\/nos-evenements\/23-04-26-freddy-taquine-3\/","name":"23.04.26 \/\/ Freddy Taquine #3 | Freddy Morezon","isPartOf":{"@id":"https:\/\/freddymorezon.org\/#website"},"datePublished":"2026-01-27T13:58:45+00:00","dateModified":"2026-04-16T09:06:38+00:00","breadcrumb":{"@id":"https:\/\/freddymorezon.org\/nos-evenements\/23-04-26-freddy-taquine-3\/#breadcrumb"},"inLanguage":"en-US","potentialAction":[{"@type":"ReadAction","target":["https:\/\/freddymorezon.org\/nos-evenements\/23-04-26-freddy-taquine-3\/"]}]},{"@type":"BreadcrumbList","@id":"https:\/\/freddymorezon.org\/nos-evenements\/23-04-26-freddy-taquine-3\/#breadcrumb","itemListElement":[{"@type":"ListItem","position":1,"name":"Accueil","item":"https:\/\/freddymorezon.org\/"},{"@type":"ListItem","position":2,"name":"Nos \u00e9v\u00e9nements","item":"https:\/\/freddymorezon.org\/nos-evenements\/"},{"@type":"ListItem","position":3,"name":"23.04.26 \/\/ Freddy Taquine #3"}]},{"@type":"WebSite","@id":"https:\/\/freddymorezon.org\/#website","url":"https:\/\/freddymorezon.org\/","name":"Freddy Morezon","description":"jazz - musique improvis\u00e9e - esth\u00e9tiques plurielles","publisher":{"@id":"https:\/\/freddymorezon.org\/#organization"},"potentialAction":[{"@type":"SearchAction","target":{"@type":"EntryPoint","urlTemplate":"https:\/\/freddymorezon.org\/?s={search_term_string}"},"query-input":{"@type":"PropertyValueSpecification","valueRequired":true,"valueName":"search_term_string"}}],"inLanguage":"en-US"},{"@type":"Organization","@id":"https:\/\/freddymorezon.org\/#organization","name":"Association Freddy Morezon","url":"https:\/\/freddymorezon.org\/","logo":{"@type":"ImageObject","inLanguage":"en-US","@id":"https:\/\/freddymorezon.org\/#\/schema\/logo\/image\/","url":"https:\/\/freddymorezon.org\/wp-content\/uploads\/2016\/02\/mini-logo-header-site2.jpg","contentUrl":"https:\/\/freddymorezon.org\/wp-content\/uploads\/2016\/02\/mini-logo-header-site2.jpg","width":234,"height":174,"caption":"Association Freddy Morezon"},"image":{"@id":"https:\/\/freddymorezon.org\/#\/schema\/logo\/image\/"},"sameAs":["https:\/\/www.facebook.com\/freddy.morezon\/","https:\/\/www.instagram.com\/freddymorezon\/","https:\/\/www.youtube.com\/user\/freddymorezon","https:\/\/fr.linkedin.com\/company\/freddy-morezon-p.r.o.d."]}]}},"_links":{"self":[{"href":"https:\/\/freddymorezon.org\/en\/wp-json\/wp\/v2\/pages\/24913","targetHints":{"allow":["GET"]}}],"collection":[{"href":"https:\/\/freddymorezon.org\/en\/wp-json\/wp\/v2\/pages"}],"about":[{"href":"https:\/\/freddymorezon.org\/en\/wp-json\/wp\/v2\/types\/page"}],"author":[{"embeddable":true,"href":"https:\/\/freddymorezon.org\/en\/wp-json\/wp\/v2\/users\/1"}],"replies":[{"embeddable":true,"href":"https:\/\/freddymorezon.org\/en\/wp-json\/wp\/v2\/comments?post=24913"}],"version-history":[{"count":14,"href":"https:\/\/freddymorezon.org\/en\/wp-json\/wp\/v2\/pages\/24913\/revisions"}],"predecessor-version":[{"id":25376,"href":"https:\/\/freddymorezon.org\/en\/wp-json\/wp\/v2\/pages\/24913\/revisions\/25376"}],"up":[{"embeddable":true,"href":"https:\/\/freddymorezon.org\/en\/wp-json\/wp\/v2\/pages\/10655"}],"wp:attachment":[{"href":"https:\/\/freddymorezon.org\/en\/wp-json\/wp\/v2\/media?parent=24913"}],"wp:term":[{"taxonomy":"category","embeddable":true,"href":"https:\/\/freddymorezon.org\/en\/wp-json\/wp\/v2\/categories?post=24913"},{"taxonomy":"post_tag","embeddable":true,"href":"https:\/\/freddymorezon.org\/en\/wp-json\/wp\/v2\/tags?post=24913"}],"curies":[{"name":"wp","href":"https:\/\/api.w.org\/{rel}","templated":true}]}}