
{"id":24957,"date":"2026-02-03T16:38:42","date_gmt":"2026-02-03T14:38:42","guid":{"rendered":"https:\/\/freddymorezon.org\/?page_id=24957"},"modified":"2026-03-20T10:20:23","modified_gmt":"2026-03-20T08:20:23","slug":"arada","status":"publish","type":"page","link":"https:\/\/freddymorezon.org\/en\/label\/arada\/","title":{"rendered":"ARADA"},"content":{"rendered":"<div id=\"pl-24957\"  class=\"panel-layout\" ><div id=\"pg-24957-0\"  class=\"panel-grid panel-no-style\" ><div id=\"pgc-24957-0-0\"  class=\"panel-grid-cell\" ><div id=\"panel-24957-0-0-0\" class=\"so-panel widget widget_sow-image panel-first-child\" data-index=\"0\" ><div\n\t\t\t\n\t\t\tclass=\"so-widget-sow-image so-widget-sow-image-default-8b5b6f678277-24957\"\n\t\t\t\n\t\t>\n<div class=\"sow-image-container\">\n\t\t<img \n\tsrc=\"https:\/\/freddymorezon.org\/wp-content\/uploads\/2026\/02\/Etenesh-Wassie-Trio-Pochette-Arada-Carree-Web-400x400.jpg\" width=\"400\" height=\"400\" srcset=\"https:\/\/freddymorezon.org\/wp-content\/uploads\/2026\/02\/Etenesh-Wassie-Trio-Pochette-Arada-Carree-Web-400x400.jpg 400w, https:\/\/freddymorezon.org\/wp-content\/uploads\/2026\/02\/Etenesh-Wassie-Trio-Pochette-Arada-Carree-Web-800x800.jpg 800w, https:\/\/freddymorezon.org\/wp-content\/uploads\/2026\/02\/Etenesh-Wassie-Trio-Pochette-Arada-Carree-Web-150x150.jpg 150w, https:\/\/freddymorezon.org\/wp-content\/uploads\/2026\/02\/Etenesh-Wassie-Trio-Pochette-Arada-Carree-Web-100x100.jpg 100w, https:\/\/freddymorezon.org\/wp-content\/uploads\/2026\/02\/Etenesh-Wassie-Trio-Pochette-Arada-Carree-Web-300x300.jpg 300w, https:\/\/freddymorezon.org\/wp-content\/uploads\/2026\/02\/Etenesh-Wassie-Trio-Pochette-Arada-Carree-Web.jpg 1080w\" sizes=\"(max-width: 400px) 100vw, 400px\" title=\"Etenesh Wassie Trio &#8211; Pochette Arada &#8211; Carree &#8211; Web\" alt=\"\" \t\tclass=\"so-widget-image\"\/>\n\t<\/div>\n\n<\/div><\/div><div id=\"panel-24957-0-0-1\" class=\"so-panel widget widget_sow-editor\" data-index=\"1\" ><div\n\t\t\t\n\t\t\tclass=\"so-widget-sow-editor so-widget-sow-editor-base\"\n\t\t\t\n\t\t>\n<div class=\"siteorigin-widget-tinymce textwidget\">\n\t<p>\u2605 ALBUM \u2605\u00a0 ARADA \u2605<br \/>\nSortie le 20 mars 2026<br \/>\n\u00c0 enregistrer sur toutes les bonnes plate-formes <a href=\"https:\/\/mrmorezon.ffm.to\/arada\">ICI<\/a><br \/>\net \u00e0 commander sur Bandcamp \ud83d\udc47 ou notre e-shop<\/p>\n<p>\u2605 SINGLE \u2605\u00a0 CHEGUITOU \u2605<br \/>\nSortie le 5 f\u00e9vrier 2026<br \/>\nDisponible sur toutes les plateformes <a href=\"https:\/\/mrmorezon.ffm.to\/cheguitou\">ICI<\/a><br \/>\net \u00e0 \u00e9couter sur Bandcamp \ud83d\udc47<\/p>\n<\/div>\n<\/div><\/div><div id=\"panel-24957-0-0-2\" class=\"so-panel widget widget_sow-editor\" data-index=\"2\" ><div\n\t\t\t\n\t\t\tclass=\"so-widget-sow-editor so-widget-sow-editor-base\"\n\t\t\t\n\t\t>\n<div class=\"siteorigin-widget-tinymce textwidget\">\n\t<div class=\"commande-album\" style=\"text-align: left;\">\n<div class=\"ajout-panier woocommerce add_to_cart_inline\">\n<h3>Commander<\/h3>\n<h4>CD<\/h4>\n<p class=\"product woocommerce add_to_cart_inline \" style=\"border: 4px solid #cccccc; padding: 12px;\"><span class=\"woocommerce-Price-amount amount\"><bdi>15,00<span class=\"woocommerce-Price-currencySymbol\">\u20ac<\/span><\/bdi><\/span><\/p>\n<p class=\"product woocommerce add_to_cart_inline \" style=\"border: 4px solid #cccccc; padding: 12px;\"><a class=\"button product_type_simple add_to_cart_button ajax_add_to_cart\" href=\"?add-to-cart=24968\" rel=\"nofollow\" aria-describedby=\"woocommerce_loop_add_to_cart_link_describedby_24968 \" data-quantity=\"1\" data-product_id=\"24968 \" data-product_sku=\"\" aria-label=\"Ajouter au panier : \u201cArada - CD\u201d\" data-success_message=\"\u00ab Arada - CD \u00bb a \u00e9t\u00e9 ajout\u00e9 \u00e0 votre panier\">Ajouter au panier<\/a><br \/>\n<span id=\"woocommerce_loop_add_to_cart_link_describedby_24968 \" class=\"screen-reader-text\"><br \/>\n<\/span><\/p>\n<\/div>\n<\/div>\n<\/div>\n<\/div><\/div><div id=\"panel-24957-0-0-3\" class=\"so-panel widget widget_sow-button\" data-index=\"3\" ><div\n\t\t\t\n\t\t\tclass=\"so-widget-sow-button so-widget-sow-button-flat-a657a074bb6d-24957\"\n\t\t\t\n\t\t><div class=\"ow-button-base ow-button-align-left\"\n>\n\t\t\t<a\n\t\t\t\t\thref=\"https:\/\/mrmorezon.bandcamp.com\/album\/arada\"\n\t\t\t\t\tclass=\"sowb-button ow-icon-placement-left ow-button-hover\" target=\"_blank\" rel=\"noopener noreferrer\" \t>\n\t\t<span>\n\t\t\t\n\t\t\tCOMMANDER SUR BANDCAMP \t\t<\/span>\n\t\t\t<\/a>\n\t<\/div>\n<\/div><\/div><div id=\"panel-24957-0-0-4\" class=\"so-panel widget widget_sow-headline\" data-index=\"4\" ><div\n\t\t\t\n\t\t\tclass=\"so-widget-sow-headline so-widget-sow-headline-default-7f8f2d03a0dd-24957\"\n\t\t\t\n\t\t><div class=\"sow-headline-container \">\n\t\t\t\t\t\t<div class=\"decoration\">\n\t\t\t\t\t\t<div class=\"decoration-inside\"><\/div>\n\t\t\t\t\t<\/div>\n\t\t\t\t\t<\/div>\n<\/div><\/div><div id=\"panel-24957-0-0-5\" class=\"so-panel widget widget_sow-editor\" data-index=\"5\" ><div\n\t\t\t\n\t\t\tclass=\"so-widget-sow-editor so-widget-sow-editor-base\"\n\t\t\t\n\t\t><h3 class=\"widget-title\">DISTRIBUTION - CR\u00c9DITS<\/h3>\n<div class=\"siteorigin-widget-tinymce textwidget\">\n\t<p><strong>Etenesh Wassi\u00e9 :<\/strong> Chant<br \/>\n<strong>Mathieu Sourisseau :<\/strong> Basse acoustique<br \/>\n<strong>S\u00e9bastien Bacquias :<\/strong> Contrebasse<br \/>\n<strong>Fabien Duscombs :<\/strong> Batterie sur 1, 2, 3, 5, 7, 8<br \/>\n<strong>Mathieu Werchowski :<\/strong> Violon sur 1, 3, 4<\/p>\n<p>Compositions : Mathieu Sourisseau<br \/>\nArrangements : Collectifs<br \/>\nAdaptation des paroles \u00e0 partir de chansons traditionnelles : Etenesh Wassi\u00e9<br \/>\nEnregistr\u00e9 au studio au studio La lune rouge par Simon Baconnier.<br \/>\nMix\u00e9 par Simon Baconnier et Mathieu Sourisseau<br \/>\nMastering : Anthony Laguerre \/ Shadyn Studio (Nancy)<br \/>\nGraphisme : Susie B\u00e9e<br \/>\nUne Production Freddy Morezon<\/p>\n<\/div>\n<\/div><\/div><div id=\"panel-24957-0-0-6\" class=\"so-panel widget widget_sow-headline\" data-index=\"6\" ><div\n\t\t\t\n\t\t\tclass=\"so-widget-sow-headline so-widget-sow-headline-default-7f8f2d03a0dd-24957\"\n\t\t\t\n\t\t><div class=\"sow-headline-container \">\n\t\t\t\t\t\t<div class=\"decoration\">\n\t\t\t\t\t\t<div class=\"decoration-inside\"><\/div>\n\t\t\t\t\t<\/div>\n\t\t\t\t\t<\/div>\n<\/div><\/div><div id=\"panel-24957-0-0-7\" class=\"so-panel widget widget_sow-editor panel-last-child\" data-index=\"7\" ><div\n\t\t\t\n\t\t\tclass=\"so-widget-sow-editor so-widget-sow-editor-base\"\n\t\t\t\n\t\t><h3 class=\"widget-title\">LIENS<\/h3>\n<div class=\"siteorigin-widget-tinymce textwidget\">\n\t<ul>\n \t<i class=\"fa fa-chevron-right fa-2x\"><\/i> <a href=\"https:\/\/freddymorezon.org\/catalogue\/mathieu-sourisseau-etenesh-wassie-trio\/\">Etenesh Wassi\u00e9 - le groupe<\/a><br \/>\n \t<i class=\"fa fa-chevron-right fa-2x\"><\/i> <a href=\"https:\/\/freddymorezon.org\/artistes\/etenesh-wassie\/\">Etenesh Wassi\u00e9<\/a><br \/>\n \t<i class=\"fa fa-chevron-right fa-2x\"><\/i> <a href=\"https:\/\/freddymorezon.org\/artistes\/mathieu-sourisseau\/\">Mathieu Sourisseau<\/a><br \/>\n \t<i class=\"fa fa-chevron-right fa-2x\"><\/i> <a href=\"https:\/\/freddymorezon.org\/artistes\/fabien-duscombs\/\">Fabien Duscombs<\/a><br \/>\n \t<i class=\"fa fa-chevron-right fa-2x\"><\/i> <a href=\"https:\/\/freddymorezon.org\/artistes\/mathieu-werchowski\/\">Mathieu Werchowski<\/a>\n<\/ul>\n<\/div>\n<\/div><\/div><\/div><div id=\"pgc-24957-0-1\"  class=\"panel-grid-cell\" ><div id=\"panel-24957-0-1-0\" class=\"so-panel widget widget_sow-editor panel-first-child\" data-index=\"8\" ><div\n\t\t\t\n\t\t\tclass=\"so-widget-sow-editor so-widget-sow-editor-base\"\n\t\t\t\n\t\t>\n<div class=\"siteorigin-widget-tinymce textwidget\">\n\t<h2>ARADA<\/h2>\n<h3>ETENESH WASSI\u00c9<\/h3>\n<p>Mr Morezon 042 \u23ae 20 mars 2026<\/p>\n<\/div>\n<\/div><\/div><div id=\"panel-24957-0-1-1\" class=\"so-panel widget widget_sow-headline\" data-index=\"9\" ><div\n\t\t\t\n\t\t\tclass=\"so-widget-sow-headline so-widget-sow-headline-default-7f8f2d03a0dd-24957\"\n\t\t\t\n\t\t><div class=\"sow-headline-container \">\n\t\t\t\t\t\t<div class=\"decoration\">\n\t\t\t\t\t\t<div class=\"decoration-inside\"><\/div>\n\t\t\t\t\t<\/div>\n\t\t\t\t\t<\/div>\n<\/div><\/div><div id=\"panel-24957-0-1-2\" class=\"so-panel widget widget_sow-editor\" data-index=\"10\" ><div\n\t\t\t\n\t\t\tclass=\"so-widget-sow-editor so-widget-sow-editor-base\"\n\t\t\t\n\t\t>\n<div class=\"siteorigin-widget-tinymce textwidget\">\n\t<p>L\u2019histoire unissant la grande Etenesh Wassi\u00e9 aux musiciens de Freddy Morezon est longue : apr\u00e8s un 1er album, culte, avec Le Tigre des Platanes, la collaboration se poursuit avec le bassiste Mathieu Sourisseau pour 2 albums Belo Belo (avec, entre autre, Gaspar Claus et Nicolas Lafourest en invit\u00e9s) et Yen Alem (avec Julie Laderach en invit\u00e9e).<\/p>\n<p>Ce nouvel opus, Arada, s\u2019envisage autant comme le point d\u2019aboutissement d\u2019un travail amorc\u00e9 sur sc\u00e8ne depuis 2018 en trio, que comme un nouveau d\u00e9part.<br \/>\nEn invitant sur quelques titres d\u2019autres musiciens du collectif, le trio se fait quartet avec Fabien Duscombs du Tigre des Platanes \u00e0 la batterie et parfois quintet avec Mathieu Werchowski au violon.<br \/>\nNouveau d\u00e9part donc, et fa\u00e7on d\u2019\u00e9clairer le r\u00e9pertoire existant sous un autre jour, par d\u2019autres couleurs musicales.<\/p>\n<p>La chaleur de la contrebasse et la profondeur de la basse acoustique \u00e9pousent le timbre de voix grave d\u2019Etenesh, l\u2019archet rappelle aussi le messenqo, ce violon monocorde traditionnel \u00e9thiopien qui accompagne toutes les chansons du patrimoine telles Ambassel, Tezeta, Bati et dans lesquelles Etenesh excelle.<\/p>\n<p>La batterie apporte groove, pulse et contraste : la musique, claire et rythmique, se fait lumineuse, joueuse et joyeuse (\u00e0 l\u2019image du single <i>Cheguitou<\/i>)<i>.<\/i> Que dire du chant d\u2019<b>Etenesh<\/b>, de sa ma\u00eetrise technique, de ses f\u00ealures majestueuses comme de ses envol\u00e9es pleines d\u2019une \u00e9nergie rocailleuse ?\u00a0 Si ce n\u2019est qu\u2019elle y exprime bien souvent une rage magnifi\u00e9e \u00e9voquant la grande figure du blues <b>Bessie Smith<\/b> ou la chanteuse de jazz<b> Abbey Lincoln<\/b>.<br \/>\nUne forme traditionnelle comme le Tezeta rejoint alors le terrain du blues et, donc, du jazz africain-am\u00e9ricain.<br \/>\nUn terrain \u00f4 combien envo\u00fbtant.<\/p>\n<\/div>\n<\/div><\/div><div id=\"panel-24957-0-1-3\" class=\"so-panel widget widget_sow-editor\" data-index=\"11\" ><div\n\t\t\t\n\t\t\tclass=\"so-widget-sow-editor so-widget-sow-editor-base\"\n\t\t\t\n\t\t>\n<div class=\"siteorigin-widget-tinymce textwidget\">\n\t<p><iframe loading=\"lazy\" title=\"Yene Alem - Trio Etenesh Wassi\u00e9 \/ Mathieu Sourisseau \/ S\u00e9bastien Bacquias\" width=\"790\" height=\"444\" src=\"https:\/\/www.youtube.com\/embed\/FVgdWlbqle8?feature=oembed\" frameborder=\"0\" allow=\"accelerometer; autoplay; clipboard-write; encrypted-media; gyroscope; picture-in-picture; web-share\" referrerpolicy=\"strict-origin-when-cross-origin\" allowfullscreen><\/iframe><\/p>\n<\/div>\n<\/div><\/div><div id=\"panel-24957-0-1-4\" class=\"so-panel widget widget_eo_event_list_widget EO_Event_List_Widget panel-last-child\" data-index=\"12\" >\n\n<\/div><\/div><\/div><\/div>","protected":false},"excerpt":{"rendered":"<p>March 2026<\/p>\n","protected":false},"author":1,"featured_media":24960,"parent":140,"menu_order":0,"comment_status":"closed","ping_status":"closed","template":"page-templates\/full-width.php","meta":{"om_disable_all_campaigns":false,"_monsterinsights_skip_tracking":false,"_monsterinsights_sitenote_active":false,"_monsterinsights_sitenote_note":"","_monsterinsights_sitenote_category":0,"_uf_show_specific_survey":0,"_uf_disable_surveys":false,"footnotes":""},"categories":[93,1174,1318],"tags":[],"class_list":["post-24957","page","type-page","status-publish","has-post-thumbnail","hentry","category-label","category-page-label","category-trio-wassie-sourisseau-bacquias"],"aioseo_notices":[],"yoast_head":"<!-- This site is optimized with the Yoast SEO plugin v27.3 - https:\/\/yoast.com\/product\/yoast-seo-wordpress\/ -->\n<title>ARADA | Freddy Morezon<\/title>\n<meta name=\"robots\" content=\"index, follow, max-snippet:-1, max-image-preview:large, max-video-preview:-1\" \/>\n<link rel=\"canonical\" href=\"https:\/\/freddymorezon.org\/label\/arada\/\" \/>\n<meta property=\"og:locale\" content=\"en_US\" \/>\n<meta property=\"og:type\" content=\"article\" \/>\n<meta property=\"og:title\" content=\"ARADA | Freddy Morezon\" \/>\n<meta property=\"og:description\" content=\"[:fr]Mars 2026[:en]March 2026[:]\" \/>\n<meta property=\"og:url\" content=\"https:\/\/freddymorezon.org\/label\/arada\/\" \/>\n<meta property=\"og:site_name\" content=\"Freddy Morezon\" \/>\n<meta property=\"article:publisher\" content=\"https:\/\/www.facebook.com\/freddy.morezon\/\" \/>\n<meta property=\"article:modified_time\" content=\"2026-03-20T08:20:23+00:00\" \/>\n<meta property=\"og:image\" content=\"https:\/\/freddymorezon.org\/wp-content\/uploads\/2026\/02\/Etenesh-Wassie-Trio-Pochette-Arada-Carree-Web.jpg\" \/>\n\t<meta property=\"og:image:width\" content=\"1080\" \/>\n\t<meta property=\"og:image:height\" content=\"1080\" \/>\n\t<meta property=\"og:image:type\" content=\"image\/jpeg\" \/>\n<meta name=\"twitter:card\" content=\"summary_large_image\" \/>\n<script type=\"application\/ld+json\" class=\"yoast-schema-graph\">{\"@context\":\"https:\\\/\\\/schema.org\",\"@graph\":[{\"@type\":\"WebPage\",\"@id\":\"https:\\\/\\\/freddymorezon.org\\\/label\\\/arada\\\/\",\"url\":\"https:\\\/\\\/freddymorezon.org\\\/label\\\/arada\\\/\",\"name\":\"ARADA | Freddy Morezon\",\"isPartOf\":{\"@id\":\"https:\\\/\\\/freddymorezon.org\\\/#website\"},\"primaryImageOfPage\":{\"@id\":\"https:\\\/\\\/freddymorezon.org\\\/label\\\/arada\\\/#primaryimage\"},\"image\":{\"@id\":\"https:\\\/\\\/freddymorezon.org\\\/label\\\/arada\\\/#primaryimage\"},\"thumbnailUrl\":\"https:\\\/\\\/freddymorezon.org\\\/wp-content\\\/uploads\\\/2026\\\/02\\\/Etenesh-Wassie-Trio-Pochette-Arada-Carree-Web.jpg\",\"datePublished\":\"2026-02-03T14:38:42+00:00\",\"dateModified\":\"2026-03-20T08:20:23+00:00\",\"breadcrumb\":{\"@id\":\"https:\\\/\\\/freddymorezon.org\\\/label\\\/arada\\\/#breadcrumb\"},\"inLanguage\":\"en-US\",\"potentialAction\":[{\"@type\":\"ReadAction\",\"target\":[\"https:\\\/\\\/freddymorezon.org\\\/label\\\/arada\\\/\"]}]},{\"@type\":\"ImageObject\",\"inLanguage\":\"en-US\",\"@id\":\"https:\\\/\\\/freddymorezon.org\\\/label\\\/arada\\\/#primaryimage\",\"url\":\"https:\\\/\\\/freddymorezon.org\\\/wp-content\\\/uploads\\\/2026\\\/02\\\/Etenesh-Wassie-Trio-Pochette-Arada-Carree-Web.jpg\",\"contentUrl\":\"https:\\\/\\\/freddymorezon.org\\\/wp-content\\\/uploads\\\/2026\\\/02\\\/Etenesh-Wassie-Trio-Pochette-Arada-Carree-Web.jpg\",\"width\":1080,\"height\":1080},{\"@type\":\"BreadcrumbList\",\"@id\":\"https:\\\/\\\/freddymorezon.org\\\/label\\\/arada\\\/#breadcrumb\",\"itemListElement\":[{\"@type\":\"ListItem\",\"position\":1,\"name\":\"Accueil\",\"item\":\"https:\\\/\\\/freddymorezon.org\\\/\"},{\"@type\":\"ListItem\",\"position\":2,\"name\":\"Label\",\"item\":\"https:\\\/\\\/freddymorezon.org\\\/label\\\/\"},{\"@type\":\"ListItem\",\"position\":3,\"name\":\"ARADA\"}]},{\"@type\":\"WebSite\",\"@id\":\"https:\\\/\\\/freddymorezon.org\\\/#website\",\"url\":\"https:\\\/\\\/freddymorezon.org\\\/\",\"name\":\"Freddy Morezon\",\"description\":\"jazz - musique improvis\u00e9e - esth\u00e9tiques plurielles\",\"publisher\":{\"@id\":\"https:\\\/\\\/freddymorezon.org\\\/#organization\"},\"potentialAction\":[{\"@type\":\"SearchAction\",\"target\":{\"@type\":\"EntryPoint\",\"urlTemplate\":\"https:\\\/\\\/freddymorezon.org\\\/?s={search_term_string}\"},\"query-input\":{\"@type\":\"PropertyValueSpecification\",\"valueRequired\":true,\"valueName\":\"search_term_string\"}}],\"inLanguage\":\"en-US\"},{\"@type\":\"Organization\",\"@id\":\"https:\\\/\\\/freddymorezon.org\\\/#organization\",\"name\":\"Association Freddy Morezon\",\"url\":\"https:\\\/\\\/freddymorezon.org\\\/\",\"logo\":{\"@type\":\"ImageObject\",\"inLanguage\":\"en-US\",\"@id\":\"https:\\\/\\\/freddymorezon.org\\\/#\\\/schema\\\/logo\\\/image\\\/\",\"url\":\"https:\\\/\\\/freddymorezon.org\\\/wp-content\\\/uploads\\\/2016\\\/02\\\/mini-logo-header-site2.jpg\",\"contentUrl\":\"https:\\\/\\\/freddymorezon.org\\\/wp-content\\\/uploads\\\/2016\\\/02\\\/mini-logo-header-site2.jpg\",\"width\":234,\"height\":174,\"caption\":\"Association Freddy Morezon\"},\"image\":{\"@id\":\"https:\\\/\\\/freddymorezon.org\\\/#\\\/schema\\\/logo\\\/image\\\/\"},\"sameAs\":[\"https:\\\/\\\/www.facebook.com\\\/freddy.morezon\\\/\",\"https:\\\/\\\/www.instagram.com\\\/freddymorezon\\\/\",\"https:\\\/\\\/www.youtube.com\\\/user\\\/freddymorezon\",\"https:\\\/\\\/fr.linkedin.com\\\/company\\\/freddy-morezon-p.r.o.d.\"]}]}<\/script>\n<!-- \/ Yoast SEO plugin. -->","yoast_head_json":{"title":"ARADA | Freddy Morezon","robots":{"index":"index","follow":"follow","max-snippet":"max-snippet:-1","max-image-preview":"max-image-preview:large","max-video-preview":"max-video-preview:-1"},"canonical":"https:\/\/freddymorezon.org\/label\/arada\/","og_locale":"en_US","og_type":"article","og_title":"ARADA | Freddy Morezon","og_description":"[:fr]Mars 2026[:en]March 2026[:]","og_url":"https:\/\/freddymorezon.org\/label\/arada\/","og_site_name":"Freddy Morezon","article_publisher":"https:\/\/www.facebook.com\/freddy.morezon\/","article_modified_time":"2026-03-20T08:20:23+00:00","og_image":[{"width":1080,"height":1080,"url":"https:\/\/freddymorezon.org\/wp-content\/uploads\/2026\/02\/Etenesh-Wassie-Trio-Pochette-Arada-Carree-Web.jpg","type":"image\/jpeg"}],"twitter_card":"summary_large_image","schema":{"@context":"https:\/\/schema.org","@graph":[{"@type":"WebPage","@id":"https:\/\/freddymorezon.org\/label\/arada\/","url":"https:\/\/freddymorezon.org\/label\/arada\/","name":"ARADA | Freddy Morezon","isPartOf":{"@id":"https:\/\/freddymorezon.org\/#website"},"primaryImageOfPage":{"@id":"https:\/\/freddymorezon.org\/label\/arada\/#primaryimage"},"image":{"@id":"https:\/\/freddymorezon.org\/label\/arada\/#primaryimage"},"thumbnailUrl":"https:\/\/freddymorezon.org\/wp-content\/uploads\/2026\/02\/Etenesh-Wassie-Trio-Pochette-Arada-Carree-Web.jpg","datePublished":"2026-02-03T14:38:42+00:00","dateModified":"2026-03-20T08:20:23+00:00","breadcrumb":{"@id":"https:\/\/freddymorezon.org\/label\/arada\/#breadcrumb"},"inLanguage":"en-US","potentialAction":[{"@type":"ReadAction","target":["https:\/\/freddymorezon.org\/label\/arada\/"]}]},{"@type":"ImageObject","inLanguage":"en-US","@id":"https:\/\/freddymorezon.org\/label\/arada\/#primaryimage","url":"https:\/\/freddymorezon.org\/wp-content\/uploads\/2026\/02\/Etenesh-Wassie-Trio-Pochette-Arada-Carree-Web.jpg","contentUrl":"https:\/\/freddymorezon.org\/wp-content\/uploads\/2026\/02\/Etenesh-Wassie-Trio-Pochette-Arada-Carree-Web.jpg","width":1080,"height":1080},{"@type":"BreadcrumbList","@id":"https:\/\/freddymorezon.org\/label\/arada\/#breadcrumb","itemListElement":[{"@type":"ListItem","position":1,"name":"Accueil","item":"https:\/\/freddymorezon.org\/"},{"@type":"ListItem","position":2,"name":"Label","item":"https:\/\/freddymorezon.org\/label\/"},{"@type":"ListItem","position":3,"name":"ARADA"}]},{"@type":"WebSite","@id":"https:\/\/freddymorezon.org\/#website","url":"https:\/\/freddymorezon.org\/","name":"Freddy Morezon","description":"jazz - musique improvis\u00e9e - esth\u00e9tiques plurielles","publisher":{"@id":"https:\/\/freddymorezon.org\/#organization"},"potentialAction":[{"@type":"SearchAction","target":{"@type":"EntryPoint","urlTemplate":"https:\/\/freddymorezon.org\/?s={search_term_string}"},"query-input":{"@type":"PropertyValueSpecification","valueRequired":true,"valueName":"search_term_string"}}],"inLanguage":"en-US"},{"@type":"Organization","@id":"https:\/\/freddymorezon.org\/#organization","name":"Association Freddy Morezon","url":"https:\/\/freddymorezon.org\/","logo":{"@type":"ImageObject","inLanguage":"en-US","@id":"https:\/\/freddymorezon.org\/#\/schema\/logo\/image\/","url":"https:\/\/freddymorezon.org\/wp-content\/uploads\/2016\/02\/mini-logo-header-site2.jpg","contentUrl":"https:\/\/freddymorezon.org\/wp-content\/uploads\/2016\/02\/mini-logo-header-site2.jpg","width":234,"height":174,"caption":"Association Freddy Morezon"},"image":{"@id":"https:\/\/freddymorezon.org\/#\/schema\/logo\/image\/"},"sameAs":["https:\/\/www.facebook.com\/freddy.morezon\/","https:\/\/www.instagram.com\/freddymorezon\/","https:\/\/www.youtube.com\/user\/freddymorezon","https:\/\/fr.linkedin.com\/company\/freddy-morezon-p.r.o.d."]}]}},"_links":{"self":[{"href":"https:\/\/freddymorezon.org\/en\/wp-json\/wp\/v2\/pages\/24957","targetHints":{"allow":["GET"]}}],"collection":[{"href":"https:\/\/freddymorezon.org\/en\/wp-json\/wp\/v2\/pages"}],"about":[{"href":"https:\/\/freddymorezon.org\/en\/wp-json\/wp\/v2\/types\/page"}],"author":[{"embeddable":true,"href":"https:\/\/freddymorezon.org\/en\/wp-json\/wp\/v2\/users\/1"}],"replies":[{"embeddable":true,"href":"https:\/\/freddymorezon.org\/en\/wp-json\/wp\/v2\/comments?post=24957"}],"version-history":[{"count":15,"href":"https:\/\/freddymorezon.org\/en\/wp-json\/wp\/v2\/pages\/24957\/revisions"}],"predecessor-version":[{"id":25171,"href":"https:\/\/freddymorezon.org\/en\/wp-json\/wp\/v2\/pages\/24957\/revisions\/25171"}],"up":[{"embeddable":true,"href":"https:\/\/freddymorezon.org\/en\/wp-json\/wp\/v2\/pages\/140"}],"wp:featuredmedia":[{"embeddable":true,"href":"https:\/\/freddymorezon.org\/en\/wp-json\/wp\/v2\/media\/24960"}],"wp:attachment":[{"href":"https:\/\/freddymorezon.org\/en\/wp-json\/wp\/v2\/media?parent=24957"}],"wp:term":[{"taxonomy":"category","embeddable":true,"href":"https:\/\/freddymorezon.org\/en\/wp-json\/wp\/v2\/categories?post=24957"},{"taxonomy":"post_tag","embeddable":true,"href":"https:\/\/freddymorezon.org\/en\/wp-json\/wp\/v2\/tags?post=24957"}],"curies":[{"name":"wp","href":"https:\/\/api.w.org\/{rel}","templated":true}]}}