
{"id":25336,"date":"2026-04-09T16:39:25","date_gmt":"2026-04-09T14:39:25","guid":{"rendered":"https:\/\/freddymorezon.org\/?page_id=25336"},"modified":"2026-04-09T16:39:25","modified_gmt":"2026-04-09T14:39:25","slug":"17-19-04-26-printemps-sauvage","status":"publish","type":"page","link":"https:\/\/freddymorezon.org\/en\/nos-evenements\/17-19-04-26-printemps-sauvage\/","title":{"rendered":"17 > 19.04.26 \/\/ PRINTEMPS SAUVAGE"},"content":{"rendered":"<div id=\"pl-25336\"  class=\"panel-layout\" ><div id=\"pg-25336-0\"  class=\"panel-grid panel-no-style\" ><div id=\"pgc-25336-0-0\"  class=\"panel-grid-cell\" ><div id=\"panel-25336-0-0-0\" class=\"so-panel widget widget_sow-image panel-first-child\" data-index=\"0\" ><div\n\t\t\t\n\t\t\tclass=\"so-widget-sow-image so-widget-sow-image-default-8b5b6f678277-25336\"\n\t\t\t\n\t\t>\n<div class=\"sow-image-container\">\n\t\t<img \n\tsrc=\"https:\/\/freddymorezon.org\/wp-content\/uploads\/2026\/04\/CARRE_FREDDY.jpg\" width=\"1000\" height=\"1000\" srcset=\"https:\/\/freddymorezon.org\/wp-content\/uploads\/2026\/04\/CARRE_FREDDY.jpg 1000w, https:\/\/freddymorezon.org\/wp-content\/uploads\/2026\/04\/CARRE_FREDDY-800x800.jpg 800w, https:\/\/freddymorezon.org\/wp-content\/uploads\/2026\/04\/CARRE_FREDDY-150x150.jpg 150w, https:\/\/freddymorezon.org\/wp-content\/uploads\/2026\/04\/CARRE_FREDDY-400x400.jpg 400w, https:\/\/freddymorezon.org\/wp-content\/uploads\/2026\/04\/CARRE_FREDDY-100x100.jpg 100w, https:\/\/freddymorezon.org\/wp-content\/uploads\/2026\/04\/CARRE_FREDDY-300x300.jpg 300w\" sizes=\"(max-width: 1000px) 100vw, 1000px\" alt=\"\" \t\tclass=\"so-widget-image\"\/>\n\t<\/div>\n\n<\/div><\/div><div id=\"panel-25336-0-0-1\" class=\"so-panel widget widget_sow-headline\" data-index=\"1\" ><div\n\t\t\t\n\t\t\tclass=\"so-widget-sow-headline so-widget-sow-headline-default-33958b114544-25336\"\n\t\t\t\n\t\t><div class=\"sow-headline-container \">\n\t\t\t\t\t\t<div class=\"decoration\">\n\t\t\t\t\t\t<div class=\"decoration-inside\"><\/div>\n\t\t\t\t\t<\/div>\n\t\t\t\t\t<\/div>\n<\/div><\/div><div id=\"panel-25336-0-0-2\" class=\"so-panel widget widget_sow-editor\" data-index=\"2\" ><div\n\t\t\t\n\t\t\tclass=\"so-widget-sow-editor so-widget-sow-editor-base\"\n\t\t\t\n\t\t><h3 class=\"widget-title\">INFOS PRATIQUES<\/h3>\n<div class=\"siteorigin-widget-tinymce textwidget\">\n\t<p><strong>Printemps Sauvage \u00b7 4e \u00e9dition<\/strong><br \/>\ndu 17 au 19 avril 2026<br \/>\nM\u00e2lain + Ancey (21)<\/p>\n<p>Prix libre<br \/>\nbar et petite restauration sur place<\/p>\n<\/div>\n<\/div><\/div><div id=\"panel-25336-0-0-3\" class=\"so-panel widget widget_sow-button\" data-index=\"3\" ><div\n\t\t\t\n\t\t\tclass=\"so-widget-sow-button so-widget-sow-button-flat-a657a074bb6d-25336\"\n\t\t\t\n\t\t><div class=\"ow-button-base ow-button-align-left\"\n>\n\t\t\t<a\n\t\t\t\t\thref=\"https:\/\/www.facebook.com\/p\/Printemps-Sauvage-61556748213632\/\"\n\t\t\t\t\tclass=\"sowb-button ow-icon-placement-left ow-button-hover\" \t>\n\t\t<span>\n\t\t\t\n\t\t\t+ D'INFOS\t\t<\/span>\n\t\t\t<\/a>\n\t<\/div>\n<\/div><\/div><div id=\"panel-25336-0-0-4\" class=\"so-panel widget widget_sow-headline\" data-index=\"4\" ><div\n\t\t\t\n\t\t\tclass=\"so-widget-sow-headline so-widget-sow-headline-default-33958b114544-25336\"\n\t\t\t\n\t\t><div class=\"sow-headline-container \">\n\t\t\t\t\t\t<div class=\"decoration\">\n\t\t\t\t\t\t<div class=\"decoration-inside\"><\/div>\n\t\t\t\t\t<\/div>\n\t\t\t\t\t<\/div>\n<\/div><\/div><div id=\"panel-25336-0-0-5\" class=\"so-panel widget widget_sow-editor\" data-index=\"5\" ><div\n\t\t\t\n\t\t\tclass=\"so-widget-sow-editor so-widget-sow-editor-base\"\n\t\t\t\n\t\t><h3 class=\"widget-title\">PARTENAIRES<\/h3>\n<div class=\"siteorigin-widget-tinymce textwidget\">\n\t<p>pointbreak \u00b7 L'Artsaut \u00b7 Freddy Morezon \u00b7 Fromagerie Delin \u00b7 Comit\u00e9 des f\u00eates d'Ancey<\/p>\n<p>Pritemps Sauvage est un \u00e9v\u00e9nement aid\u00e9 par la DRAC Bourgogne, la Mairie d'Ancey, la Communaut\u00e9 de Communes Ouche et Montagne, le Conseil d\u00e9partemental C\u00f4te d'or<\/p>\n<\/div>\n<\/div><\/div><div id=\"panel-25336-0-0-6\" class=\"so-panel widget widget_sow-button panel-last-child\" data-index=\"6\" ><div\n\t\t\t\n\t\t\tclass=\"so-widget-sow-button so-widget-sow-button-flat-a657a074bb6d-25336\"\n\t\t\t\n\t\t><div class=\"ow-button-base ow-button-align-left\"\n>\n\t\t\t<a\n\t\t\t\t\thref=\"https:\/\/freddymorezon.org\/nos-evenements\/\"\n\t\t\t\t\tclass=\"sowb-button ow-icon-placement-left ow-button-hover\" \t>\n\t\t<span>\n\t\t\t\n\t\t\tRetour \u00e0 la page \u00c9v\u00e9nements\t\t<\/span>\n\t\t\t<\/a>\n\t<\/div>\n<\/div><\/div><\/div><div id=\"pgc-25336-0-1\"  class=\"panel-grid-cell\" ><div id=\"panel-25336-0-1-0\" class=\"so-panel widget widget_sow-headline panel-first-child\" data-index=\"7\" ><div\n\t\t\t\n\t\t\tclass=\"so-widget-sow-headline so-widget-sow-headline-default-d42322c5b14c-25336\"\n\t\t\t\n\t\t><div class=\"sow-headline-container \">\n\t\t\t\t\t\t\t<h2 class=\"sow-headline\">\n\t\t\t\t\t\t17 &gt; 19.04.26 \/\/ PRINTEMPS SAUVAGE\t\t\t\t\t\t<\/h2>\n\t\t\t\t\t\t\t\t\t\t\t<div class=\"decoration\">\n\t\t\t\t\t\t<div class=\"decoration-inside\"><\/div>\n\t\t\t\t\t<\/div>\n\t\t\t\t\t<\/div>\n<\/div><\/div><div id=\"panel-25336-0-1-1\" class=\"so-panel widget widget_sow-editor\" data-index=\"8\" ><div\n\t\t\t\n\t\t\tclass=\"so-widget-sow-editor so-widget-sow-editor-base\"\n\t\t\t\n\t\t>\n<div class=\"siteorigin-widget-tinymce textwidget\">\n\t<p><strong>En ces temps d\u2019inqui\u00e9tude, les arts vivants et la po\u00e9sie ont un r\u00f4le \u00e0 jouer dans notre mani\u00e8re de vivre ensemble. Les 17, 18 et 19 avril 2026, des artistes invit\u00e9s traverseront le village d\u2019Ancey, le temps d\u2019un weekend, pour c\u00e9l\u00e9brer le printemps retrouv\u00e9. Nous sommes heureux de pouvoir envisager une 4\u00e8me \u00e9dition de nos \u00ab\u00a0Rencontres au village\u00a0\u00bb. <\/strong><\/p>\n<p>Musiques libres, arts vivants, th\u00e9\u00e2tre de l\u2019invisible, po\u00e9sie de corps et de textes, voix et timbres chant\u00e9s, \u0153uvres plastiques dans l\u2019espace public, conf\u00e9rences intimes, improvisations et r\u00e9pertoires revisit\u00e9s\u00a0: nous ne nous refuserons rien. Ce qui importe est que nous soyons au diapason de celles et ceux que nous d\u00e9couvrons chaque saison au gr\u00e9 des tiers-lieux, des caf\u00e9s associatifs, des th\u00e9\u00e2tres, des projets de territoire et autres salles culturelles que nous c\u00f4toyons au travers la France.<\/p>\n<\/div>\n<\/div><\/div><div id=\"panel-25336-0-1-2\" class=\"so-panel widget widget_sow-image panel-last-child\" data-index=\"9\" ><div\n\t\t\t\n\t\t\tclass=\"so-widget-sow-image so-widget-sow-image-default-8b5b6f678277-25336\"\n\t\t\t\n\t\t>\n<div class=\"sow-image-container\">\n\t\t<img \n\tsrc=\"https:\/\/freddymorezon.org\/wp-content\/uploads\/2026\/04\/PROG_PS_2026_page-0001.jpg\" width=\"1240\" height=\"1755\" srcset=\"https:\/\/freddymorezon.org\/wp-content\/uploads\/2026\/04\/PROG_PS_2026_page-0001.jpg 1240w, https:\/\/freddymorezon.org\/wp-content\/uploads\/2026\/04\/PROG_PS_2026_page-0001-565x800.jpg 565w, https:\/\/freddymorezon.org\/wp-content\/uploads\/2026\/04\/PROG_PS_2026_page-0001-1085x1536.jpg 1085w, https:\/\/freddymorezon.org\/wp-content\/uploads\/2026\/04\/PROG_PS_2026_page-0001-400x566.jpg 400w\" sizes=\"(max-width: 1240px) 100vw, 1240px\" alt=\"\" \t\tclass=\"so-widget-image\"\/>\n\t<\/div>\n\n<\/div><\/div><\/div><\/div><\/div>","protected":false},"excerpt":{"rendered":"<p>Printemps Sauvage \u00b7 4e \u00e9dition du 17 au 19 avril 2026 M\u00e2lain + Ancey (21) Prix libre bar et petite restauration sur place pointbreak \u00b7 L&#8217;Artsaut \u00b7 Freddy Morezon \u00b7 Fromagerie Delin \u00b7 Comit\u00e9 des f\u00eates d&#8217;Ancey Pritemps Sauvage est un \u00e9v\u00e9nement aid\u00e9 par la DRAC Bourgogne, la Mairie d&#8217;Ancey, la Communaut\u00e9 de Communes Ouche&hellip;<\/p>\n<p><a class=\"more-link\" href=\"https:\/\/freddymorezon.org\/en\/nos-evenements\/17-19-04-26-printemps-sauvage\/\" title=\"Continue reading &lsquo;17 > 19.04.26 \/\/ PRINTEMPS SAUVAGE&rsquo;&#8221;>Continue reading <span class=\"meta-nav\">&rarr;<\/span><\/a><\/p>\n","protected":false},"author":1,"featured_media":25337,"parent":10655,"menu_order":0,"comment_status":"closed","ping_status":"closed","template":"page-templates\/full-width.php","meta":{"om_disable_all_campaigns":false,"_monsterinsights_skip_tracking":false,"_monsterinsights_sitenote_active":false,"_monsterinsights_sitenote_note":"","_monsterinsights_sitenote_category":0,"_uf_show_specific_survey":0,"_uf_disable_surveys":false,"footnotes":""},"categories":[800],"tags":[],"class_list":["post-25336","page","type-page","status-publish","has-post-thumbnail","hentry","category-nos-evenements"],"aioseo_notices":[],"yoast_head":"<!-- This site is optimized with the Yoast SEO plugin v27.4 - https:\/\/yoast.com\/product\/yoast-seo-wordpress\/ -->\n<title>17 &gt; 19.04.26 \/\/ PRINTEMPS SAUVAGE | Freddy Morezon<\/title>\n<meta name=\"robots\" content=\"index, follow, max-snippet:-1, max-image-preview:large, max-video-preview:-1\" \/>\n<link rel=\"canonical\" href=\"https:\/\/freddymorezon.org\/nos-evenements\/17-19-04-26-printemps-sauvage\/\" \/>\n<meta property=\"og:locale\" content=\"en_US\" \/>\n<meta property=\"og:type\" content=\"article\" \/>\n<meta property=\"og:title\" content=\"17 &gt; 19.04.26 \/\/ PRINTEMPS SAUVAGE | Freddy Morezon\" \/>\n<meta property=\"og:description\" content=\"Printemps Sauvage \u00b7 4e \u00e9dition du 17 au 19 avril 2026 M\u00e2lain + Ancey (21) Prix libre bar et petite restauration sur place pointbreak \u00b7 L&#039;Artsaut \u00b7 Freddy Morezon \u00b7 Fromagerie Delin \u00b7 Comit\u00e9 des f\u00eates d&#039;Ancey Pritemps Sauvage est un \u00e9v\u00e9nement aid\u00e9 par la DRAC Bourgogne, la Mairie d&#039;Ancey, la Communaut\u00e9 de Communes Ouche&hellip;Continue reading &rarr;\" \/>\n<meta property=\"og:url\" content=\"https:\/\/freddymorezon.org\/nos-evenements\/17-19-04-26-printemps-sauvage\/\" \/>\n<meta property=\"og:site_name\" content=\"Freddy Morezon\" \/>\n<meta property=\"article:publisher\" content=\"https:\/\/www.facebook.com\/freddy.morezon\/\" \/>\n<meta property=\"og:image\" content=\"https:\/\/freddymorezon.org\/wp-content\/uploads\/2026\/04\/CARRE_FREDDY.jpg\" \/>\n\t<meta property=\"og:image:width\" content=\"1000\" \/>\n\t<meta property=\"og:image:height\" content=\"1000\" \/>\n\t<meta property=\"og:image:type\" content=\"image\/jpeg\" \/>\n<meta name=\"twitter:card\" content=\"summary_large_image\" \/>\n<script type=\"application\/ld+json\" class=\"yoast-schema-graph\">{\"@context\":\"https:\\\/\\\/schema.org\",\"@graph\":[{\"@type\":\"WebPage\",\"@id\":\"https:\\\/\\\/freddymorezon.org\\\/nos-evenements\\\/17-19-04-26-printemps-sauvage\\\/\",\"url\":\"https:\\\/\\\/freddymorezon.org\\\/nos-evenements\\\/17-19-04-26-printemps-sauvage\\\/\",\"name\":\"17 > 19.04.26 \\\/\\\/ PRINTEMPS SAUVAGE | Freddy Morezon\",\"isPartOf\":{\"@id\":\"https:\\\/\\\/freddymorezon.org\\\/#website\"},\"primaryImageOfPage\":{\"@id\":\"https:\\\/\\\/freddymorezon.org\\\/nos-evenements\\\/17-19-04-26-printemps-sauvage\\\/#primaryimage\"},\"image\":{\"@id\":\"https:\\\/\\\/freddymorezon.org\\\/nos-evenements\\\/17-19-04-26-printemps-sauvage\\\/#primaryimage\"},\"thumbnailUrl\":\"https:\\\/\\\/freddymorezon.org\\\/wp-content\\\/uploads\\\/2026\\\/04\\\/CARRE_FREDDY.jpg\",\"datePublished\":\"2026-04-09T14:39:25+00:00\",\"breadcrumb\":{\"@id\":\"https:\\\/\\\/freddymorezon.org\\\/nos-evenements\\\/17-19-04-26-printemps-sauvage\\\/#breadcrumb\"},\"inLanguage\":\"en-US\",\"potentialAction\":[{\"@type\":\"ReadAction\",\"target\":[\"https:\\\/\\\/freddymorezon.org\\\/nos-evenements\\\/17-19-04-26-printemps-sauvage\\\/\"]}]},{\"@type\":\"ImageObject\",\"inLanguage\":\"en-US\",\"@id\":\"https:\\\/\\\/freddymorezon.org\\\/nos-evenements\\\/17-19-04-26-printemps-sauvage\\\/#primaryimage\",\"url\":\"https:\\\/\\\/freddymorezon.org\\\/wp-content\\\/uploads\\\/2026\\\/04\\\/CARRE_FREDDY.jpg\",\"contentUrl\":\"https:\\\/\\\/freddymorezon.org\\\/wp-content\\\/uploads\\\/2026\\\/04\\\/CARRE_FREDDY.jpg\",\"width\":1000,\"height\":1000},{\"@type\":\"BreadcrumbList\",\"@id\":\"https:\\\/\\\/freddymorezon.org\\\/nos-evenements\\\/17-19-04-26-printemps-sauvage\\\/#breadcrumb\",\"itemListElement\":[{\"@type\":\"ListItem\",\"position\":1,\"name\":\"Accueil\",\"item\":\"https:\\\/\\\/freddymorezon.org\\\/\"},{\"@type\":\"ListItem\",\"position\":2,\"name\":\"Nos \u00e9v\u00e9nements\",\"item\":\"https:\\\/\\\/freddymorezon.org\\\/nos-evenements\\\/\"},{\"@type\":\"ListItem\",\"position\":3,\"name\":\"17 > 19.04.26 \\\/\\\/ PRINTEMPS SAUVAGE\"}]},{\"@type\":\"WebSite\",\"@id\":\"https:\\\/\\\/freddymorezon.org\\\/#website\",\"url\":\"https:\\\/\\\/freddymorezon.org\\\/\",\"name\":\"Freddy Morezon\",\"description\":\"jazz - musique improvis\u00e9e - esth\u00e9tiques plurielles\",\"publisher\":{\"@id\":\"https:\\\/\\\/freddymorezon.org\\\/#organization\"},\"potentialAction\":[{\"@type\":\"SearchAction\",\"target\":{\"@type\":\"EntryPoint\",\"urlTemplate\":\"https:\\\/\\\/freddymorezon.org\\\/?s={search_term_string}\"},\"query-input\":{\"@type\":\"PropertyValueSpecification\",\"valueRequired\":true,\"valueName\":\"search_term_string\"}}],\"inLanguage\":\"en-US\"},{\"@type\":\"Organization\",\"@id\":\"https:\\\/\\\/freddymorezon.org\\\/#organization\",\"name\":\"Association Freddy Morezon\",\"url\":\"https:\\\/\\\/freddymorezon.org\\\/\",\"logo\":{\"@type\":\"ImageObject\",\"inLanguage\":\"en-US\",\"@id\":\"https:\\\/\\\/freddymorezon.org\\\/#\\\/schema\\\/logo\\\/image\\\/\",\"url\":\"https:\\\/\\\/freddymorezon.org\\\/wp-content\\\/uploads\\\/2016\\\/02\\\/mini-logo-header-site2.jpg\",\"contentUrl\":\"https:\\\/\\\/freddymorezon.org\\\/wp-content\\\/uploads\\\/2016\\\/02\\\/mini-logo-header-site2.jpg\",\"width\":234,\"height\":174,\"caption\":\"Association Freddy Morezon\"},\"image\":{\"@id\":\"https:\\\/\\\/freddymorezon.org\\\/#\\\/schema\\\/logo\\\/image\\\/\"},\"sameAs\":[\"https:\\\/\\\/www.facebook.com\\\/freddy.morezon\\\/\",\"https:\\\/\\\/www.instagram.com\\\/freddymorezon\\\/\",\"https:\\\/\\\/www.youtube.com\\\/user\\\/freddymorezon\",\"https:\\\/\\\/fr.linkedin.com\\\/company\\\/freddy-morezon-p.r.o.d.\"]}]}<\/script>\n<!-- \/ Yoast SEO plugin. -->","yoast_head_json":{"title":"17 > 19.04.26 \/\/ PRINTEMPS SAUVAGE | Freddy Morezon","robots":{"index":"index","follow":"follow","max-snippet":"max-snippet:-1","max-image-preview":"max-image-preview:large","max-video-preview":"max-video-preview:-1"},"canonical":"https:\/\/freddymorezon.org\/nos-evenements\/17-19-04-26-printemps-sauvage\/","og_locale":"en_US","og_type":"article","og_title":"17 > 19.04.26 \/\/ PRINTEMPS SAUVAGE | Freddy Morezon","og_description":"Printemps Sauvage \u00b7 4e \u00e9dition du 17 au 19 avril 2026 M\u00e2lain + Ancey (21) Prix libre bar et petite restauration sur place pointbreak \u00b7 L'Artsaut \u00b7 Freddy Morezon \u00b7 Fromagerie Delin \u00b7 Comit\u00e9 des f\u00eates d'Ancey Pritemps Sauvage est un \u00e9v\u00e9nement aid\u00e9 par la DRAC Bourgogne, la Mairie d'Ancey, la Communaut\u00e9 de Communes Ouche&hellip;Continue reading &rarr;","og_url":"https:\/\/freddymorezon.org\/nos-evenements\/17-19-04-26-printemps-sauvage\/","og_site_name":"Freddy Morezon","article_publisher":"https:\/\/www.facebook.com\/freddy.morezon\/","og_image":[{"width":1000,"height":1000,"url":"https:\/\/freddymorezon.org\/wp-content\/uploads\/2026\/04\/CARRE_FREDDY.jpg","type":"image\/jpeg"}],"twitter_card":"summary_large_image","schema":{"@context":"https:\/\/schema.org","@graph":[{"@type":"WebPage","@id":"https:\/\/freddymorezon.org\/nos-evenements\/17-19-04-26-printemps-sauvage\/","url":"https:\/\/freddymorezon.org\/nos-evenements\/17-19-04-26-printemps-sauvage\/","name":"17 > 19.04.26 \/\/ PRINTEMPS SAUVAGE | Freddy Morezon","isPartOf":{"@id":"https:\/\/freddymorezon.org\/#website"},"primaryImageOfPage":{"@id":"https:\/\/freddymorezon.org\/nos-evenements\/17-19-04-26-printemps-sauvage\/#primaryimage"},"image":{"@id":"https:\/\/freddymorezon.org\/nos-evenements\/17-19-04-26-printemps-sauvage\/#primaryimage"},"thumbnailUrl":"https:\/\/freddymorezon.org\/wp-content\/uploads\/2026\/04\/CARRE_FREDDY.jpg","datePublished":"2026-04-09T14:39:25+00:00","breadcrumb":{"@id":"https:\/\/freddymorezon.org\/nos-evenements\/17-19-04-26-printemps-sauvage\/#breadcrumb"},"inLanguage":"en-US","potentialAction":[{"@type":"ReadAction","target":["https:\/\/freddymorezon.org\/nos-evenements\/17-19-04-26-printemps-sauvage\/"]}]},{"@type":"ImageObject","inLanguage":"en-US","@id":"https:\/\/freddymorezon.org\/nos-evenements\/17-19-04-26-printemps-sauvage\/#primaryimage","url":"https:\/\/freddymorezon.org\/wp-content\/uploads\/2026\/04\/CARRE_FREDDY.jpg","contentUrl":"https:\/\/freddymorezon.org\/wp-content\/uploads\/2026\/04\/CARRE_FREDDY.jpg","width":1000,"height":1000},{"@type":"BreadcrumbList","@id":"https:\/\/freddymorezon.org\/nos-evenements\/17-19-04-26-printemps-sauvage\/#breadcrumb","itemListElement":[{"@type":"ListItem","position":1,"name":"Accueil","item":"https:\/\/freddymorezon.org\/"},{"@type":"ListItem","position":2,"name":"Nos \u00e9v\u00e9nements","item":"https:\/\/freddymorezon.org\/nos-evenements\/"},{"@type":"ListItem","position":3,"name":"17 > 19.04.26 \/\/ PRINTEMPS SAUVAGE"}]},{"@type":"WebSite","@id":"https:\/\/freddymorezon.org\/#website","url":"https:\/\/freddymorezon.org\/","name":"Freddy Morezon","description":"jazz - musique improvis\u00e9e - esth\u00e9tiques plurielles","publisher":{"@id":"https:\/\/freddymorezon.org\/#organization"},"potentialAction":[{"@type":"SearchAction","target":{"@type":"EntryPoint","urlTemplate":"https:\/\/freddymorezon.org\/?s={search_term_string}"},"query-input":{"@type":"PropertyValueSpecification","valueRequired":true,"valueName":"search_term_string"}}],"inLanguage":"en-US"},{"@type":"Organization","@id":"https:\/\/freddymorezon.org\/#organization","name":"Association Freddy Morezon","url":"https:\/\/freddymorezon.org\/","logo":{"@type":"ImageObject","inLanguage":"en-US","@id":"https:\/\/freddymorezon.org\/#\/schema\/logo\/image\/","url":"https:\/\/freddymorezon.org\/wp-content\/uploads\/2016\/02\/mini-logo-header-site2.jpg","contentUrl":"https:\/\/freddymorezon.org\/wp-content\/uploads\/2016\/02\/mini-logo-header-site2.jpg","width":234,"height":174,"caption":"Association Freddy Morezon"},"image":{"@id":"https:\/\/freddymorezon.org\/#\/schema\/logo\/image\/"},"sameAs":["https:\/\/www.facebook.com\/freddy.morezon\/","https:\/\/www.instagram.com\/freddymorezon\/","https:\/\/www.youtube.com\/user\/freddymorezon","https:\/\/fr.linkedin.com\/company\/freddy-morezon-p.r.o.d."]}]}},"_links":{"self":[{"href":"https:\/\/freddymorezon.org\/en\/wp-json\/wp\/v2\/pages\/25336","targetHints":{"allow":["GET"]}}],"collection":[{"href":"https:\/\/freddymorezon.org\/en\/wp-json\/wp\/v2\/pages"}],"about":[{"href":"https:\/\/freddymorezon.org\/en\/wp-json\/wp\/v2\/types\/page"}],"author":[{"embeddable":true,"href":"https:\/\/freddymorezon.org\/en\/wp-json\/wp\/v2\/users\/1"}],"replies":[{"embeddable":true,"href":"https:\/\/freddymorezon.org\/en\/wp-json\/wp\/v2\/comments?post=25336"}],"version-history":[{"count":2,"href":"https:\/\/freddymorezon.org\/en\/wp-json\/wp\/v2\/pages\/25336\/revisions"}],"predecessor-version":[{"id":25342,"href":"https:\/\/freddymorezon.org\/en\/wp-json\/wp\/v2\/pages\/25336\/revisions\/25342"}],"up":[{"embeddable":true,"href":"https:\/\/freddymorezon.org\/en\/wp-json\/wp\/v2\/pages\/10655"}],"wp:featuredmedia":[{"embeddable":true,"href":"https:\/\/freddymorezon.org\/en\/wp-json\/wp\/v2\/media\/25337"}],"wp:attachment":[{"href":"https:\/\/freddymorezon.org\/en\/wp-json\/wp\/v2\/media?parent=25336"}],"wp:term":[{"taxonomy":"category","embeddable":true,"href":"https:\/\/freddymorezon.org\/en\/wp-json\/wp\/v2\/categories?post=25336"},{"taxonomy":"post_tag","embeddable":true,"href":"https:\/\/freddymorezon.org\/en\/wp-json\/wp\/v2\/tags?post=25336"}],"curies":[{"name":"wp","href":"https:\/\/api.w.org\/{rel}","templated":true}]}}