
{"id":2936,"date":"2017-02-23T15:26:34","date_gmt":"2017-02-23T14:26:34","guid":{"rendered":"https:\/\/freddymorezon.org\/?page_id=2936"},"modified":"2026-01-05T11:21:05","modified_gmt":"2026-01-05T09:21:05","slug":"au-doux-combat-me-joindre","status":"publish","type":"page","link":"https:\/\/freddymorezon.org\/en\/label\/au-doux-combat-me-joindre\/","title":{"rendered":"Au doux combat me joindre"},"content":{"rendered":"<div id=\"pl-2936\"  class=\"panel-layout\" ><div id=\"pg-2936-0\"  class=\"panel-grid panel-no-style\" ><div id=\"pgc-2936-0-0\"  class=\"panel-grid-cell\" ><div id=\"panel-2936-0-0-0\" class=\"so-panel widget widget_sow-image panel-first-child\" data-index=\"0\" ><div\n\t\t\t\n\t\t\tclass=\"so-widget-sow-image so-widget-sow-image-default-8b5b6f678277-2936\"\n\t\t\t\n\t\t>\n<div class=\"sow-image-container\">\n\t\t<img \n\tsrc=\"https:\/\/freddymorezon.org\/wp-content\/uploads\/2017\/04\/NNNR_anim-ld.gif\" width=\"709\" height=\"709\" sizes=\"(max-width: 709px) 100vw, 709px\" alt=\"\" \t\tclass=\"so-widget-image\"\/>\n\t<\/div>\n\n<\/div><\/div><div id=\"panel-2936-0-0-1\" class=\"so-panel widget widget_sow-editor\" data-index=\"1\" ><div\n\t\t\t\n\t\t\tclass=\"so-widget-sow-editor so-widget-sow-editor-base\"\n\t\t\t\n\t\t>\n<div class=\"siteorigin-widget-tinymce textwidget\">\n\t<div class=\"commande-album\" style=\"margin-top: 50px; width: 240px;\">\n<div class=\"ajout-panier woocommerce add_to_cart_inline\">\n<h3>commander<\/h3>\n<h4><i class=\"fa fa-chevron-right fa-2x\"><\/i> CD<\/h4>\n<p class=\"product woocommerce add_to_cart_inline \" style=\"border: 4px solid #ccc; padding: 12px;\"><span class=\"woocommerce-Price-amount amount\"><bdi>12,00<span class=\"woocommerce-Price-currencySymbol\">\u20ac<\/span><\/bdi><\/span><a class=\"button product_type_simple add_to_cart_button ajax_add_to_cart\" href=\"\/label\/au-doux-combat-me-joindre\/?add-to-cart=3274\" rel=\"nofollow\" aria-describedby=\"woocommerce_loop_add_to_cart_link_describedby_3274\" data-quantity=\"1\" data-product_id=\"3274\" data-product_sku=\"\" aria-label=\"Ajouter au panier : \u201cAu doux combat me joindre - CD\u201d\" data-success_message=\"\u00ab Au doux combat me joindre - CD \u00bb a \u00e9t\u00e9 ajout\u00e9 \u00e0 votre panier\">Ajouter au panier<\/a> <span id=\"woocommerce_loop_add_to_cart_link_describedby_3274\" class=\"screen-reader-text\"><br \/>\n<\/span><\/p>\n<\/div>\n<\/div>\n<\/div>\n<\/div><\/div><div id=\"panel-2936-0-0-2\" class=\"so-panel widget widget_sow-editor\" data-index=\"2\" ><div\n\t\t\t\n\t\t\tclass=\"so-widget-sow-editor so-widget-sow-editor-base\"\n\t\t\t\n\t\t>\n<div class=\"siteorigin-widget-tinymce textwidget\">\n\t<p><iframe style=\"border: 0; width: 100%; height: 373px;\" src=\"https:\/\/bandcamp.com\/EmbeddedPlayer\/album=3856358878\/size=large\/bgcol=ffffff\/linkcol=0687f5\/artwork=none\/transparent=true\/\" seamless><a href=\"https:\/\/mrmorezon.bandcamp.com\/album\/au-doux-combat-me-joindre\">Au doux combat me joindre by No Noise No Reduction<\/a><\/iframe><\/p>\n<\/div>\n<\/div><\/div><div id=\"panel-2936-0-0-3\" class=\"so-panel widget widget_sow-editor\" data-index=\"3\" ><div\n\t\t\t\n\t\t\tclass=\"so-widget-sow-editor so-widget-sow-editor-base\"\n\t\t\t\n\t\t><h3 class=\"widget-title\">DISTRIBUTION - CR\u00c9DITS<\/h3>\n<div class=\"siteorigin-widget-tinymce textwidget\">\n\t<p>Marc D\u00e9mereau : Saxophone Baryton<br \/>\nMarc Maffiolo : Saxophone Basse<br \/>\nFlorian Nastorg : Saxophone Basse<\/p>\n<p>Toutes les compositions sont de Marc D\u00e9mereau, sauf <em>Mysterieux O<\/em> de Marc Maffiolo. Le texte de Lance au bout d\u2019or est extrait des sonnets \u00e9rotiques de Pierre de Ronsard. Ce disque a \u00e9t\u00e9 enregistr\u00e9 et mix\u00e9 par Lucie Laricq, en d\u00e9cembre 2016, \u00e0 La Ferronnerie \u2013 Juran\u00e7on (64) et masteris\u00e9 par Simon Henocq. Il est distribu\u00e9 par Orkhestra international dans une pochette con\u00e7ue par Rovo et a \u00e9t\u00e9 produit par Freddy Morezon.<\/p>\n<\/div>\n<\/div><\/div><div id=\"panel-2936-0-0-4\" class=\"so-panel widget widget_text panel-last-child\" data-index=\"4\" >\t\t\t<div class=\"textwidget\"><h3>Liens<\/h3>\n<p><a href=\"https:\/\/freddymorezon.org\/projets\/no-noise-no-reduction\/\"><i class=\"fa fa-chevron-right\"><\/i> No Noise No Reduction<\/a><\/p>\n<\/div>\n\t\t<\/div><\/div><div id=\"pgc-2936-0-1\"  class=\"panel-grid-cell\" ><div id=\"panel-2936-0-1-0\" class=\"so-panel widget widget_sow-headline panel-first-child\" data-index=\"5\" ><div\n\t\t\t\n\t\t\tclass=\"so-widget-sow-headline so-widget-sow-headline-default-c8fa18c4903e-2936\"\n\t\t\t\n\t\t><div class=\"sow-headline-container \">\n\t\t\t\t\t\t\t<h2 class=\"sow-headline\">\n\t\t\t\t\t\tAU DOUX COMBAT ME JOINDRE\t\t\t\t\t\t<\/h2>\n\t\t\t\t\t\t\t\t\t\t\t<div class=\"decoration\">\n\t\t\t\t\t\t<div class=\"decoration-inside\"><\/div>\n\t\t\t\t\t<\/div>\n\t\t\t\t\t\t\t\t\t\t\t<h3 class=\"sow-sub-headline\">\n\t\t\t\t\t\t<h3>No Noise No Reduction<\/h3> Mr Morezon 014 \u23ae 18 mai 2017\t\t\t\t\t\t<\/h3>\n\t\t\t\t\t\t<\/div>\n<\/div><\/div><div id=\"panel-2936-0-1-1\" class=\"so-panel widget widget_sow-editor\" data-index=\"6\" ><div\n\t\t\t\n\t\t\tclass=\"so-widget-sow-editor so-widget-sow-editor-base\"\n\t\t\t\n\t\t>\n<div class=\"siteorigin-widget-tinymce textwidget\">\n\t<p><iframe loading=\"lazy\" title=\"No Noise No Reduction @ Celtic Pub, Tarbes \/ juin 2022\" width=\"790\" height=\"444\" src=\"https:\/\/www.youtube.com\/embed\/SMX2IsQZzlA?feature=oembed\" frameborder=\"0\" allow=\"accelerometer; autoplay; clipboard-write; encrypted-media; gyroscope; picture-in-picture; web-share\" referrerpolicy=\"strict-origin-when-cross-origin\" allowfullscreen><\/iframe><\/p>\n<\/div>\n<\/div><\/div><div id=\"panel-2936-0-1-2\" class=\"so-panel widget widget_text\" data-index=\"7\" >\t\t\t<div class=\"textwidget\"><p><img loading=\"lazy\" decoding=\"async\" class=\"wp-image-3422 alignright\" src=\"https:\/\/freddymorezon.org\/wp-content\/uploads\/2018\/04\/elu-citizen-jazz-rose.png\" alt=\"\" width=\"40\" height=\"40\" \/><\/p>\n<h3>Revue de presse<\/h3>\n<div class=\"pt-cv-wrapper\">\n<div class=\"pt-cv-view pt-cv-scrollable pt-cv-colsys pt-cv-left pt-cv-sharp-buttons\" id=\"pt-cv-view-d9d2ebcb8d\">\n<div data-id=\"pt-cv-page-1\" class=\"pt-cv-page\" data-cvc=\"1\">\n<div id=\"48dca856mj\" class=\"pt-cv-carousel pt-cv-slide\" data-ride=\"cvcarousel\" data-interval=false>\n<div class=\"carousel-inner\">\n<div class=\"item active\">\n<div class=\"row\">\n<div class=\"col-md-12 col-sm-12 col-xs-12 pt-cv-content-item pt-cv-1-col\"  data-pid=\"5566\">\n<div class=\"pt-cv-carousel-caption pt-cv-cap-wo-img\"><span class=\"dashicons dashicons-format-quote pt-cv-pficon\"><\/span><\/p>\n<div class=\"pt-cv-content\">\n<blockquote>\n<p>Puissante, originale et tendue, la musique de No Noise No Reduction est curieuse pour son instrumentation et surprenante de cr\u00e9ativit\u00e9.<\/p>\n<\/blockquote>\n<p style=\"text-align: right;\">Bob Hatteau, Jazz \u00e0 Babord (octobre 2017) et Improjazz (janvier 2018)<\/p>\n<p style=\"text-align: right;\">\n<a href=\" http:\/\/jazz-a-babord.blogspot.fr\/2017\/10\/au-doux-combat-me-joindre-no-noise-no.html\" target=\"_blank\" rel=\"noopener\"><i class=\"fa fa-chevron-right fa-2x\"><\/i> Jazz \u00e0 Babord<\/a><\/p>\n<p style=\"text-align: right;\"><a href=\" https:\/\/sites.google.com\/site\/improjazzmag\/home\/cro201801\" target=\"_blank\" rel=\"noopener\"><i class=\"fa fa-chevron-right fa-2x\"><\/i> Improjazz<\/a><\/p>\n<\/div>\n<\/div>\n<\/div>\n<\/div>\n<\/div>\n<div class=\"item\">\n<div class=\"row\">\n<div class=\"col-md-12 col-sm-12 col-xs-12 pt-cv-content-item pt-cv-1-col\"  data-pid=\"3406\">\n<div class=\"pt-cv-carousel-caption pt-cv-cap-wo-img\"><span class=\"dashicons dashicons-format-quote pt-cv-pficon\"><\/span><\/p>\n<div class=\"pt-cv-content\">\n<blockquote>\n<h4>Citizen Jazz<\/h4>\n<p>No Noise ? Pas s\u00fbr puisque du bruit, ils en font et ont l\u2019air d\u2019aimer \u00e7a. Mais un bruit organique et organis\u00e9, puissant, n\u00e9 de leurs tripes, celui d\u2019une fureur de souffler jusqu\u2019\u00e0 l\u2019\u00e9puisement une musique rageuse dont la texture sonore est pour le moins atypique et sonde les registres les plus graves de leurs instruments. Marc D\u00e9mereau (saxophone baryton), Marc Maffiolo et Florian Nastorg (saxophones basse) sont les valeureux gardiens d\u2019un temple qui n\u2019appartient \u00e0 aucune chapelle, sauf peut-\u00eatre celle d\u2019une d\u00e9mesure libertaire o\u00f9 coagulent des \u00e9nergies h\u00e9rit\u00e9es autant du rock, du punk que du jazz ou autres avant-gardismes exalt\u00e9s.<\/p>\n<\/blockquote>\n<p>Disque \u00e9lu Citizen Jazz<\/p>\n<p class=\"legende\">Denis Desassis, Citizen Jazz, juin 2017<br \/>\n<a title=\"consulter la chronique\" href=\"http:\/\/www.citizenjazz.com\/No-Noise-No-Reduction-3474545.html\" target=\"_blank\" rel=\"noopener\"><i class=\"fa fa-chevron-right fa-2x\"><\/i> Lire la chronique sur Citizen Jazz<\/a><\/p>\n<\/div>\n<\/div>\n<\/div>\n<\/div>\n<\/div>\n<div class=\"item\">\n<div class=\"row\">\n<div class=\"col-md-12 col-sm-12 col-xs-12 pt-cv-content-item pt-cv-1-col\"  data-pid=\"3390\">\n<div class=\"pt-cv-carousel-caption pt-cv-cap-wo-img\"><span class=\"dashicons dashicons-format-quote pt-cv-pficon\"><\/span><\/p>\n<div class=\"pt-cv-content\">\n<blockquote>\n<p>It&#8217;s a sea of reeds and it takes three masters adept to exploiting all the expressive range saxes have to offer to accomplish a feat as NNNR have. One barytone and two basses do the damage here and they&#8217;ll have you dancing, cheering and lamenting within a matter of minutes.<br \/>\n[&#8230;] Another serious contender for album of the year 2017.<\/p>\n<\/blockquote>\n<p class=\"legende\">Evangelos Christodoulou, Right Deaf Ear, juin 2017<br \/>\n<a href=\"http:\/\/rightdeafear.blogspot.fr\/2017\/06\/its-sea-of-reeds-and-it-takes-three.html\" target=\"_blank\" alt=\"consulter la chronique sur le blog Right Deaf Ear\" title=\"consulter la chronique\"><i class=\"fa fa-chevron-right fa-2x\"><\/i> Lire la chronique sur le blog Right Deaf Ear<\/a><\/p>\n<\/div>\n<\/div>\n<\/div>\n<\/div>\n<\/div>\n<\/div>\n<p><a class=\"left carousel-control\" data-target=\"#48dca856mj\" data-cvslide=\"prev\"><br \/>\n\t\t\t\t\t\t<span class=\"glyphicon glyphicon-chevron-left\"><\/span><br \/>\n\t\t\t\t\t<\/a><br \/>\n\t\t\t\t\t<a class=\"right carousel-control\" data-target=\"#48dca856mj\" data-cvslide=\"next\"><br \/>\n\t\t\t\t\t\t<span class=\"glyphicon glyphicon-chevron-right\"><\/span><br \/>\n\t\t\t\t\t<\/a><\/div>\n<\/div>\n<\/div>\n<\/div>\n<style type=\"text\/css\" id=\"pt-cv-inline-style-ec9788e324\">#pt-cv-view-d9d2ebcb8d.pt-cv-post-border .pt-cv-content-item   { border-top-style: solid; border-left-style: solid; }\n#pt-cv-view-d9d2ebcb8d .pt-cv-title a, #pt-cv-view-d9d2ebcb8d  .panel-title { font-weight: 600 !important; }\n#pt-cv-view-d9d2ebcb8d .pt-cv-specialp * { font-size: 13px !important; line-height: 1.3 !important; color: #fff !important; background-color: #CC3333 !important; }\n#pt-cv-view-d9d2ebcb8d .pt-cv-pficon  { color: #bbb !important; }\n#pt-cv-view-d9d2ebcb8d  .add_to_cart_button, #pt-cv-view-d9d2ebcb8d  .add_to_cart_button *   { color: #ffffff !important; background-color: #00aeef !important; }\n#pt-cv-view-d9d2ebcb8d  .woocommerce-onsale   { color: #ffffff !important; background-color: #ff5a5f !important; }\n#pt-cv-view-d9d2ebcb8d .pt-cv-readmore  { color: #ffffff !important; background-color: #00aeef !important; }\n#pt-cv-view-d9d2ebcb8d .pt-cv-readmore:hover  { color: #ffffff !important; background-color: #00aeef !important; }\n#pt-cv-view-d9d2ebcb8d  + .pt-cv-pagination-wrapper .pt-cv-more , #pt-cv-view-d9d2ebcb8d  + .pt-cv-pagination-wrapper .pagination .active a { color: #ffffff !important; background-color: #00aeef !important; }\n#pt-cv-view-d9d2ebcb8d .pt-cv-gls-header  { background-color: #00aeef !important; }\n#pt-cv-view-d9d2ebcb8d .pt-cv-tao  { font-size: 20px !important; line-height: 1.3 !important; color: #ffffff !important; background-color: #00aeef !important; }\n#pt-cv-view-d9d2ebcb8d { text-align: left; }<\/style>\n<\/div>\n\t\t<\/div><div id=\"panel-2936-0-1-3\" class=\"so-panel widget widget_eo_event_list_widget EO_Event_List_Widget panel-last-child\" data-index=\"8\" ><h3 class=\"widget-title\">\u00c9v\u00e9nements<\/h3>\n\n\t<h3 class=\"widget-title evenements\">Tour<\/h3>\n\t<ul  class=\"eo-events eo-events-widget\" > \n\n\t\t\n\t\t\t\t\t\t\n\t\t\t<li class=\"eo-event-venue-eglise-du-gesu eo-event-cat-agenda eo-event-cat-florian-nastorg eo-event-cat-marc-demereau eo-event-cat-marc-maffiolo eo-event-cat-tubi-nebulosi eo-event-future\" >\n\t\t\t\n\t\t\n\t\t\t\n\t\t\n\t\t\t\t<div class=\"date\"> \n\t\t\t\t <div class=\"jour\">23<\/div> <div class=\"mois\">May<\/div><\/div>\t\t\t\n\t\t\t\t\t\n\t\t\t\t\t\t\t\t\t\t\n\t\t\t\t\t\n\t\t\t\t <div class=\"contenu-date\">\n\t\t\t\t\n\t\t\t\t<h4 class=\"titre\">Tubi Nebulosi - <\/h4> \n\t\t\t\t<div class=\"detail\">\n\t\t\t\t<span class=\"lieu\">Eglise du G\u00e9su, Toulouse<\/span><!-- \/.lieu --> - <span class=\"heure\">22h00<\/span>\t\t\t\t\n\t\t\t\t\n\t\t\t\t\n\t\t\t\t<span class=\"extrait\"> - <p><a href=\"https:\/\/freddymorezon.org\/catalogue\/tubi-nebulosi\/\" title=\"+ d'infos\" alt=\"+ d'infos\"><i class=\"fa fa-plus-square\"><\/i><\/a><a href=\"https:\/\/12hdugesu.fr\/\" target=\"_blank\" title=\"+ d'infos\" alt=\"+ d'infos\"><i class=\"fa fa-plus-square\"><\/i><\/a><\/p>\n<\/span><!-- \/.extrait -->\t\t\t\t\n\t\t\t\t\t\t\t\t&nbsp;<span class=\"meta\"><ul class='post-meta'>\n<li><span class='post-meta-key'>om_disable_all_campaigns:<\/span> <\/li>\n<\/ul>\n<\/span><!-- \/.meta -->\n\t\t\t\t<\/div> <!-- \/.detail -->\n\t\t\t\t\n\t\t\t\t\n\t\t\t\t\n\t\t\t\t\n\t\t\t\t\n\t\t\t\t\n\t\t\t\t\n\t\t\t\t\n\t\t\t\t\n\t\t\t\t\n\t\t<!--\t<div class=\"meta-projet-associe-a-l-actu\"><\/div> -->\n\t\t\t\t  \n\t\t\t\t  <div class=\"mois-titre\">\t\t\t\t<!-- \/.mois-titre -->\n\t\t\t\t\n\t\t\t\t   \n\t\t\t\t <\/div><!-- \/.contenu-date -->\n\t\t\t<\/li>\n\n\t\t\n\t<\/ul>\n\n\n<\/div><\/div><\/div><\/div>","protected":false},"excerpt":{"rendered":"<p>May 2017<\/p>\n","protected":false},"author":1,"featured_media":3161,"parent":140,"menu_order":0,"comment_status":"closed","ping_status":"closed","template":"page-templates\/full-width.php","meta":{"om_disable_all_campaigns":false,"_monsterinsights_skip_tracking":false,"_monsterinsights_sitenote_active":false,"_monsterinsights_sitenote_note":"","_monsterinsights_sitenote_category":0,"_uf_show_specific_survey":0,"_uf_disable_surveys":false,"footnotes":""},"categories":[1174],"tags":[],"class_list":["post-2936","page","type-page","status-publish","has-post-thumbnail","hentry","category-page-label"],"aioseo_notices":[],"yoast_head":"<!-- This site is optimized with the Yoast SEO plugin v27.3 - https:\/\/yoast.com\/product\/yoast-seo-wordpress\/ -->\n<title>Au doux combat me joindre | Freddy Morezon<\/title>\n<meta name=\"robots\" content=\"index, follow, max-snippet:-1, max-image-preview:large, max-video-preview:-1\" \/>\n<link rel=\"canonical\" href=\"https:\/\/freddymorezon.org\/label\/au-doux-combat-me-joindre\/\" \/>\n<meta property=\"og:locale\" content=\"en_US\" \/>\n<meta property=\"og:type\" content=\"article\" \/>\n<meta property=\"og:title\" content=\"Au doux combat me joindre | Freddy Morezon\" \/>\n<meta property=\"og:description\" content=\"[:fr]Mai 2017[:en]May 2017[:]\" \/>\n<meta property=\"og:url\" content=\"https:\/\/freddymorezon.org\/label\/au-doux-combat-me-joindre\/\" \/>\n<meta property=\"og:site_name\" content=\"Freddy Morezon\" \/>\n<meta property=\"article:publisher\" content=\"https:\/\/www.facebook.com\/freddy.morezon\/\" \/>\n<meta property=\"article:modified_time\" content=\"2026-01-05T09:21:05+00:00\" \/>\n<meta property=\"og:image\" content=\"https:\/\/freddymorezon.org\/wp-content\/uploads\/2017\/04\/NNNR_anim-ld.gif\" \/>\n\t<meta property=\"og:image:width\" content=\"709\" \/>\n\t<meta property=\"og:image:height\" content=\"709\" \/>\n\t<meta property=\"og:image:type\" content=\"image\/gif\" \/>\n<meta name=\"twitter:card\" content=\"summary_large_image\" \/>\n<script type=\"application\/ld+json\" class=\"yoast-schema-graph\">{\"@context\":\"https:\\\/\\\/schema.org\",\"@graph\":[{\"@type\":\"WebPage\",\"@id\":\"https:\\\/\\\/freddymorezon.org\\\/label\\\/au-doux-combat-me-joindre\\\/\",\"url\":\"https:\\\/\\\/freddymorezon.org\\\/label\\\/au-doux-combat-me-joindre\\\/\",\"name\":\"Au doux combat me joindre | Freddy Morezon\",\"isPartOf\":{\"@id\":\"https:\\\/\\\/freddymorezon.org\\\/#website\"},\"primaryImageOfPage\":{\"@id\":\"https:\\\/\\\/freddymorezon.org\\\/label\\\/au-doux-combat-me-joindre\\\/#primaryimage\"},\"image\":{\"@id\":\"https:\\\/\\\/freddymorezon.org\\\/label\\\/au-doux-combat-me-joindre\\\/#primaryimage\"},\"thumbnailUrl\":\"https:\\\/\\\/freddymorezon.org\\\/wp-content\\\/uploads\\\/2017\\\/04\\\/NNNR_anim-ld.gif\",\"datePublished\":\"2017-02-23T14:26:34+00:00\",\"dateModified\":\"2026-01-05T09:21:05+00:00\",\"breadcrumb\":{\"@id\":\"https:\\\/\\\/freddymorezon.org\\\/label\\\/au-doux-combat-me-joindre\\\/#breadcrumb\"},\"inLanguage\":\"en-US\",\"potentialAction\":[{\"@type\":\"ReadAction\",\"target\":[\"https:\\\/\\\/freddymorezon.org\\\/label\\\/au-doux-combat-me-joindre\\\/\"]}]},{\"@type\":\"ImageObject\",\"inLanguage\":\"en-US\",\"@id\":\"https:\\\/\\\/freddymorezon.org\\\/label\\\/au-doux-combat-me-joindre\\\/#primaryimage\",\"url\":\"https:\\\/\\\/freddymorezon.org\\\/wp-content\\\/uploads\\\/2017\\\/04\\\/NNNR_anim-ld.gif\",\"contentUrl\":\"https:\\\/\\\/freddymorezon.org\\\/wp-content\\\/uploads\\\/2017\\\/04\\\/NNNR_anim-ld.gif\",\"width\":709,\"height\":709},{\"@type\":\"BreadcrumbList\",\"@id\":\"https:\\\/\\\/freddymorezon.org\\\/label\\\/au-doux-combat-me-joindre\\\/#breadcrumb\",\"itemListElement\":[{\"@type\":\"ListItem\",\"position\":1,\"name\":\"Accueil\",\"item\":\"https:\\\/\\\/freddymorezon.org\\\/\"},{\"@type\":\"ListItem\",\"position\":2,\"name\":\"Label\",\"item\":\"https:\\\/\\\/freddymorezon.org\\\/label\\\/\"},{\"@type\":\"ListItem\",\"position\":3,\"name\":\"Au doux combat me joindre\"}]},{\"@type\":\"WebSite\",\"@id\":\"https:\\\/\\\/freddymorezon.org\\\/#website\",\"url\":\"https:\\\/\\\/freddymorezon.org\\\/\",\"name\":\"Freddy Morezon\",\"description\":\"jazz - musique improvis\u00e9e - esth\u00e9tiques plurielles\",\"publisher\":{\"@id\":\"https:\\\/\\\/freddymorezon.org\\\/#organization\"},\"potentialAction\":[{\"@type\":\"SearchAction\",\"target\":{\"@type\":\"EntryPoint\",\"urlTemplate\":\"https:\\\/\\\/freddymorezon.org\\\/?s={search_term_string}\"},\"query-input\":{\"@type\":\"PropertyValueSpecification\",\"valueRequired\":true,\"valueName\":\"search_term_string\"}}],\"inLanguage\":\"en-US\"},{\"@type\":\"Organization\",\"@id\":\"https:\\\/\\\/freddymorezon.org\\\/#organization\",\"name\":\"Association Freddy Morezon\",\"url\":\"https:\\\/\\\/freddymorezon.org\\\/\",\"logo\":{\"@type\":\"ImageObject\",\"inLanguage\":\"en-US\",\"@id\":\"https:\\\/\\\/freddymorezon.org\\\/#\\\/schema\\\/logo\\\/image\\\/\",\"url\":\"https:\\\/\\\/freddymorezon.org\\\/wp-content\\\/uploads\\\/2016\\\/02\\\/mini-logo-header-site2.jpg\",\"contentUrl\":\"https:\\\/\\\/freddymorezon.org\\\/wp-content\\\/uploads\\\/2016\\\/02\\\/mini-logo-header-site2.jpg\",\"width\":234,\"height\":174,\"caption\":\"Association Freddy Morezon\"},\"image\":{\"@id\":\"https:\\\/\\\/freddymorezon.org\\\/#\\\/schema\\\/logo\\\/image\\\/\"},\"sameAs\":[\"https:\\\/\\\/www.facebook.com\\\/freddy.morezon\\\/\",\"https:\\\/\\\/www.instagram.com\\\/freddymorezon\\\/\",\"https:\\\/\\\/www.youtube.com\\\/user\\\/freddymorezon\",\"https:\\\/\\\/fr.linkedin.com\\\/company\\\/freddy-morezon-p.r.o.d.\"]}]}<\/script>\n<!-- \/ Yoast SEO plugin. -->","yoast_head_json":{"title":"Au doux combat me joindre | Freddy Morezon","robots":{"index":"index","follow":"follow","max-snippet":"max-snippet:-1","max-image-preview":"max-image-preview:large","max-video-preview":"max-video-preview:-1"},"canonical":"https:\/\/freddymorezon.org\/label\/au-doux-combat-me-joindre\/","og_locale":"en_US","og_type":"article","og_title":"Au doux combat me joindre | Freddy Morezon","og_description":"[:fr]Mai 2017[:en]May 2017[:]","og_url":"https:\/\/freddymorezon.org\/label\/au-doux-combat-me-joindre\/","og_site_name":"Freddy Morezon","article_publisher":"https:\/\/www.facebook.com\/freddy.morezon\/","article_modified_time":"2026-01-05T09:21:05+00:00","og_image":[{"width":709,"height":709,"url":"https:\/\/freddymorezon.org\/wp-content\/uploads\/2017\/04\/NNNR_anim-ld.gif","type":"image\/gif"}],"twitter_card":"summary_large_image","schema":{"@context":"https:\/\/schema.org","@graph":[{"@type":"WebPage","@id":"https:\/\/freddymorezon.org\/label\/au-doux-combat-me-joindre\/","url":"https:\/\/freddymorezon.org\/label\/au-doux-combat-me-joindre\/","name":"Au doux combat me joindre | Freddy Morezon","isPartOf":{"@id":"https:\/\/freddymorezon.org\/#website"},"primaryImageOfPage":{"@id":"https:\/\/freddymorezon.org\/label\/au-doux-combat-me-joindre\/#primaryimage"},"image":{"@id":"https:\/\/freddymorezon.org\/label\/au-doux-combat-me-joindre\/#primaryimage"},"thumbnailUrl":"https:\/\/freddymorezon.org\/wp-content\/uploads\/2017\/04\/NNNR_anim-ld.gif","datePublished":"2017-02-23T14:26:34+00:00","dateModified":"2026-01-05T09:21:05+00:00","breadcrumb":{"@id":"https:\/\/freddymorezon.org\/label\/au-doux-combat-me-joindre\/#breadcrumb"},"inLanguage":"en-US","potentialAction":[{"@type":"ReadAction","target":["https:\/\/freddymorezon.org\/label\/au-doux-combat-me-joindre\/"]}]},{"@type":"ImageObject","inLanguage":"en-US","@id":"https:\/\/freddymorezon.org\/label\/au-doux-combat-me-joindre\/#primaryimage","url":"https:\/\/freddymorezon.org\/wp-content\/uploads\/2017\/04\/NNNR_anim-ld.gif","contentUrl":"https:\/\/freddymorezon.org\/wp-content\/uploads\/2017\/04\/NNNR_anim-ld.gif","width":709,"height":709},{"@type":"BreadcrumbList","@id":"https:\/\/freddymorezon.org\/label\/au-doux-combat-me-joindre\/#breadcrumb","itemListElement":[{"@type":"ListItem","position":1,"name":"Accueil","item":"https:\/\/freddymorezon.org\/"},{"@type":"ListItem","position":2,"name":"Label","item":"https:\/\/freddymorezon.org\/label\/"},{"@type":"ListItem","position":3,"name":"Au doux combat me joindre"}]},{"@type":"WebSite","@id":"https:\/\/freddymorezon.org\/#website","url":"https:\/\/freddymorezon.org\/","name":"Freddy Morezon","description":"jazz - musique improvis\u00e9e - esth\u00e9tiques plurielles","publisher":{"@id":"https:\/\/freddymorezon.org\/#organization"},"potentialAction":[{"@type":"SearchAction","target":{"@type":"EntryPoint","urlTemplate":"https:\/\/freddymorezon.org\/?s={search_term_string}"},"query-input":{"@type":"PropertyValueSpecification","valueRequired":true,"valueName":"search_term_string"}}],"inLanguage":"en-US"},{"@type":"Organization","@id":"https:\/\/freddymorezon.org\/#organization","name":"Association Freddy Morezon","url":"https:\/\/freddymorezon.org\/","logo":{"@type":"ImageObject","inLanguage":"en-US","@id":"https:\/\/freddymorezon.org\/#\/schema\/logo\/image\/","url":"https:\/\/freddymorezon.org\/wp-content\/uploads\/2016\/02\/mini-logo-header-site2.jpg","contentUrl":"https:\/\/freddymorezon.org\/wp-content\/uploads\/2016\/02\/mini-logo-header-site2.jpg","width":234,"height":174,"caption":"Association Freddy Morezon"},"image":{"@id":"https:\/\/freddymorezon.org\/#\/schema\/logo\/image\/"},"sameAs":["https:\/\/www.facebook.com\/freddy.morezon\/","https:\/\/www.instagram.com\/freddymorezon\/","https:\/\/www.youtube.com\/user\/freddymorezon","https:\/\/fr.linkedin.com\/company\/freddy-morezon-p.r.o.d."]}]}},"_links":{"self":[{"href":"https:\/\/freddymorezon.org\/en\/wp-json\/wp\/v2\/pages\/2936","targetHints":{"allow":["GET"]}}],"collection":[{"href":"https:\/\/freddymorezon.org\/en\/wp-json\/wp\/v2\/pages"}],"about":[{"href":"https:\/\/freddymorezon.org\/en\/wp-json\/wp\/v2\/types\/page"}],"author":[{"embeddable":true,"href":"https:\/\/freddymorezon.org\/en\/wp-json\/wp\/v2\/users\/1"}],"replies":[{"embeddable":true,"href":"https:\/\/freddymorezon.org\/en\/wp-json\/wp\/v2\/comments?post=2936"}],"version-history":[{"count":120,"href":"https:\/\/freddymorezon.org\/en\/wp-json\/wp\/v2\/pages\/2936\/revisions"}],"predecessor-version":[{"id":24754,"href":"https:\/\/freddymorezon.org\/en\/wp-json\/wp\/v2\/pages\/2936\/revisions\/24754"}],"up":[{"embeddable":true,"href":"https:\/\/freddymorezon.org\/en\/wp-json\/wp\/v2\/pages\/140"}],"wp:featuredmedia":[{"embeddable":true,"href":"https:\/\/freddymorezon.org\/en\/wp-json\/wp\/v2\/media\/3161"}],"wp:attachment":[{"href":"https:\/\/freddymorezon.org\/en\/wp-json\/wp\/v2\/media?parent=2936"}],"wp:term":[{"taxonomy":"category","embeddable":true,"href":"https:\/\/freddymorezon.org\/en\/wp-json\/wp\/v2\/categories?post=2936"},{"taxonomy":"post_tag","embeddable":true,"href":"https:\/\/freddymorezon.org\/en\/wp-json\/wp\/v2\/tags?post=2936"}],"curies":[{"name":"wp","href":"https:\/\/api.w.org\/{rel}","templated":true}]}}