
{"id":399,"date":"2016-02-15T15:36:36","date_gmt":"2016-02-15T14:36:36","guid":{"rendered":"https:\/\/freddymorezon.org\/?page_id=399"},"modified":"2026-01-05T11:20:24","modified_gmt":"2026-01-05T09:20:24","slug":"songs-for-a-free-body","status":"publish","type":"page","link":"https:\/\/freddymorezon.org\/en\/label\/songs-for-a-free-body\/","title":{"rendered":"Songs for a Free Body"},"content":{"rendered":"<div id=\"pl-399\"  class=\"panel-layout\" ><div id=\"pg-399-0\"  class=\"panel-grid panel-no-style\" ><div id=\"pgc-399-0-0\"  class=\"panel-grid-cell\" ><div id=\"panel-399-0-0-0\" class=\"so-panel widget widget_sow-image panel-first-child\" data-index=\"0\" ><div\n\t\t\t\n\t\t\tclass=\"so-widget-sow-image so-widget-sow-image-default-8b5b6f678277-399\"\n\t\t\t\n\t\t>\n<div class=\"sow-image-container\">\n\t\t<img \n\tsrc=\"https:\/\/freddymorezon.org\/wp-content\/uploads\/2016\/03\/03-The-bus-is-late-mp3-image-400x400.jpg\" width=\"400\" height=\"400\" srcset=\"https:\/\/freddymorezon.org\/wp-content\/uploads\/2016\/03\/03-The-bus-is-late-mp3-image-400x400.jpg 400w, https:\/\/freddymorezon.org\/wp-content\/uploads\/2016\/03\/03-The-bus-is-late-mp3-image-100x100.jpg 100w, https:\/\/freddymorezon.org\/wp-content\/uploads\/2016\/03\/03-The-bus-is-late-mp3-image-150x150.jpg 150w, https:\/\/freddymorezon.org\/wp-content\/uploads\/2016\/03\/03-The-bus-is-late-mp3-image-300x300.jpg 300w\" sizes=\"(max-width: 400px) 100vw, 400px\" alt=\"\" \t\tclass=\"so-widget-image\"\/>\n\t<\/div>\n\n<\/div><\/div><div id=\"panel-399-0-0-1\" class=\"so-panel widget widget_sow-editor\" data-index=\"1\" ><div\n\t\t\t\n\t\t\tclass=\"so-widget-sow-editor so-widget-sow-editor-base\"\n\t\t\t\n\t\t>\n<div class=\"siteorigin-widget-tinymce textwidget\">\n\t<div class=\"commande-album\" style=\"margin-top: 60px; margin-bottom: 20px; width: 250px;\">\n<div class=\"ajout-panier woocommerce add_to_cart_inline\">\n<h3>commander<\/h3>\n<h4><i class=\"fa fa-chevron-right fa-2x\"><\/i> CD<\/h4>\n<p class=\"product woocommerce add_to_cart_inline \" style=\"border:4px solid #ccc; padding: 12px;\"><span class=\"woocommerce-Price-amount amount\"><bdi>10,00<span class=\"woocommerce-Price-currencySymbol\">&euro;<\/span><\/bdi><\/span><a href=\"\/label\/songs-for-a-free-body\/?add-to-cart=10\" aria-describedby=\"woocommerce_loop_add_to_cart_link_describedby_10\" data-quantity=\"1\" class=\"button product_type_simple add_to_cart_button ajax_add_to_cart\" data-product_id=\"10\" data-product_sku=\"\" aria-label=\"Ajouter au panier : &ldquo;Songs for a Free Body - CD&rdquo;\" rel=\"nofollow\" data-success_message=\"\u00ab Songs for a Free Body - CD \u00bb a \u00e9t\u00e9 ajout\u00e9 \u00e0 votre panier\">Ajouter au panier<\/a>\t<span id=\"woocommerce_loop_add_to_cart_link_describedby_10\" class=\"screen-reader-text\"><br \/>\n\t\t\t<\/span>\n<\/p>\n<\/div>\n<div class=\"ajout-panier woocommerce add_to_cart_inline\">\n<h4><i class=\"fa fa-chevron-right fa-2x\"><\/i> vinyle<\/h4>\n<p class=\"product woocommerce add_to_cart_inline \" style=\"border:4px solid #ccc; padding: 12px;\"><span class=\"woocommerce-Price-amount amount\"><bdi>15,00<span class=\"woocommerce-Price-currencySymbol\">&euro;<\/span><\/bdi><\/span><a href=\"\/label\/songs-for-a-free-body\/?add-to-cart=308\" aria-describedby=\"woocommerce_loop_add_to_cart_link_describedby_308\" data-quantity=\"1\" class=\"button product_type_simple add_to_cart_button ajax_add_to_cart\" data-product_id=\"308\" data-product_sku=\"\" aria-label=\"Ajouter au panier : &ldquo;Songs for a Free Body - vinyle&rdquo;\" rel=\"nofollow\" data-success_message=\"\u00ab Songs for a Free Body - vinyle \u00bb a \u00e9t\u00e9 ajout\u00e9 \u00e0 votre panier\">Ajouter au panier<\/a>\t<span id=\"woocommerce_loop_add_to_cart_link_describedby_308\" class=\"screen-reader-text\"><br \/>\n\t\t\t<\/span>\n<\/p>\n<\/div>\n<\/div>\n<\/div>\n<\/div><\/div><div id=\"panel-399-0-0-2\" class=\"so-panel widget widget_sow-editor\" data-index=\"2\" ><div\n\t\t\t\n\t\t\tclass=\"so-widget-sow-editor so-widget-sow-editor-base\"\n\t\t\t\n\t\t>\n<div class=\"siteorigin-widget-tinymce textwidget\">\n\t<p><iframe style=\"border: 0; width: 100%; height: 439px;\" src=\"https:\/\/bandcamp.com\/EmbeddedPlayer\/album=775857925\/size=large\/bgcol=ffffff\/linkcol=0687f5\/artwork=none\/transparent=true\/\" seamless><a href=\"https:\/\/gwsok.bandcamp.com\/album\/songs-for-a-free-body\">Songs For A Free Body de Cannibales &amp; Vahin\u00e9s<\/a><\/iframe><\/p>\n<\/div>\n<\/div><\/div><div id=\"panel-399-0-0-3\" class=\"so-panel widget widget_sow-editor\" data-index=\"3\" ><div\n\t\t\t\n\t\t\tclass=\"so-widget-sow-editor so-widget-sow-editor-base\"\n\t\t\t\n\t\t><h3 class=\"widget-title\">DISTRIBUTION - CR\u00c9DITS<\/h3>\n<div class=\"siteorigin-widget-tinymce textwidget\">\n\t<p>En co-\u00e9dition avec Tractor Notown (\u00e9dition vinyle)<br \/>\nDistribution Orkh\u00eastra International<\/p>\n<p>Enregistr\u00e9 par Ayumu Matsuo en d\u00e9cembre 2014 au studio La Vache \u00e0 Lapeyrousse-Fossat (31). Mix\u00e9 et masteris\u00e9 par Jeroen Visser \u00e0 F.ishing B.akery L.abs Studio, Z\u00fcrich (Suisse) en juin 2015.<br \/>\nTextes et musiques de Cannibales &amp; Vahin\u00e9s - sauf des parties de \u00abMurder Poets\u00bb (dont le texte inclut \u00abLes po\u00e8tes\u00bb de Leo Ferr\u00e9) et Zavod (le texte inclut des extraits de \u00abThe secret of machines\u00bb de Rudyard Kipling; musique d\u2019Alexander Mosolov).<\/p>\n<p>Disponible en CD, vinyle, et t\u00e9l\u00e9chargement<\/p>\n<\/div>\n<\/div><\/div><div id=\"panel-399-0-0-4\" class=\"so-panel widget widget_text panel-last-child\" data-index=\"4\" >\t\t\t<div class=\"textwidget\"><h3>Liens<\/h3>\n<ul>\n<li><i class=\"fa fa-chevron-right fa-2x\"><\/i> <a href=\"https:\/\/freddymorezon.org\/projets\/cannibales-vahines\/\">Cannibales &amp; Vahin\u00e9s<\/a><\/li>\n<\/ul>\n<\/div>\n\t\t<\/div><\/div><div id=\"pgc-399-0-1\"  class=\"panel-grid-cell\" ><div id=\"panel-399-0-1-0\" class=\"so-panel widget widget_sow-headline panel-first-child\" data-index=\"5\" ><div\n\t\t\t\n\t\t\tclass=\"so-widget-sow-headline so-widget-sow-headline-default-c8fa18c4903e-399\"\n\t\t\t\n\t\t><div class=\"sow-headline-container \">\n\t\t\t\t\t\t\t<h2 class=\"sow-headline\">\n\t\t\t\t\t\tSONGS FOR A FREE BODY\t\t\t\t\t\t<\/h2>\n\t\t\t\t\t\t\t\t\t\t\t<div class=\"decoration\">\n\t\t\t\t\t\t<div class=\"decoration-inside\"><\/div>\n\t\t\t\t\t<\/div>\n\t\t\t\t\t\t\t\t\t\t\t<h3 class=\"sow-sub-headline\">\n\t\t\t\t\t\t<h3>Cannibales et vahin\u00e9s<\/h3> Mr Morezon 012 \/ nov 2015 \t\t\t\t\t\t<\/h3>\n\t\t\t\t\t\t<\/div>\n<\/div><\/div><div id=\"panel-399-0-1-1\" class=\"so-panel widget widget_sow-editor\" data-index=\"6\" ><div\n\t\t\t\n\t\t\tclass=\"so-widget-sow-editor so-widget-sow-editor-base\"\n\t\t\t\n\t\t>\n<div class=\"siteorigin-widget-tinymce textwidget\">\n\t<p><iframe loading=\"lazy\" title=\"Cannibales &amp; Vahin\u00e9s - nouvel album Songs for a Free Body\" width=\"790\" height=\"444\" src=\"https:\/\/www.youtube.com\/embed\/cb17lSBJFjU?feature=oembed\" frameborder=\"0\" allow=\"accelerometer; autoplay; clipboard-write; encrypted-media; gyroscope; picture-in-picture; web-share\" referrerpolicy=\"strict-origin-when-cross-origin\" allowfullscreen><\/iframe><\/p>\n<\/div>\n<\/div><\/div><div id=\"panel-399-0-1-2\" class=\"so-panel widget widget_text panel-last-child\" data-index=\"7\" >\t\t\t<div class=\"textwidget\"><h3>Revue de presse<\/h3>\n<div class=\"pt-cv-wrapper\">\n<div class=\"pt-cv-view pt-cv-scrollable pt-cv-colsys pt-cv-left pt-cv-sharp-buttons\" id=\"pt-cv-view-d026064vdu\">\n<div data-id=\"pt-cv-page-1\" class=\"pt-cv-page\" data-cvc=\"1\">\n<div id=\"288ffd78xw\" class=\"pt-cv-carousel pt-cv-slide\" data-ride=\"cvcarousel\" data-interval=false>\n<div class=\"carousel-inner\">\n<div class=\"item active\">\n<div class=\"row\">\n<div class=\"col-md-12 col-sm-12 col-xs-12 pt-cv-content-item pt-cv-1-col\"  data-pid=\"724\">\n<div class=\"pt-cv-carousel-caption pt-cv-cap-wo-img\"><span class=\"dashicons dashicons-format-quote pt-cv-pficon\"><\/span><\/p>\n<div class=\"pt-cv-content\">\n<blockquote>\n<h3>Culture Jazz<\/h3>\n<p>Un rock libre et rugueux qui sait conserver la cr\u00e9ativit\u00e9 et le sens de l\u2019improvisation du jazz. Une musique forte.<\/p>\n<\/blockquote>\n<p class=\"legende\">Thierry Giard, <em>Culture jazz<\/em>, 5 octobre 2015, <a href=\"http:\/\/www.culturejazz.fr\/spip.php?article2777#10\" target=\"_blank\" alt=\"consulter l'article\" title=\"consulter l'article\"><i class=\"fa fa-plus-square\"><\/i><\/a><\/p>\n<\/div>\n<\/div>\n<\/div>\n<\/div>\n<\/div>\n<div class=\"item\">\n<div class=\"row\">\n<div class=\"col-md-12 col-sm-12 col-xs-12 pt-cv-content-item pt-cv-1-col\"  data-pid=\"722\">\n<div class=\"pt-cv-carousel-caption pt-cv-cap-wo-img\"><span class=\"dashicons dashicons-format-quote pt-cv-pficon\"><\/span><\/p>\n<div class=\"pt-cv-content\">\n<blockquote>\n<h3>Indie Rock Mag<\/h3>\n<p>Tout le temps velout\u00e9 et t\u00e9nu, souvent disloqu\u00e9, <em>Songs For A Free Body<\/em> est tout simplement superbe de bout en bout.<\/p>\n<\/blockquote>\n<p>leoluce, Indie Rock Mag, 21 octobre 2015 <a href=\"http:\/\/www.indierockmag.com\/article26966.html\" alt=\"consulter l'article\" title=\"consulter l'article\" target=\"_blank\"><i class=\"fa fa-plus-square\"><\/i><\/a><\/p>\n<\/div>\n<\/div>\n<\/div>\n<\/div>\n<\/div>\n<div class=\"item\">\n<div class=\"row\">\n<div class=\"col-md-12 col-sm-12 col-xs-12 pt-cv-content-item pt-cv-1-col\"  data-pid=\"717\">\n<div class=\"pt-cv-carousel-caption pt-cv-cap-wo-img\"><span class=\"dashicons dashicons-format-quote pt-cv-pficon\"><\/span><\/p>\n<div class=\"pt-cv-content\">\n<blockquote>\n<h3>Perte et fracas<\/h3>\n<p>Le jazz et le rock de Cannibales &amp; Vahin\u00e9s est plus free que jamais tout en restant m\u00e9lodique, ouvert et sensible. Et pas d\u00e9nu\u00e9 d&#8217;un swing fr\u00e9tillant, d&#8217;une l\u00e9g\u00e8ret\u00e9 qui se fredonne, d&#8217;arp\u00e8ges m\u00e9lancoliques et de suaves lignes de saxo. Osmose jubilatoire. Pl\u00e9nitude des sens.<\/p>\n<\/blockquote>\n<p>SKX, <em>Perte et fracas<\/em>, 21 octobre 2015  <a href=\"http:\/\/www.perteetfracas.org\/zine\/kros2015\/kros_c\/cannibales_et_vahines_songs_for_\na_free_body.htm\" target=\"_blank\" alt=\"voir l'article\" title=\"voir l'article\"><i class=\"fa fa-plus-square\"><\/i><\/a><\/p>\n<\/div>\n<\/div>\n<\/div>\n<\/div>\n<\/div>\n<\/div>\n<p><a class=\"left carousel-control\" data-target=\"#288ffd78xw\" data-cvslide=\"prev\"><br \/>\n\t\t\t\t\t\t<span class=\"glyphicon glyphicon-chevron-left\"><\/span><br \/>\n\t\t\t\t\t<\/a><br \/>\n\t\t\t\t\t<a class=\"right carousel-control\" data-target=\"#288ffd78xw\" data-cvslide=\"next\"><br \/>\n\t\t\t\t\t\t<span class=\"glyphicon glyphicon-chevron-right\"><\/span><br \/>\n\t\t\t\t\t<\/a><\/div>\n<\/div>\n<\/div>\n<\/div>\n<style type=\"text\/css\" id=\"pt-cv-inline-style-b64374c9yz\">#pt-cv-view-d026064vdu.pt-cv-post-border .pt-cv-content-item   { border-top-style: solid; border-left-style: solid; }\n#pt-cv-view-d026064vdu .pt-cv-title a, #pt-cv-view-d026064vdu  .panel-title { font-weight: 600 !important; }\n#pt-cv-view-d026064vdu .pt-cv-specialp * { font-size: 13px !important; line-height: 1.3 !important; color: #fff !important; background-color: #CC3333 !important; }\n#pt-cv-view-d026064vdu .pt-cv-pficon  { color: #bbb !important; }\n#pt-cv-view-d026064vdu  .add_to_cart_button, #pt-cv-view-d026064vdu  .add_to_cart_button *   { color: #ffffff !important; background-color: #00aeef !important; }\n#pt-cv-view-d026064vdu  .woocommerce-onsale   { color: #ffffff !important; background-color: #ff5a5f !important; }\n#pt-cv-view-d026064vdu .pt-cv-readmore  { color: #ffffff !important; background-color: #00aeef !important; }\n#pt-cv-view-d026064vdu .pt-cv-readmore:hover  { color: #ffffff !important; background-color: #00aeef !important; }\n#pt-cv-view-d026064vdu  + .pt-cv-pagination-wrapper .pt-cv-more , #pt-cv-view-d026064vdu  + .pt-cv-pagination-wrapper .pagination .active a { color: #ffffff !important; background-color: #00aeef !important; }\n#pt-cv-view-d026064vdu .pt-cv-gls-header  { background-color: #00aeef !important; }\n#pt-cv-view-d026064vdu .pt-cv-tao  { font-size: 20px !important; line-height: 1.3 !important; color: #ffffff !important; background-color: #00aeef !important; }\n#pt-cv-view-d026064vdu { text-align: left; }<\/style>\n<p><i class=\"fa fa-file-text-o fa-2x\"><\/i> <a title=\"consulter la revue de presse\" href=\"https:\/\/freddymorezon.org\/packspro\/Revue_de_presse_-_Songs_for_a_free_body.pdf\" target=\"_blank\" rel=\"noopener\">Consulter la revue de presse compl\u00e8te<\/a><\/p>\n<\/div>\n\t\t<\/div><\/div><\/div><\/div>","protected":false},"excerpt":{"rendered":"<p>November 2015<\/p>\n","protected":false},"author":1,"featured_media":11,"parent":140,"menu_order":0,"comment_status":"closed","ping_status":"closed","template":"page-templates\/full-width.php","meta":{"om_disable_all_campaigns":false,"_monsterinsights_skip_tracking":false,"_monsterinsights_sitenote_active":false,"_monsterinsights_sitenote_note":"","_monsterinsights_sitenote_category":0,"_uf_show_specific_survey":0,"_uf_disable_surveys":false,"footnotes":""},"categories":[80,101,93,1174],"tags":[79],"class_list":["post-399","page","type-page","status-publish","has-post-thumbnail","hentry","category-cannibales-vahines","category-discographie","category-label","category-page-label","tag-cannibales-vahines"],"aioseo_notices":[],"yoast_head":"<!-- This site is optimized with the Yoast SEO plugin v27.3 - https:\/\/yoast.com\/product\/yoast-seo-wordpress\/ -->\n<title>Songs for a Free Body | Freddy Morezon<\/title>\n<meta name=\"robots\" content=\"index, follow, max-snippet:-1, max-image-preview:large, max-video-preview:-1\" \/>\n<link rel=\"canonical\" href=\"https:\/\/freddymorezon.org\/label\/songs-for-a-free-body\/\" \/>\n<meta property=\"og:locale\" content=\"en_US\" \/>\n<meta property=\"og:type\" content=\"article\" \/>\n<meta property=\"og:title\" content=\"Songs for a Free Body | Freddy Morezon\" \/>\n<meta property=\"og:description\" content=\"[:fr]Novembre 2015[:en]November 2015[:]\" \/>\n<meta property=\"og:url\" content=\"https:\/\/freddymorezon.org\/label\/songs-for-a-free-body\/\" \/>\n<meta property=\"og:site_name\" content=\"Freddy Morezon\" \/>\n<meta property=\"article:publisher\" content=\"https:\/\/www.facebook.com\/freddy.morezon\/\" \/>\n<meta property=\"article:modified_time\" content=\"2026-01-05T09:20:24+00:00\" \/>\n<meta property=\"og:image\" content=\"https:\/\/freddymorezon.org\/wp-content\/uploads\/2016\/02\/2-CV_nouvel-album_Songs_for_a_free_body.jpg\" \/>\n\t<meta property=\"og:image:width\" content=\"1644\" \/>\n\t<meta property=\"og:image:height\" content=\"1480\" \/>\n\t<meta property=\"og:image:type\" content=\"image\/jpeg\" \/>\n<meta name=\"twitter:card\" content=\"summary_large_image\" \/>\n<script type=\"application\/ld+json\" class=\"yoast-schema-graph\">{\"@context\":\"https:\\\/\\\/schema.org\",\"@graph\":[{\"@type\":\"WebPage\",\"@id\":\"https:\\\/\\\/freddymorezon.org\\\/label\\\/songs-for-a-free-body\\\/\",\"url\":\"https:\\\/\\\/freddymorezon.org\\\/label\\\/songs-for-a-free-body\\\/\",\"name\":\"Songs for a Free Body | Freddy Morezon\",\"isPartOf\":{\"@id\":\"https:\\\/\\\/freddymorezon.org\\\/#website\"},\"primaryImageOfPage\":{\"@id\":\"https:\\\/\\\/freddymorezon.org\\\/label\\\/songs-for-a-free-body\\\/#primaryimage\"},\"image\":{\"@id\":\"https:\\\/\\\/freddymorezon.org\\\/label\\\/songs-for-a-free-body\\\/#primaryimage\"},\"thumbnailUrl\":\"https:\\\/\\\/freddymorezon.org\\\/wp-content\\\/uploads\\\/2016\\\/02\\\/2-CV_nouvel-album_Songs_for_a_free_body.jpg\",\"datePublished\":\"2016-02-15T14:36:36+00:00\",\"dateModified\":\"2026-01-05T09:20:24+00:00\",\"breadcrumb\":{\"@id\":\"https:\\\/\\\/freddymorezon.org\\\/label\\\/songs-for-a-free-body\\\/#breadcrumb\"},\"inLanguage\":\"en-US\",\"potentialAction\":[{\"@type\":\"ReadAction\",\"target\":[\"https:\\\/\\\/freddymorezon.org\\\/label\\\/songs-for-a-free-body\\\/\"]}]},{\"@type\":\"ImageObject\",\"inLanguage\":\"en-US\",\"@id\":\"https:\\\/\\\/freddymorezon.org\\\/label\\\/songs-for-a-free-body\\\/#primaryimage\",\"url\":\"https:\\\/\\\/freddymorezon.org\\\/wp-content\\\/uploads\\\/2016\\\/02\\\/2-CV_nouvel-album_Songs_for_a_free_body.jpg\",\"contentUrl\":\"https:\\\/\\\/freddymorezon.org\\\/wp-content\\\/uploads\\\/2016\\\/02\\\/2-CV_nouvel-album_Songs_for_a_free_body.jpg\",\"width\":1644,\"height\":1480},{\"@type\":\"BreadcrumbList\",\"@id\":\"https:\\\/\\\/freddymorezon.org\\\/label\\\/songs-for-a-free-body\\\/#breadcrumb\",\"itemListElement\":[{\"@type\":\"ListItem\",\"position\":1,\"name\":\"Accueil\",\"item\":\"https:\\\/\\\/freddymorezon.org\\\/\"},{\"@type\":\"ListItem\",\"position\":2,\"name\":\"Label\",\"item\":\"https:\\\/\\\/freddymorezon.org\\\/label\\\/\"},{\"@type\":\"ListItem\",\"position\":3,\"name\":\"Songs for a Free Body\"}]},{\"@type\":\"WebSite\",\"@id\":\"https:\\\/\\\/freddymorezon.org\\\/#website\",\"url\":\"https:\\\/\\\/freddymorezon.org\\\/\",\"name\":\"Freddy Morezon\",\"description\":\"jazz - musique improvis\u00e9e - esth\u00e9tiques plurielles\",\"publisher\":{\"@id\":\"https:\\\/\\\/freddymorezon.org\\\/#organization\"},\"potentialAction\":[{\"@type\":\"SearchAction\",\"target\":{\"@type\":\"EntryPoint\",\"urlTemplate\":\"https:\\\/\\\/freddymorezon.org\\\/?s={search_term_string}\"},\"query-input\":{\"@type\":\"PropertyValueSpecification\",\"valueRequired\":true,\"valueName\":\"search_term_string\"}}],\"inLanguage\":\"en-US\"},{\"@type\":\"Organization\",\"@id\":\"https:\\\/\\\/freddymorezon.org\\\/#organization\",\"name\":\"Association Freddy Morezon\",\"url\":\"https:\\\/\\\/freddymorezon.org\\\/\",\"logo\":{\"@type\":\"ImageObject\",\"inLanguage\":\"en-US\",\"@id\":\"https:\\\/\\\/freddymorezon.org\\\/#\\\/schema\\\/logo\\\/image\\\/\",\"url\":\"https:\\\/\\\/freddymorezon.org\\\/wp-content\\\/uploads\\\/2016\\\/02\\\/mini-logo-header-site2.jpg\",\"contentUrl\":\"https:\\\/\\\/freddymorezon.org\\\/wp-content\\\/uploads\\\/2016\\\/02\\\/mini-logo-header-site2.jpg\",\"width\":234,\"height\":174,\"caption\":\"Association Freddy Morezon\"},\"image\":{\"@id\":\"https:\\\/\\\/freddymorezon.org\\\/#\\\/schema\\\/logo\\\/image\\\/\"},\"sameAs\":[\"https:\\\/\\\/www.facebook.com\\\/freddy.morezon\\\/\",\"https:\\\/\\\/www.instagram.com\\\/freddymorezon\\\/\",\"https:\\\/\\\/www.youtube.com\\\/user\\\/freddymorezon\",\"https:\\\/\\\/fr.linkedin.com\\\/company\\\/freddy-morezon-p.r.o.d.\"]}]}<\/script>\n<!-- \/ Yoast SEO plugin. -->","yoast_head_json":{"title":"Songs for a Free Body | Freddy Morezon","robots":{"index":"index","follow":"follow","max-snippet":"max-snippet:-1","max-image-preview":"max-image-preview:large","max-video-preview":"max-video-preview:-1"},"canonical":"https:\/\/freddymorezon.org\/label\/songs-for-a-free-body\/","og_locale":"en_US","og_type":"article","og_title":"Songs for a Free Body | Freddy Morezon","og_description":"[:fr]Novembre 2015[:en]November 2015[:]","og_url":"https:\/\/freddymorezon.org\/label\/songs-for-a-free-body\/","og_site_name":"Freddy Morezon","article_publisher":"https:\/\/www.facebook.com\/freddy.morezon\/","article_modified_time":"2026-01-05T09:20:24+00:00","og_image":[{"width":1644,"height":1480,"url":"https:\/\/freddymorezon.org\/wp-content\/uploads\/2016\/02\/2-CV_nouvel-album_Songs_for_a_free_body.jpg","type":"image\/jpeg"}],"twitter_card":"summary_large_image","schema":{"@context":"https:\/\/schema.org","@graph":[{"@type":"WebPage","@id":"https:\/\/freddymorezon.org\/label\/songs-for-a-free-body\/","url":"https:\/\/freddymorezon.org\/label\/songs-for-a-free-body\/","name":"Songs for a Free Body | Freddy Morezon","isPartOf":{"@id":"https:\/\/freddymorezon.org\/#website"},"primaryImageOfPage":{"@id":"https:\/\/freddymorezon.org\/label\/songs-for-a-free-body\/#primaryimage"},"image":{"@id":"https:\/\/freddymorezon.org\/label\/songs-for-a-free-body\/#primaryimage"},"thumbnailUrl":"https:\/\/freddymorezon.org\/wp-content\/uploads\/2016\/02\/2-CV_nouvel-album_Songs_for_a_free_body.jpg","datePublished":"2016-02-15T14:36:36+00:00","dateModified":"2026-01-05T09:20:24+00:00","breadcrumb":{"@id":"https:\/\/freddymorezon.org\/label\/songs-for-a-free-body\/#breadcrumb"},"inLanguage":"en-US","potentialAction":[{"@type":"ReadAction","target":["https:\/\/freddymorezon.org\/label\/songs-for-a-free-body\/"]}]},{"@type":"ImageObject","inLanguage":"en-US","@id":"https:\/\/freddymorezon.org\/label\/songs-for-a-free-body\/#primaryimage","url":"https:\/\/freddymorezon.org\/wp-content\/uploads\/2016\/02\/2-CV_nouvel-album_Songs_for_a_free_body.jpg","contentUrl":"https:\/\/freddymorezon.org\/wp-content\/uploads\/2016\/02\/2-CV_nouvel-album_Songs_for_a_free_body.jpg","width":1644,"height":1480},{"@type":"BreadcrumbList","@id":"https:\/\/freddymorezon.org\/label\/songs-for-a-free-body\/#breadcrumb","itemListElement":[{"@type":"ListItem","position":1,"name":"Accueil","item":"https:\/\/freddymorezon.org\/"},{"@type":"ListItem","position":2,"name":"Label","item":"https:\/\/freddymorezon.org\/label\/"},{"@type":"ListItem","position":3,"name":"Songs for a Free Body"}]},{"@type":"WebSite","@id":"https:\/\/freddymorezon.org\/#website","url":"https:\/\/freddymorezon.org\/","name":"Freddy Morezon","description":"jazz - musique improvis\u00e9e - esth\u00e9tiques plurielles","publisher":{"@id":"https:\/\/freddymorezon.org\/#organization"},"potentialAction":[{"@type":"SearchAction","target":{"@type":"EntryPoint","urlTemplate":"https:\/\/freddymorezon.org\/?s={search_term_string}"},"query-input":{"@type":"PropertyValueSpecification","valueRequired":true,"valueName":"search_term_string"}}],"inLanguage":"en-US"},{"@type":"Organization","@id":"https:\/\/freddymorezon.org\/#organization","name":"Association Freddy Morezon","url":"https:\/\/freddymorezon.org\/","logo":{"@type":"ImageObject","inLanguage":"en-US","@id":"https:\/\/freddymorezon.org\/#\/schema\/logo\/image\/","url":"https:\/\/freddymorezon.org\/wp-content\/uploads\/2016\/02\/mini-logo-header-site2.jpg","contentUrl":"https:\/\/freddymorezon.org\/wp-content\/uploads\/2016\/02\/mini-logo-header-site2.jpg","width":234,"height":174,"caption":"Association Freddy Morezon"},"image":{"@id":"https:\/\/freddymorezon.org\/#\/schema\/logo\/image\/"},"sameAs":["https:\/\/www.facebook.com\/freddy.morezon\/","https:\/\/www.instagram.com\/freddymorezon\/","https:\/\/www.youtube.com\/user\/freddymorezon","https:\/\/fr.linkedin.com\/company\/freddy-morezon-p.r.o.d."]}]}},"_links":{"self":[{"href":"https:\/\/freddymorezon.org\/en\/wp-json\/wp\/v2\/pages\/399","targetHints":{"allow":["GET"]}}],"collection":[{"href":"https:\/\/freddymorezon.org\/en\/wp-json\/wp\/v2\/pages"}],"about":[{"href":"https:\/\/freddymorezon.org\/en\/wp-json\/wp\/v2\/types\/page"}],"author":[{"embeddable":true,"href":"https:\/\/freddymorezon.org\/en\/wp-json\/wp\/v2\/users\/1"}],"replies":[{"embeddable":true,"href":"https:\/\/freddymorezon.org\/en\/wp-json\/wp\/v2\/comments?post=399"}],"version-history":[{"count":50,"href":"https:\/\/freddymorezon.org\/en\/wp-json\/wp\/v2\/pages\/399\/revisions"}],"predecessor-version":[{"id":24753,"href":"https:\/\/freddymorezon.org\/en\/wp-json\/wp\/v2\/pages\/399\/revisions\/24753"}],"up":[{"embeddable":true,"href":"https:\/\/freddymorezon.org\/en\/wp-json\/wp\/v2\/pages\/140"}],"wp:featuredmedia":[{"embeddable":true,"href":"https:\/\/freddymorezon.org\/en\/wp-json\/wp\/v2\/media\/11"}],"wp:attachment":[{"href":"https:\/\/freddymorezon.org\/en\/wp-json\/wp\/v2\/media?parent=399"}],"wp:term":[{"taxonomy":"category","embeddable":true,"href":"https:\/\/freddymorezon.org\/en\/wp-json\/wp\/v2\/categories?post=399"},{"taxonomy":"post_tag","embeddable":true,"href":"https:\/\/freddymorezon.org\/en\/wp-json\/wp\/v2\/tags?post=399"}],"curies":[{"name":"wp","href":"https:\/\/api.w.org\/{rel}","templated":true}]}}