
{"id":4129,"date":"2017-09-11T17:22:26","date_gmt":"2017-09-11T16:22:26","guid":{"rendered":"https:\/\/freddymorezon.org\/?page_id=4129"},"modified":"2026-01-05T11:21:40","modified_gmt":"2026-01-05T09:21:40","slug":"moby-dick-wanted","status":"publish","type":"page","link":"https:\/\/freddymorezon.org\/en\/label\/moby-dick-wanted\/","title":{"rendered":"Moby Dick Wanted !"},"content":{"rendered":"<div id=\"pl-4129\"  class=\"panel-layout\" ><div id=\"pg-4129-0\"  class=\"panel-grid panel-no-style\" ><div id=\"pgc-4129-0-0\"  class=\"panel-grid-cell\" ><div id=\"panel-4129-0-0-0\" class=\"so-panel widget widget_sow-image panel-first-child\" data-index=\"0\" ><div\n\t\t\t\n\t\t\tclass=\"so-widget-sow-image so-widget-sow-image-default-dbf295114b96-4129\"\n\t\t\t\n\t\t>\n<div class=\"sow-image-container\">\n\t\t<img \n\tsrc=\"https:\/\/freddymorezon.org\/wp-content\/uploads\/2017\/10\/JaketteFISHok.jpg\" width=\"1684\" height=\"1482\" srcset=\"https:\/\/freddymorezon.org\/wp-content\/uploads\/2017\/10\/JaketteFISHok.jpg 1684w, https:\/\/freddymorezon.org\/wp-content\/uploads\/2017\/10\/JaketteFISHok-800x704.jpg 800w, https:\/\/freddymorezon.org\/wp-content\/uploads\/2017\/10\/JaketteFISHok-400x352.jpg 400w\" sizes=\"(max-width: 1684px) 100vw, 1684px\" alt=\"\" \t\tclass=\"so-widget-image\"\/>\n\t<\/div>\n\n<\/div><\/div><div id=\"panel-4129-0-0-1\" class=\"so-panel widget widget_sow-editor\" data-index=\"1\" ><div\n\t\t\t\n\t\t\tclass=\"so-widget-sow-editor so-widget-sow-editor-base\"\n\t\t\t\n\t\t>\n<div class=\"siteorigin-widget-tinymce textwidget\">\n\t<div class=\"commande-album\">\n<div class=\"ajout-panier woocommerce add_to_cart_inline\">\n<h3>commander<\/h3>\n<p><i class=\"fa fa-chevron-right fa-2x\"><\/i> <\/p>\n<h4>CD<\/h4>\n<p class=\"product woocommerce add_to_cart_inline \" style=\"border:4px solid #ccc; padding: 12px;\"><span class=\"woocommerce-Price-amount amount\"><bdi>10,00<span class=\"woocommerce-Price-currencySymbol\">&euro;<\/span><\/bdi><\/span><a href=\"\/label\/moby-dick-wanted\/?add-to-cart=4505\" aria-describedby=\"woocommerce_loop_add_to_cart_link_describedby_4505\" data-quantity=\"1\" class=\"button product_type_simple add_to_cart_button ajax_add_to_cart\" data-product_id=\"4505\" data-product_sku=\"\" aria-label=\"Ajouter au panier : &ldquo;Moby Dick Wanted - CD&rdquo;\" rel=\"nofollow\" data-success_message=\"\u00ab Moby Dick Wanted - CD \u00bb a \u00e9t\u00e9 ajout\u00e9 \u00e0 votre panier\">Ajouter au panier<\/a>\t<span id=\"woocommerce_loop_add_to_cart_link_describedby_4505\" class=\"screen-reader-text\"><br \/>\n\t\t\t<\/span>\n<\/p>\n<\/div>\n<\/div>\n<\/div>\n<\/div><\/div><div id=\"panel-4129-0-0-2\" class=\"so-panel widget widget_sow-editor\" data-index=\"2\" ><div\n\t\t\t\n\t\t\tclass=\"so-widget-sow-editor so-widget-sow-editor-base\"\n\t\t\t\n\t\t>\n<div class=\"siteorigin-widget-tinymce textwidget\">\n\t<p><iframe style=\"border: 0; width: 100%; height: 472px;\" src=\"https:\/\/bandcamp.com\/EmbeddedPlayer\/album=2586562866\/size=large\/bgcol=ffffff\/linkcol=0687f5\/artwork=none\/transparent=true\/\" seamless><a href=\"https:\/\/mrmorezon.bandcamp.com\/album\/moby-dick-wanted\">Moby Dick Wanted ! by Fish From Hell<\/a><\/iframe><\/p>\n<\/div>\n<\/div><\/div><div id=\"panel-4129-0-0-3\" class=\"so-panel widget widget_text\" data-index=\"3\" ><h3 class=\"widget-title\">DISTRIBUTION &#8211; CR\u00c9DITS<\/h3>\t\t\t<div class=\"textwidget\"><p>Toutes les compositions : Fish From Hell<\/p>\n<p>Marc D\u00e9mereau &#8211; sax baryton, scie musicale<br \/>\nFabien Duscombs &#8211; batterie, percussions<br \/>\nS\u00e9bastien &#8220;Bakus&#8221; Bacquias &#8211; contrebasse, loops<\/p>\n<p>Enregistr\u00e9 par Jeff Manuel dans la chapelle de La Petite Pierre \u00e0 Jegun en septembre 2016.<br \/>\nMix\u00e9 et masteris\u00e9 par Jeff Manuel au studio de La Chaps<br \/>\nImages et conception graphique : Virginie Laidin<br \/>\nAvec le soutien de la Petite Pierre (Gers)<br \/>\nDistribution physique : Orkhestra international<\/p>\n<\/div>\n\t\t<\/div><div id=\"panel-4129-0-0-4\" class=\"so-panel widget widget_sow-editor panel-last-child\" data-index=\"4\" ><div\n\t\t\t\n\t\t\tclass=\"so-widget-sow-editor so-widget-sow-editor-base\"\n\t\t\t\n\t\t>\n<div class=\"siteorigin-widget-tinymce textwidget\">\n\t<p><img loading=\"lazy\" decoding=\"async\" class=\"wp-image-3422 alignright\" src=\"https:\/\/freddymorezon.org\/wp-content\/uploads\/2018\/04\/elu-citizen-jazz-rose.png\" alt=\"\" width=\"40\" height=\"40\" \/><\/p>\n<h3>Liens<\/h3>\n<ul>\n<li><i class=\"fa fa-chevron-right fa-2x\"><\/i> <a href=\"https:\/\/freddymorezon.org\/projets\/fish-from-hell\/\">Fish From Hell<\/a><\/li>\n<\/ul>\n<\/div>\n<\/div><\/div><\/div><div id=\"pgc-4129-0-1\"  class=\"panel-grid-cell\" ><div id=\"panel-4129-0-1-0\" class=\"so-panel widget widget_sow-headline panel-first-child\" data-index=\"5\" ><div\n\t\t\t\n\t\t\tclass=\"so-widget-sow-headline so-widget-sow-headline-default-44f6e7c37f02-4129\"\n\t\t\t\n\t\t><div class=\"sow-headline-container \">\n\t\t\t\t\t\t\t<h2 class=\"sow-headline\">\n\t\t\t\t\t\tMOBY DICK WANTED ! \t\t\t\t\t\t<\/h2>\n\t\t\t\t\t\t\t\t\t\t\t<div class=\"decoration\">\n\t\t\t\t\t\t<div class=\"decoration-inside\"><\/div>\n\t\t\t\t\t<\/div>\n\t\t\t\t\t\t\t\t\t\t\t<h3 class=\"sow-sub-headline\">\n\t\t\t\t\t\t<h3>Fish from hell<\/h3> Mr Morezon 015 \u23ae 27 octobre 2017\t\t\t\t\t\t<\/h3>\n\t\t\t\t\t\t<\/div>\n<\/div><\/div><div id=\"panel-4129-0-1-1\" class=\"so-panel widget widget_sow-editor\" data-index=\"6\" ><div\n\t\t\t\n\t\t\tclass=\"so-widget-sow-editor so-widget-sow-editor-base\"\n\t\t\t\n\t\t>\n<div class=\"siteorigin-widget-tinymce textwidget\">\n\t<p>Moby Dick Wanted ! est une pi\u00e8ce de th\u00e9\u00e2tre musical cr\u00e9\u00e9e en mars 2015, par la compagnie Les M\u00e9caniques C\u00e9libataires, au Th\u00e9\u00e2tre Mansart, Dijon.<br \/>\nUn trio de musiciens, Fish From Hell, y est charg\u00e9 de repr\u00e9senter les mouvements du grand Cachalot blanc.<br \/>\nChaque morceau jou\u00e9 en live pendant le spectacle livre \u00e0 l\u2019oreille du spectateur la menace du monstre, ses plong\u00e9es abyssales, sa s\u00e9r\u00e9nit\u00e9 \u00e9tonnante, son attaque finale.<br \/>\nFish From Hell se produit par la suite en version concert. Son univers musical fait continuellement r\u00e9f\u00e9rence, dans ce premier opus, aux mati\u00e8res dramatiques du roman de Herman Melville.<\/p>\n<\/div>\n<\/div><\/div><div id=\"panel-4129-0-1-2\" class=\"so-panel widget widget_eo_event_list_widget EO_Event_List_Widget\" data-index=\"7\" >\n\n<\/div><div id=\"panel-4129-0-1-3\" class=\"so-panel widget widget_text panel-last-child\" data-index=\"8\" >\t\t\t<div class=\"textwidget\"><h3>Revue de presse<\/h3>\n<div class=\"pt-cv-wrapper\">\n<div class=\"pt-cv-view pt-cv-scrollable pt-cv-colsys pt-cv-left pt-cv-sharp-buttons\" id=\"pt-cv-view-d4250ebkaz\">\n<div data-id=\"pt-cv-page-1\" class=\"pt-cv-page\" data-cvc=\"1\">\n<div id=\"16568e6zym\" class=\"pt-cv-carousel pt-cv-slide\" data-ride=\"cvcarousel\" data-interval=false>\n<div class=\"carousel-inner\">\n<div class=\"item active\">\n<div class=\"row\">\n<div class=\"col-md-12 col-sm-12 col-xs-12 pt-cv-content-item pt-cv-1-col\"  data-pid=\"4811\">\n<div class=\"pt-cv-carousel-caption pt-cv-cap-wo-img\"><span class=\"dashicons dashicons-format-quote pt-cv-pficon\"><\/span><\/p>\n<div class=\"pt-cv-content\">\n<blockquote>\n<h4>Citizen Jazz<\/h4>\n<p>Fish From Hell ? Le titre du groupe est aussi programmatique que l\u2019intitul\u00e9 de l\u2019album car le trio, issu du tr\u00e8s ing\u00e9nieux collectif Freddy Morezon, propose une interpr\u00e9tation maison de Moby Dick.<\/p>\n<p>De fait, on trouve au centre de ce r\u00e9cit instrumental un combat entre la baleine blanche et les marins. L\u2019une et les autres quelquefois s\u2019observent, s\u2019attendent, se jaugent. La musique est alors minimaliste, souvent bruitiste. En revanche, elle s\u2019\u00e9nerve dr\u00f4lement quand l\u2019humain s\u2019attaque au c\u00e9tac\u00e9. \u00ab La chasse \u00bb est ainsi un morceau nerveux fait de sueur et de sang. On y trouve beaucoup de choses : des armes, des larmes, des cris et une d\u00e9termination sans faille.<\/p>\n<p>Marc D\u00e9mereau et Fabien Duscombs travaillent depuis longtemps et r\u00e9guli\u00e8rement ensemble sur des formats disons\u2026 alternatifs. Aussi ne sera-t-on pas \u00e9tonn\u00e9 qu\u2019ils restituent avec brio cette violence. \u00c7a grince, \u00e7a crisse, \u00e7a hurle. On d\u00e9couvre en revanche S\u00e9bastien Bacquias. Lui se dit \u00ab contrebassiste tout terrain \u00bb et c\u2019est vrai qu\u2019il use \u00e0 merveille ses crampons dans les terrains les plus escarp\u00e9s, qu\u2019il soit \u00e0 la contrebasse ou aux effets.<\/p>\n<p>Chaque morceau s\u2019apparente \u00e0 un chapitre. Aussi l\u2019album s\u2019\u00e9coute-t-il sans discontinuit\u00e9 dans l\u2019ordre des pistes. Il se termine sur l\u2019in\u00e9luctable naufrage &#8211; que peut-on en effet contre la mort ? &#8211; apr\u00e8s avoir narr\u00e9 la rencontre bestiale aux fronti\u00e8res de l\u2019humanit\u00e9. Pas conventionnel ? Soit ! Mais \u00e0 l\u2019image du combat entre l\u2019Homme et la B\u00eate.\n<\/p>\n<\/blockquote>\n<p class=\"legende\">Gilles Gaujarengues, Citizen Jazz, 7 janv 2018<br \/>\n<a title=\"consulter la chronique\" href=\"https:\/\/www.citizenjazz.com\/Fish-from-Hell.html\" target=\"_blank\"><i class=\"fa fa-chevron-right fa-2x\"><\/i> Lire la chronique sur Citizen Jazz<\/a><\/p>\n<\/div>\n<\/div>\n<\/div>\n<\/div>\n<\/div>\n<\/div>\n<\/div>\n<\/div>\n<\/div>\n<\/div>\n<style type=\"text\/css\" id=\"pt-cv-inline-style-2a60cd2e3n\">#pt-cv-view-d4250ebkaz.pt-cv-post-border .pt-cv-content-item   { border-top-style: solid; border-left-style: solid; }\n#pt-cv-view-d4250ebkaz .pt-cv-title a, #pt-cv-view-d4250ebkaz  .panel-title { font-weight: 600 !important; }\n#pt-cv-view-d4250ebkaz .pt-cv-specialp * { font-size: 13px !important; line-height: 1.3 !important; color: #fff !important; background-color: #CC3333 !important; }\n#pt-cv-view-d4250ebkaz .pt-cv-pficon  { color: #bbb !important; }\n#pt-cv-view-d4250ebkaz  .add_to_cart_button, #pt-cv-view-d4250ebkaz  .add_to_cart_button *   { color: #ffffff !important; background-color: #00aeef !important; }\n#pt-cv-view-d4250ebkaz  .woocommerce-onsale   { color: #ffffff !important; background-color: #ff5a5f !important; }\n#pt-cv-view-d4250ebkaz .pt-cv-readmore  { color: #ffffff !important; background-color: #00aeef !important; }\n#pt-cv-view-d4250ebkaz .pt-cv-readmore:hover  { color: #ffffff !important; background-color: #00aeef !important; }\n#pt-cv-view-d4250ebkaz  + .pt-cv-pagination-wrapper .pt-cv-more , #pt-cv-view-d4250ebkaz  + .pt-cv-pagination-wrapper .pagination .active a { color: #ffffff !important; background-color: #00aeef !important; }\n#pt-cv-view-d4250ebkaz .pt-cv-gls-header  { background-color: #00aeef !important; }\n#pt-cv-view-d4250ebkaz .pt-cv-tao  { font-size: 20px !important; line-height: 1.3 !important; color: #ffffff !important; background-color: #00aeef !important; }\n#pt-cv-view-d4250ebkaz { text-align: left; }<\/style>\n<\/div>\n\t\t<\/div><\/div><\/div><\/div>","protected":false},"excerpt":{"rendered":"<p>October 2017<\/p>\n","protected":false},"author":1,"featured_media":4346,"parent":140,"menu_order":0,"comment_status":"closed","ping_status":"closed","template":"page-templates\/full-width.php","meta":{"om_disable_all_campaigns":false,"_monsterinsights_skip_tracking":false,"_monsterinsights_sitenote_active":false,"_monsterinsights_sitenote_note":"","_monsterinsights_sitenote_category":0,"_uf_show_specific_survey":0,"_uf_disable_surveys":false,"footnotes":""},"categories":[1174],"tags":[],"class_list":["post-4129","page","type-page","status-publish","has-post-thumbnail","hentry","category-page-label"],"aioseo_notices":[],"yoast_head":"<!-- This site is optimized with the Yoast SEO plugin v27.3 - https:\/\/yoast.com\/product\/yoast-seo-wordpress\/ -->\n<title>Moby Dick Wanted ! | Freddy Morezon<\/title>\n<meta name=\"robots\" content=\"index, follow, max-snippet:-1, max-image-preview:large, max-video-preview:-1\" \/>\n<link rel=\"canonical\" href=\"https:\/\/freddymorezon.org\/label\/moby-dick-wanted\/\" \/>\n<meta property=\"og:locale\" content=\"en_US\" \/>\n<meta property=\"og:type\" content=\"article\" \/>\n<meta property=\"og:title\" content=\"Moby Dick Wanted ! | Freddy Morezon\" \/>\n<meta property=\"og:description\" content=\"[:fr]Octobre 2017[:en]October 2017[:]\" \/>\n<meta property=\"og:url\" content=\"https:\/\/freddymorezon.org\/label\/moby-dick-wanted\/\" \/>\n<meta property=\"og:site_name\" content=\"Freddy Morezon\" \/>\n<meta property=\"article:publisher\" content=\"https:\/\/www.facebook.com\/freddy.morezon\/\" \/>\n<meta property=\"article:modified_time\" content=\"2026-01-05T09:21:40+00:00\" \/>\n<meta property=\"og:image\" content=\"https:\/\/freddymorezon.org\/wp-content\/uploads\/2017\/10\/JaketteFISHok.jpg\" \/>\n\t<meta property=\"og:image:width\" content=\"1684\" \/>\n\t<meta property=\"og:image:height\" content=\"1482\" \/>\n\t<meta property=\"og:image:type\" content=\"image\/jpeg\" \/>\n<meta name=\"twitter:card\" content=\"summary_large_image\" \/>\n<script type=\"application\/ld+json\" class=\"yoast-schema-graph\">{\"@context\":\"https:\\\/\\\/schema.org\",\"@graph\":[{\"@type\":\"WebPage\",\"@id\":\"https:\\\/\\\/freddymorezon.org\\\/label\\\/moby-dick-wanted\\\/\",\"url\":\"https:\\\/\\\/freddymorezon.org\\\/label\\\/moby-dick-wanted\\\/\",\"name\":\"Moby Dick Wanted ! | Freddy Morezon\",\"isPartOf\":{\"@id\":\"https:\\\/\\\/freddymorezon.org\\\/#website\"},\"primaryImageOfPage\":{\"@id\":\"https:\\\/\\\/freddymorezon.org\\\/label\\\/moby-dick-wanted\\\/#primaryimage\"},\"image\":{\"@id\":\"https:\\\/\\\/freddymorezon.org\\\/label\\\/moby-dick-wanted\\\/#primaryimage\"},\"thumbnailUrl\":\"https:\\\/\\\/freddymorezon.org\\\/wp-content\\\/uploads\\\/2017\\\/10\\\/JaketteFISHok.jpg\",\"datePublished\":\"2017-09-11T16:22:26+00:00\",\"dateModified\":\"2026-01-05T09:21:40+00:00\",\"breadcrumb\":{\"@id\":\"https:\\\/\\\/freddymorezon.org\\\/label\\\/moby-dick-wanted\\\/#breadcrumb\"},\"inLanguage\":\"en-US\",\"potentialAction\":[{\"@type\":\"ReadAction\",\"target\":[\"https:\\\/\\\/freddymorezon.org\\\/label\\\/moby-dick-wanted\\\/\"]}]},{\"@type\":\"ImageObject\",\"inLanguage\":\"en-US\",\"@id\":\"https:\\\/\\\/freddymorezon.org\\\/label\\\/moby-dick-wanted\\\/#primaryimage\",\"url\":\"https:\\\/\\\/freddymorezon.org\\\/wp-content\\\/uploads\\\/2017\\\/10\\\/JaketteFISHok.jpg\",\"contentUrl\":\"https:\\\/\\\/freddymorezon.org\\\/wp-content\\\/uploads\\\/2017\\\/10\\\/JaketteFISHok.jpg\",\"width\":1684,\"height\":1482},{\"@type\":\"BreadcrumbList\",\"@id\":\"https:\\\/\\\/freddymorezon.org\\\/label\\\/moby-dick-wanted\\\/#breadcrumb\",\"itemListElement\":[{\"@type\":\"ListItem\",\"position\":1,\"name\":\"Accueil\",\"item\":\"https:\\\/\\\/freddymorezon.org\\\/\"},{\"@type\":\"ListItem\",\"position\":2,\"name\":\"Label\",\"item\":\"https:\\\/\\\/freddymorezon.org\\\/label\\\/\"},{\"@type\":\"ListItem\",\"position\":3,\"name\":\"Moby Dick Wanted !\"}]},{\"@type\":\"WebSite\",\"@id\":\"https:\\\/\\\/freddymorezon.org\\\/#website\",\"url\":\"https:\\\/\\\/freddymorezon.org\\\/\",\"name\":\"Freddy Morezon\",\"description\":\"jazz - musique improvis\u00e9e - esth\u00e9tiques plurielles\",\"publisher\":{\"@id\":\"https:\\\/\\\/freddymorezon.org\\\/#organization\"},\"potentialAction\":[{\"@type\":\"SearchAction\",\"target\":{\"@type\":\"EntryPoint\",\"urlTemplate\":\"https:\\\/\\\/freddymorezon.org\\\/?s={search_term_string}\"},\"query-input\":{\"@type\":\"PropertyValueSpecification\",\"valueRequired\":true,\"valueName\":\"search_term_string\"}}],\"inLanguage\":\"en-US\"},{\"@type\":\"Organization\",\"@id\":\"https:\\\/\\\/freddymorezon.org\\\/#organization\",\"name\":\"Association Freddy Morezon\",\"url\":\"https:\\\/\\\/freddymorezon.org\\\/\",\"logo\":{\"@type\":\"ImageObject\",\"inLanguage\":\"en-US\",\"@id\":\"https:\\\/\\\/freddymorezon.org\\\/#\\\/schema\\\/logo\\\/image\\\/\",\"url\":\"https:\\\/\\\/freddymorezon.org\\\/wp-content\\\/uploads\\\/2016\\\/02\\\/mini-logo-header-site2.jpg\",\"contentUrl\":\"https:\\\/\\\/freddymorezon.org\\\/wp-content\\\/uploads\\\/2016\\\/02\\\/mini-logo-header-site2.jpg\",\"width\":234,\"height\":174,\"caption\":\"Association Freddy Morezon\"},\"image\":{\"@id\":\"https:\\\/\\\/freddymorezon.org\\\/#\\\/schema\\\/logo\\\/image\\\/\"},\"sameAs\":[\"https:\\\/\\\/www.facebook.com\\\/freddy.morezon\\\/\",\"https:\\\/\\\/www.instagram.com\\\/freddymorezon\\\/\",\"https:\\\/\\\/www.youtube.com\\\/user\\\/freddymorezon\",\"https:\\\/\\\/fr.linkedin.com\\\/company\\\/freddy-morezon-p.r.o.d.\"]}]}<\/script>\n<!-- \/ Yoast SEO plugin. -->","yoast_head_json":{"title":"Moby Dick Wanted ! | Freddy Morezon","robots":{"index":"index","follow":"follow","max-snippet":"max-snippet:-1","max-image-preview":"max-image-preview:large","max-video-preview":"max-video-preview:-1"},"canonical":"https:\/\/freddymorezon.org\/label\/moby-dick-wanted\/","og_locale":"en_US","og_type":"article","og_title":"Moby Dick Wanted ! | Freddy Morezon","og_description":"[:fr]Octobre 2017[:en]October 2017[:]","og_url":"https:\/\/freddymorezon.org\/label\/moby-dick-wanted\/","og_site_name":"Freddy Morezon","article_publisher":"https:\/\/www.facebook.com\/freddy.morezon\/","article_modified_time":"2026-01-05T09:21:40+00:00","og_image":[{"width":1684,"height":1482,"url":"https:\/\/freddymorezon.org\/wp-content\/uploads\/2017\/10\/JaketteFISHok.jpg","type":"image\/jpeg"}],"twitter_card":"summary_large_image","schema":{"@context":"https:\/\/schema.org","@graph":[{"@type":"WebPage","@id":"https:\/\/freddymorezon.org\/label\/moby-dick-wanted\/","url":"https:\/\/freddymorezon.org\/label\/moby-dick-wanted\/","name":"Moby Dick Wanted ! | Freddy Morezon","isPartOf":{"@id":"https:\/\/freddymorezon.org\/#website"},"primaryImageOfPage":{"@id":"https:\/\/freddymorezon.org\/label\/moby-dick-wanted\/#primaryimage"},"image":{"@id":"https:\/\/freddymorezon.org\/label\/moby-dick-wanted\/#primaryimage"},"thumbnailUrl":"https:\/\/freddymorezon.org\/wp-content\/uploads\/2017\/10\/JaketteFISHok.jpg","datePublished":"2017-09-11T16:22:26+00:00","dateModified":"2026-01-05T09:21:40+00:00","breadcrumb":{"@id":"https:\/\/freddymorezon.org\/label\/moby-dick-wanted\/#breadcrumb"},"inLanguage":"en-US","potentialAction":[{"@type":"ReadAction","target":["https:\/\/freddymorezon.org\/label\/moby-dick-wanted\/"]}]},{"@type":"ImageObject","inLanguage":"en-US","@id":"https:\/\/freddymorezon.org\/label\/moby-dick-wanted\/#primaryimage","url":"https:\/\/freddymorezon.org\/wp-content\/uploads\/2017\/10\/JaketteFISHok.jpg","contentUrl":"https:\/\/freddymorezon.org\/wp-content\/uploads\/2017\/10\/JaketteFISHok.jpg","width":1684,"height":1482},{"@type":"BreadcrumbList","@id":"https:\/\/freddymorezon.org\/label\/moby-dick-wanted\/#breadcrumb","itemListElement":[{"@type":"ListItem","position":1,"name":"Accueil","item":"https:\/\/freddymorezon.org\/"},{"@type":"ListItem","position":2,"name":"Label","item":"https:\/\/freddymorezon.org\/label\/"},{"@type":"ListItem","position":3,"name":"Moby Dick Wanted !"}]},{"@type":"WebSite","@id":"https:\/\/freddymorezon.org\/#website","url":"https:\/\/freddymorezon.org\/","name":"Freddy Morezon","description":"jazz - musique improvis\u00e9e - esth\u00e9tiques plurielles","publisher":{"@id":"https:\/\/freddymorezon.org\/#organization"},"potentialAction":[{"@type":"SearchAction","target":{"@type":"EntryPoint","urlTemplate":"https:\/\/freddymorezon.org\/?s={search_term_string}"},"query-input":{"@type":"PropertyValueSpecification","valueRequired":true,"valueName":"search_term_string"}}],"inLanguage":"en-US"},{"@type":"Organization","@id":"https:\/\/freddymorezon.org\/#organization","name":"Association Freddy Morezon","url":"https:\/\/freddymorezon.org\/","logo":{"@type":"ImageObject","inLanguage":"en-US","@id":"https:\/\/freddymorezon.org\/#\/schema\/logo\/image\/","url":"https:\/\/freddymorezon.org\/wp-content\/uploads\/2016\/02\/mini-logo-header-site2.jpg","contentUrl":"https:\/\/freddymorezon.org\/wp-content\/uploads\/2016\/02\/mini-logo-header-site2.jpg","width":234,"height":174,"caption":"Association Freddy Morezon"},"image":{"@id":"https:\/\/freddymorezon.org\/#\/schema\/logo\/image\/"},"sameAs":["https:\/\/www.facebook.com\/freddy.morezon\/","https:\/\/www.instagram.com\/freddymorezon\/","https:\/\/www.youtube.com\/user\/freddymorezon","https:\/\/fr.linkedin.com\/company\/freddy-morezon-p.r.o.d."]}]}},"_links":{"self":[{"href":"https:\/\/freddymorezon.org\/en\/wp-json\/wp\/v2\/pages\/4129","targetHints":{"allow":["GET"]}}],"collection":[{"href":"https:\/\/freddymorezon.org\/en\/wp-json\/wp\/v2\/pages"}],"about":[{"href":"https:\/\/freddymorezon.org\/en\/wp-json\/wp\/v2\/types\/page"}],"author":[{"embeddable":true,"href":"https:\/\/freddymorezon.org\/en\/wp-json\/wp\/v2\/users\/1"}],"replies":[{"embeddable":true,"href":"https:\/\/freddymorezon.org\/en\/wp-json\/wp\/v2\/comments?post=4129"}],"version-history":[{"count":108,"href":"https:\/\/freddymorezon.org\/en\/wp-json\/wp\/v2\/pages\/4129\/revisions"}],"predecessor-version":[{"id":24755,"href":"https:\/\/freddymorezon.org\/en\/wp-json\/wp\/v2\/pages\/4129\/revisions\/24755"}],"up":[{"embeddable":true,"href":"https:\/\/freddymorezon.org\/en\/wp-json\/wp\/v2\/pages\/140"}],"wp:featuredmedia":[{"embeddable":true,"href":"https:\/\/freddymorezon.org\/en\/wp-json\/wp\/v2\/media\/4346"}],"wp:attachment":[{"href":"https:\/\/freddymorezon.org\/en\/wp-json\/wp\/v2\/media?parent=4129"}],"wp:term":[{"taxonomy":"category","embeddable":true,"href":"https:\/\/freddymorezon.org\/en\/wp-json\/wp\/v2\/categories?post=4129"},{"taxonomy":"post_tag","embeddable":true,"href":"https:\/\/freddymorezon.org\/en\/wp-json\/wp\/v2\/tags?post=4129"}],"curies":[{"name":"wp","href":"https:\/\/api.w.org\/{rel}","templated":true}]}}