
{"id":4433,"date":"2017-11-24T17:26:41","date_gmt":"2017-11-24T16:26:41","guid":{"rendered":"https:\/\/freddymorezon.org\/?page_id=4433"},"modified":"2026-01-05T11:15:40","modified_gmt":"2026-01-05T09:15:40","slug":"tribute-to-an-imaginary-folk-band","status":"publish","type":"page","link":"https:\/\/freddymorezon.org\/en\/label\/tribute-to-an-imaginary-folk-band\/","title":{"rendered":"Tribute to an Imaginary Folk Band"},"content":{"rendered":"<div id=\"pl-4433\"  class=\"panel-layout\" ><div id=\"pg-4433-0\"  class=\"panel-grid panel-no-style\" ><div id=\"pgc-4433-0-0\"  class=\"panel-grid-cell\" ><div id=\"panel-4433-0-0-0\" class=\"so-panel widget widget_sow-image panel-first-child\" data-index=\"0\" ><div\n\t\t\t\n\t\t\tclass=\"so-widget-sow-image so-widget-sow-image-default-8b5b6f678277-4433\"\n\t\t\t\n\t\t>\n<div class=\"sow-image-container\">\n\t\t<img \n\tsrc=\"https:\/\/freddymorezon.org\/wp-content\/uploads\/2017\/10\/BEDMAKERS_cover-rognee-400x400.jpg\" width=\"400\" height=\"400\" srcset=\"https:\/\/freddymorezon.org\/wp-content\/uploads\/2017\/10\/BEDMAKERS_cover-rognee-400x400.jpg 400w, https:\/\/freddymorezon.org\/wp-content\/uploads\/2017\/10\/BEDMAKERS_cover-rognee-150x150.jpg 150w, https:\/\/freddymorezon.org\/wp-content\/uploads\/2017\/10\/BEDMAKERS_cover-rognee-100x100.jpg 100w, https:\/\/freddymorezon.org\/wp-content\/uploads\/2017\/10\/BEDMAKERS_cover-rognee-300x300.jpg 300w\" sizes=\"(max-width: 400px) 100vw, 400px\" title=\"BEDMAKERS_cover\" alt=\"\" \t\tclass=\"so-widget-image\"\/>\n\t<\/div>\n\n<\/div><\/div><div id=\"panel-4433-0-0-1\" class=\"so-panel widget widget_sow-editor\" data-index=\"1\" ><div\n\t\t\t\n\t\t\tclass=\"so-widget-sow-editor so-widget-sow-editor-base\"\n\t\t\t\n\t\t>\n<div class=\"siteorigin-widget-tinymce textwidget\">\n\t<div class=\"commande-album\" style=\"margin-top: 50px; margin-bottom: 20px;\">\n<div class=\"ajout-panier woocommerce add_to_cart_inline\">\n<h3>commander<\/h3>\n<h4><i class=\"fa fa-chevron-right fa-2x\"><\/i> CD<\/h4>\n<p class=\"product woocommerce add_to_cart_inline \" style=\"border:4px solid #ccc; padding: 12px;\"><span class=\"woocommerce-Price-amount amount\"><bdi>10,00<span class=\"woocommerce-Price-currencySymbol\">&euro;<\/span><\/bdi><\/span><a href=\"\/label\/tribute-to-an-imaginary-folk-band\/?add-to-cart=5279\" aria-describedby=\"woocommerce_loop_add_to_cart_link_describedby_5279\" data-quantity=\"1\" class=\"button product_type_simple add_to_cart_button ajax_add_to_cart\" data-product_id=\"5279\" data-product_sku=\"\" aria-label=\"Ajouter au panier : &ldquo;Tribute to an imaginary folk band - CD&rdquo;\" rel=\"nofollow\" data-success_message=\"\u00ab Tribute to an imaginary folk band - CD \u00bb a \u00e9t\u00e9 ajout\u00e9 \u00e0 votre panier\">Ajouter au panier<\/a>\t<span id=\"woocommerce_loop_add_to_cart_link_describedby_5279\" class=\"screen-reader-text\"><br \/>\n\t\t\t<\/span>\n<\/p>\n<\/div>\n<\/div>\n<\/div>\n<\/div><\/div><div id=\"panel-4433-0-0-2\" class=\"so-panel widget widget_sow-editor\" data-index=\"2\" ><div\n\t\t\t\n\t\t\tclass=\"so-widget-sow-editor so-widget-sow-editor-base\"\n\t\t\t\n\t\t>\n<div class=\"siteorigin-widget-tinymce textwidget\">\n\t<p><iframe style=\"border: 0; width: 100%; height: 373px;\" src=\"https:\/\/bandcamp.com\/EmbeddedPlayer\/album=628524852\/size=large\/bgcol=ffffff\/linkcol=0687f5\/artwork=none\/transparent=true\/\" seamless><a href=\"https:\/\/mrmorezon.bandcamp.com\/album\/tribute-to-an-imaginary-folk-band\">Tribute to an Imaginary Folk Band by Bedmakers, Robin Fincker, Mathieu Werchowski, Dave Kane, Fabien Duscombs<\/a><\/iframe><\/p>\n<\/div>\n<\/div><\/div><div id=\"panel-4433-0-0-3\" class=\"so-panel widget widget_sow-editor\" data-index=\"3\" ><div\n\t\t\t\n\t\t\tclass=\"so-widget-sow-editor so-widget-sow-editor-base\"\n\t\t\t\n\t\t><h3 class=\"widget-title\">DISTRIBUTION - CR\u00c9DITS<\/h3>\n<div class=\"siteorigin-widget-tinymce textwidget\">\n\t<p>Robin Fincker : saxophone tenor, clarinette<br \/>\nMathieu Werchowski : violon<br \/>\nPascal Niggenkemper : contrebasse<br \/>\nFabien Duscombs : batterie<\/p>\n<p>Pistes 1 &amp; 7 : John Fahey<br \/>\n2 &amp; 6 : Bert Jansch<br \/>\n3 &amp; 4 traditionnel Ecosse<br \/>\n5 : Traditionnel Irlande<br \/>\nArrangements : Bedmakers<\/p>\n<p>Enregistr\u00e9 au Studio Juillaguet (Angoul\u00eame) et mix\u00e9 par Ananda Cherer en mars et juin 2017.<br \/>\nMasteris\u00e9 par Alex Bonney en septembre 2017.<br \/>\nVisuel : Mathieu Werchowski<br \/>\nPochette : Badneighbour &amp; Sons Inc.<\/p>\n<p>Label Mr Morezon (FR) et Babel Label (UK)<br \/>\nDistribution France : Orkhestra International<\/p>\n<\/div>\n<\/div><\/div><div id=\"panel-4433-0-0-4\" class=\"so-panel widget widget_text panel-last-child\" data-index=\"4\" >\t\t\t<div class=\"textwidget\"><h3>Links<\/h3>\n<ul>\n<li><i class=\"fa fa-chevron-right fa-2x\"><\/i><a href=\"https:\/\/freddymorezon.org\/projets\/bedmakers\/\"> Bedmakers<\/a><\/li>\n<\/ul>\n<\/div>\n\t\t<\/div><\/div><div id=\"pgc-4433-0-1\"  class=\"panel-grid-cell\" ><div id=\"panel-4433-0-1-0\" class=\"so-panel widget widget_sow-headline panel-first-child\" data-index=\"5\" ><div\n\t\t\t\n\t\t\tclass=\"so-widget-sow-headline so-widget-sow-headline-default-508968b69ea9-4433\"\n\t\t\t\n\t\t><div class=\"sow-headline-container \">\n\t\t\t\t\t\t\t<h2 class=\"sow-headline\">\n\t\t\t\t\t\tTribute to an imaginary folk band\t\t\t\t\t\t<\/h2>\n\t\t\t\t\t\t\t\t\t\t\t<div class=\"decoration\">\n\t\t\t\t\t\t<div class=\"decoration-inside\"><\/div>\n\t\t\t\t\t<\/div>\n\t\t\t\t\t\t\t\t\t\t\t<h3 class=\"sow-sub-headline\">\n\t\t\t\t\t\t<h3>Bedmakers<\/h3> Mr Morezon 017 \u23ae sortie France 4 avril 2018 \u23ae sortie internationale juin 2018 (Babel Label)\t\t\t\t\t\t<\/h3>\n\t\t\t\t\t\t<\/div>\n<\/div><\/div><div id=\"panel-4433-0-1-1\" class=\"so-panel widget widget_sow-editor\" data-index=\"6\" ><div\n\t\t\t\n\t\t\tclass=\"so-widget-sow-editor so-widget-sow-editor-base\"\n\t\t\t\n\t\t>\n<div class=\"siteorigin-widget-tinymce textwidget\">\n\t<p><iframe loading=\"lazy\" title=\"Bedmakers @ Jazzdor Berlin (Robin Fincker - Mathieu Werchowsky - Dave Kane - Fabien Duscombs)\" width=\"790\" height=\"444\" src=\"https:\/\/www.youtube.com\/embed\/ect2ue1U7GY?feature=oembed\" frameborder=\"0\" allow=\"accelerometer; autoplay; clipboard-write; encrypted-media; gyroscope; picture-in-picture; web-share\" referrerpolicy=\"strict-origin-when-cross-origin\" allowfullscreen><\/iframe><\/p>\n<\/div>\n<\/div><\/div><div id=\"panel-4433-0-1-2\" class=\"so-panel widget widget_eo_event_list_widget EO_Event_List_Widget panel-last-child\" data-index=\"7\" ><h3 class=\"widget-title\">\u00c9v\u00e9nements<\/h3>\n\n<\/div><\/div><\/div><\/div>","protected":false},"excerpt":{"rendered":"<p>April 2018<\/p>\n","protected":false},"author":1,"featured_media":4464,"parent":140,"menu_order":0,"comment_status":"closed","ping_status":"closed","template":"page-templates\/full-width.php","meta":{"om_disable_all_campaigns":false,"_monsterinsights_skip_tracking":false,"_monsterinsights_sitenote_active":false,"_monsterinsights_sitenote_note":"","_monsterinsights_sitenote_category":0,"_uf_show_specific_survey":0,"_uf_disable_surveys":false,"footnotes":""},"categories":[1174],"tags":[],"class_list":["post-4433","page","type-page","status-publish","has-post-thumbnail","hentry","category-page-label"],"aioseo_notices":[],"yoast_head":"<!-- This site is optimized with the Yoast SEO plugin v27.4 - https:\/\/yoast.com\/product\/yoast-seo-wordpress\/ -->\n<title>Tribute to an Imaginary Folk Band | Freddy Morezon<\/title>\n<meta name=\"robots\" content=\"index, follow, max-snippet:-1, max-image-preview:large, max-video-preview:-1\" \/>\n<link rel=\"canonical\" href=\"https:\/\/freddymorezon.org\/label\/tribute-to-an-imaginary-folk-band\/\" \/>\n<meta property=\"og:locale\" content=\"en_US\" \/>\n<meta property=\"og:type\" content=\"article\" \/>\n<meta property=\"og:title\" content=\"Tribute to an Imaginary Folk Band | Freddy Morezon\" \/>\n<meta property=\"og:description\" content=\"[:fr]Avril 2018[:en]April 2018[:]\" \/>\n<meta property=\"og:url\" content=\"https:\/\/freddymorezon.org\/label\/tribute-to-an-imaginary-folk-band\/\" \/>\n<meta property=\"og:site_name\" content=\"Freddy Morezon\" \/>\n<meta property=\"article:publisher\" content=\"https:\/\/www.facebook.com\/freddy.morezon\/\" \/>\n<meta property=\"article:modified_time\" content=\"2026-01-05T09:15:40+00:00\" \/>\n<meta property=\"og:image\" content=\"https:\/\/freddymorezon.org\/wp-content\/uploads\/2017\/10\/BEDMAKERS_cover-rognee-1240x800.jpg\" \/>\n\t<meta property=\"og:image:width\" content=\"1240\" \/>\n\t<meta property=\"og:image:height\" content=\"800\" \/>\n\t<meta property=\"og:image:type\" content=\"image\/jpeg\" \/>\n<meta name=\"twitter:card\" content=\"summary_large_image\" \/>\n<script type=\"application\/ld+json\" class=\"yoast-schema-graph\">{\"@context\":\"https:\\\/\\\/schema.org\",\"@graph\":[{\"@type\":\"WebPage\",\"@id\":\"https:\\\/\\\/freddymorezon.org\\\/label\\\/tribute-to-an-imaginary-folk-band\\\/\",\"url\":\"https:\\\/\\\/freddymorezon.org\\\/label\\\/tribute-to-an-imaginary-folk-band\\\/\",\"name\":\"Tribute to an Imaginary Folk Band | Freddy Morezon\",\"isPartOf\":{\"@id\":\"https:\\\/\\\/freddymorezon.org\\\/#website\"},\"primaryImageOfPage\":{\"@id\":\"https:\\\/\\\/freddymorezon.org\\\/label\\\/tribute-to-an-imaginary-folk-band\\\/#primaryimage\"},\"image\":{\"@id\":\"https:\\\/\\\/freddymorezon.org\\\/label\\\/tribute-to-an-imaginary-folk-band\\\/#primaryimage\"},\"thumbnailUrl\":\"https:\\\/\\\/freddymorezon.org\\\/wp-content\\\/uploads\\\/2017\\\/10\\\/BEDMAKERS_cover-rognee.jpg\",\"datePublished\":\"2017-11-24T16:26:41+00:00\",\"dateModified\":\"2026-01-05T09:15:40+00:00\",\"breadcrumb\":{\"@id\":\"https:\\\/\\\/freddymorezon.org\\\/label\\\/tribute-to-an-imaginary-folk-band\\\/#breadcrumb\"},\"inLanguage\":\"en-US\",\"potentialAction\":[{\"@type\":\"ReadAction\",\"target\":[\"https:\\\/\\\/freddymorezon.org\\\/label\\\/tribute-to-an-imaginary-folk-band\\\/\"]}]},{\"@type\":\"ImageObject\",\"inLanguage\":\"en-US\",\"@id\":\"https:\\\/\\\/freddymorezon.org\\\/label\\\/tribute-to-an-imaginary-folk-band\\\/#primaryimage\",\"url\":\"https:\\\/\\\/freddymorezon.org\\\/wp-content\\\/uploads\\\/2017\\\/10\\\/BEDMAKERS_cover-rognee.jpg\",\"contentUrl\":\"https:\\\/\\\/freddymorezon.org\\\/wp-content\\\/uploads\\\/2017\\\/10\\\/BEDMAKERS_cover-rognee.jpg\",\"width\":1482,\"height\":1310},{\"@type\":\"BreadcrumbList\",\"@id\":\"https:\\\/\\\/freddymorezon.org\\\/label\\\/tribute-to-an-imaginary-folk-band\\\/#breadcrumb\",\"itemListElement\":[{\"@type\":\"ListItem\",\"position\":1,\"name\":\"Accueil\",\"item\":\"https:\\\/\\\/freddymorezon.org\\\/\"},{\"@type\":\"ListItem\",\"position\":2,\"name\":\"Label\",\"item\":\"https:\\\/\\\/freddymorezon.org\\\/label\\\/\"},{\"@type\":\"ListItem\",\"position\":3,\"name\":\"Tribute to an Imaginary Folk Band\"}]},{\"@type\":\"WebSite\",\"@id\":\"https:\\\/\\\/freddymorezon.org\\\/#website\",\"url\":\"https:\\\/\\\/freddymorezon.org\\\/\",\"name\":\"Freddy Morezon\",\"description\":\"jazz - musique improvis\u00e9e - esth\u00e9tiques plurielles\",\"publisher\":{\"@id\":\"https:\\\/\\\/freddymorezon.org\\\/#organization\"},\"potentialAction\":[{\"@type\":\"SearchAction\",\"target\":{\"@type\":\"EntryPoint\",\"urlTemplate\":\"https:\\\/\\\/freddymorezon.org\\\/?s={search_term_string}\"},\"query-input\":{\"@type\":\"PropertyValueSpecification\",\"valueRequired\":true,\"valueName\":\"search_term_string\"}}],\"inLanguage\":\"en-US\"},{\"@type\":\"Organization\",\"@id\":\"https:\\\/\\\/freddymorezon.org\\\/#organization\",\"name\":\"Association Freddy Morezon\",\"url\":\"https:\\\/\\\/freddymorezon.org\\\/\",\"logo\":{\"@type\":\"ImageObject\",\"inLanguage\":\"en-US\",\"@id\":\"https:\\\/\\\/freddymorezon.org\\\/#\\\/schema\\\/logo\\\/image\\\/\",\"url\":\"https:\\\/\\\/freddymorezon.org\\\/wp-content\\\/uploads\\\/2016\\\/02\\\/mini-logo-header-site2.jpg\",\"contentUrl\":\"https:\\\/\\\/freddymorezon.org\\\/wp-content\\\/uploads\\\/2016\\\/02\\\/mini-logo-header-site2.jpg\",\"width\":234,\"height\":174,\"caption\":\"Association Freddy Morezon\"},\"image\":{\"@id\":\"https:\\\/\\\/freddymorezon.org\\\/#\\\/schema\\\/logo\\\/image\\\/\"},\"sameAs\":[\"https:\\\/\\\/www.facebook.com\\\/freddy.morezon\\\/\",\"https:\\\/\\\/www.instagram.com\\\/freddymorezon\\\/\",\"https:\\\/\\\/www.youtube.com\\\/user\\\/freddymorezon\",\"https:\\\/\\\/fr.linkedin.com\\\/company\\\/freddy-morezon-p.r.o.d.\"]}]}<\/script>\n<!-- \/ Yoast SEO plugin. -->","yoast_head_json":{"title":"Tribute to an Imaginary Folk Band | Freddy Morezon","robots":{"index":"index","follow":"follow","max-snippet":"max-snippet:-1","max-image-preview":"max-image-preview:large","max-video-preview":"max-video-preview:-1"},"canonical":"https:\/\/freddymorezon.org\/label\/tribute-to-an-imaginary-folk-band\/","og_locale":"en_US","og_type":"article","og_title":"Tribute to an Imaginary Folk Band | Freddy Morezon","og_description":"[:fr]Avril 2018[:en]April 2018[:]","og_url":"https:\/\/freddymorezon.org\/label\/tribute-to-an-imaginary-folk-band\/","og_site_name":"Freddy Morezon","article_publisher":"https:\/\/www.facebook.com\/freddy.morezon\/","article_modified_time":"2026-01-05T09:15:40+00:00","og_image":[{"width":1240,"height":800,"url":"https:\/\/freddymorezon.org\/wp-content\/uploads\/2017\/10\/BEDMAKERS_cover-rognee-1240x800.jpg","type":"image\/jpeg"}],"twitter_card":"summary_large_image","schema":{"@context":"https:\/\/schema.org","@graph":[{"@type":"WebPage","@id":"https:\/\/freddymorezon.org\/label\/tribute-to-an-imaginary-folk-band\/","url":"https:\/\/freddymorezon.org\/label\/tribute-to-an-imaginary-folk-band\/","name":"Tribute to an Imaginary Folk Band | Freddy Morezon","isPartOf":{"@id":"https:\/\/freddymorezon.org\/#website"},"primaryImageOfPage":{"@id":"https:\/\/freddymorezon.org\/label\/tribute-to-an-imaginary-folk-band\/#primaryimage"},"image":{"@id":"https:\/\/freddymorezon.org\/label\/tribute-to-an-imaginary-folk-band\/#primaryimage"},"thumbnailUrl":"https:\/\/freddymorezon.org\/wp-content\/uploads\/2017\/10\/BEDMAKERS_cover-rognee.jpg","datePublished":"2017-11-24T16:26:41+00:00","dateModified":"2026-01-05T09:15:40+00:00","breadcrumb":{"@id":"https:\/\/freddymorezon.org\/label\/tribute-to-an-imaginary-folk-band\/#breadcrumb"},"inLanguage":"en-US","potentialAction":[{"@type":"ReadAction","target":["https:\/\/freddymorezon.org\/label\/tribute-to-an-imaginary-folk-band\/"]}]},{"@type":"ImageObject","inLanguage":"en-US","@id":"https:\/\/freddymorezon.org\/label\/tribute-to-an-imaginary-folk-band\/#primaryimage","url":"https:\/\/freddymorezon.org\/wp-content\/uploads\/2017\/10\/BEDMAKERS_cover-rognee.jpg","contentUrl":"https:\/\/freddymorezon.org\/wp-content\/uploads\/2017\/10\/BEDMAKERS_cover-rognee.jpg","width":1482,"height":1310},{"@type":"BreadcrumbList","@id":"https:\/\/freddymorezon.org\/label\/tribute-to-an-imaginary-folk-band\/#breadcrumb","itemListElement":[{"@type":"ListItem","position":1,"name":"Accueil","item":"https:\/\/freddymorezon.org\/"},{"@type":"ListItem","position":2,"name":"Label","item":"https:\/\/freddymorezon.org\/label\/"},{"@type":"ListItem","position":3,"name":"Tribute to an Imaginary Folk Band"}]},{"@type":"WebSite","@id":"https:\/\/freddymorezon.org\/#website","url":"https:\/\/freddymorezon.org\/","name":"Freddy Morezon","description":"jazz - musique improvis\u00e9e - esth\u00e9tiques plurielles","publisher":{"@id":"https:\/\/freddymorezon.org\/#organization"},"potentialAction":[{"@type":"SearchAction","target":{"@type":"EntryPoint","urlTemplate":"https:\/\/freddymorezon.org\/?s={search_term_string}"},"query-input":{"@type":"PropertyValueSpecification","valueRequired":true,"valueName":"search_term_string"}}],"inLanguage":"en-US"},{"@type":"Organization","@id":"https:\/\/freddymorezon.org\/#organization","name":"Association Freddy Morezon","url":"https:\/\/freddymorezon.org\/","logo":{"@type":"ImageObject","inLanguage":"en-US","@id":"https:\/\/freddymorezon.org\/#\/schema\/logo\/image\/","url":"https:\/\/freddymorezon.org\/wp-content\/uploads\/2016\/02\/mini-logo-header-site2.jpg","contentUrl":"https:\/\/freddymorezon.org\/wp-content\/uploads\/2016\/02\/mini-logo-header-site2.jpg","width":234,"height":174,"caption":"Association Freddy Morezon"},"image":{"@id":"https:\/\/freddymorezon.org\/#\/schema\/logo\/image\/"},"sameAs":["https:\/\/www.facebook.com\/freddy.morezon\/","https:\/\/www.instagram.com\/freddymorezon\/","https:\/\/www.youtube.com\/user\/freddymorezon","https:\/\/fr.linkedin.com\/company\/freddy-morezon-p.r.o.d."]}]}},"_links":{"self":[{"href":"https:\/\/freddymorezon.org\/en\/wp-json\/wp\/v2\/pages\/4433","targetHints":{"allow":["GET"]}}],"collection":[{"href":"https:\/\/freddymorezon.org\/en\/wp-json\/wp\/v2\/pages"}],"about":[{"href":"https:\/\/freddymorezon.org\/en\/wp-json\/wp\/v2\/types\/page"}],"author":[{"embeddable":true,"href":"https:\/\/freddymorezon.org\/en\/wp-json\/wp\/v2\/users\/1"}],"replies":[{"embeddable":true,"href":"https:\/\/freddymorezon.org\/en\/wp-json\/wp\/v2\/comments?post=4433"}],"version-history":[{"count":124,"href":"https:\/\/freddymorezon.org\/en\/wp-json\/wp\/v2\/pages\/4433\/revisions"}],"predecessor-version":[{"id":24745,"href":"https:\/\/freddymorezon.org\/en\/wp-json\/wp\/v2\/pages\/4433\/revisions\/24745"}],"up":[{"embeddable":true,"href":"https:\/\/freddymorezon.org\/en\/wp-json\/wp\/v2\/pages\/140"}],"wp:featuredmedia":[{"embeddable":true,"href":"https:\/\/freddymorezon.org\/en\/wp-json\/wp\/v2\/media\/4464"}],"wp:attachment":[{"href":"https:\/\/freddymorezon.org\/en\/wp-json\/wp\/v2\/media?parent=4433"}],"wp:term":[{"taxonomy":"category","embeddable":true,"href":"https:\/\/freddymorezon.org\/en\/wp-json\/wp\/v2\/categories?post=4433"},{"taxonomy":"post_tag","embeddable":true,"href":"https:\/\/freddymorezon.org\/en\/wp-json\/wp\/v2\/tags?post=4433"}],"curies":[{"name":"wp","href":"https:\/\/api.w.org\/{rel}","templated":true}]}}