
{"id":5808,"date":"2018-07-30T18:02:03","date_gmt":"2018-07-30T17:02:03","guid":{"rendered":"https:\/\/freddymorezon.org\/?page_id=5808"},"modified":"2026-01-05T11:14:35","modified_gmt":"2026-01-05T09:14:35","slug":"dune-extreme-a-lautre-live-at-donaueschingen","status":"publish","type":"page","link":"https:\/\/freddymorezon.org\/en\/label\/dune-extreme-a-lautre-live-at-donaueschingen\/","title":{"rendered":"d&#8217;une Extr\u00eame \u00e0 l&#8217;autre &#8211; live at Donaueschingen"},"content":{"rendered":"<div id=\"pl-5808\"  class=\"panel-layout\" ><div id=\"pg-5808-0\"  class=\"panel-grid panel-no-style\" ><div id=\"pgc-5808-0-0\"  class=\"panel-grid-cell\" ><div id=\"panel-5808-0-0-0\" class=\"so-panel widget widget_sow-image panel-first-child\" data-index=\"0\" ><div\n\t\t\t\n\t\t\tclass=\"so-widget-sow-image so-widget-sow-image-default-8b5b6f678277-5808\"\n\t\t\t\n\t\t>\n<div class=\"sow-image-container\">\n\t\t<img \n\tsrc=\"https:\/\/freddymorezon.org\/wp-content\/uploads\/2018\/07\/2018_iana_pochette_confliktarts_v1-visuel-400x400.jpg\" width=\"400\" height=\"400\" srcset=\"https:\/\/freddymorezon.org\/wp-content\/uploads\/2018\/07\/2018_iana_pochette_confliktarts_v1-visuel-400x400.jpg 400w, https:\/\/freddymorezon.org\/wp-content\/uploads\/2018\/07\/2018_iana_pochette_confliktarts_v1-visuel-150x150.jpg 150w, https:\/\/freddymorezon.org\/wp-content\/uploads\/2018\/07\/2018_iana_pochette_confliktarts_v1-visuel-100x100.jpg 100w, https:\/\/freddymorezon.org\/wp-content\/uploads\/2018\/07\/2018_iana_pochette_confliktarts_v1-visuel-300x300.jpg 300w\" sizes=\"(max-width: 400px) 100vw, 400px\" title=\"visuel album Iana &#8211; live at Donaueschingen\" alt=\"\" \t\tclass=\"so-widget-image\"\/>\n\t<\/div>\n\n<\/div><\/div><div id=\"panel-5808-0-0-1\" class=\"so-panel widget widget_sow-editor\" data-index=\"1\" ><div\n\t\t\t\n\t\t\tclass=\"so-widget-sow-editor so-widget-sow-editor-base\"\n\t\t\t\n\t\t>\n<div class=\"siteorigin-widget-tinymce textwidget\">\n\t<div class=\"commande-album\">\n<div class=\"ajout-panier woocommerce add_to_cart_inline\">\n<h3>commander<\/h3>\n<h4><i class=\"fa fa-chevron-right fa-2x\"><\/i> CD<\/h4>\n<p class=\"product woocommerce add_to_cart_inline \" style=\"border:4px solid #ccc; padding: 12px;\"><span class=\"woocommerce-Price-amount amount\"><bdi>10,00<span class=\"woocommerce-Price-currencySymbol\">&euro;<\/span><\/bdi><\/span><a href=\"\/label\/dune-extreme-a-lautre-live-at-donaueschingen\/?add-to-cart=5830\" aria-describedby=\"woocommerce_loop_add_to_cart_link_describedby_5830\" data-quantity=\"1\" class=\"button product_type_simple add_to_cart_button ajax_add_to_cart\" data-product_id=\"5830\" data-product_sku=\"\" aria-label=\"Ajouter au panier : &ldquo;d&#039;une extr\u00eame \u00e0 l&#039;autre - live at Donaueschingen - CD&rdquo;\" rel=\"nofollow\" data-success_message=\"\u00ab d&#039;une extr\u00eame \u00e0 l&#039;autre - live at Donaueschingen - CD \u00bb a \u00e9t\u00e9 ajout\u00e9 \u00e0 votre panier\">Ajouter au panier<\/a>\t<span id=\"woocommerce_loop_add_to_cart_link_describedby_5830\" class=\"screen-reader-text\"><br \/>\n\t\t\t<\/span>\n<\/p>\n<\/div>\n<\/div>\n<\/div>\n<\/div><\/div><div id=\"panel-5808-0-0-2\" class=\"so-panel widget widget_sow-editor\" data-index=\"2\" ><div\n\t\t\t\n\t\t\tclass=\"so-widget-sow-editor so-widget-sow-editor-base\"\n\t\t\t\n\t\t><h3 class=\"widget-title\">\u00c9COUTER<\/h3>\n<div class=\"siteorigin-widget-tinymce textwidget\">\n\t<p><iframe style=\"border: 0; width: 100%; height: 307px;\" src=\"https:\/\/bandcamp.com\/EmbeddedPlayer\/album=1863684964\/size=large\/bgcol=ffffff\/linkcol=0687f5\/artwork=none\/transparent=true\/\" seamless><a href=\"https:\/\/mrmorezon.bandcamp.com\/album\/dune-extr-me-lautre\">D&#39;une Extr\u00eame \u00e0 l&#39;autre by Iana<\/a><\/iframe><\/p>\n<\/div>\n<\/div><\/div><div id=\"panel-5808-0-0-3\" class=\"so-panel widget widget_sow-editor\" data-index=\"3\" ><div\n\t\t\t\n\t\t\tclass=\"so-widget-sow-editor so-widget-sow-editor-base\"\n\t\t\t\n\t\t><h3 class=\"widget-title\">DISTRIBUTION - CR\u00c9DITS<\/h3>\n<div class=\"siteorigin-widget-tinymce textwidget\">\n\t<p>Christine Wodrascka : piano<br \/>\nBetty Hovette : piano<\/p>\n<p>Musique : Betty Hovette et Christine Wodrascka<\/p>\n<p>Production : SWR2 Fribourg, Freddy Morezon, Christine Wodrascka et Betty Hovette<br \/>\nEnregistrement :<br \/>\n- * : pistes 1 \u00e0 4 : enregistr\u00e9 les 18 et 19 octobre 2017 au Studio de SWR2, \u00e0 Fribourg, en Allemagne, par Alfred Habenitz, Manuel Braun et Christoph Ruetz<br \/>\n- \u201cd\u2019une Extr\u00eame \u00e0 l\u2019autre\u201d (piste 5) : enregistr\u00e9 le 21 octobre 2017 au Donaueschinger Musiktage 2017, Nowjazz Session de Julia Neupert, par Alfred Habenitz<\/p>\n<p>Mixage et mastering : Nicolas Carri\u00e8re<br \/>\nDistribution physique : Orkh\u00eastra International<br \/>\nIllustration et graphisme : Eela Laitinen<br \/>\nPhoto : Emmanuel Deckert<\/p>\n<\/div>\n<\/div><\/div><div id=\"panel-5808-0-0-4\" class=\"so-panel widget widget_sow-editor panel-last-child\" data-index=\"4\" ><div\n\t\t\t\n\t\t\tclass=\"so-widget-sow-editor so-widget-sow-editor-base\"\n\t\t\t\n\t\t><h3 class=\"widget-title\">LIENS<\/h3>\n<div class=\"siteorigin-widget-tinymce textwidget\">\n\t<p><a href=\"https:\/\/freddymorezon.org\/catalogue\/iana\/\">IANA<\/a><\/p>\n<\/div>\n<\/div><\/div><\/div><div id=\"pgc-5808-0-1\"  class=\"panel-grid-cell\" ><div id=\"panel-5808-0-1-0\" class=\"so-panel widget widget_sow-headline panel-first-child\" data-index=\"5\" ><div\n\t\t\t\n\t\t\tclass=\"so-widget-sow-headline so-widget-sow-headline-default-c8fa18c4903e-5808\"\n\t\t\t\n\t\t><div class=\"sow-headline-container \">\n\t\t\t\t\t\t\t<h2 class=\"sow-headline\">\n\t\t\t\t\t\td'une Extr\u00eame \u00e0 l'autre live at Donaueschingen\t\t\t\t\t\t<\/h2>\n\t\t\t\t\t\t\t\t\t\t\t<div class=\"decoration\">\n\t\t\t\t\t\t<div class=\"decoration-inside\"><\/div>\n\t\t\t\t\t<\/div>\n\t\t\t\t\t\t\t\t\t\t\t<h3 class=\"sow-sub-headline\">\n\t\t\t\t\t\t<h3>IANA<\/h3> Mr Morezon 019\u23ae 2018\t\t\t\t\t\t<\/h3>\n\t\t\t\t\t\t<\/div>\n<\/div><\/div><div id=\"panel-5808-0-1-1\" class=\"so-panel widget widget_sow-editor\" data-index=\"6\" ><div\n\t\t\t\n\t\t\tclass=\"so-widget-sow-editor so-widget-sow-editor-base\"\n\t\t\t\n\t\t>\n<div class=\"siteorigin-widget-tinymce textwidget\">\n\t<p>Iana, c\u2019est une entit\u00e9 \u00e0 deux visages. Deux pianos qui se confondent ou s'opposent, et deviennent un seul son, une mati\u00e8re en mouvement. Deux femmes, porteuses d\u2019histoires musicales polychromes. Leur rencontre met en acte un d\u00e9cloisonnement des genres et des univers musicaux. Une recherche trans-idiomatique, d\u00e9compartiment\u00e9e, que rien ne comprime, dans une volont\u00e9 de bousculer les consciences. Une invitation vers la beaut\u00e9 de l\u2019asp\u00e9rit\u00e9, la plong\u00e9e dans le bienveillant inconnu, en r\u00e9action \u00e0 un monde o\u00f9 tout est <em>design<\/em>-\u00e9, aseptis\u00e9 et sous contr\u00f4le. \u00c0 travers leur exploration obsessionnelle de gestes, de grappes sonores, les deux pianistes provoquent un d\u00e9ploiement d'\u00e9nergie sans d\u00e9rive ni complaisance, avec l\u2019espoir de susciter chez l\u2019auditeur son \u00e9coute la plus active.<\/p>\n<p><em>L'album r\u00e9unit la sublime performance du duo Iana au festival Donaueschingen en Allemagne le 21 octobre 2017 (\"d'une Extr\u00eame \u00e0 l'autre\"), pr\u00e9c\u00e9d\u00e9e de morceaux exp\u00e9riment\u00e9s \u00e0 cette occasion dans les studios de la radio SWR2, \u00e0 Fribourg.<\/em><\/p>\n<\/div>\n<\/div><\/div><div id=\"panel-5808-0-1-2\" class=\"so-panel widget widget_sow-editor\" data-index=\"7\" ><div\n\t\t\t\n\t\t\tclass=\"so-widget-sow-editor so-widget-sow-editor-base\"\n\t\t\t\n\t\t>\n<div class=\"siteorigin-widget-tinymce textwidget\">\n\t<p><iframe loading=\"lazy\" title=\"IANA - D&#039;une extr\u00eame \u00e0 l&#039;autre - part. 1\/2 - The\u00e2tre du Pav\u00e9, Toulouse\" width=\"790\" height=\"444\" src=\"https:\/\/www.youtube.com\/embed\/BtcCzaGu-Ck?feature=oembed\" frameborder=\"0\" allow=\"accelerometer; autoplay; clipboard-write; encrypted-media; gyroscope; picture-in-picture; web-share\" referrerpolicy=\"strict-origin-when-cross-origin\" allowfullscreen><\/iframe><\/p>\n<\/div>\n<\/div><\/div><div id=\"panel-5808-0-1-3\" class=\"so-panel widget widget_eo_event_list_widget EO_Event_List_Widget panel-last-child\" data-index=\"8\" >\n\n<\/div><\/div><\/div><\/div>","protected":false},"excerpt":{"rendered":"<p>November 2018<\/p>\n","protected":false},"author":1,"featured_media":5809,"parent":140,"menu_order":0,"comment_status":"closed","ping_status":"closed","template":"page-templates\/full-width.php","meta":{"om_disable_all_campaigns":false,"_monsterinsights_skip_tracking":false,"_monsterinsights_sitenote_active":false,"_monsterinsights_sitenote_note":"","_monsterinsights_sitenote_category":0,"_uf_show_specific_survey":0,"_uf_disable_surveys":false,"footnotes":""},"categories":[1174],"tags":[],"class_list":["post-5808","page","type-page","status-publish","has-post-thumbnail","hentry","category-page-label"],"aioseo_notices":[],"yoast_head":"<!-- This site is optimized with the Yoast SEO plugin v27.3 - https:\/\/yoast.com\/product\/yoast-seo-wordpress\/ -->\n<title>d&#039;une Extr\u00eame \u00e0 l&#039;autre - live at Donaueschingen | Freddy Morezon<\/title>\n<meta name=\"robots\" content=\"index, follow, max-snippet:-1, max-image-preview:large, max-video-preview:-1\" \/>\n<link rel=\"canonical\" href=\"https:\/\/freddymorezon.org\/label\/dune-extreme-a-lautre-live-at-donaueschingen\/\" \/>\n<meta property=\"og:locale\" content=\"en_US\" \/>\n<meta property=\"og:type\" content=\"article\" \/>\n<meta property=\"og:title\" content=\"d&#039;une Extr\u00eame \u00e0 l&#039;autre - live at Donaueschingen | Freddy Morezon\" \/>\n<meta property=\"og:description\" content=\"[:fr]Novembre 2018[:en]November 2018[:]\" \/>\n<meta property=\"og:url\" content=\"https:\/\/freddymorezon.org\/label\/dune-extreme-a-lautre-live-at-donaueschingen\/\" \/>\n<meta property=\"og:site_name\" content=\"Freddy Morezon\" \/>\n<meta property=\"article:publisher\" content=\"https:\/\/www.facebook.com\/freddy.morezon\/\" \/>\n<meta property=\"article:modified_time\" content=\"2026-01-05T09:14:35+00:00\" \/>\n<meta property=\"og:image\" content=\"https:\/\/freddymorezon.org\/wp-content\/uploads\/2018\/07\/2018_iana_pochette_confliktarts_v1-visuel.jpg\" \/>\n\t<meta property=\"og:image:width\" content=\"1624\" \/>\n\t<meta property=\"og:image:height\" content=\"1477\" \/>\n\t<meta property=\"og:image:type\" content=\"image\/jpeg\" \/>\n<meta name=\"twitter:card\" content=\"summary_large_image\" \/>\n<script type=\"application\/ld+json\" class=\"yoast-schema-graph\">{\"@context\":\"https:\\\/\\\/schema.org\",\"@graph\":[{\"@type\":\"WebPage\",\"@id\":\"https:\\\/\\\/freddymorezon.org\\\/label\\\/dune-extreme-a-lautre-live-at-donaueschingen\\\/\",\"url\":\"https:\\\/\\\/freddymorezon.org\\\/label\\\/dune-extreme-a-lautre-live-at-donaueschingen\\\/\",\"name\":\"d'une Extr\u00eame \u00e0 l'autre - live at Donaueschingen | Freddy Morezon\",\"isPartOf\":{\"@id\":\"https:\\\/\\\/freddymorezon.org\\\/#website\"},\"primaryImageOfPage\":{\"@id\":\"https:\\\/\\\/freddymorezon.org\\\/label\\\/dune-extreme-a-lautre-live-at-donaueschingen\\\/#primaryimage\"},\"image\":{\"@id\":\"https:\\\/\\\/freddymorezon.org\\\/label\\\/dune-extreme-a-lautre-live-at-donaueschingen\\\/#primaryimage\"},\"thumbnailUrl\":\"https:\\\/\\\/freddymorezon.org\\\/wp-content\\\/uploads\\\/2018\\\/07\\\/2018_iana_pochette_confliktarts_v1-visuel.jpg\",\"datePublished\":\"2018-07-30T17:02:03+00:00\",\"dateModified\":\"2026-01-05T09:14:35+00:00\",\"breadcrumb\":{\"@id\":\"https:\\\/\\\/freddymorezon.org\\\/label\\\/dune-extreme-a-lautre-live-at-donaueschingen\\\/#breadcrumb\"},\"inLanguage\":\"en-US\",\"potentialAction\":[{\"@type\":\"ReadAction\",\"target\":[\"https:\\\/\\\/freddymorezon.org\\\/label\\\/dune-extreme-a-lautre-live-at-donaueschingen\\\/\"]}]},{\"@type\":\"ImageObject\",\"inLanguage\":\"en-US\",\"@id\":\"https:\\\/\\\/freddymorezon.org\\\/label\\\/dune-extreme-a-lautre-live-at-donaueschingen\\\/#primaryimage\",\"url\":\"https:\\\/\\\/freddymorezon.org\\\/wp-content\\\/uploads\\\/2018\\\/07\\\/2018_iana_pochette_confliktarts_v1-visuel.jpg\",\"contentUrl\":\"https:\\\/\\\/freddymorezon.org\\\/wp-content\\\/uploads\\\/2018\\\/07\\\/2018_iana_pochette_confliktarts_v1-visuel.jpg\",\"width\":1624,\"height\":1477},{\"@type\":\"BreadcrumbList\",\"@id\":\"https:\\\/\\\/freddymorezon.org\\\/label\\\/dune-extreme-a-lautre-live-at-donaueschingen\\\/#breadcrumb\",\"itemListElement\":[{\"@type\":\"ListItem\",\"position\":1,\"name\":\"Accueil\",\"item\":\"https:\\\/\\\/freddymorezon.org\\\/\"},{\"@type\":\"ListItem\",\"position\":2,\"name\":\"Label\",\"item\":\"https:\\\/\\\/freddymorezon.org\\\/label\\\/\"},{\"@type\":\"ListItem\",\"position\":3,\"name\":\"d&rsquo;une Extr\u00eame \u00e0 l&rsquo;autre &#8211; live at Donaueschingen\"}]},{\"@type\":\"WebSite\",\"@id\":\"https:\\\/\\\/freddymorezon.org\\\/#website\",\"url\":\"https:\\\/\\\/freddymorezon.org\\\/\",\"name\":\"Freddy Morezon\",\"description\":\"jazz - musique improvis\u00e9e - esth\u00e9tiques plurielles\",\"publisher\":{\"@id\":\"https:\\\/\\\/freddymorezon.org\\\/#organization\"},\"potentialAction\":[{\"@type\":\"SearchAction\",\"target\":{\"@type\":\"EntryPoint\",\"urlTemplate\":\"https:\\\/\\\/freddymorezon.org\\\/?s={search_term_string}\"},\"query-input\":{\"@type\":\"PropertyValueSpecification\",\"valueRequired\":true,\"valueName\":\"search_term_string\"}}],\"inLanguage\":\"en-US\"},{\"@type\":\"Organization\",\"@id\":\"https:\\\/\\\/freddymorezon.org\\\/#organization\",\"name\":\"Association Freddy Morezon\",\"url\":\"https:\\\/\\\/freddymorezon.org\\\/\",\"logo\":{\"@type\":\"ImageObject\",\"inLanguage\":\"en-US\",\"@id\":\"https:\\\/\\\/freddymorezon.org\\\/#\\\/schema\\\/logo\\\/image\\\/\",\"url\":\"https:\\\/\\\/freddymorezon.org\\\/wp-content\\\/uploads\\\/2016\\\/02\\\/mini-logo-header-site2.jpg\",\"contentUrl\":\"https:\\\/\\\/freddymorezon.org\\\/wp-content\\\/uploads\\\/2016\\\/02\\\/mini-logo-header-site2.jpg\",\"width\":234,\"height\":174,\"caption\":\"Association Freddy Morezon\"},\"image\":{\"@id\":\"https:\\\/\\\/freddymorezon.org\\\/#\\\/schema\\\/logo\\\/image\\\/\"},\"sameAs\":[\"https:\\\/\\\/www.facebook.com\\\/freddy.morezon\\\/\",\"https:\\\/\\\/www.instagram.com\\\/freddymorezon\\\/\",\"https:\\\/\\\/www.youtube.com\\\/user\\\/freddymorezon\",\"https:\\\/\\\/fr.linkedin.com\\\/company\\\/freddy-morezon-p.r.o.d.\"]}]}<\/script>\n<!-- \/ Yoast SEO plugin. -->","yoast_head_json":{"title":"d'une Extr\u00eame \u00e0 l'autre - live at Donaueschingen | Freddy Morezon","robots":{"index":"index","follow":"follow","max-snippet":"max-snippet:-1","max-image-preview":"max-image-preview:large","max-video-preview":"max-video-preview:-1"},"canonical":"https:\/\/freddymorezon.org\/label\/dune-extreme-a-lautre-live-at-donaueschingen\/","og_locale":"en_US","og_type":"article","og_title":"d'une Extr\u00eame \u00e0 l'autre - live at Donaueschingen | Freddy Morezon","og_description":"[:fr]Novembre 2018[:en]November 2018[:]","og_url":"https:\/\/freddymorezon.org\/label\/dune-extreme-a-lautre-live-at-donaueschingen\/","og_site_name":"Freddy Morezon","article_publisher":"https:\/\/www.facebook.com\/freddy.morezon\/","article_modified_time":"2026-01-05T09:14:35+00:00","og_image":[{"width":1624,"height":1477,"url":"https:\/\/freddymorezon.org\/wp-content\/uploads\/2018\/07\/2018_iana_pochette_confliktarts_v1-visuel.jpg","type":"image\/jpeg"}],"twitter_card":"summary_large_image","schema":{"@context":"https:\/\/schema.org","@graph":[{"@type":"WebPage","@id":"https:\/\/freddymorezon.org\/label\/dune-extreme-a-lautre-live-at-donaueschingen\/","url":"https:\/\/freddymorezon.org\/label\/dune-extreme-a-lautre-live-at-donaueschingen\/","name":"d'une Extr\u00eame \u00e0 l'autre - live at Donaueschingen | Freddy Morezon","isPartOf":{"@id":"https:\/\/freddymorezon.org\/#website"},"primaryImageOfPage":{"@id":"https:\/\/freddymorezon.org\/label\/dune-extreme-a-lautre-live-at-donaueschingen\/#primaryimage"},"image":{"@id":"https:\/\/freddymorezon.org\/label\/dune-extreme-a-lautre-live-at-donaueschingen\/#primaryimage"},"thumbnailUrl":"https:\/\/freddymorezon.org\/wp-content\/uploads\/2018\/07\/2018_iana_pochette_confliktarts_v1-visuel.jpg","datePublished":"2018-07-30T17:02:03+00:00","dateModified":"2026-01-05T09:14:35+00:00","breadcrumb":{"@id":"https:\/\/freddymorezon.org\/label\/dune-extreme-a-lautre-live-at-donaueschingen\/#breadcrumb"},"inLanguage":"en-US","potentialAction":[{"@type":"ReadAction","target":["https:\/\/freddymorezon.org\/label\/dune-extreme-a-lautre-live-at-donaueschingen\/"]}]},{"@type":"ImageObject","inLanguage":"en-US","@id":"https:\/\/freddymorezon.org\/label\/dune-extreme-a-lautre-live-at-donaueschingen\/#primaryimage","url":"https:\/\/freddymorezon.org\/wp-content\/uploads\/2018\/07\/2018_iana_pochette_confliktarts_v1-visuel.jpg","contentUrl":"https:\/\/freddymorezon.org\/wp-content\/uploads\/2018\/07\/2018_iana_pochette_confliktarts_v1-visuel.jpg","width":1624,"height":1477},{"@type":"BreadcrumbList","@id":"https:\/\/freddymorezon.org\/label\/dune-extreme-a-lautre-live-at-donaueschingen\/#breadcrumb","itemListElement":[{"@type":"ListItem","position":1,"name":"Accueil","item":"https:\/\/freddymorezon.org\/"},{"@type":"ListItem","position":2,"name":"Label","item":"https:\/\/freddymorezon.org\/label\/"},{"@type":"ListItem","position":3,"name":"d&rsquo;une Extr\u00eame \u00e0 l&rsquo;autre &#8211; live at Donaueschingen"}]},{"@type":"WebSite","@id":"https:\/\/freddymorezon.org\/#website","url":"https:\/\/freddymorezon.org\/","name":"Freddy Morezon","description":"jazz - musique improvis\u00e9e - esth\u00e9tiques plurielles","publisher":{"@id":"https:\/\/freddymorezon.org\/#organization"},"potentialAction":[{"@type":"SearchAction","target":{"@type":"EntryPoint","urlTemplate":"https:\/\/freddymorezon.org\/?s={search_term_string}"},"query-input":{"@type":"PropertyValueSpecification","valueRequired":true,"valueName":"search_term_string"}}],"inLanguage":"en-US"},{"@type":"Organization","@id":"https:\/\/freddymorezon.org\/#organization","name":"Association Freddy Morezon","url":"https:\/\/freddymorezon.org\/","logo":{"@type":"ImageObject","inLanguage":"en-US","@id":"https:\/\/freddymorezon.org\/#\/schema\/logo\/image\/","url":"https:\/\/freddymorezon.org\/wp-content\/uploads\/2016\/02\/mini-logo-header-site2.jpg","contentUrl":"https:\/\/freddymorezon.org\/wp-content\/uploads\/2016\/02\/mini-logo-header-site2.jpg","width":234,"height":174,"caption":"Association Freddy Morezon"},"image":{"@id":"https:\/\/freddymorezon.org\/#\/schema\/logo\/image\/"},"sameAs":["https:\/\/www.facebook.com\/freddy.morezon\/","https:\/\/www.instagram.com\/freddymorezon\/","https:\/\/www.youtube.com\/user\/freddymorezon","https:\/\/fr.linkedin.com\/company\/freddy-morezon-p.r.o.d."]}]}},"_links":{"self":[{"href":"https:\/\/freddymorezon.org\/en\/wp-json\/wp\/v2\/pages\/5808","targetHints":{"allow":["GET"]}}],"collection":[{"href":"https:\/\/freddymorezon.org\/en\/wp-json\/wp\/v2\/pages"}],"about":[{"href":"https:\/\/freddymorezon.org\/en\/wp-json\/wp\/v2\/types\/page"}],"author":[{"embeddable":true,"href":"https:\/\/freddymorezon.org\/en\/wp-json\/wp\/v2\/users\/1"}],"replies":[{"embeddable":true,"href":"https:\/\/freddymorezon.org\/en\/wp-json\/wp\/v2\/comments?post=5808"}],"version-history":[{"count":59,"href":"https:\/\/freddymorezon.org\/en\/wp-json\/wp\/v2\/pages\/5808\/revisions"}],"predecessor-version":[{"id":24743,"href":"https:\/\/freddymorezon.org\/en\/wp-json\/wp\/v2\/pages\/5808\/revisions\/24743"}],"up":[{"embeddable":true,"href":"https:\/\/freddymorezon.org\/en\/wp-json\/wp\/v2\/pages\/140"}],"wp:featuredmedia":[{"embeddable":true,"href":"https:\/\/freddymorezon.org\/en\/wp-json\/wp\/v2\/media\/5809"}],"wp:attachment":[{"href":"https:\/\/freddymorezon.org\/en\/wp-json\/wp\/v2\/media?parent=5808"}],"wp:term":[{"taxonomy":"category","embeddable":true,"href":"https:\/\/freddymorezon.org\/en\/wp-json\/wp\/v2\/categories?post=5808"},{"taxonomy":"post_tag","embeddable":true,"href":"https:\/\/freddymorezon.org\/en\/wp-json\/wp\/v2\/tags?post=5808"}],"curies":[{"name":"wp","href":"https:\/\/api.w.org\/{rel}","templated":true}]}}