
{"id":6672,"date":"2019-02-07T16:15:18","date_gmt":"2019-02-07T15:15:18","guid":{"rendered":"https:\/\/freddymorezon.org\/?page_id=6672"},"modified":"2025-11-10T16:42:26","modified_gmt":"2025-11-10T14:42:26","slug":"ma-walki","status":"publish","type":"page","link":"https:\/\/freddymorezon.org\/en\/label\/ma-walki\/","title":{"rendered":"Ma Walki"},"content":{"rendered":"<div id=\"pl-6672\"  class=\"panel-layout\" ><div id=\"pg-6672-0\"  class=\"panel-grid panel-no-style\" ><div id=\"pgc-6672-0-0\"  class=\"panel-grid-cell\" ><div id=\"panel-6672-0-0-0\" class=\"so-panel widget widget_sow-image panel-first-child\" data-index=\"0\" ><div\n\t\t\t\n\t\t\tclass=\"so-widget-sow-image so-widget-sow-image-default-8b5b6f678277-6672\"\n\t\t\t\n\t\t>\n<div class=\"sow-image-container\">\n\t\t<img \n\tsrc=\"https:\/\/freddymorezon.org\/wp-content\/uploads\/2019\/02\/pochette_foret_ma-walki_nicolaslafourest_2019_web-400x400.jpg\" width=\"400\" height=\"400\" srcset=\"https:\/\/freddymorezon.org\/wp-content\/uploads\/2019\/02\/pochette_foret_ma-walki_nicolaslafourest_2019_web-400x400.jpg 400w, https:\/\/freddymorezon.org\/wp-content\/uploads\/2019\/02\/pochette_foret_ma-walki_nicolaslafourest_2019_web-150x150.jpg 150w, https:\/\/freddymorezon.org\/wp-content\/uploads\/2019\/02\/pochette_foret_ma-walki_nicolaslafourest_2019_web-100x100.jpg 100w, https:\/\/freddymorezon.org\/wp-content\/uploads\/2019\/02\/pochette_foret_ma-walki_nicolaslafourest_2019_web-300x300.jpg 300w\" sizes=\"(max-width: 400px) 100vw, 400px\" alt=\"\" \t\tclass=\"so-widget-image\"\/>\n\t<\/div>\n\n<\/div><\/div><div id=\"panel-6672-0-0-1\" class=\"so-panel widget widget_sow-editor\" data-index=\"1\" ><div\n\t\t\t\n\t\t\tclass=\"so-widget-sow-editor so-widget-sow-editor-base\"\n\t\t\t\n\t\t>\n<div class=\"siteorigin-widget-tinymce textwidget\">\n\t<div class=\"commande-album\">\n<div class=\"ajout-panier woocommerce add_to_cart_inline\">\n<h3>Commander<\/h3>\n<h4><i class=\"fa fa-chevron-right fa-2x\"><\/i> vinyle<\/h4>\n<p class=\"product woocommerce add_to_cart_inline \" style=\"border:4px solid #ccc; padding: 12px;\"><span class=\"woocommerce-Price-amount amount\"><bdi>15,00<span class=\"woocommerce-Price-currencySymbol\">&euro;<\/span><\/bdi><\/span><a href=\"\/label\/ma-walki\/?add-to-cart=6911\" aria-describedby=\"woocommerce_loop_add_to_cart_link_describedby_6911\" data-quantity=\"1\" class=\"button product_type_simple add_to_cart_button ajax_add_to_cart\" data-product_id=\"6911\" data-product_sku=\"\" aria-label=\"Ajouter au panier : &ldquo;Ma Walki - vinyle&rdquo;\" rel=\"nofollow\" data-success_message=\"\u00ab Ma Walki - vinyle \u00bb a \u00e9t\u00e9 ajout\u00e9 \u00e0 votre panier\">Ajouter au panier<\/a>\t<span id=\"woocommerce_loop_add_to_cart_link_describedby_6911\" class=\"screen-reader-text\"><br \/>\n\t\t\t<\/span>\n<\/p>\n<\/div>\n<\/div>\n<\/div>\n<\/div><\/div><div id=\"panel-6672-0-0-2\" class=\"so-panel widget widget_sow-editor\" data-index=\"2\" ><div\n\t\t\t\n\t\t\tclass=\"so-widget-sow-editor so-widget-sow-editor-base\"\n\t\t\t\n\t\t>\n<div class=\"siteorigin-widget-tinymce textwidget\">\n\t<p><iframe style=\"border: 0; width: 100%; height: 472px;\" src=\"https:\/\/bandcamp.com\/EmbeddedPlayer\/album=2983614278\/size=large\/bgcol=ffffff\/linkcol=0687f5\/artwork=none\/transparent=true\/\" seamless><a href=\"https:\/\/mrmorezon.bandcamp.com\/album\/ma-walki\">Ma Walki by For\u00eat<\/a><\/iframe><\/p>\n<\/div>\n<\/div><\/div><div id=\"panel-6672-0-0-3\" class=\"so-panel widget widget_sow-editor\" data-index=\"3\" ><div\n\t\t\t\n\t\t\tclass=\"so-widget-sow-editor so-widget-sow-editor-base\"\n\t\t\t\n\t\t><h3 class=\"widget-title\">DISTRIBUTION - CR\u00c9DITS<\/h3>\n<div class=\"siteorigin-widget-tinymce textwidget\">\n\t<p>Nicolas Lafourest - guitare \u00e9lectrique<br \/>\nMusique et composition : Nicolas Lafourest<\/p>\n<p>Enregistr\u00e9, mix\u00e9 et masteris\u00e9 en juillet 2018 \u00e0 Swampland Studio par Lo\u2019Spider<br \/>\nProduction : Freddy Morezon<br \/>\nIllustration et graphisme : Eela Laitinen<\/p>\n<\/div>\n<\/div><\/div><div id=\"panel-6672-0-0-4\" class=\"so-panel widget widget_sow-editor panel-last-child\" data-index=\"4\" ><div\n\t\t\t\n\t\t\tclass=\"so-widget-sow-editor so-widget-sow-editor-base\"\n\t\t\t\n\t\t>\n<div class=\"siteorigin-widget-tinymce textwidget\">\n\t<h3>Links<\/h3>\n<ul>\n<li><i class=\"fa fa-chevron-right fa-2x\"><\/i> <a href=\"https:\/\/freddymorezon.org\/projets\/foret\/\">For\u00eat<\/a><\/li>\n<li><i class=\"fa fa-chevron-right fa-2x\"><\/i> <a href=\"https:\/\/freddymorezon.org\/artistes\/nicolas-lafourest\/\">Nicolas Lafourest<\/a><\/li>\n<\/ul>\n<\/div>\n<\/div><\/div><\/div><div id=\"pgc-6672-0-1\"  class=\"panel-grid-cell\" ><div id=\"panel-6672-0-1-0\" class=\"so-panel widget widget_sow-headline panel-first-child\" data-index=\"5\" ><div\n\t\t\t\n\t\t\tclass=\"so-widget-sow-headline so-widget-sow-headline-default-c8fa18c4903e-6672\"\n\t\t\t\n\t\t><div class=\"sow-headline-container \">\n\t\t\t\t\t\t\t<h2 class=\"sow-headline\">\n\t\t\t\t\t\tMA WALKI\t\t\t\t\t\t<\/h2>\n\t\t\t\t\t\t\t\t\t\t\t<div class=\"decoration\">\n\t\t\t\t\t\t<div class=\"decoration-inside\"><\/div>\n\t\t\t\t\t<\/div>\n\t\t\t\t\t\t\t\t\t\t\t<h3 class=\"sow-sub-headline\">\n\t\t\t\t\t\t<h3>For\u00eat - Nicolas Lafourest<\/h3> Mr Morezon 020 \u23ae 16 avril 2019\t\t\t\t\t\t<\/h3>\n\t\t\t\t\t\t<\/div>\n<\/div><\/div><div id=\"panel-6672-0-1-1\" class=\"so-panel widget widget_sow-editor\" data-index=\"6\" ><div\n\t\t\t\n\t\t\tclass=\"so-widget-sow-editor so-widget-sow-editor-base\"\n\t\t\t\n\t\t>\n<div class=\"siteorigin-widget-tinymce textwidget\">\n\t<p><iframe loading=\"lazy\" title=\"FOR\u00caT - Nicolas Lafourest - Untitled#5\" width=\"790\" height=\"444\" src=\"https:\/\/www.youtube.com\/embed\/ETwHPr_BJNU?feature=oembed\" frameborder=\"0\" allow=\"accelerometer; autoplay; clipboard-write; encrypted-media; gyroscope; picture-in-picture; web-share\" referrerpolicy=\"strict-origin-when-cross-origin\" allowfullscreen><\/iframe><\/p>\n<\/div>\n<\/div><\/div><div id=\"panel-6672-0-1-2\" class=\"so-panel widget widget_sow-editor\" data-index=\"7\" ><div\n\t\t\t\n\t\t\tclass=\"so-widget-sow-editor so-widget-sow-editor-base\"\n\t\t\t\n\t\t>\n<div class=\"siteorigin-widget-tinymce textwidget\">\n\t<h3>Revue de presse<\/h3>\n<div class=\"pt-cv-wrapper\">\n<div class=\"pt-cv-view pt-cv-scrollable pt-cv-colsys pt-cv-left pt-cv-sharp-buttons\" id=\"pt-cv-view-43df423gaw\">\n<div data-id=\"pt-cv-page-1\" class=\"pt-cv-page\" data-cvc=\"1\">\n<div id=\"0ccb643bji\" class=\"pt-cv-carousel pt-cv-slide\" data-ride=\"cvcarousel\" data-interval=false>\n<div class=\"carousel-inner\">\n<div class=\"item active\">\n<div class=\"row\">\n<div class=\"col-md-12 col-sm-12 col-xs-12 pt-cv-content-item pt-cv-1-col\"  data-pid=\"7548\">\n<div class=\"pt-cv-carousel-caption pt-cv-cap-wo-img\"><span class=\"dashicons dashicons-format-quote pt-cv-pficon\"><\/span><\/p>\n<div class=\"pt-cv-content\">\n<blockquote>\n<h4>Perte &#038; Fracas<\/h4>\n<p>C\u2019est tour \u00e0 tour obscur et lumineux, myst\u00e9rieux et limpide, \u00e2pre et d\u2019une grande \u00e9l\u00e9gance, sauvage et retenu.<br \/>\nLes m\u00e9lodies sont faites du bois qui brillent, se proposant \u00e0 vous toujours naturellement, sans enluminure, la dext\u00e9rit\u00e9 s\u2019effa\u00e7ant devant la simplicit\u00e9. Des m\u00e9lodies fort prenantes et charismatiques. Elles peuvent s\u2019\u00e9nerver ou caresser, se briser subitement ou gratter jusqu\u2019\u00e0 l\u2019os. Elles construisent une suite de morceaux s\u2019encha\u00eenant comme autant de coups d\u2019\u00e9clat&#8230; [&#8230;]<\/p>\n<\/blockquote>\n<p style=\"text-align: right;\">SKX, Perte &#038; Fracas, sept 2019<\/p>\n<p style=\"text-align: right;\"><a href=\"http:\/\/www.perteetfracas.org\/zine\/kros2019\/kros_f\/foret_ma_walki.htm\" target=\"_blank\" rel=\"noopener noreferrer\"><i class=\"fa fa-chevron-right fa-2x\"><\/i> consulter la chronique<\/a><\/p>\n<\/div>\n<\/div>\n<\/div>\n<\/div>\n<\/div>\n<div class=\"item\">\n<div class=\"row\">\n<div class=\"col-md-12 col-sm-12 col-xs-12 pt-cv-content-item pt-cv-1-col\"  data-pid=\"6955\">\n<div class=\"pt-cv-carousel-caption pt-cv-cap-wo-img\"><span class=\"dashicons dashicons-format-quote pt-cv-pficon\"><\/span><\/p>\n<div class=\"pt-cv-content\">\n<blockquote>\n<h4>Des Cendres \u00e0 la Cave<\/h4>\n<p>[&#8230;] On retrouve sur Ma Walki la m\u00eame beaut\u00e9 simple, fondamentale, qui fait dresser les poils partout sur l\u2019\u00e9piderme. Le m\u00eame go\u00fbt pour le cru et le rev\u00eache \u00e9galement. Aucune fioriture pour venir arrondir les angles ou pour faire \u00e9cran. Ici, on va droit \u00e0 l\u2019essentiel et ce qui sort de la t\u00eate se retrouve imm\u00e9diatement au bout des doigts. Du coup, on a souvent l\u2019impression que la musique \u2013 comme lorsqu\u2019on \u00e9coute Cannibales &#038; Vahin\u00e9s ou The And \u2013 tape toujours dans le mille, correspondant pile \u00e0 ce que l\u2019on ressent au moment o\u00f9 elle croise notre empan. C\u2019est donc une alchimie tr\u00e8s particuli\u00e8re qui nous lie \u00e0 elle. Son \u00e9l\u00e9gante m\u00e9lancolie, son blues tr\u00e8s personnel, son intensit\u00e9 brute, sa s\u00e9cheresse qui fait na\u00eetre beaucoup d\u2019images derri\u00e8re les yeux expliquent des morceaux qui nous accompagnerons longtemps.<\/p>\n<p>[&#8230;]<\/p>\n<\/blockquote>\n<blockquote>\n<p>Grand.<\/p>\n<\/blockquote>\n<p style=\"text-align: right;\">Des Cendres \u00e0 la Cave, avril 2019<\/p>\n<p style=\"text-align: right;\"><a href=\"https:\/\/www.dcalc.fr\/foret-ma-walki\/\" target=\"_blank\" rel=\"noopener noreferrer\"><i class=\"fa fa-chevron-right fa-2x\"><\/i> consulter la chronique sur DCALC<\/a><\/p>\n<\/div>\n<\/div>\n<\/div>\n<\/div>\n<\/div>\n<\/div>\n<p><a class=\"left carousel-control\" data-target=\"#0ccb643bji\" data-cvslide=\"prev\"><br \/>\n\t\t\t\t\t\t<span class=\"glyphicon glyphicon-chevron-left\"><\/span><br \/>\n\t\t\t\t\t<\/a><br \/>\n\t\t\t\t\t<a class=\"right carousel-control\" data-target=\"#0ccb643bji\" data-cvslide=\"next\"><br \/>\n\t\t\t\t\t\t<span class=\"glyphicon glyphicon-chevron-right\"><\/span><br \/>\n\t\t\t\t\t<\/a><\/div>\n<\/div>\n<\/div>\n<\/div>\n<style type=\"text\/css\" id=\"pt-cv-inline-style-94210861ae\">#pt-cv-view-43df423gaw.pt-cv-post-border .pt-cv-content-item   { border-top-style: solid; border-left-style: solid; }\n#pt-cv-view-43df423gaw .pt-cv-title a, #pt-cv-view-43df423gaw  .panel-title { font-weight: 600 !important; }\n#pt-cv-view-43df423gaw .pt-cv-specialp * { font-size: 13px !important; line-height: 1.3 !important; color: #fff !important; background-color: #CC3333 !important; }\n#pt-cv-view-43df423gaw .pt-cv-pficon  { color: #bbb !important; }\n#pt-cv-view-43df423gaw  .add_to_cart_button, #pt-cv-view-43df423gaw  .add_to_cart_button *   { color: #ffffff !important; background-color: #00aeef !important; }\n#pt-cv-view-43df423gaw  .woocommerce-onsale   { color: #ffffff !important; background-color: #ff5a5f !important; }\n#pt-cv-view-43df423gaw .pt-cv-readmore  { color: #ffffff !important; background-color: #00aeef !important; }\n#pt-cv-view-43df423gaw .pt-cv-readmore:hover  { color: #ffffff !important; background-color: #00aeef !important; }\n#pt-cv-view-43df423gaw  + .pt-cv-pagination-wrapper .pt-cv-more , #pt-cv-view-43df423gaw  + .pt-cv-pagination-wrapper .pagination .active a { color: #ffffff !important; background-color: #00aeef !important; }\n#pt-cv-view-43df423gaw .pt-cv-gls-header  { background-color: #00aeef !important; }\n#pt-cv-view-43df423gaw .pt-cv-tao  { font-size: 20px !important; line-height: 1.3 !important; color: #ffffff !important; background-color: #00aeef !important; }\n#pt-cv-view-43df423gaw { text-align: left; }<\/style>\n<\/div>\n<\/div><\/div><div id=\"panel-6672-0-1-3\" class=\"so-panel widget widget_eo_event_list_widget EO_Event_List_Widget panel-last-child\" data-index=\"8\" >\n\n<\/div><\/div><\/div><\/div>","protected":false},"excerpt":{"rendered":"<p>April 2019<\/p>\n","protected":false},"author":1,"featured_media":6673,"parent":140,"menu_order":0,"comment_status":"closed","ping_status":"closed","template":"page-templates\/full-width.php","meta":{"om_disable_all_campaigns":false,"_monsterinsights_skip_tracking":false,"_monsterinsights_sitenote_active":false,"_monsterinsights_sitenote_note":"","_monsterinsights_sitenote_category":0,"_uf_show_specific_survey":0,"_uf_disable_surveys":false,"footnotes":""},"categories":[1174],"tags":[],"class_list":["post-6672","page","type-page","status-publish","has-post-thumbnail","hentry","category-page-label"],"aioseo_notices":[],"yoast_head":"<!-- This site is optimized with the Yoast SEO plugin v27.3 - https:\/\/yoast.com\/product\/yoast-seo-wordpress\/ -->\n<title>Ma Walki | Freddy Morezon<\/title>\n<meta name=\"robots\" content=\"index, follow, max-snippet:-1, max-image-preview:large, max-video-preview:-1\" \/>\n<link rel=\"canonical\" href=\"https:\/\/freddymorezon.org\/label\/ma-walki\/\" \/>\n<meta property=\"og:locale\" content=\"en_US\" \/>\n<meta property=\"og:type\" content=\"article\" \/>\n<meta property=\"og:title\" content=\"Ma Walki | Freddy Morezon\" \/>\n<meta property=\"og:description\" content=\"[:fr]Avril 2019[:en]April 2019[:]\" \/>\n<meta property=\"og:url\" content=\"https:\/\/freddymorezon.org\/label\/ma-walki\/\" \/>\n<meta property=\"og:site_name\" content=\"Freddy Morezon\" \/>\n<meta property=\"article:publisher\" content=\"https:\/\/www.facebook.com\/freddy.morezon\/\" \/>\n<meta property=\"article:modified_time\" content=\"2025-11-10T14:42:26+00:00\" \/>\n<meta property=\"og:image\" content=\"https:\/\/freddymorezon.org\/wp-content\/uploads\/2019\/02\/pochette_foret_ma-walki_nicolaslafourest_2019_web.jpg\" \/>\n\t<meta property=\"og:image:width\" content=\"1000\" \/>\n\t<meta property=\"og:image:height\" content=\"991\" \/>\n\t<meta property=\"og:image:type\" content=\"image\/jpeg\" \/>\n<meta name=\"twitter:card\" content=\"summary_large_image\" \/>\n<script type=\"application\/ld+json\" class=\"yoast-schema-graph\">{\"@context\":\"https:\\\/\\\/schema.org\",\"@graph\":[{\"@type\":\"WebPage\",\"@id\":\"https:\\\/\\\/freddymorezon.org\\\/label\\\/ma-walki\\\/\",\"url\":\"https:\\\/\\\/freddymorezon.org\\\/label\\\/ma-walki\\\/\",\"name\":\"Ma Walki | Freddy Morezon\",\"isPartOf\":{\"@id\":\"https:\\\/\\\/freddymorezon.org\\\/#website\"},\"primaryImageOfPage\":{\"@id\":\"https:\\\/\\\/freddymorezon.org\\\/label\\\/ma-walki\\\/#primaryimage\"},\"image\":{\"@id\":\"https:\\\/\\\/freddymorezon.org\\\/label\\\/ma-walki\\\/#primaryimage\"},\"thumbnailUrl\":\"https:\\\/\\\/freddymorezon.org\\\/wp-content\\\/uploads\\\/2019\\\/02\\\/pochette_foret_ma-walki_nicolaslafourest_2019_web.jpg\",\"datePublished\":\"2019-02-07T15:15:18+00:00\",\"dateModified\":\"2025-11-10T14:42:26+00:00\",\"breadcrumb\":{\"@id\":\"https:\\\/\\\/freddymorezon.org\\\/label\\\/ma-walki\\\/#breadcrumb\"},\"inLanguage\":\"en-US\",\"potentialAction\":[{\"@type\":\"ReadAction\",\"target\":[\"https:\\\/\\\/freddymorezon.org\\\/label\\\/ma-walki\\\/\"]}]},{\"@type\":\"ImageObject\",\"inLanguage\":\"en-US\",\"@id\":\"https:\\\/\\\/freddymorezon.org\\\/label\\\/ma-walki\\\/#primaryimage\",\"url\":\"https:\\\/\\\/freddymorezon.org\\\/wp-content\\\/uploads\\\/2019\\\/02\\\/pochette_foret_ma-walki_nicolaslafourest_2019_web.jpg\",\"contentUrl\":\"https:\\\/\\\/freddymorezon.org\\\/wp-content\\\/uploads\\\/2019\\\/02\\\/pochette_foret_ma-walki_nicolaslafourest_2019_web.jpg\",\"width\":1000,\"height\":991},{\"@type\":\"BreadcrumbList\",\"@id\":\"https:\\\/\\\/freddymorezon.org\\\/label\\\/ma-walki\\\/#breadcrumb\",\"itemListElement\":[{\"@type\":\"ListItem\",\"position\":1,\"name\":\"Accueil\",\"item\":\"https:\\\/\\\/freddymorezon.org\\\/\"},{\"@type\":\"ListItem\",\"position\":2,\"name\":\"Label\",\"item\":\"https:\\\/\\\/freddymorezon.org\\\/label\\\/\"},{\"@type\":\"ListItem\",\"position\":3,\"name\":\"Ma Walki\"}]},{\"@type\":\"WebSite\",\"@id\":\"https:\\\/\\\/freddymorezon.org\\\/#website\",\"url\":\"https:\\\/\\\/freddymorezon.org\\\/\",\"name\":\"Freddy Morezon\",\"description\":\"jazz - musique improvis\u00e9e - esth\u00e9tiques plurielles\",\"publisher\":{\"@id\":\"https:\\\/\\\/freddymorezon.org\\\/#organization\"},\"potentialAction\":[{\"@type\":\"SearchAction\",\"target\":{\"@type\":\"EntryPoint\",\"urlTemplate\":\"https:\\\/\\\/freddymorezon.org\\\/?s={search_term_string}\"},\"query-input\":{\"@type\":\"PropertyValueSpecification\",\"valueRequired\":true,\"valueName\":\"search_term_string\"}}],\"inLanguage\":\"en-US\"},{\"@type\":\"Organization\",\"@id\":\"https:\\\/\\\/freddymorezon.org\\\/#organization\",\"name\":\"Association Freddy Morezon\",\"url\":\"https:\\\/\\\/freddymorezon.org\\\/\",\"logo\":{\"@type\":\"ImageObject\",\"inLanguage\":\"en-US\",\"@id\":\"https:\\\/\\\/freddymorezon.org\\\/#\\\/schema\\\/logo\\\/image\\\/\",\"url\":\"https:\\\/\\\/freddymorezon.org\\\/wp-content\\\/uploads\\\/2016\\\/02\\\/mini-logo-header-site2.jpg\",\"contentUrl\":\"https:\\\/\\\/freddymorezon.org\\\/wp-content\\\/uploads\\\/2016\\\/02\\\/mini-logo-header-site2.jpg\",\"width\":234,\"height\":174,\"caption\":\"Association Freddy Morezon\"},\"image\":{\"@id\":\"https:\\\/\\\/freddymorezon.org\\\/#\\\/schema\\\/logo\\\/image\\\/\"},\"sameAs\":[\"https:\\\/\\\/www.facebook.com\\\/freddy.morezon\\\/\",\"https:\\\/\\\/www.instagram.com\\\/freddymorezon\\\/\",\"https:\\\/\\\/www.youtube.com\\\/user\\\/freddymorezon\",\"https:\\\/\\\/fr.linkedin.com\\\/company\\\/freddy-morezon-p.r.o.d.\"]}]}<\/script>\n<!-- \/ Yoast SEO plugin. -->","yoast_head_json":{"title":"Ma Walki | Freddy Morezon","robots":{"index":"index","follow":"follow","max-snippet":"max-snippet:-1","max-image-preview":"max-image-preview:large","max-video-preview":"max-video-preview:-1"},"canonical":"https:\/\/freddymorezon.org\/label\/ma-walki\/","og_locale":"en_US","og_type":"article","og_title":"Ma Walki | Freddy Morezon","og_description":"[:fr]Avril 2019[:en]April 2019[:]","og_url":"https:\/\/freddymorezon.org\/label\/ma-walki\/","og_site_name":"Freddy Morezon","article_publisher":"https:\/\/www.facebook.com\/freddy.morezon\/","article_modified_time":"2025-11-10T14:42:26+00:00","og_image":[{"width":1000,"height":991,"url":"https:\/\/freddymorezon.org\/wp-content\/uploads\/2019\/02\/pochette_foret_ma-walki_nicolaslafourest_2019_web.jpg","type":"image\/jpeg"}],"twitter_card":"summary_large_image","schema":{"@context":"https:\/\/schema.org","@graph":[{"@type":"WebPage","@id":"https:\/\/freddymorezon.org\/label\/ma-walki\/","url":"https:\/\/freddymorezon.org\/label\/ma-walki\/","name":"Ma Walki | Freddy Morezon","isPartOf":{"@id":"https:\/\/freddymorezon.org\/#website"},"primaryImageOfPage":{"@id":"https:\/\/freddymorezon.org\/label\/ma-walki\/#primaryimage"},"image":{"@id":"https:\/\/freddymorezon.org\/label\/ma-walki\/#primaryimage"},"thumbnailUrl":"https:\/\/freddymorezon.org\/wp-content\/uploads\/2019\/02\/pochette_foret_ma-walki_nicolaslafourest_2019_web.jpg","datePublished":"2019-02-07T15:15:18+00:00","dateModified":"2025-11-10T14:42:26+00:00","breadcrumb":{"@id":"https:\/\/freddymorezon.org\/label\/ma-walki\/#breadcrumb"},"inLanguage":"en-US","potentialAction":[{"@type":"ReadAction","target":["https:\/\/freddymorezon.org\/label\/ma-walki\/"]}]},{"@type":"ImageObject","inLanguage":"en-US","@id":"https:\/\/freddymorezon.org\/label\/ma-walki\/#primaryimage","url":"https:\/\/freddymorezon.org\/wp-content\/uploads\/2019\/02\/pochette_foret_ma-walki_nicolaslafourest_2019_web.jpg","contentUrl":"https:\/\/freddymorezon.org\/wp-content\/uploads\/2019\/02\/pochette_foret_ma-walki_nicolaslafourest_2019_web.jpg","width":1000,"height":991},{"@type":"BreadcrumbList","@id":"https:\/\/freddymorezon.org\/label\/ma-walki\/#breadcrumb","itemListElement":[{"@type":"ListItem","position":1,"name":"Accueil","item":"https:\/\/freddymorezon.org\/"},{"@type":"ListItem","position":2,"name":"Label","item":"https:\/\/freddymorezon.org\/label\/"},{"@type":"ListItem","position":3,"name":"Ma Walki"}]},{"@type":"WebSite","@id":"https:\/\/freddymorezon.org\/#website","url":"https:\/\/freddymorezon.org\/","name":"Freddy Morezon","description":"jazz - musique improvis\u00e9e - esth\u00e9tiques plurielles","publisher":{"@id":"https:\/\/freddymorezon.org\/#organization"},"potentialAction":[{"@type":"SearchAction","target":{"@type":"EntryPoint","urlTemplate":"https:\/\/freddymorezon.org\/?s={search_term_string}"},"query-input":{"@type":"PropertyValueSpecification","valueRequired":true,"valueName":"search_term_string"}}],"inLanguage":"en-US"},{"@type":"Organization","@id":"https:\/\/freddymorezon.org\/#organization","name":"Association Freddy Morezon","url":"https:\/\/freddymorezon.org\/","logo":{"@type":"ImageObject","inLanguage":"en-US","@id":"https:\/\/freddymorezon.org\/#\/schema\/logo\/image\/","url":"https:\/\/freddymorezon.org\/wp-content\/uploads\/2016\/02\/mini-logo-header-site2.jpg","contentUrl":"https:\/\/freddymorezon.org\/wp-content\/uploads\/2016\/02\/mini-logo-header-site2.jpg","width":234,"height":174,"caption":"Association Freddy Morezon"},"image":{"@id":"https:\/\/freddymorezon.org\/#\/schema\/logo\/image\/"},"sameAs":["https:\/\/www.facebook.com\/freddy.morezon\/","https:\/\/www.instagram.com\/freddymorezon\/","https:\/\/www.youtube.com\/user\/freddymorezon","https:\/\/fr.linkedin.com\/company\/freddy-morezon-p.r.o.d."]}]}},"_links":{"self":[{"href":"https:\/\/freddymorezon.org\/en\/wp-json\/wp\/v2\/pages\/6672","targetHints":{"allow":["GET"]}}],"collection":[{"href":"https:\/\/freddymorezon.org\/en\/wp-json\/wp\/v2\/pages"}],"about":[{"href":"https:\/\/freddymorezon.org\/en\/wp-json\/wp\/v2\/types\/page"}],"author":[{"embeddable":true,"href":"https:\/\/freddymorezon.org\/en\/wp-json\/wp\/v2\/users\/1"}],"replies":[{"embeddable":true,"href":"https:\/\/freddymorezon.org\/en\/wp-json\/wp\/v2\/comments?post=6672"}],"version-history":[{"count":62,"href":"https:\/\/freddymorezon.org\/en\/wp-json\/wp\/v2\/pages\/6672\/revisions"}],"predecessor-version":[{"id":24266,"href":"https:\/\/freddymorezon.org\/en\/wp-json\/wp\/v2\/pages\/6672\/revisions\/24266"}],"up":[{"embeddable":true,"href":"https:\/\/freddymorezon.org\/en\/wp-json\/wp\/v2\/pages\/140"}],"wp:featuredmedia":[{"embeddable":true,"href":"https:\/\/freddymorezon.org\/en\/wp-json\/wp\/v2\/media\/6673"}],"wp:attachment":[{"href":"https:\/\/freddymorezon.org\/en\/wp-json\/wp\/v2\/media?parent=6672"}],"wp:term":[{"taxonomy":"category","embeddable":true,"href":"https:\/\/freddymorezon.org\/en\/wp-json\/wp\/v2\/categories?post=6672"},{"taxonomy":"post_tag","embeddable":true,"href":"https:\/\/freddymorezon.org\/en\/wp-json\/wp\/v2\/tags?post=6672"}],"curies":[{"name":"wp","href":"https:\/\/api.w.org\/{rel}","templated":true}]}}