
{"id":9082,"date":"2020-04-23T13:52:46","date_gmt":"2020-04-23T12:52:46","guid":{"rendered":"https:\/\/freddymorezon.org\/?page_id=9082"},"modified":"2026-04-08T10:06:00","modified_gmt":"2026-04-08T08:06:00","slug":"future-folk-stories","status":"publish","type":"page","link":"https:\/\/freddymorezon.org\/en\/catalogue\/future-folk-stories\/","title":{"rendered":"Future Folk Stories"},"content":{"rendered":"<div id=\"pl-9082\"  class=\"panel-layout\" ><div id=\"pg-9082-0\"  class=\"panel-grid panel-no-style\" ><div id=\"pgc-9082-0-0\"  class=\"panel-grid-cell\" ><div id=\"panel-9082-0-0-0\" class=\"so-panel widget widget_eo_event_list_widget EO_Event_List_Widget panel-first-child\" data-index=\"0\" >\n\n\t<h3 class=\"widget-title evenements\">Tour<\/h3>\n\t<ul  class=\"eo-events eo-events-widget\" > \n\n\t\t\n\t\t\t\t\t\t\n\t\t\t<li class=\"eo-event-venue-fetes-des-violons-populaires eo-event-cat-agenda eo-event-cat-ffs-episode-cevenol-future-folk-stories eo-event-cat-future-folk-stories eo-event-cat-future-folk-stories-2-1 eo-event-cat-mathieu-werchowski eo-event-cat-robin-fincker eo-event-future eo-all-day\" >\n\t\t\t\n\t\t\n\t\t\t\n\t\t\n\t\t\t\t<div class=\"date\"> \n\t\t\t\t <div class=\"jour\">07<\/div> <div class=\"mois\">Jun<\/div><\/div>\t\t\t\n\t\t\t\t\t\n\t\t\t\t\t\t\t\t\t\t\n\t\t\t\t\t\n\t\t\t\t <div class=\"contenu-date\">\n\t\t\t\t\n\t\t\t\t<h4 class=\"titre\">Future Folk Stories Episode c\u00e9venol \/\/ &#8221; 2 + une &#8221; avec Lucile Marsac - <\/h4> \n\t\t\t\t<div class=\"detail\">\n\t\t\t\t<span class=\"lieu\">F\u00eates des violons populaires, Sauve<\/span><!-- \/.lieu --><div class=\"jour\">07<\/div> <div class=\"mois\">Jun<\/div><\/div>\t\t\t\t\n\t\t\t\t\n\t\t\t\t\n\t\t\t\t<span class=\"extrait\"> - <p><a href=\"https:\/\/freddymorezon.org\/catalogue\/future-folk-stories\/future-folk-stories-episode-cevenol\/\" title=\"+ d'infos\" alt=\"+ d'infos\"><i class=\"fa fa-plus-square\"><\/i><\/a><a href=\"https:\/\/freddymorezon.org\/future-folk-stories-2-1\/\" target=\"_blank\" title=\"+ d'infos\" alt=\"+ d'infos\"><i class=\"fa fa-plus-square\"><\/i><\/a><\/p>\n<\/span><!-- \/.extrait -->\t\t\t\t\n\t\t\t\t\t\t\t\t&nbsp;<span class=\"meta\"><ul class='post-meta'>\n<li><span class='post-meta-key'>om_disable_all_campaigns:<\/span> <\/li>\n<\/ul>\n<\/span><!-- \/.meta -->\n\t\t\t\t<\/div> <!-- \/.detail -->\n\t\t\t\t\n\t\t\t\t\n\t\t\t\t\n\t\t\t\t\n\t\t\t\t\n\t\t\t\t\n\t\t\t\t\n\t\t\t\t\n\t\t\t\t\n\t\t\t\t\n\t\t<!--\t<div class=\"meta-projet-associe-a-l-actu\"><\/div> -->\n\t\t\t\t  \n\t\t\t\t  <div class=\"mois-titre\">\t\t\t\t<!-- \/.mois-titre -->\n\t\t\t\t\n\t\t\t\t   \n\t\t\t\t <\/div><!-- \/.contenu-date -->\n\t\t\t<\/li>\n\n\t\t\n\t\t\t\t\t\t\n\t\t\t<li class=\"eo-event-venue-eglise-de-soudorgues eo-event-cat-agenda eo-event-cat-ffs-episode-cevenol-future-folk-stories eo-event-cat-future-folk-stories eo-event-cat-future-folk-stories-2-1 eo-event-cat-mathieu-werchowski eo-event-cat-robin-fincker eo-event-future eo-all-day\" >\n\t\t\t\n\t\t\n\t\t\t\n\t\t\n\t\t\t\t<div class=\"date\"> \n\t\t\t\t <div class=\"jour\">13<\/div> <div class=\"mois\">Jun<\/div><\/div>\t\t\t\n\t\t\t\t\t\n\t\t\t\t\t\t\t\t\t\t\n\t\t\t\t\t\n\t\t\t\t <div class=\"contenu-date\">\n\t\t\t\t\n\t\t\t\t<h4 class=\"titre\">Future Folk Stories Episode c\u00e9venol \/\/  &#8221; 2 + une &#8220; - <\/h4> \n\t\t\t\t<div class=\"detail\">\n\t\t\t\t<span class=\"lieu\">Eglise de Soudorgues, Soudorgues<\/span><!-- \/.lieu --><div class=\"jour\">13<\/div> <div class=\"mois\">Jun<\/div><\/div>\t\t\t\t\n\t\t\t\t\n\t\t\t\t\n\t\t\t\t<span class=\"extrait\"> - <p><a href=\"https:\/\/freddymorezon.org\/catalogue\/future-folk-stories\/future-folk-stories-episode-cevenol\/\" title=\"+ d'infos\" alt=\"+ d'infos\"><i class=\"fa fa-plus-square\"><\/i><\/a><a href=\"https:\/\/freddymorezon.org\/future-folk-stories-2-1\/\" target=\"_blank\" title=\"+ d'infos\" alt=\"+ d'infos\"><i class=\"fa fa-plus-square\"><\/i><\/a><\/p>\n<\/span><!-- \/.extrait -->\t\t\t\t\n\t\t\t\t\t\t\t\t&nbsp;<span class=\"meta\"><ul class='post-meta'>\n<li><span class='post-meta-key'>om_disable_all_campaigns:<\/span> <\/li>\n<\/ul>\n<\/span><!-- \/.meta -->\n\t\t\t\t<\/div> <!-- \/.detail -->\n\t\t\t\t\n\t\t\t\t\n\t\t\t\t\n\t\t\t\t\n\t\t\t\t\n\t\t\t\t\n\t\t\t\t\n\t\t\t\t\n\t\t\t\t\n\t\t\t\t\n\t\t<!--\t<div class=\"meta-projet-associe-a-l-actu\"><\/div> -->\n\t\t\t\t  \n\t\t\t\t  <div class=\"mois-titre\">\t\t\t\t<!-- \/.mois-titre -->\n\t\t\t\t\n\t\t\t\t   \n\t\t\t\t <\/div><!-- \/.contenu-date -->\n\t\t\t<\/li>\n\n\t\t\n\t<\/ul>\n\n\n<\/div><div id=\"panel-9082-0-0-1\" class=\"so-panel widget widget_sow-button\" data-index=\"1\" ><div\n\t\t\t\n\t\t\tclass=\"so-widget-sow-button so-widget-sow-button-flat-5192bebda948-25147\"\n\t\t\t\n\t\t><div class=\"ow-button-base ow-button-align-center\"\n>\n\t\t\t<a\n\t\t\t\t\thref=\"https:\/\/freddymorezon.org\/catalogue\/future-folk-stories\/agenda-future-folk-stories\/\"\n\t\t\t\t\tclass=\"sowb-button ow-icon-placement-left ow-button-hover\" \t>\n\t\t<span>\n\t\t\t\n\t\t\tView all tour dates\t\t<\/span>\n\t\t\t<\/a>\n\t<\/div>\n<\/div><\/div><div id=\"panel-9082-0-0-2\" class=\"so-panel widget widget_sow-headline\" data-index=\"2\" ><div\n\t\t\t\n\t\t\tclass=\"so-widget-sow-headline so-widget-sow-headline-default-28ce8d53df77-25147\"\n\t\t\t\n\t\t><div class=\"sow-headline-container \">\n\t\t\t\t\t\t<div class=\"decoration\">\n\t\t\t\t\t\t<div class=\"decoration-inside\"><\/div>\n\t\t\t\t\t<\/div>\n\t\t\t\t\t<\/div>\n<\/div><\/div><div id=\"panel-9082-0-0-3\" class=\"so-panel widget widget_sow-editor panel-last-child\" data-index=\"3\" ><div\n\t\t\t\n\t\t\tclass=\"so-widget-sow-editor so-widget-sow-editor-base\"\n\t\t\t\n\t\t>\n<div class=\"siteorigin-widget-tinymce textwidget\">\n\t<h3>Contact<\/h3>\n<p>Claire Dabos \/\/ <a href=\"mailto:claire@freddymorezon.org\">claire@freddymorezon.org<\/a><\/p>\n<\/div>\n<\/div><\/div><\/div><div id=\"pgc-9082-0-1\"  class=\"panel-grid-cell\" ><div id=\"panel-9082-0-1-0\" class=\"so-panel widget widget_sow-editor panel-first-child\" data-index=\"4\" ><div\n\t\t\t\n\t\t\tclass=\"so-widget-sow-editor so-widget-sow-editor-base\"\n\t\t\t\n\t\t>\n<div class=\"siteorigin-widget-tinymce textwidget\">\n\t<h1>Future folk stories<\/h1>\n<\/div>\n<\/div><\/div><div id=\"panel-9082-0-1-1\" class=\"so-panel widget widget_sow-image\" data-index=\"5\" ><div\n\t\t\t\n\t\t\tclass=\"so-widget-sow-image so-widget-sow-image-default-8b5b6f678277-25147\"\n\t\t\t\n\t\t>\n<div class=\"sow-image-container\">\n\t\t<img \n\tsrc=\"https:\/\/freddymorezon.org\/wp-content\/uploads\/2020\/04\/visuel_MathieuWerchowski_web-900x560.jpg\" width=\"900\" height=\"560\" srcset=\"https:\/\/freddymorezon.org\/wp-content\/uploads\/2020\/04\/visuel_MathieuWerchowski_web-900x560.jpg 900w, https:\/\/freddymorezon.org\/wp-content\/uploads\/2020\/04\/visuel_MathieuWerchowski_web-160x100.jpg 160w\" sizes=\"(max-width: 900px) 100vw, 900px\" title=\"Bedmakers &#8211; Future folk stories\" alt=\"\" \t\tclass=\"so-widget-image\"\/>\n\t<\/div>\n\n<\/div><\/div><div id=\"panel-9082-0-1-2\" class=\"so-panel widget widget_sow-editor\" data-index=\"6\" ><div\n\t\t\t\n\t\t\tclass=\"so-widget-sow-editor so-widget-sow-editor-base\"\n\t\t\t\n\t\t>\n<div class=\"siteorigin-widget-tinymce textwidget\">\n\t<\/div>\n<\/div><\/div><div id=\"panel-9082-0-1-3\" class=\"so-panel widget widget_sow-editor panel-last-child\" data-index=\"7\" ><div\n\t\t\t\n\t\t\tclass=\"so-widget-sow-editor so-widget-sow-editor-base\"\n\t\t\t\n\t\t>\n<div class=\"siteorigin-widget-tinymce textwidget\">\n\t<p>Future Folk Stories est un processus de recherche collective au long cours autour des notions de folklore et de tradition et de leur renouvellement dans la soci\u00e9t\u00e9. Il s\u2019ancre sur l\u2019enregistrement de paroles glan\u00e9es par le biais de rencontres individuelles ou collectives dans des environnements tr\u00e8s diversifi\u00e9s et de leur mise en son\/sc\u00e8ne. Amorc\u00e9 en 2021 sous l\u2019impulsion de Robin Fincker et Mathieu Werchowski, il se d\u00e9cline maintenant sous diff\u00e9rentes moutures \u00e0 d\u00e9couvrir ci-dessous.<\/p>\n<\/div>\n<\/div><\/div><\/div><\/div><div id=\"pg-9082-1\"  class=\"panel-grid panel-no-style\" ><div id=\"pgc-9082-1-0\"  class=\"panel-grid-cell\" ><div id=\"panel-9082-1-0-0\" class=\"so-panel widget widget_sow-editor panel-first-child panel-last-child\" data-index=\"8\" ><div\n\t\t\t\n\t\t\tclass=\"so-widget-sow-editor so-widget-sow-editor-base\"\n\t\t\t\n\t\t>\n<div class=\"siteorigin-widget-tinymce textwidget\">\n\t<p><iframe loading=\"lazy\" width=\"100%\" height=\"300\" scrolling=\"no\" frameborder=\"no\" allow=\"autoplay\" src=\"https:\/\/w.soundcloud.com\/player\/?url=https%3A\/\/api.soundcloud.com\/playlists\/1956102647&color=%23ff5500&auto_play=false&hide_related=false&show_comments=true&show_user=true&show_reposts=false&show_teaser=true&visual=true\"><\/iframe><\/p>\n<div style=\"font-size: 10px; color: #cccccc;line-break: anywhere;word-break: normal;overflow: hidden;white-space: nowrap;text-overflow: ellipsis; font-family: Interstate,Lucida Grande,Lucida Sans Unicode,Lucida Sans,Garuda,Verdana,Tahoma,sans-serif;font-weight: 100;\"><a href=\"https:\/\/soundcloud.com\/freddymorezon\" title=\"FreddyMorezon\" target=\"_blank\" style=\"color: #cccccc; text-decoration: none;\" rel=\"noopener\">FreddyMorezon<\/a> \u00b7 <a href=\"https:\/\/soundcloud.com\/freddymorezon\/sets\/future-folk-stories\" title=\"Future Folk Stories\" target=\"_blank\" style=\"color: #cccccc; text-decoration: none;\" rel=\"noopener\">Future Folk Stories<\/a><\/div>\n<\/div>\n<\/div><\/div><\/div><div id=\"pgc-9082-1-1\"  class=\"panel-grid-cell\" ><div id=\"panel-9082-1-1-0\" class=\"so-panel widget widget_sow-image panel-first-child\" data-index=\"9\" ><div\n\t\t\t\n\t\t\tclass=\"so-widget-sow-image so-widget-sow-image-default-8b5b6f678277-25147\"\n\t\t\t\n\t\t>\n<div class=\"sow-image-container\">\n\t\t<img \n\tsrc=\"https:\/\/freddymorezon.org\/wp-content\/uploads\/2024\/08\/2-1.jpg\" width=\"300\" height=\"200\" srcset=\"https:\/\/freddymorezon.org\/wp-content\/uploads\/2024\/08\/2-1.jpg 300w, https:\/\/freddymorezon.org\/wp-content\/uploads\/2024\/08\/2-1-272x182.jpg 272w\" sizes=\"(max-width: 300px) 100vw, 300px\" title=\"2 + 1\" alt=\"\" \t\tclass=\"so-widget-image\"\/>\n\t<\/div>\n\n<\/div><\/div><div id=\"panel-9082-1-1-1\" class=\"so-panel widget widget_sow-editor\" data-index=\"10\" ><div\n\t\t\t\n\t\t\tclass=\"so-widget-sow-editor so-widget-sow-editor-base\"\n\t\t\t\n\t\t>\n<div class=\"siteorigin-widget-tinymce textwidget\">\n\t<p style=\"text-align: center;\">Une installation-concert accueillant un\u00b7e invit\u00e9\u00b7e du territoire travers\u00e9.<\/p>\n<\/div>\n<\/div><\/div><div id=\"panel-9082-1-1-2\" class=\"so-panel widget widget_sow-button panel-last-child\" data-index=\"11\" ><div\n\t\t\t\n\t\t\tclass=\"so-widget-sow-button so-widget-sow-button-flat-4e7503893c13-25147\"\n\t\t\t\n\t\t><div class=\"ow-button-base ow-button-align-center\"\n>\n\t\t\t<a\n\t\t\t\t\thref=\"https:\/\/freddymorezon.org\/future-folk-stories-2-1\/\"\n\t\t\t\t\tclass=\"sowb-button ow-icon-placement-left ow-button-hover\" \t>\n\t\t<span>\n\t\t\t\n\t\t\t+++\t\t<\/span>\n\t\t\t<\/a>\n\t<\/div>\n<\/div><\/div><\/div><div id=\"pgc-9082-1-2\"  class=\"panel-grid-cell\" ><div id=\"panel-9082-1-2-0\" class=\"so-panel widget widget_sow-image panel-first-child\" data-index=\"12\" ><div\n\t\t\t\n\t\t\tclass=\"so-widget-sow-image so-widget-sow-image-default-8b5b6f678277-25147\"\n\t\t\t\n\t\t>\n<div class=\"sow-image-container\">\n\t\t<img \n\tsrc=\"https:\/\/freddymorezon.org\/wp-content\/uploads\/2024\/08\/EPISODE-CEVENOL.jpg\" width=\"300\" height=\"200\" srcset=\"https:\/\/freddymorezon.org\/wp-content\/uploads\/2024\/08\/EPISODE-CEVENOL.jpg 300w, https:\/\/freddymorezon.org\/wp-content\/uploads\/2024\/08\/EPISODE-CEVENOL-272x182.jpg 272w\" sizes=\"(max-width: 300px) 100vw, 300px\" title=\"EPISODE CEVENOL\" alt=\"\" \t\tclass=\"so-widget-image\"\/>\n\t<\/div>\n\n<\/div><\/div><div id=\"panel-9082-1-2-1\" class=\"so-panel widget widget_sow-editor\" data-index=\"13\" ><div\n\t\t\t\n\t\t\tclass=\"so-widget-sow-editor so-widget-sow-editor-base\"\n\t\t\t\n\t\t>\n<div class=\"siteorigin-widget-tinymce textwidget\">\n\t<p style=\"text-align: center;\">Occupation de territoire<\/p>\n<\/div>\n<\/div><\/div><div id=\"panel-9082-1-2-2\" class=\"so-panel widget widget_sow-button panel-last-child\" data-index=\"14\" ><div\n\t\t\t\n\t\t\tclass=\"so-widget-sow-button so-widget-sow-button-flat-4e7503893c13-25147\"\n\t\t\t\n\t\t><div class=\"ow-button-base ow-button-align-center\"\n>\n\t\t\t<a\n\t\t\t\t\thref=\"https:\/\/freddymorezon.org\/future-folk-stories-episode-cevenol\/\"\n\t\t\t\t\tclass=\"sowb-button ow-icon-placement-left ow-button-hover\" \t>\n\t\t<span>\n\t\t\t\n\t\t\t+++\t\t<\/span>\n\t\t\t<\/a>\n\t<\/div>\n<\/div><\/div><\/div><div id=\"pgc-9082-1-3\"  class=\"panel-grid-cell\" ><div id=\"panel-9082-1-3-0\" class=\"so-panel widget widget_sow-image panel-first-child\" data-index=\"15\" ><div\n\t\t\t\n\t\t\tclass=\"so-widget-sow-image so-widget-sow-image-default-8b5b6f678277-25147\"\n\t\t\t\n\t\t>\n<div class=\"sow-image-container\">\n\t\t<img \n\tsrc=\"https:\/\/freddymorezon.org\/wp-content\/uploads\/2024\/08\/LA-BALLADE.jpg\" width=\"300\" height=\"200\" srcset=\"https:\/\/freddymorezon.org\/wp-content\/uploads\/2024\/08\/LA-BALLADE.jpg 300w, https:\/\/freddymorezon.org\/wp-content\/uploads\/2024\/08\/LA-BALLADE-272x182.jpg 272w\" sizes=\"(max-width: 300px) 100vw, 300px\" title=\"LA BALLADE\" alt=\"\" \t\tclass=\"so-widget-image\"\/>\n\t<\/div>\n\n<\/div><\/div><div id=\"panel-9082-1-3-1\" class=\"so-panel widget widget_sow-editor\" data-index=\"16\" ><div\n\t\t\t\n\t\t\tclass=\"so-widget-sow-editor so-widget-sow-editor-base\"\n\t\t\t\n\t\t>\n<div class=\"siteorigin-widget-tinymce textwidget\">\n\t<p style=\"text-align: center;\">Cinq musiciens et une technicienne pour un concert-documentaire-radiophonique-sc\u00e9nographi\u00e9<\/p>\n<\/div>\n<\/div><\/div><div id=\"panel-9082-1-3-2\" class=\"so-panel widget widget_sow-button panel-last-child\" data-index=\"17\" ><div\n\t\t\t\n\t\t\tclass=\"so-widget-sow-button so-widget-sow-button-flat-4e7503893c13-25147\"\n\t\t\t\n\t\t><div class=\"ow-button-base ow-button-align-center\"\n>\n\t\t\t<a\n\t\t\t\t\thref=\"https:\/\/freddymorezon.org\/la-ballade-des-future-folk-stories\/\"\n\t\t\t\t\tclass=\"sowb-button ow-icon-placement-left ow-button-hover\" \t>\n\t\t<span>\n\t\t\t\n\t\t\t+++\t\t<\/span>\n\t\t\t<\/a>\n\t<\/div>\n<\/div><\/div><\/div><\/div><div id=\"pg-9082-2\"  class=\"panel-grid panel-no-style\" ><div id=\"pgc-9082-2-0\"  class=\"panel-grid-cell panel-grid-cell-empty\" ><\/div><div id=\"pgc-9082-2-1\"  class=\"panel-grid-cell panel-grid-cell-empty\" ><\/div><div id=\"pgc-9082-2-2\"  class=\"panel-grid-cell panel-grid-cell-empty panel-grid-cell-mobile-last\" ><\/div><div id=\"pgc-9082-2-3\"  class=\"panel-grid-cell panel-grid-cell-empty\" ><\/div><\/div><\/div>","protected":false},"excerpt":{"rendered":"<p>Contact Claire Dabos \/\/ claire@freddymorezon.org Future folk stories Future Folk Stories est un processus de recherche collective au long cours autour des notions de folklore et de tradition et de leur renouvellement dans la soci\u00e9t\u00e9. Il s\u2019ancre sur l\u2019enregistrement de paroles glan\u00e9es par le biais de rencontres individuelles ou collectives dans des environnements tr\u00e8s diversifi\u00e9s&hellip;<\/p>\n<p><a class=\"more-link\" href=\"https:\/\/freddymorezon.org\/en\/catalogue\/future-folk-stories\/\" title=\"Continue reading &lsquo;Future Folk Stories&rsquo;\">Continue reading <span class=\"meta-nav\">&rarr;<\/span><\/a><\/p>\n","protected":false},"author":1,"featured_media":20201,"parent":134,"menu_order":120,"comment_status":"closed","ping_status":"closed","template":"page-templates\/full-width.php","meta":{"om_disable_all_campaigns":false,"_monsterinsights_skip_tracking":false,"_monsterinsights_sitenote_active":false,"_monsterinsights_sitenote_note":"","_monsterinsights_sitenote_category":0,"_uf_show_specific_survey":0,"_uf_disable_surveys":false,"footnotes":""},"categories":[1075,1046,917,1172,1076],"tags":[],"class_list":["post-9082","page","type-page","status-publish","has-post-thumbnail","hentry","category-fabien-duscombs","category-future-folk-stories","category-mathieu-werchowski","category-page-catalogue","category-robin-fincker"],"aioseo_notices":[],"yoast_head":"<!-- This site is optimized with the Yoast SEO plugin v27.4 - https:\/\/yoast.com\/product\/yoast-seo-wordpress\/ -->\n<title>Future Folk Stories | Freddy Morezon<\/title>\n<meta name=\"description\" content=\"Future Folk Stories questionne le folklore musical et ses transmissions. Impuls\u00e9 par Robin Fincker et Mathieu Werchowski. 4 formats possibles\" \/>\n<meta name=\"robots\" content=\"index, follow, max-snippet:-1, max-image-preview:large, max-video-preview:-1\" \/>\n<link rel=\"canonical\" href=\"https:\/\/freddymorezon.org\/catalogue\/future-folk-stories\/\" \/>\n<meta property=\"og:locale\" content=\"en_US\" \/>\n<meta property=\"og:type\" content=\"article\" \/>\n<meta property=\"og:title\" content=\"Future Folk Stories | Freddy Morezon\" \/>\n<meta property=\"og:description\" content=\"Future Folk Stories questionne le folklore musical et ses transmissions. Impuls\u00e9 par Robin Fincker et Mathieu Werchowski. 4 formats possibles\" \/>\n<meta property=\"og:url\" content=\"https:\/\/freddymorezon.org\/catalogue\/future-folk-stories\/\" \/>\n<meta property=\"og:site_name\" content=\"Freddy Morezon\" \/>\n<meta property=\"article:publisher\" content=\"https:\/\/www.facebook.com\/freddy.morezon\/\" \/>\n<meta property=\"article:modified_time\" content=\"2026-04-08T08:06:00+00:00\" \/>\n<meta property=\"og:image\" content=\"https:\/\/freddymorezon.org\/wp-content\/uploads\/2024\/06\/FutureFolkStories-visuel-MathieuWerchozwski-web.jpg\" \/>\n\t<meta property=\"og:image:width\" content=\"500\" \/>\n\t<meta property=\"og:image:height\" content=\"473\" \/>\n\t<meta property=\"og:image:type\" content=\"image\/jpeg\" \/>\n<meta name=\"twitter:card\" content=\"summary_large_image\" \/>\n<script type=\"application\/ld+json\" class=\"yoast-schema-graph\">{\"@context\":\"https:\\\/\\\/schema.org\",\"@graph\":[{\"@type\":\"WebPage\",\"@id\":\"https:\\\/\\\/freddymorezon.org\\\/catalogue\\\/future-folk-stories\\\/\",\"url\":\"https:\\\/\\\/freddymorezon.org\\\/catalogue\\\/future-folk-stories\\\/\",\"name\":\"Future Folk Stories | Freddy Morezon\",\"isPartOf\":{\"@id\":\"https:\\\/\\\/freddymorezon.org\\\/#website\"},\"primaryImageOfPage\":{\"@id\":\"https:\\\/\\\/freddymorezon.org\\\/catalogue\\\/future-folk-stories\\\/#primaryimage\"},\"image\":{\"@id\":\"https:\\\/\\\/freddymorezon.org\\\/catalogue\\\/future-folk-stories\\\/#primaryimage\"},\"thumbnailUrl\":\"https:\\\/\\\/freddymorezon.org\\\/wp-content\\\/uploads\\\/2024\\\/06\\\/FutureFolkStories-visuel-MathieuWerchozwski-web.jpg\",\"datePublished\":\"2020-04-23T12:52:46+00:00\",\"dateModified\":\"2026-04-08T08:06:00+00:00\",\"description\":\"Future Folk Stories questionne le folklore musical et ses transmissions. Impuls\u00e9 par Robin Fincker et Mathieu Werchowski. 4 formats possibles\",\"breadcrumb\":{\"@id\":\"https:\\\/\\\/freddymorezon.org\\\/catalogue\\\/future-folk-stories\\\/#breadcrumb\"},\"inLanguage\":\"en-US\",\"potentialAction\":[{\"@type\":\"ReadAction\",\"target\":[\"https:\\\/\\\/freddymorezon.org\\\/catalogue\\\/future-folk-stories\\\/\"]}]},{\"@type\":\"ImageObject\",\"inLanguage\":\"en-US\",\"@id\":\"https:\\\/\\\/freddymorezon.org\\\/catalogue\\\/future-folk-stories\\\/#primaryimage\",\"url\":\"https:\\\/\\\/freddymorezon.org\\\/wp-content\\\/uploads\\\/2024\\\/06\\\/FutureFolkStories-visuel-MathieuWerchozwski-web.jpg\",\"contentUrl\":\"https:\\\/\\\/freddymorezon.org\\\/wp-content\\\/uploads\\\/2024\\\/06\\\/FutureFolkStories-visuel-MathieuWerchozwski-web.jpg\",\"width\":500,\"height\":473},{\"@type\":\"BreadcrumbList\",\"@id\":\"https:\\\/\\\/freddymorezon.org\\\/catalogue\\\/future-folk-stories\\\/#breadcrumb\",\"itemListElement\":[{\"@type\":\"ListItem\",\"position\":1,\"name\":\"Accueil\",\"item\":\"https:\\\/\\\/freddymorezon.org\\\/\"},{\"@type\":\"ListItem\",\"position\":2,\"name\":\"Catalogue\",\"item\":\"https:\\\/\\\/freddymorezon.org\\\/catalogue\\\/\"},{\"@type\":\"ListItem\",\"position\":3,\"name\":\"Future Folk Stories\"}]},{\"@type\":\"WebSite\",\"@id\":\"https:\\\/\\\/freddymorezon.org\\\/#website\",\"url\":\"https:\\\/\\\/freddymorezon.org\\\/\",\"name\":\"Freddy Morezon\",\"description\":\"jazz - musique improvis\u00e9e - esth\u00e9tiques plurielles\",\"publisher\":{\"@id\":\"https:\\\/\\\/freddymorezon.org\\\/#organization\"},\"potentialAction\":[{\"@type\":\"SearchAction\",\"target\":{\"@type\":\"EntryPoint\",\"urlTemplate\":\"https:\\\/\\\/freddymorezon.org\\\/?s={search_term_string}\"},\"query-input\":{\"@type\":\"PropertyValueSpecification\",\"valueRequired\":true,\"valueName\":\"search_term_string\"}}],\"inLanguage\":\"en-US\"},{\"@type\":\"Organization\",\"@id\":\"https:\\\/\\\/freddymorezon.org\\\/#organization\",\"name\":\"Association Freddy Morezon\",\"url\":\"https:\\\/\\\/freddymorezon.org\\\/\",\"logo\":{\"@type\":\"ImageObject\",\"inLanguage\":\"en-US\",\"@id\":\"https:\\\/\\\/freddymorezon.org\\\/#\\\/schema\\\/logo\\\/image\\\/\",\"url\":\"https:\\\/\\\/freddymorezon.org\\\/wp-content\\\/uploads\\\/2016\\\/02\\\/mini-logo-header-site2.jpg\",\"contentUrl\":\"https:\\\/\\\/freddymorezon.org\\\/wp-content\\\/uploads\\\/2016\\\/02\\\/mini-logo-header-site2.jpg\",\"width\":234,\"height\":174,\"caption\":\"Association Freddy Morezon\"},\"image\":{\"@id\":\"https:\\\/\\\/freddymorezon.org\\\/#\\\/schema\\\/logo\\\/image\\\/\"},\"sameAs\":[\"https:\\\/\\\/www.facebook.com\\\/freddy.morezon\\\/\",\"https:\\\/\\\/www.instagram.com\\\/freddymorezon\\\/\",\"https:\\\/\\\/www.youtube.com\\\/user\\\/freddymorezon\",\"https:\\\/\\\/fr.linkedin.com\\\/company\\\/freddy-morezon-p.r.o.d.\"]}]}<\/script>\n<!-- \/ Yoast SEO plugin. -->","yoast_head_json":{"title":"Future Folk Stories | Freddy Morezon","description":"Future Folk Stories questionne le folklore musical et ses transmissions. Impuls\u00e9 par Robin Fincker et Mathieu Werchowski. 4 formats possibles","robots":{"index":"index","follow":"follow","max-snippet":"max-snippet:-1","max-image-preview":"max-image-preview:large","max-video-preview":"max-video-preview:-1"},"canonical":"https:\/\/freddymorezon.org\/catalogue\/future-folk-stories\/","og_locale":"en_US","og_type":"article","og_title":"Future Folk Stories | Freddy Morezon","og_description":"Future Folk Stories questionne le folklore musical et ses transmissions. Impuls\u00e9 par Robin Fincker et Mathieu Werchowski. 4 formats possibles","og_url":"https:\/\/freddymorezon.org\/catalogue\/future-folk-stories\/","og_site_name":"Freddy Morezon","article_publisher":"https:\/\/www.facebook.com\/freddy.morezon\/","article_modified_time":"2026-04-08T08:06:00+00:00","og_image":[{"width":500,"height":473,"url":"https:\/\/freddymorezon.org\/wp-content\/uploads\/2024\/06\/FutureFolkStories-visuel-MathieuWerchozwski-web.jpg","type":"image\/jpeg"}],"twitter_card":"summary_large_image","schema":{"@context":"https:\/\/schema.org","@graph":[{"@type":"WebPage","@id":"https:\/\/freddymorezon.org\/catalogue\/future-folk-stories\/","url":"https:\/\/freddymorezon.org\/catalogue\/future-folk-stories\/","name":"Future Folk Stories | Freddy Morezon","isPartOf":{"@id":"https:\/\/freddymorezon.org\/#website"},"primaryImageOfPage":{"@id":"https:\/\/freddymorezon.org\/catalogue\/future-folk-stories\/#primaryimage"},"image":{"@id":"https:\/\/freddymorezon.org\/catalogue\/future-folk-stories\/#primaryimage"},"thumbnailUrl":"https:\/\/freddymorezon.org\/wp-content\/uploads\/2024\/06\/FutureFolkStories-visuel-MathieuWerchozwski-web.jpg","datePublished":"2020-04-23T12:52:46+00:00","dateModified":"2026-04-08T08:06:00+00:00","description":"Future Folk Stories questionne le folklore musical et ses transmissions. Impuls\u00e9 par Robin Fincker et Mathieu Werchowski. 4 formats possibles","breadcrumb":{"@id":"https:\/\/freddymorezon.org\/catalogue\/future-folk-stories\/#breadcrumb"},"inLanguage":"en-US","potentialAction":[{"@type":"ReadAction","target":["https:\/\/freddymorezon.org\/catalogue\/future-folk-stories\/"]}]},{"@type":"ImageObject","inLanguage":"en-US","@id":"https:\/\/freddymorezon.org\/catalogue\/future-folk-stories\/#primaryimage","url":"https:\/\/freddymorezon.org\/wp-content\/uploads\/2024\/06\/FutureFolkStories-visuel-MathieuWerchozwski-web.jpg","contentUrl":"https:\/\/freddymorezon.org\/wp-content\/uploads\/2024\/06\/FutureFolkStories-visuel-MathieuWerchozwski-web.jpg","width":500,"height":473},{"@type":"BreadcrumbList","@id":"https:\/\/freddymorezon.org\/catalogue\/future-folk-stories\/#breadcrumb","itemListElement":[{"@type":"ListItem","position":1,"name":"Accueil","item":"https:\/\/freddymorezon.org\/"},{"@type":"ListItem","position":2,"name":"Catalogue","item":"https:\/\/freddymorezon.org\/catalogue\/"},{"@type":"ListItem","position":3,"name":"Future Folk Stories"}]},{"@type":"WebSite","@id":"https:\/\/freddymorezon.org\/#website","url":"https:\/\/freddymorezon.org\/","name":"Freddy Morezon","description":"jazz - musique improvis\u00e9e - esth\u00e9tiques plurielles","publisher":{"@id":"https:\/\/freddymorezon.org\/#organization"},"potentialAction":[{"@type":"SearchAction","target":{"@type":"EntryPoint","urlTemplate":"https:\/\/freddymorezon.org\/?s={search_term_string}"},"query-input":{"@type":"PropertyValueSpecification","valueRequired":true,"valueName":"search_term_string"}}],"inLanguage":"en-US"},{"@type":"Organization","@id":"https:\/\/freddymorezon.org\/#organization","name":"Association Freddy Morezon","url":"https:\/\/freddymorezon.org\/","logo":{"@type":"ImageObject","inLanguage":"en-US","@id":"https:\/\/freddymorezon.org\/#\/schema\/logo\/image\/","url":"https:\/\/freddymorezon.org\/wp-content\/uploads\/2016\/02\/mini-logo-header-site2.jpg","contentUrl":"https:\/\/freddymorezon.org\/wp-content\/uploads\/2016\/02\/mini-logo-header-site2.jpg","width":234,"height":174,"caption":"Association Freddy Morezon"},"image":{"@id":"https:\/\/freddymorezon.org\/#\/schema\/logo\/image\/"},"sameAs":["https:\/\/www.facebook.com\/freddy.morezon\/","https:\/\/www.instagram.com\/freddymorezon\/","https:\/\/www.youtube.com\/user\/freddymorezon","https:\/\/fr.linkedin.com\/company\/freddy-morezon-p.r.o.d."]}]}},"_links":{"self":[{"href":"https:\/\/freddymorezon.org\/en\/wp-json\/wp\/v2\/pages\/9082","targetHints":{"allow":["GET"]}}],"collection":[{"href":"https:\/\/freddymorezon.org\/en\/wp-json\/wp\/v2\/pages"}],"about":[{"href":"https:\/\/freddymorezon.org\/en\/wp-json\/wp\/v2\/types\/page"}],"author":[{"embeddable":true,"href":"https:\/\/freddymorezon.org\/en\/wp-json\/wp\/v2\/users\/1"}],"replies":[{"embeddable":true,"href":"https:\/\/freddymorezon.org\/en\/wp-json\/wp\/v2\/comments?post=9082"}],"version-history":[{"count":201,"href":"https:\/\/freddymorezon.org\/en\/wp-json\/wp\/v2\/pages\/9082\/revisions"}],"predecessor-version":[{"id":20905,"href":"https:\/\/freddymorezon.org\/en\/wp-json\/wp\/v2\/pages\/9082\/revisions\/20905"}],"up":[{"embeddable":true,"href":"https:\/\/freddymorezon.org\/en\/wp-json\/wp\/v2\/pages\/134"}],"wp:featuredmedia":[{"embeddable":true,"href":"https:\/\/freddymorezon.org\/en\/wp-json\/wp\/v2\/media\/20201"}],"wp:attachment":[{"href":"https:\/\/freddymorezon.org\/en\/wp-json\/wp\/v2\/media?parent=9082"}],"wp:term":[{"taxonomy":"category","embeddable":true,"href":"https:\/\/freddymorezon.org\/en\/wp-json\/wp\/v2\/categories?post=9082"},{"taxonomy":"post_tag","embeddable":true,"href":"https:\/\/freddymorezon.org\/en\/wp-json\/wp\/v2\/tags?post=9082"}],"curies":[{"name":"wp","href":"https:\/\/api.w.org\/{rel}","templated":true}]}}