
{"id":9954,"date":"2021-01-06T16:43:07","date_gmt":"2021-01-06T15:43:07","guid":{"rendered":"https:\/\/freddymorezon.org\/?page_id=9954"},"modified":"2025-11-10T17:44:06","modified_gmt":"2025-11-10T15:44:06","slug":"faulkner-songs","status":"publish","type":"page","link":"https:\/\/freddymorezon.org\/en\/label\/faulkner-songs\/","title":{"rendered":"Faulkner Songs"},"content":{"rendered":"<div id=\"pl-9954\"  class=\"panel-layout\" ><div id=\"pg-9954-0\"  class=\"panel-grid panel-no-style\" ><div id=\"pgc-9954-0-0\"  class=\"panel-grid-cell\" ><div id=\"panel-9954-0-0-0\" class=\"so-panel widget widget_sow-image panel-first-child\" data-index=\"0\" ><div\n\t\t\t\n\t\t\tclass=\"so-widget-sow-image so-widget-sow-image-default-8b5b6f678277-9954\"\n\t\t\t\n\t\t>\n<div class=\"sow-image-container\">\n\t\t<img \n\tsrc=\"https:\/\/freddymorezon.org\/wp-content\/uploads\/2021\/01\/Visuel_Foret_FaulknerSongs_Karine-Pain_RVB-400x400.jpg\" width=\"400\" height=\"400\" srcset=\"https:\/\/freddymorezon.org\/wp-content\/uploads\/2021\/01\/Visuel_Foret_FaulknerSongs_Karine-Pain_RVB-400x400.jpg 400w, https:\/\/freddymorezon.org\/wp-content\/uploads\/2021\/01\/Visuel_Foret_FaulknerSongs_Karine-Pain_RVB-150x150.jpg 150w, https:\/\/freddymorezon.org\/wp-content\/uploads\/2021\/01\/Visuel_Foret_FaulknerSongs_Karine-Pain_RVB-800x800.jpg 800w, https:\/\/freddymorezon.org\/wp-content\/uploads\/2021\/01\/Visuel_Foret_FaulknerSongs_Karine-Pain_RVB-100x100.jpg 100w, https:\/\/freddymorezon.org\/wp-content\/uploads\/2021\/01\/Visuel_Foret_FaulknerSongs_Karine-Pain_RVB-300x300.jpg 300w\" sizes=\"(max-width: 400px) 100vw, 400px\" title=\"Visuel_Foret_FaulknerSongs_Karine Pain_RVB\" alt=\"\" \t\tclass=\"so-widget-image\"\/>\n\t<\/div>\n\n<\/div><\/div><div id=\"panel-9954-0-0-1\" class=\"so-panel widget widget_sow-editor\" data-index=\"1\" ><div\n\t\t\t\n\t\t\tclass=\"so-widget-sow-editor so-widget-sow-editor-base\"\n\t\t\t\n\t\t>\n<div class=\"siteorigin-widget-tinymce textwidget\">\n\t<div class=\"commande-album\" style=\"text-align: left;\">\n<div class=\"ajout-panier woocommerce add_to_cart_inline\">\n<h3>Commander<\/h3>\n<h4><i class=\"fa fa-chevron-right fa-2x\"><\/i> vinyle<\/h4>\n<p class=\"product woocommerce add_to_cart_inline \" style=\"border:4px solid #ccc; padding: 12px;\"><span class=\"woocommerce-Price-amount amount\"><bdi>15,00<span class=\"woocommerce-Price-currencySymbol\">&euro;<\/span><\/bdi><\/span><a href=\"\/label\/faulkner-songs\/?add-to-cart=9958\" aria-describedby=\"woocommerce_loop_add_to_cart_link_describedby_9958\" data-quantity=\"1\" class=\"button product_type_simple add_to_cart_button ajax_add_to_cart\" data-product_id=\"9958\" data-product_sku=\"\" aria-label=\"Ajouter au panier : &ldquo;Faulkner Songs - vinyle&rdquo;\" rel=\"nofollow\" data-success_message=\"\u00ab Faulkner Songs - vinyle \u00bb a \u00e9t\u00e9 ajout\u00e9 \u00e0 votre panier\">Ajouter au panier<\/a>\t<span id=\"woocommerce_loop_add_to_cart_link_describedby_9958\" class=\"screen-reader-text\"><br \/>\n\t\t\t<\/span>\n<\/p>\n<\/div>\n<\/div>\n<\/div>\n<\/div><\/div><div id=\"panel-9954-0-0-2\" class=\"so-panel widget widget_sow-editor\" data-index=\"2\" ><div\n\t\t\t\n\t\t\tclass=\"so-widget-sow-editor so-widget-sow-editor-base\"\n\t\t\t\n\t\t>\n<div class=\"siteorigin-widget-tinymce textwidget\">\n\t<p><iframe style=\"border: 0; width: 100%; height: 472px;\" src=\"https:\/\/bandcamp.com\/EmbeddedPlayer\/album=3704633221\/size=large\/bgcol=ffffff\/linkcol=0687f5\/artwork=none\/transparent=true\/\" seamless><a href=\"https:\/\/mrmorezon.bandcamp.com\/album\/faulkner-songs\">Faulkner Songs by For\u00eat<\/a><\/iframe><\/p>\n<\/div>\n<\/div><\/div><div id=\"panel-9954-0-0-3\" class=\"so-panel widget widget_sow-editor\" data-index=\"3\" ><div\n\t\t\t\n\t\t\tclass=\"so-widget-sow-editor so-widget-sow-editor-base\"\n\t\t\t\n\t\t><h3 class=\"widget-title\">DISTRIBUTION - CR\u00c9DITS<\/h3>\n<div class=\"siteorigin-widget-tinymce textwidget\">\n\t<p>Nicolas Lafourest : guitare \u00e9lectrique<br \/>\nMusique &amp; composition : Nicolas Lafourest<\/p>\n<p>Enregistr\u00e9 live et mix\u00e9 par Christophe Calastreng<br \/>\nMasteris\u00e9 par S\u00e9bastien Chaigneau<\/p>\n<p>Production : Freddy Morezon<br \/>\nImage : Karine Pain<br \/>\nGraphisme : Karine Pain et Eveliina Laitinen<\/p>\n<\/div>\n<\/div><\/div><div id=\"panel-9954-0-0-4\" class=\"so-panel widget widget_sow-editor panel-last-child\" data-index=\"4\" ><div\n\t\t\t\n\t\t\tclass=\"so-widget-sow-editor so-widget-sow-editor-base\"\n\t\t\t\n\t\t>\n<div class=\"siteorigin-widget-tinymce textwidget\">\n\t<h3>Links<\/h3>\n<ul>\n<li><i class=\"fa fa-chevron-right fa-2x\"><\/i> <a href=\"https:\/\/freddymorezon.org\/projets\/foret\/\">For\u00eat<\/a><\/li>\n<li><i class=\"fa fa-chevron-right fa-2x\"><\/i> <a href=\"https:\/\/freddymorezon.org\/artistes\/nicolas-lafourest\/\">Nicolas Lafourest<\/a><\/li>\n<\/ul>\n<ul>\n<li><i class=\"fa fa-chevron-right fa-2x\"><\/i> <a href=\"https:\/\/mrmorezon.bandcamp.com\/album\/faulkner-songs\" target=\"_blank\" rel=\"noopener noreferrer\">Bandcamp<\/a><\/li>\n<\/ul>\n<\/div>\n<\/div><\/div><\/div><div id=\"pgc-9954-0-1\"  class=\"panel-grid-cell\" ><div id=\"panel-9954-0-1-0\" class=\"so-panel widget widget_sow-headline panel-first-child\" data-index=\"5\" ><div\n\t\t\t\n\t\t\tclass=\"so-widget-sow-headline so-widget-sow-headline-default-c8fa18c4903e-9954\"\n\t\t\t\n\t\t><div class=\"sow-headline-container \">\n\t\t\t\t\t\t\t<h2 class=\"sow-headline\">\n\t\t\t\t\t\tFAULKNER SONGS\t\t\t\t\t\t<\/h2>\n\t\t\t\t\t\t\t\t\t\t\t<div class=\"decoration\">\n\t\t\t\t\t\t<div class=\"decoration-inside\"><\/div>\n\t\t\t\t\t<\/div>\n\t\t\t\t\t\t\t\t\t\t\t<h3 class=\"sow-sub-headline\">\n\t\t\t\t\t\t<h3>For\u00eat - Nicolas Lafourest<\/h3> Morezon 023 \/ 26 f\u00e9vrier 2021\t\t\t\t\t\t<\/h3>\n\t\t\t\t\t\t<\/div>\n<\/div><\/div><div id=\"panel-9954-0-1-1\" class=\"so-panel widget widget_sow-editor\" data-index=\"6\" ><div\n\t\t\t\n\t\t\tclass=\"so-widget-sow-editor so-widget-sow-editor-base\"\n\t\t\t\n\t\t>\n<div class=\"siteorigin-widget-tinymce textwidget\">\n\t<p>Quand j\u2019ai fait \u00e9couter les fragments des <em>Faulkner Songs<\/em> \u00e0 un ami, il m\u2019a dit : \u00ab \u00a0ces morceaux c\u2019est du faulkner\u00a0\u00bb. J\u2019ai trouv\u00e9 la correspondance\u00a0juste dans la r\u00e9sonance li\u00e9e \u00e0 un certain imaginaire que sa r\u00e9ponse supposait.<br \/>\nEn lien direct avec les porosit\u00e9s d\u2019une \u00e2me aux contours \u00e9corch\u00e9s, entre\u00a0un d\u00e9chirement pr\u00e9coce et un apaisement tardif.<br \/>\nLes \u2018Faulkner Songs\u2019 ont \u00e9t\u00e9 construites sur une guitare \u00e9lectrique jou\u00e9e \u00e0 vide, d\u00e9branch\u00e9e, \u00e0 l\u2019abri de toutes tentations d\u2019effet(s).<br \/>\nCette contrainte comme volont\u00e9 a guid\u00e9 et d\u00e9finitivement orient\u00e9 mes attentes vers ce m\u00eame but cherch\u00e9, recherch\u00e9, en forme de qu\u00eate l\u00e0 o\u00f9 le propos se resserre et s\u2019\u00e9vide.<\/p>\n<p>Capt\u00e9es sur le vif, les Faulkner songs ouvrent l'imaginaire, suscitent des images. For\u00eat nous entra\u00eene vers des contr\u00e9es aux sonorit\u00e9s famili\u00e8res et dans les m\u00e9andres de son paysage intime.<br \/>\nFor\u00eat ne triche pas. Il se livre avec une extr\u00eame sinc\u00e9rit\u00e9, sans ornement inutile, sans le moindre effet. Se mettant \u00e0 nu. Son monde est contrast\u00e9, apais\u00e9 et tendu, lumineux et tourment\u00e9. L'harmonie y est souvent contrari\u00e9e, la dualit\u00e9 exprim\u00e9e de mani\u00e8re stridente et nerveuse. Le bruit et la fureur. Un tiraillement, une dissonance qui stimule le mouvement, l'intensit\u00e9 du jeu, l'\u00e9motion qu'elle suscite. Les Faulkner songs, c'est un monde vibrant dans la moindre note. Une \u00e2me.<\/p>\n<\/div>\n<\/div><\/div><div id=\"panel-9954-0-1-2\" class=\"so-panel widget widget_sow-editor\" data-index=\"7\" ><div\n\t\t\t\n\t\t\tclass=\"so-widget-sow-editor so-widget-sow-editor-base\"\n\t\t\t\n\t\t>\n<div class=\"siteorigin-widget-tinymce textwidget\">\n\t<p><iframe loading=\"lazy\" title=\"For\u00eat - Untitled#4\" width=\"790\" height=\"444\" src=\"https:\/\/www.youtube.com\/embed\/XjSq_lN9SOU?feature=oembed\" frameborder=\"0\" allow=\"accelerometer; autoplay; clipboard-write; encrypted-media; gyroscope; picture-in-picture; web-share\" referrerpolicy=\"strict-origin-when-cross-origin\" allowfullscreen><\/iframe><\/p>\n<\/div>\n<\/div><\/div><div id=\"panel-9954-0-1-3\" class=\"so-panel widget widget_sow-editor\" data-index=\"8\" ><div\n\t\t\t\n\t\t\tclass=\"so-widget-sow-editor so-widget-sow-editor-base\"\n\t\t\t\n\t\t>\n<div class=\"siteorigin-widget-tinymce textwidget\">\n\t<h3>Revue de presse<\/h3>\n<div class=\"pt-cv-wrapper\">\n<div class=\"pt-cv-view pt-cv-scrollable pt-cv-colsys pt-cv-left pt-cv-sharp-buttons\" id=\"pt-cv-view-e35e4d8okg\">\n<div data-id=\"pt-cv-page-1\" class=\"pt-cv-page\" data-cvc=\"1\">\n<div id=\"0e0ebef7om\" class=\"pt-cv-carousel pt-cv-slide\" data-ride=\"cvcarousel\" data-interval=false>\n<div class=\"carousel-inner\">\n<div class=\"item active\">\n<div class=\"row\">\n<div class=\"col-md-12 col-sm-12 col-xs-12 pt-cv-content-item pt-cv-1-col\"  data-pid=\"11683\">\n<div class=\"pt-cv-carousel-caption pt-cv-cap-wo-img\"><span class=\"dashicons dashicons-format-quote pt-cv-pficon\"><\/span><\/p>\n<div class=\"pt-cv-content\">\n<blockquote>\n<h4>Perte &#038; Fracas<\/h4>\n<p>For\u00eat suit son instinct, n\u2019ob\u00e9it \u00e0 aucunes r\u00e8gles, interpr\u00e8te son histoire et sa petite musique interne avec intensit\u00e9, nerveusement, f\u00e9brilement et c\u2019est une franche r\u00e9ussite. Il faudrait vraiment \u00eatre de bois pour rester insensible \u00e0 For\u00eat.\u00a0Faulkner Songs\u00a0jusqu\u2019\u00e0 l\u2019agonie.<\/p>\n<\/blockquote>\n<p style=\"text-align: right;\">Perte &#038; Fracas, juin 2021<\/p>\n<p style=\"text-align: right;\"><a href=\"http:\/\/www.perteetfracas.org\/zine\/kros2021\/kros_f\/foret_faulkner_songs.htm\" target=\"_blank\" rel=\"noopener noreferrer\"><i class=\"fa fa-chevron-right fa-2x\"><\/i> consulter la chronique<\/a><\/p>\n<\/div>\n<\/div>\n<\/div>\n<\/div>\n<\/div>\n<div class=\"item\">\n<div class=\"row\">\n<div class=\"col-md-12 col-sm-12 col-xs-12 pt-cv-content-item pt-cv-1-col\"  data-pid=\"10498\">\n<div class=\"pt-cv-carousel-caption pt-cv-cap-wo-img\"><span class=\"dashicons dashicons-format-quote pt-cv-pficon\"><\/span><\/p>\n<div class=\"pt-cv-content\">\n<blockquote>\n<h4>PointBreak<\/h4>\n<p>[&#8230;] Et brute, la musique de Faulkner Songs l\u2019est carr\u00e9ment. Guitare branch\u00e9e \u00e0<br \/>\nl\u2019ampli sans effet, ni combine. Reste alors la technique de jeu, l\u2019intention de chaque note appuy\u00e9e ou<br \/>\ngliss\u00e9e. Reste surtout de sacr\u00e9s paysages o\u00f9 vous \u00eates libres. Libres d\u2019y ajouter la lumi\u00e8re d\u2019ao\u00fbt, des<br \/>\nsycamore trees et de grands champs d\u2019herbe rase si bon vous semble. [&#8230;]<\/p>\n<\/blockquote>\n<p style=\"text-align: right;\">PointBreak, Guillaume Malvoisin, mars 2021<\/p>\n<p style=\"text-align: right;\"><a href=\"http:\/\/pointbreak.fr\/ok-podium\/\" target=\"_blank\" rel=\"noopener noreferrer\"><i class=\"fa fa-chevron-right fa-2x\"><\/i> consulter la chronique<\/a><\/p>\n<\/div>\n<\/div>\n<\/div>\n<\/div>\n<\/div>\n<div class=\"item\">\n<div class=\"row\">\n<div class=\"col-md-12 col-sm-12 col-xs-12 pt-cv-content-item pt-cv-1-col\"  data-pid=\"10387\">\n<div class=\"pt-cv-carousel-caption pt-cv-cap-wo-img\"><span class=\"dashicons dashicons-format-quote pt-cv-pficon\"><\/span><\/p>\n<div class=\"pt-cv-content\">\n<blockquote>\n<h4>Citizen Jazz<\/h4>\n<p>[&#8230;] Comme s\u2019il n\u2019y avait rien d\u2019autre que les cicatrices de la d\u00e9ch\u00e9ance sudiste en \u00e9cho \u00e0 cette guitare d\u00e9pouill\u00e9e et \u00e9corch\u00e9e. L\u2019album est enregistr\u00e9 sans autre effet que celui de l\u2019amplification, contribuant ainsi \u00e0 signifier la douleur et la d\u00e9solation. Et c\u2019est terriblement chouette. [&#8230;]<\/p>\n<\/blockquote>\n<p style=\"text-align: right;\">Citizen Jazz, f\u00e9v 2021<\/p>\n<p style=\"text-align: right;\"><a href=\"https:\/\/www.citizenjazz.com\/Nicolas-Lafourest.html\" target=\"_blank\" rel=\"noopener noreferrer\"><i class=\"fa fa-chevron-right fa-2x\"><\/i> consulter la chronique<\/a><\/p>\n<\/div>\n<\/div>\n<\/div>\n<\/div>\n<\/div>\n<div class=\"item\">\n<div class=\"row\">\n<div class=\"col-md-12 col-sm-12 col-xs-12 pt-cv-content-item pt-cv-1-col\"  data-pid=\"10379\">\n<div class=\"pt-cv-carousel-caption pt-cv-cap-wo-img\"><span class=\"dashicons dashicons-format-quote pt-cv-pficon\"><\/span><\/p>\n<div class=\"pt-cv-content\">\n<blockquote>\n<h4>Le Grigri<\/h4>\n<p>Po\u00e8mes sans paroles, vignettes improvis\u00e9es, soundtrack imaginaire, \u00ab\u00a0Faulkner Songs\u00a0\u00bb plonge dans un monde onirique et ardent o\u00f9 les morceaux n\u2019ont pas de nom (ils sont tous Untitled) et la guitare \u00e9lectrique n\u2019a presque plus d\u2019\u00e9lectricit\u00e9. [&#8230;]<\/p>\n<\/blockquote>\n<p style=\"text-align: right;\">Le Grigri, f\u00e9v 2021<\/p>\n<p style=\"text-align: right;\"><a href=\"https:\/\/www.le-grigri.com\/blog\/2021\/2\/15\/premiere-nicolas-lafourest-foret-faulkner-songs-freddy-morezon\" target=\"_blank\" rel=\"noopener noreferrer\"><i class=\"fa fa-chevron-right fa-2x\"><\/i> consulter la chronique<\/a><\/p>\n<\/div>\n<\/div>\n<\/div>\n<\/div>\n<\/div>\n<\/div>\n<p><a class=\"left carousel-control\" data-target=\"#0e0ebef7om\" data-cvslide=\"prev\"><br \/>\n\t\t\t\t\t\t<span class=\"glyphicon glyphicon-chevron-left\"><\/span><br \/>\n\t\t\t\t\t<\/a><br \/>\n\t\t\t\t\t<a class=\"right carousel-control\" data-target=\"#0e0ebef7om\" data-cvslide=\"next\"><br \/>\n\t\t\t\t\t\t<span class=\"glyphicon glyphicon-chevron-right\"><\/span><br \/>\n\t\t\t\t\t<\/a><\/div>\n<\/div>\n<\/div>\n<\/div>\n<style type=\"text\/css\" id=\"pt-cv-inline-style-f6f3731un9\">#pt-cv-view-e35e4d8okg.pt-cv-post-border .pt-cv-content-item   { border-top-style: solid; border-left-style: solid; }\n#pt-cv-view-e35e4d8okg .pt-cv-title a, #pt-cv-view-e35e4d8okg  .panel-title { font-weight: 600 !important; }\n#pt-cv-view-e35e4d8okg .pt-cv-specialp * { font-size: 13px !important; line-height: 1.3 !important; color: #fff !important; background-color: #CC3333 !important; }\n#pt-cv-view-e35e4d8okg .pt-cv-pficon  { color: #bbb !important; }\n#pt-cv-view-e35e4d8okg  .add_to_cart_button, #pt-cv-view-e35e4d8okg  .add_to_cart_button *   { color: #ffffff !important; background-color: #00aeef !important; }\n#pt-cv-view-e35e4d8okg  .woocommerce-onsale   { color: #ffffff !important; background-color: #ff5a5f !important; }\n#pt-cv-view-e35e4d8okg .pt-cv-readmore  { color: #ffffff !important; background-color: #00aeef !important; }\n#pt-cv-view-e35e4d8okg .pt-cv-readmore:hover  { color: #ffffff !important; background-color: #00aeef !important; }\n#pt-cv-view-e35e4d8okg  + .pt-cv-pagination-wrapper .pt-cv-more , #pt-cv-view-e35e4d8okg  + .pt-cv-pagination-wrapper .pagination .active a { color: #ffffff !important; background-color: #00aeef !important; }\n#pt-cv-view-e35e4d8okg .pt-cv-gls-header  { background-color: #00aeef !important; }\n#pt-cv-view-e35e4d8okg .pt-cv-tao  { font-size: 20px !important; line-height: 1.3 !important; color: #ffffff !important; background-color: #00aeef !important; }\n#pt-cv-view-e35e4d8okg { text-align: left; }<\/style>\n<\/div>\n<\/div><\/div><div id=\"panel-9954-0-1-4\" class=\"so-panel widget widget_eo_event_list_widget EO_Event_List_Widget panel-last-child\" data-index=\"9\" >\n\n<\/div><\/div><\/div><\/div>","protected":false},"excerpt":{"rendered":"<p>February 2021<\/p>\n","protected":false},"author":1,"featured_media":9955,"parent":140,"menu_order":0,"comment_status":"closed","ping_status":"closed","template":"page-templates\/full-width.php","meta":{"om_disable_all_campaigns":false,"_monsterinsights_skip_tracking":false,"_monsterinsights_sitenote_active":false,"_monsterinsights_sitenote_note":"","_monsterinsights_sitenote_category":0,"_uf_show_specific_survey":0,"_uf_disable_surveys":false,"footnotes":""},"categories":[1174],"tags":[],"class_list":["post-9954","page","type-page","status-publish","has-post-thumbnail","hentry","category-page-label"],"aioseo_notices":[],"yoast_head":"<!-- This site is optimized with the Yoast SEO plugin v27.3 - https:\/\/yoast.com\/product\/yoast-seo-wordpress\/ -->\n<title>Faulkner Songs | Freddy Morezon<\/title>\n<meta name=\"robots\" content=\"index, follow, max-snippet:-1, max-image-preview:large, max-video-preview:-1\" \/>\n<link rel=\"canonical\" href=\"https:\/\/freddymorezon.org\/label\/faulkner-songs\/\" \/>\n<meta property=\"og:locale\" content=\"en_US\" \/>\n<meta property=\"og:type\" content=\"article\" \/>\n<meta property=\"og:title\" content=\"Faulkner Songs | Freddy Morezon\" \/>\n<meta property=\"og:description\" content=\"[:fr]F\u00e9vrier 2021[:en]February 2021[:]\" \/>\n<meta property=\"og:url\" content=\"https:\/\/freddymorezon.org\/label\/faulkner-songs\/\" \/>\n<meta property=\"og:site_name\" content=\"Freddy Morezon\" \/>\n<meta property=\"article:publisher\" content=\"https:\/\/www.facebook.com\/freddy.morezon\/\" \/>\n<meta property=\"article:modified_time\" content=\"2025-11-10T15:44:06+00:00\" \/>\n<meta property=\"og:image\" content=\"https:\/\/freddymorezon.org\/wp-content\/uploads\/2021\/01\/Visuel_Foret_FaulknerSongs_Karine-Pain_RVB-1240x800.jpg\" \/>\n\t<meta property=\"og:image:width\" content=\"1240\" \/>\n\t<meta property=\"og:image:height\" content=\"800\" \/>\n\t<meta property=\"og:image:type\" content=\"image\/jpeg\" \/>\n<meta name=\"twitter:card\" content=\"summary_large_image\" \/>\n<script type=\"application\/ld+json\" class=\"yoast-schema-graph\">{\"@context\":\"https:\\\/\\\/schema.org\",\"@graph\":[{\"@type\":\"WebPage\",\"@id\":\"https:\\\/\\\/freddymorezon.org\\\/label\\\/faulkner-songs\\\/\",\"url\":\"https:\\\/\\\/freddymorezon.org\\\/label\\\/faulkner-songs\\\/\",\"name\":\"Faulkner Songs | Freddy Morezon\",\"isPartOf\":{\"@id\":\"https:\\\/\\\/freddymorezon.org\\\/#website\"},\"primaryImageOfPage\":{\"@id\":\"https:\\\/\\\/freddymorezon.org\\\/label\\\/faulkner-songs\\\/#primaryimage\"},\"image\":{\"@id\":\"https:\\\/\\\/freddymorezon.org\\\/label\\\/faulkner-songs\\\/#primaryimage\"},\"thumbnailUrl\":\"https:\\\/\\\/freddymorezon.org\\\/wp-content\\\/uploads\\\/2021\\\/01\\\/Visuel_Foret_FaulknerSongs_Karine-Pain_RVB.jpg\",\"datePublished\":\"2021-01-06T15:43:07+00:00\",\"dateModified\":\"2025-11-10T15:44:06+00:00\",\"breadcrumb\":{\"@id\":\"https:\\\/\\\/freddymorezon.org\\\/label\\\/faulkner-songs\\\/#breadcrumb\"},\"inLanguage\":\"en-US\",\"potentialAction\":[{\"@type\":\"ReadAction\",\"target\":[\"https:\\\/\\\/freddymorezon.org\\\/label\\\/faulkner-songs\\\/\"]}]},{\"@type\":\"ImageObject\",\"inLanguage\":\"en-US\",\"@id\":\"https:\\\/\\\/freddymorezon.org\\\/label\\\/faulkner-songs\\\/#primaryimage\",\"url\":\"https:\\\/\\\/freddymorezon.org\\\/wp-content\\\/uploads\\\/2021\\\/01\\\/Visuel_Foret_FaulknerSongs_Karine-Pain_RVB.jpg\",\"contentUrl\":\"https:\\\/\\\/freddymorezon.org\\\/wp-content\\\/uploads\\\/2021\\\/01\\\/Visuel_Foret_FaulknerSongs_Karine-Pain_RVB.jpg\",\"width\":3720,\"height\":3720},{\"@type\":\"BreadcrumbList\",\"@id\":\"https:\\\/\\\/freddymorezon.org\\\/label\\\/faulkner-songs\\\/#breadcrumb\",\"itemListElement\":[{\"@type\":\"ListItem\",\"position\":1,\"name\":\"Accueil\",\"item\":\"https:\\\/\\\/freddymorezon.org\\\/\"},{\"@type\":\"ListItem\",\"position\":2,\"name\":\"Label\",\"item\":\"https:\\\/\\\/freddymorezon.org\\\/label\\\/\"},{\"@type\":\"ListItem\",\"position\":3,\"name\":\"Faulkner Songs\"}]},{\"@type\":\"WebSite\",\"@id\":\"https:\\\/\\\/freddymorezon.org\\\/#website\",\"url\":\"https:\\\/\\\/freddymorezon.org\\\/\",\"name\":\"Freddy Morezon\",\"description\":\"jazz - musique improvis\u00e9e - esth\u00e9tiques plurielles\",\"publisher\":{\"@id\":\"https:\\\/\\\/freddymorezon.org\\\/#organization\"},\"potentialAction\":[{\"@type\":\"SearchAction\",\"target\":{\"@type\":\"EntryPoint\",\"urlTemplate\":\"https:\\\/\\\/freddymorezon.org\\\/?s={search_term_string}\"},\"query-input\":{\"@type\":\"PropertyValueSpecification\",\"valueRequired\":true,\"valueName\":\"search_term_string\"}}],\"inLanguage\":\"en-US\"},{\"@type\":\"Organization\",\"@id\":\"https:\\\/\\\/freddymorezon.org\\\/#organization\",\"name\":\"Association Freddy Morezon\",\"url\":\"https:\\\/\\\/freddymorezon.org\\\/\",\"logo\":{\"@type\":\"ImageObject\",\"inLanguage\":\"en-US\",\"@id\":\"https:\\\/\\\/freddymorezon.org\\\/#\\\/schema\\\/logo\\\/image\\\/\",\"url\":\"https:\\\/\\\/freddymorezon.org\\\/wp-content\\\/uploads\\\/2016\\\/02\\\/mini-logo-header-site2.jpg\",\"contentUrl\":\"https:\\\/\\\/freddymorezon.org\\\/wp-content\\\/uploads\\\/2016\\\/02\\\/mini-logo-header-site2.jpg\",\"width\":234,\"height\":174,\"caption\":\"Association Freddy Morezon\"},\"image\":{\"@id\":\"https:\\\/\\\/freddymorezon.org\\\/#\\\/schema\\\/logo\\\/image\\\/\"},\"sameAs\":[\"https:\\\/\\\/www.facebook.com\\\/freddy.morezon\\\/\",\"https:\\\/\\\/www.instagram.com\\\/freddymorezon\\\/\",\"https:\\\/\\\/www.youtube.com\\\/user\\\/freddymorezon\",\"https:\\\/\\\/fr.linkedin.com\\\/company\\\/freddy-morezon-p.r.o.d.\"]}]}<\/script>\n<!-- \/ Yoast SEO plugin. -->","yoast_head_json":{"title":"Faulkner Songs | Freddy Morezon","robots":{"index":"index","follow":"follow","max-snippet":"max-snippet:-1","max-image-preview":"max-image-preview:large","max-video-preview":"max-video-preview:-1"},"canonical":"https:\/\/freddymorezon.org\/label\/faulkner-songs\/","og_locale":"en_US","og_type":"article","og_title":"Faulkner Songs | Freddy Morezon","og_description":"[:fr]F\u00e9vrier 2021[:en]February 2021[:]","og_url":"https:\/\/freddymorezon.org\/label\/faulkner-songs\/","og_site_name":"Freddy Morezon","article_publisher":"https:\/\/www.facebook.com\/freddy.morezon\/","article_modified_time":"2025-11-10T15:44:06+00:00","og_image":[{"width":1240,"height":800,"url":"https:\/\/freddymorezon.org\/wp-content\/uploads\/2021\/01\/Visuel_Foret_FaulknerSongs_Karine-Pain_RVB-1240x800.jpg","type":"image\/jpeg"}],"twitter_card":"summary_large_image","schema":{"@context":"https:\/\/schema.org","@graph":[{"@type":"WebPage","@id":"https:\/\/freddymorezon.org\/label\/faulkner-songs\/","url":"https:\/\/freddymorezon.org\/label\/faulkner-songs\/","name":"Faulkner Songs | Freddy Morezon","isPartOf":{"@id":"https:\/\/freddymorezon.org\/#website"},"primaryImageOfPage":{"@id":"https:\/\/freddymorezon.org\/label\/faulkner-songs\/#primaryimage"},"image":{"@id":"https:\/\/freddymorezon.org\/label\/faulkner-songs\/#primaryimage"},"thumbnailUrl":"https:\/\/freddymorezon.org\/wp-content\/uploads\/2021\/01\/Visuel_Foret_FaulknerSongs_Karine-Pain_RVB.jpg","datePublished":"2021-01-06T15:43:07+00:00","dateModified":"2025-11-10T15:44:06+00:00","breadcrumb":{"@id":"https:\/\/freddymorezon.org\/label\/faulkner-songs\/#breadcrumb"},"inLanguage":"en-US","potentialAction":[{"@type":"ReadAction","target":["https:\/\/freddymorezon.org\/label\/faulkner-songs\/"]}]},{"@type":"ImageObject","inLanguage":"en-US","@id":"https:\/\/freddymorezon.org\/label\/faulkner-songs\/#primaryimage","url":"https:\/\/freddymorezon.org\/wp-content\/uploads\/2021\/01\/Visuel_Foret_FaulknerSongs_Karine-Pain_RVB.jpg","contentUrl":"https:\/\/freddymorezon.org\/wp-content\/uploads\/2021\/01\/Visuel_Foret_FaulknerSongs_Karine-Pain_RVB.jpg","width":3720,"height":3720},{"@type":"BreadcrumbList","@id":"https:\/\/freddymorezon.org\/label\/faulkner-songs\/#breadcrumb","itemListElement":[{"@type":"ListItem","position":1,"name":"Accueil","item":"https:\/\/freddymorezon.org\/"},{"@type":"ListItem","position":2,"name":"Label","item":"https:\/\/freddymorezon.org\/label\/"},{"@type":"ListItem","position":3,"name":"Faulkner Songs"}]},{"@type":"WebSite","@id":"https:\/\/freddymorezon.org\/#website","url":"https:\/\/freddymorezon.org\/","name":"Freddy Morezon","description":"jazz - musique improvis\u00e9e - esth\u00e9tiques plurielles","publisher":{"@id":"https:\/\/freddymorezon.org\/#organization"},"potentialAction":[{"@type":"SearchAction","target":{"@type":"EntryPoint","urlTemplate":"https:\/\/freddymorezon.org\/?s={search_term_string}"},"query-input":{"@type":"PropertyValueSpecification","valueRequired":true,"valueName":"search_term_string"}}],"inLanguage":"en-US"},{"@type":"Organization","@id":"https:\/\/freddymorezon.org\/#organization","name":"Association Freddy Morezon","url":"https:\/\/freddymorezon.org\/","logo":{"@type":"ImageObject","inLanguage":"en-US","@id":"https:\/\/freddymorezon.org\/#\/schema\/logo\/image\/","url":"https:\/\/freddymorezon.org\/wp-content\/uploads\/2016\/02\/mini-logo-header-site2.jpg","contentUrl":"https:\/\/freddymorezon.org\/wp-content\/uploads\/2016\/02\/mini-logo-header-site2.jpg","width":234,"height":174,"caption":"Association Freddy Morezon"},"image":{"@id":"https:\/\/freddymorezon.org\/#\/schema\/logo\/image\/"},"sameAs":["https:\/\/www.facebook.com\/freddy.morezon\/","https:\/\/www.instagram.com\/freddymorezon\/","https:\/\/www.youtube.com\/user\/freddymorezon","https:\/\/fr.linkedin.com\/company\/freddy-morezon-p.r.o.d."]}]}},"_links":{"self":[{"href":"https:\/\/freddymorezon.org\/en\/wp-json\/wp\/v2\/pages\/9954","targetHints":{"allow":["GET"]}}],"collection":[{"href":"https:\/\/freddymorezon.org\/en\/wp-json\/wp\/v2\/pages"}],"about":[{"href":"https:\/\/freddymorezon.org\/en\/wp-json\/wp\/v2\/types\/page"}],"author":[{"embeddable":true,"href":"https:\/\/freddymorezon.org\/en\/wp-json\/wp\/v2\/users\/1"}],"replies":[{"embeddable":true,"href":"https:\/\/freddymorezon.org\/en\/wp-json\/wp\/v2\/comments?post=9954"}],"version-history":[{"count":65,"href":"https:\/\/freddymorezon.org\/en\/wp-json\/wp\/v2\/pages\/9954\/revisions"}],"predecessor-version":[{"id":24306,"href":"https:\/\/freddymorezon.org\/en\/wp-json\/wp\/v2\/pages\/9954\/revisions\/24306"}],"up":[{"embeddable":true,"href":"https:\/\/freddymorezon.org\/en\/wp-json\/wp\/v2\/pages\/140"}],"wp:featuredmedia":[{"embeddable":true,"href":"https:\/\/freddymorezon.org\/en\/wp-json\/wp\/v2\/media\/9955"}],"wp:attachment":[{"href":"https:\/\/freddymorezon.org\/en\/wp-json\/wp\/v2\/media?parent=9954"}],"wp:term":[{"taxonomy":"category","embeddable":true,"href":"https:\/\/freddymorezon.org\/en\/wp-json\/wp\/v2\/categories?post=9954"},{"taxonomy":"post_tag","embeddable":true,"href":"https:\/\/freddymorezon.org\/en\/wp-json\/wp\/v2\/tags?post=9954"}],"curies":[{"name":"wp","href":"https:\/\/api.w.org\/{rel}","templated":true}]}}