
{"id":21610,"date":"2025-01-13T13:32:17","date_gmt":"2025-01-13T11:32:17","guid":{"rendered":"https:\/\/freddymorezon.org\/?post_type=product&#038;p=21610"},"modified":"2025-12-11T10:17:08","modified_gmt":"2025-12-11T08:17:08","slug":"passe-montagne-cd","status":"publish","type":"product","link":"https:\/\/freddymorezon.org\/en\/produit\/passe-montagne-cd\/","title":{"rendered":"Passe Montagne &#8211; CD"},"content":{"rendered":"<p>Surnom d\u2019un passeur de fronti\u00e8re imaginaire et d\u2019une cagoule aux airs zapatistes,\u00a0Passe Montagne\u00a0fait \u00e9cho aux chemins de traverse et \u00e0 l\u2019envie l\u00e9g\u00e8re d\u2019aller voir ce qui se trame de l\u2019autre c\u00f4t\u00e9 de la cr\u00eate.<br \/>\nBourr\u00e9es en hommage \u00e0 Ornette Coleman, grooves du bayou cajun issus d\u2019une vague de cliquetis bruitistes, ballades \u00e9voquant de vastes landes suivies de reels au bord du pr\u00e9cipice :\u00a0Bedmakers\u00a0se joue et joue avec tout, cherchant la joie, la faille ou la transe selon l\u2019envie du moment. Ici, seul compte le d\u00e9sir de libert\u00e9 et de surprise propre aux musiques de l\u2019instant, conjugu\u00e9 \u00e0 un r\u00e9pertoire aux multiples paysages sonores.<br \/>\nLe r\u00e9sultat est un kal\u00e9idoscope musical dans lequel le son du groupe pr\u00e9vaut sur les voix individuelles, au service d\u2019un r\u00e9cit partag\u00e9 et partageur.<\/p>\n","protected":false},"excerpt":{"rendered":"<p>Surnom d\u2019un passeur de fronti\u00e8re imaginaire et d\u2019une cagoule aux airs zapatistes,\u00a0Passe Montagne\u00a0fait \u00e9cho aux chemins de traverse et \u00e0 l\u2019envie l\u00e9g\u00e8re d\u2019aller voir ce qui se trame de l\u2019autre c\u00f4t\u00e9 de la cr\u00eate. Bourr\u00e9es en hommage \u00e0 Ornette Coleman, grooves du bayou cajun issus d\u2019une vague de cliquetis bruitistes, ballades \u00e9voquant de vastes landes&hellip;<\/p>\n<p><a class=\"more-link\" href=\"https:\/\/freddymorezon.org\/en\/produit\/passe-montagne-cd\/\" title=\"Continue reading &lsquo;Passe Montagne &#8211; CD&rsquo;\">Continue reading <span class=\"meta-nav\">&rarr;<\/span><\/a><\/p>\n","protected":false},"featured_media":21603,"comment_status":"closed","ping_status":"closed","template":"","meta":{"om_disable_all_campaigns":false,"_monsterinsights_skip_tracking":false,"_monsterinsights_sitenote_active":false,"_monsterinsights_sitenote_note":"","_monsterinsights_sitenote_category":0,"_uf_show_specific_survey":0,"_uf_disable_surveys":false},"product_brand":[],"product_cat":[562],"product_tag":[],"class_list":{"0":"post-21610","1":"product","2":"type-product","3":"status-publish","4":"has-post-thumbnail","6":"product_cat-label-mr-morezon","7":"product_shipping_class-cd","9":"first","10":"instock","11":"taxable","12":"shipping-taxable","13":"purchasable","14":"product-type-simple"},"aioseo_notices":[],"yoast_head":"<!-- This site is optimized with the Yoast SEO plugin v27.3 - https:\/\/yoast.com\/product\/yoast-seo-wordpress\/ -->\n<title>Passe Montagne - CD | Freddy Morezon<\/title>\n<meta name=\"description\" content=\"Passe Montagne album Bedmakers Robin Fincker Mathieu Werchowski Fabien Duscombs Dave Kane - Label Mr Morezon - Distribution L&#039;Autre Distribution\" \/>\n<meta name=\"robots\" content=\"noindex, follow\" \/>\n<meta property=\"og:locale\" content=\"en_US\" \/>\n<meta property=\"og:type\" content=\"article\" \/>\n<meta property=\"og:title\" content=\"Passe Montagne - CD | Freddy Morezon\" \/>\n<meta property=\"og:description\" content=\"Passe Montagne album Bedmakers Robin Fincker Mathieu Werchowski Fabien Duscombs Dave Kane - Label Mr Morezon - Distribution L&#039;Autre Distribution\" \/>\n<meta property=\"og:url\" content=\"https:\/\/freddymorezon.org\/produit\/passe-montagne-cd\/\" \/>\n<meta property=\"og:site_name\" content=\"Freddy Morezon\" \/>\n<meta property=\"article:publisher\" content=\"https:\/\/www.facebook.com\/freddy.morezon\/\" \/>\n<meta property=\"article:modified_time\" content=\"2025-12-11T08:17:08+00:00\" \/>\n<meta property=\"og:image\" content=\"https:\/\/freddymorezon.org\/wp-content\/uploads\/2025\/01\/LAYOUTDIGIPACK_BEDMAKERS-Passe_Montagne-copie.jpg\" \/>\n\t<meta property=\"og:image:width\" content=\"1683\" \/>\n\t<meta property=\"og:image:height\" content=\"1511\" \/>\n\t<meta property=\"og:image:type\" content=\"image\/jpeg\" \/>\n<meta name=\"twitter:card\" content=\"summary_large_image\" \/>\n<script type=\"application\/ld+json\" class=\"yoast-schema-graph\">{\"@context\":\"https:\\\/\\\/schema.org\",\"@graph\":[{\"@type\":\"WebPage\",\"@id\":\"https:\\\/\\\/freddymorezon.org\\\/produit\\\/passe-montagne-cd\\\/\",\"url\":\"https:\\\/\\\/freddymorezon.org\\\/produit\\\/passe-montagne-cd\\\/\",\"name\":\"Passe Montagne - CD | Freddy Morezon\",\"isPartOf\":{\"@id\":\"https:\\\/\\\/freddymorezon.org\\\/#website\"},\"primaryImageOfPage\":{\"@id\":\"https:\\\/\\\/freddymorezon.org\\\/produit\\\/passe-montagne-cd\\\/#primaryimage\"},\"image\":{\"@id\":\"https:\\\/\\\/freddymorezon.org\\\/produit\\\/passe-montagne-cd\\\/#primaryimage\"},\"thumbnailUrl\":\"https:\\\/\\\/freddymorezon.org\\\/wp-content\\\/uploads\\\/2025\\\/01\\\/LAYOUTDIGIPACK_BEDMAKERS-Passe_Montagne-copie.jpg\",\"datePublished\":\"2025-01-13T11:32:17+00:00\",\"dateModified\":\"2025-12-11T08:17:08+00:00\",\"description\":\"Passe Montagne album Bedmakers Robin Fincker Mathieu Werchowski Fabien Duscombs Dave Kane - Label Mr Morezon - Distribution L'Autre Distribution\",\"breadcrumb\":{\"@id\":\"https:\\\/\\\/freddymorezon.org\\\/produit\\\/passe-montagne-cd\\\/#breadcrumb\"},\"inLanguage\":\"en-US\",\"potentialAction\":[{\"@type\":\"ReadAction\",\"target\":[\"https:\\\/\\\/freddymorezon.org\\\/produit\\\/passe-montagne-cd\\\/\"]}]},{\"@type\":\"ImageObject\",\"inLanguage\":\"en-US\",\"@id\":\"https:\\\/\\\/freddymorezon.org\\\/produit\\\/passe-montagne-cd\\\/#primaryimage\",\"url\":\"https:\\\/\\\/freddymorezon.org\\\/wp-content\\\/uploads\\\/2025\\\/01\\\/LAYOUTDIGIPACK_BEDMAKERS-Passe_Montagne-copie.jpg\",\"contentUrl\":\"https:\\\/\\\/freddymorezon.org\\\/wp-content\\\/uploads\\\/2025\\\/01\\\/LAYOUTDIGIPACK_BEDMAKERS-Passe_Montagne-copie.jpg\",\"width\":1683,\"height\":1511},{\"@type\":\"BreadcrumbList\",\"@id\":\"https:\\\/\\\/freddymorezon.org\\\/produit\\\/passe-montagne-cd\\\/#breadcrumb\",\"itemListElement\":[{\"@type\":\"ListItem\",\"position\":1,\"name\":\"Accueil\",\"item\":\"https:\\\/\\\/freddymorezon.org\\\/\"},{\"@type\":\"ListItem\",\"position\":2,\"name\":\"Boutique\",\"item\":\"https:\\\/\\\/freddymorezon.org\\\/en\\\/boutique\\\/\"},{\"@type\":\"ListItem\",\"position\":3,\"name\":\"Passe Montagne &#8211; CD\"}]},{\"@type\":\"WebSite\",\"@id\":\"https:\\\/\\\/freddymorezon.org\\\/#website\",\"url\":\"https:\\\/\\\/freddymorezon.org\\\/\",\"name\":\"Freddy Morezon\",\"description\":\"jazz - musique improvis\u00e9e - esth\u00e9tiques plurielles\",\"publisher\":{\"@id\":\"https:\\\/\\\/freddymorezon.org\\\/#organization\"},\"potentialAction\":[{\"@type\":\"SearchAction\",\"target\":{\"@type\":\"EntryPoint\",\"urlTemplate\":\"https:\\\/\\\/freddymorezon.org\\\/?s={search_term_string}\"},\"query-input\":{\"@type\":\"PropertyValueSpecification\",\"valueRequired\":true,\"valueName\":\"search_term_string\"}}],\"inLanguage\":\"en-US\"},{\"@type\":\"Organization\",\"@id\":\"https:\\\/\\\/freddymorezon.org\\\/#organization\",\"name\":\"Association Freddy Morezon\",\"url\":\"https:\\\/\\\/freddymorezon.org\\\/\",\"logo\":{\"@type\":\"ImageObject\",\"inLanguage\":\"en-US\",\"@id\":\"https:\\\/\\\/freddymorezon.org\\\/#\\\/schema\\\/logo\\\/image\\\/\",\"url\":\"https:\\\/\\\/freddymorezon.org\\\/wp-content\\\/uploads\\\/2016\\\/02\\\/mini-logo-header-site2.jpg\",\"contentUrl\":\"https:\\\/\\\/freddymorezon.org\\\/wp-content\\\/uploads\\\/2016\\\/02\\\/mini-logo-header-site2.jpg\",\"width\":234,\"height\":174,\"caption\":\"Association Freddy Morezon\"},\"image\":{\"@id\":\"https:\\\/\\\/freddymorezon.org\\\/#\\\/schema\\\/logo\\\/image\\\/\"},\"sameAs\":[\"https:\\\/\\\/www.facebook.com\\\/freddy.morezon\\\/\",\"https:\\\/\\\/www.instagram.com\\\/freddymorezon\\\/\",\"https:\\\/\\\/www.youtube.com\\\/user\\\/freddymorezon\",\"https:\\\/\\\/fr.linkedin.com\\\/company\\\/freddy-morezon-p.r.o.d.\"]}]}<\/script>\n<!-- \/ Yoast SEO plugin. -->","yoast_head_json":{"title":"Passe Montagne - CD | Freddy Morezon","description":"Passe Montagne album Bedmakers Robin Fincker Mathieu Werchowski Fabien Duscombs Dave Kane - Label Mr Morezon - Distribution L'Autre Distribution","robots":{"index":"noindex","follow":"follow"},"og_locale":"en_US","og_type":"article","og_title":"Passe Montagne - CD | Freddy Morezon","og_description":"Passe Montagne album Bedmakers Robin Fincker Mathieu Werchowski Fabien Duscombs Dave Kane - Label Mr Morezon - Distribution L'Autre Distribution","og_url":"https:\/\/freddymorezon.org\/produit\/passe-montagne-cd\/","og_site_name":"Freddy Morezon","article_publisher":"https:\/\/www.facebook.com\/freddy.morezon\/","article_modified_time":"2025-12-11T08:17:08+00:00","og_image":[{"width":1683,"height":1511,"url":"https:\/\/freddymorezon.org\/wp-content\/uploads\/2025\/01\/LAYOUTDIGIPACK_BEDMAKERS-Passe_Montagne-copie.jpg","type":"image\/jpeg"}],"twitter_card":"summary_large_image","schema":{"@context":"https:\/\/schema.org","@graph":[{"@type":"WebPage","@id":"https:\/\/freddymorezon.org\/produit\/passe-montagne-cd\/","url":"https:\/\/freddymorezon.org\/produit\/passe-montagne-cd\/","name":"Passe Montagne - CD | Freddy Morezon","isPartOf":{"@id":"https:\/\/freddymorezon.org\/#website"},"primaryImageOfPage":{"@id":"https:\/\/freddymorezon.org\/produit\/passe-montagne-cd\/#primaryimage"},"image":{"@id":"https:\/\/freddymorezon.org\/produit\/passe-montagne-cd\/#primaryimage"},"thumbnailUrl":"https:\/\/freddymorezon.org\/wp-content\/uploads\/2025\/01\/LAYOUTDIGIPACK_BEDMAKERS-Passe_Montagne-copie.jpg","datePublished":"2025-01-13T11:32:17+00:00","dateModified":"2025-12-11T08:17:08+00:00","description":"Passe Montagne album Bedmakers Robin Fincker Mathieu Werchowski Fabien Duscombs Dave Kane - Label Mr Morezon - Distribution L'Autre Distribution","breadcrumb":{"@id":"https:\/\/freddymorezon.org\/produit\/passe-montagne-cd\/#breadcrumb"},"inLanguage":"en-US","potentialAction":[{"@type":"ReadAction","target":["https:\/\/freddymorezon.org\/produit\/passe-montagne-cd\/"]}]},{"@type":"ImageObject","inLanguage":"en-US","@id":"https:\/\/freddymorezon.org\/produit\/passe-montagne-cd\/#primaryimage","url":"https:\/\/freddymorezon.org\/wp-content\/uploads\/2025\/01\/LAYOUTDIGIPACK_BEDMAKERS-Passe_Montagne-copie.jpg","contentUrl":"https:\/\/freddymorezon.org\/wp-content\/uploads\/2025\/01\/LAYOUTDIGIPACK_BEDMAKERS-Passe_Montagne-copie.jpg","width":1683,"height":1511},{"@type":"BreadcrumbList","@id":"https:\/\/freddymorezon.org\/produit\/passe-montagne-cd\/#breadcrumb","itemListElement":[{"@type":"ListItem","position":1,"name":"Accueil","item":"https:\/\/freddymorezon.org\/"},{"@type":"ListItem","position":2,"name":"Boutique","item":"https:\/\/freddymorezon.org\/en\/boutique\/"},{"@type":"ListItem","position":3,"name":"Passe Montagne &#8211; CD"}]},{"@type":"WebSite","@id":"https:\/\/freddymorezon.org\/#website","url":"https:\/\/freddymorezon.org\/","name":"Freddy Morezon","description":"jazz - musique improvis\u00e9e - esth\u00e9tiques plurielles","publisher":{"@id":"https:\/\/freddymorezon.org\/#organization"},"potentialAction":[{"@type":"SearchAction","target":{"@type":"EntryPoint","urlTemplate":"https:\/\/freddymorezon.org\/?s={search_term_string}"},"query-input":{"@type":"PropertyValueSpecification","valueRequired":true,"valueName":"search_term_string"}}],"inLanguage":"en-US"},{"@type":"Organization","@id":"https:\/\/freddymorezon.org\/#organization","name":"Association Freddy Morezon","url":"https:\/\/freddymorezon.org\/","logo":{"@type":"ImageObject","inLanguage":"en-US","@id":"https:\/\/freddymorezon.org\/#\/schema\/logo\/image\/","url":"https:\/\/freddymorezon.org\/wp-content\/uploads\/2016\/02\/mini-logo-header-site2.jpg","contentUrl":"https:\/\/freddymorezon.org\/wp-content\/uploads\/2016\/02\/mini-logo-header-site2.jpg","width":234,"height":174,"caption":"Association Freddy Morezon"},"image":{"@id":"https:\/\/freddymorezon.org\/#\/schema\/logo\/image\/"},"sameAs":["https:\/\/www.facebook.com\/freddy.morezon\/","https:\/\/www.instagram.com\/freddymorezon\/","https:\/\/www.youtube.com\/user\/freddymorezon","https:\/\/fr.linkedin.com\/company\/freddy-morezon-p.r.o.d."]}]}},"_links":{"self":[{"href":"https:\/\/freddymorezon.org\/en\/wp-json\/wp\/v2\/product\/21610","targetHints":{"allow":["GET"]}}],"collection":[{"href":"https:\/\/freddymorezon.org\/en\/wp-json\/wp\/v2\/product"}],"about":[{"href":"https:\/\/freddymorezon.org\/en\/wp-json\/wp\/v2\/types\/product"}],"replies":[{"embeddable":true,"href":"https:\/\/freddymorezon.org\/en\/wp-json\/wp\/v2\/comments?post=21610"}],"wp:featuredmedia":[{"embeddable":true,"href":"https:\/\/freddymorezon.org\/en\/wp-json\/wp\/v2\/media\/21603"}],"wp:attachment":[{"href":"https:\/\/freddymorezon.org\/en\/wp-json\/wp\/v2\/media?parent=21610"}],"wp:term":[{"taxonomy":"product_brand","embeddable":true,"href":"https:\/\/freddymorezon.org\/en\/wp-json\/wp\/v2\/product_brand?post=21610"},{"taxonomy":"product_cat","embeddable":true,"href":"https:\/\/freddymorezon.org\/en\/wp-json\/wp\/v2\/product_cat?post=21610"},{"taxonomy":"product_tag","embeddable":true,"href":"https:\/\/freddymorezon.org\/en\/wp-json\/wp\/v2\/product_tag?post=21610"}],"curies":[{"name":"wp","href":"https:\/\/api.w.org\/{rel}","templated":true}]}}