
{"id":23367,"date":"2025-06-26T15:41:09","date_gmt":"2025-06-26T13:41:09","guid":{"rendered":"https:\/\/freddymorezon.org\/?post_type=product&#038;p=23367"},"modified":"2025-12-11T10:23:41","modified_gmt":"2025-12-11T08:23:41","slug":"reservoir-vinyle","status":"publish","type":"product","link":"https:\/\/freddymorezon.org\/en\/produit\/reservoir-vinyle\/","title":{"rendered":"R\u00e9servoir &#8211; Vinyle"},"content":{"rendered":"<p>Florian Nastorg porte un projet solo, SEUL.<br \/>\nIl sort un album intitul\u00e9 R\u00c9SERVOIR.<\/p>\n<p>Le disque tire son nom de l\u2019Ancien R\u00e9servoir Guilhem\u00e9ry \u00e0 Toulouse dans lequel il a \u00e9t\u00e9 enregistr\u00e9, ainsi que des chansons et ritournelles qui y sont jou\u00e9es et qui constituent pour Florian Nastorg un r\u00e9servoir d\u2019exp\u00e9riences, de liens tiss\u00e9s, de bouts de vie qu\u2019il \u00e9voque ici en filigrane par le prisme de l\u2019improvisation.<\/p>\n<p>Le r\u00e9pertoire a \u00e9t\u00e9 glan\u00e9 \u00e7a et l\u00e0 au fil des ans et des rencontres. Il vient perp\u00e9tuer le lien avec des personnes disparues qui ont compt\u00e9 et c\u00e9l\u00e8bre \u00e9galement des relations toujours vivaces avec des \u00eatres bien vivants.<\/p>\n<p>Par son approche physique des mati\u00e8res sonores, l\u2019instrumentiste malaxe le mat\u00e9riau m\u00e9lodique comme pour en sortir la mo\u00eblle. Les sons bruts de l\u2019instrument cisel\u00e9s du bout de l\u2019anche et les ritournelles s\u2019appr\u00e9hendent, tant\u00f4t se confrontent, tant\u00f4t fusionnent. Il en r\u00e9sulte une musique suspendue, sculpturale, aux accents doom, dans laquelle les murs et les \u00e2mes jouent autant que le saxophone.<\/p>\n","protected":false},"excerpt":{"rendered":"<p>Vinyle &#8211; 6 pistes<\/p>\n","protected":false},"featured_media":23077,"comment_status":"closed","ping_status":"closed","template":"","meta":{"om_disable_all_campaigns":false,"_monsterinsights_skip_tracking":false,"_monsterinsights_sitenote_active":false,"_monsterinsights_sitenote_note":"","_monsterinsights_sitenote_category":0,"_uf_show_specific_survey":0,"_uf_disable_surveys":false},"product_brand":[],"product_cat":[562],"product_tag":[],"class_list":{"0":"post-23367","1":"product","2":"type-product","3":"status-publish","4":"has-post-thumbnail","6":"product_cat-label-mr-morezon","7":"product_shipping_class-vinyle","9":"first","10":"instock","11":"taxable","12":"shipping-taxable","13":"purchasable","14":"product-type-simple"},"aioseo_notices":[],"yoast_head":"<!-- This site is optimized with the Yoast SEO plugin v27.3 - https:\/\/yoast.com\/product\/yoast-seo-wordpress\/ -->\n<title>R\u00e9servoir - Vinyle | Freddy Morezon<\/title>\n<meta name=\"description\" content=\"Passe Montagne album Bedmakers Robin Fincker Mathieu Werchowski Fabien Duscombs Dave Kane - Label Mr Morezon - Distribution L&#039;Autre Distribution\" \/>\n<meta name=\"robots\" content=\"noindex, follow\" \/>\n<meta property=\"og:locale\" content=\"en_US\" \/>\n<meta property=\"og:type\" content=\"article\" \/>\n<meta property=\"og:title\" content=\"R\u00e9servoir - Vinyle | Freddy Morezon\" \/>\n<meta property=\"og:description\" content=\"Passe Montagne album Bedmakers Robin Fincker Mathieu Werchowski Fabien Duscombs Dave Kane - Label Mr Morezon - Distribution L&#039;Autre Distribution\" \/>\n<meta property=\"og:url\" content=\"https:\/\/freddymorezon.org\/produit\/reservoir-vinyle\/\" \/>\n<meta property=\"og:site_name\" content=\"Freddy Morezon\" \/>\n<meta property=\"article:publisher\" content=\"https:\/\/www.facebook.com\/freddy.morezon\/\" \/>\n<meta property=\"article:modified_time\" content=\"2025-12-11T08:23:41+00:00\" \/>\n<meta property=\"og:image\" content=\"https:\/\/freddymorezon.org\/wp-content\/uploads\/2025\/06\/Florian-Nastorg-pochette_06_1500-1-1240x800.jpg\" \/>\n\t<meta property=\"og:image:width\" content=\"1240\" \/>\n\t<meta property=\"og:image:height\" content=\"800\" \/>\n\t<meta property=\"og:image:type\" content=\"image\/jpeg\" \/>\n<meta name=\"twitter:card\" content=\"summary_large_image\" \/>\n<script type=\"application\/ld+json\" class=\"yoast-schema-graph\">{\"@context\":\"https:\\\/\\\/schema.org\",\"@graph\":[{\"@type\":\"WebPage\",\"@id\":\"https:\\\/\\\/freddymorezon.org\\\/produit\\\/reservoir-vinyle\\\/\",\"url\":\"https:\\\/\\\/freddymorezon.org\\\/produit\\\/reservoir-vinyle\\\/\",\"name\":\"R\u00e9servoir - Vinyle | Freddy Morezon\",\"isPartOf\":{\"@id\":\"https:\\\/\\\/freddymorezon.org\\\/#website\"},\"primaryImageOfPage\":{\"@id\":\"https:\\\/\\\/freddymorezon.org\\\/produit\\\/reservoir-vinyle\\\/#primaryimage\"},\"image\":{\"@id\":\"https:\\\/\\\/freddymorezon.org\\\/produit\\\/reservoir-vinyle\\\/#primaryimage\"},\"thumbnailUrl\":\"https:\\\/\\\/freddymorezon.org\\\/wp-content\\\/uploads\\\/2025\\\/06\\\/Florian-Nastorg-pochette_06_1500-1.jpg\",\"datePublished\":\"2025-06-26T13:41:09+00:00\",\"dateModified\":\"2025-12-11T08:23:41+00:00\",\"description\":\"Passe Montagne album Bedmakers Robin Fincker Mathieu Werchowski Fabien Duscombs Dave Kane - Label Mr Morezon - Distribution L'Autre Distribution\",\"breadcrumb\":{\"@id\":\"https:\\\/\\\/freddymorezon.org\\\/produit\\\/reservoir-vinyle\\\/#breadcrumb\"},\"inLanguage\":\"en-US\",\"potentialAction\":[{\"@type\":\"ReadAction\",\"target\":[\"https:\\\/\\\/freddymorezon.org\\\/produit\\\/reservoir-vinyle\\\/\"]}]},{\"@type\":\"ImageObject\",\"inLanguage\":\"en-US\",\"@id\":\"https:\\\/\\\/freddymorezon.org\\\/produit\\\/reservoir-vinyle\\\/#primaryimage\",\"url\":\"https:\\\/\\\/freddymorezon.org\\\/wp-content\\\/uploads\\\/2025\\\/06\\\/Florian-Nastorg-pochette_06_1500-1.jpg\",\"contentUrl\":\"https:\\\/\\\/freddymorezon.org\\\/wp-content\\\/uploads\\\/2025\\\/06\\\/Florian-Nastorg-pochette_06_1500-1.jpg\",\"width\":1514,\"height\":1500},{\"@type\":\"BreadcrumbList\",\"@id\":\"https:\\\/\\\/freddymorezon.org\\\/produit\\\/reservoir-vinyle\\\/#breadcrumb\",\"itemListElement\":[{\"@type\":\"ListItem\",\"position\":1,\"name\":\"Accueil\",\"item\":\"https:\\\/\\\/freddymorezon.org\\\/\"},{\"@type\":\"ListItem\",\"position\":2,\"name\":\"Boutique\",\"item\":\"https:\\\/\\\/freddymorezon.org\\\/en\\\/boutique\\\/\"},{\"@type\":\"ListItem\",\"position\":3,\"name\":\"R\u00e9servoir &#8211; Vinyle\"}]},{\"@type\":\"WebSite\",\"@id\":\"https:\\\/\\\/freddymorezon.org\\\/#website\",\"url\":\"https:\\\/\\\/freddymorezon.org\\\/\",\"name\":\"Freddy Morezon\",\"description\":\"jazz - musique improvis\u00e9e - esth\u00e9tiques plurielles\",\"publisher\":{\"@id\":\"https:\\\/\\\/freddymorezon.org\\\/#organization\"},\"potentialAction\":[{\"@type\":\"SearchAction\",\"target\":{\"@type\":\"EntryPoint\",\"urlTemplate\":\"https:\\\/\\\/freddymorezon.org\\\/?s={search_term_string}\"},\"query-input\":{\"@type\":\"PropertyValueSpecification\",\"valueRequired\":true,\"valueName\":\"search_term_string\"}}],\"inLanguage\":\"en-US\"},{\"@type\":\"Organization\",\"@id\":\"https:\\\/\\\/freddymorezon.org\\\/#organization\",\"name\":\"Association Freddy Morezon\",\"url\":\"https:\\\/\\\/freddymorezon.org\\\/\",\"logo\":{\"@type\":\"ImageObject\",\"inLanguage\":\"en-US\",\"@id\":\"https:\\\/\\\/freddymorezon.org\\\/#\\\/schema\\\/logo\\\/image\\\/\",\"url\":\"https:\\\/\\\/freddymorezon.org\\\/wp-content\\\/uploads\\\/2016\\\/02\\\/mini-logo-header-site2.jpg\",\"contentUrl\":\"https:\\\/\\\/freddymorezon.org\\\/wp-content\\\/uploads\\\/2016\\\/02\\\/mini-logo-header-site2.jpg\",\"width\":234,\"height\":174,\"caption\":\"Association Freddy Morezon\"},\"image\":{\"@id\":\"https:\\\/\\\/freddymorezon.org\\\/#\\\/schema\\\/logo\\\/image\\\/\"},\"sameAs\":[\"https:\\\/\\\/www.facebook.com\\\/freddy.morezon\\\/\",\"https:\\\/\\\/www.instagram.com\\\/freddymorezon\\\/\",\"https:\\\/\\\/www.youtube.com\\\/user\\\/freddymorezon\",\"https:\\\/\\\/fr.linkedin.com\\\/company\\\/freddy-morezon-p.r.o.d.\"]}]}<\/script>\n<!-- \/ Yoast SEO plugin. -->","yoast_head_json":{"title":"R\u00e9servoir - Vinyle | Freddy Morezon","description":"Passe Montagne album Bedmakers Robin Fincker Mathieu Werchowski Fabien Duscombs Dave Kane - Label Mr Morezon - Distribution L'Autre Distribution","robots":{"index":"noindex","follow":"follow"},"og_locale":"en_US","og_type":"article","og_title":"R\u00e9servoir - Vinyle | Freddy Morezon","og_description":"Passe Montagne album Bedmakers Robin Fincker Mathieu Werchowski Fabien Duscombs Dave Kane - Label Mr Morezon - Distribution L'Autre Distribution","og_url":"https:\/\/freddymorezon.org\/produit\/reservoir-vinyle\/","og_site_name":"Freddy Morezon","article_publisher":"https:\/\/www.facebook.com\/freddy.morezon\/","article_modified_time":"2025-12-11T08:23:41+00:00","og_image":[{"width":1240,"height":800,"url":"https:\/\/freddymorezon.org\/wp-content\/uploads\/2025\/06\/Florian-Nastorg-pochette_06_1500-1-1240x800.jpg","type":"image\/jpeg"}],"twitter_card":"summary_large_image","schema":{"@context":"https:\/\/schema.org","@graph":[{"@type":"WebPage","@id":"https:\/\/freddymorezon.org\/produit\/reservoir-vinyle\/","url":"https:\/\/freddymorezon.org\/produit\/reservoir-vinyle\/","name":"R\u00e9servoir - Vinyle | Freddy Morezon","isPartOf":{"@id":"https:\/\/freddymorezon.org\/#website"},"primaryImageOfPage":{"@id":"https:\/\/freddymorezon.org\/produit\/reservoir-vinyle\/#primaryimage"},"image":{"@id":"https:\/\/freddymorezon.org\/produit\/reservoir-vinyle\/#primaryimage"},"thumbnailUrl":"https:\/\/freddymorezon.org\/wp-content\/uploads\/2025\/06\/Florian-Nastorg-pochette_06_1500-1.jpg","datePublished":"2025-06-26T13:41:09+00:00","dateModified":"2025-12-11T08:23:41+00:00","description":"Passe Montagne album Bedmakers Robin Fincker Mathieu Werchowski Fabien Duscombs Dave Kane - Label Mr Morezon - Distribution L'Autre Distribution","breadcrumb":{"@id":"https:\/\/freddymorezon.org\/produit\/reservoir-vinyle\/#breadcrumb"},"inLanguage":"en-US","potentialAction":[{"@type":"ReadAction","target":["https:\/\/freddymorezon.org\/produit\/reservoir-vinyle\/"]}]},{"@type":"ImageObject","inLanguage":"en-US","@id":"https:\/\/freddymorezon.org\/produit\/reservoir-vinyle\/#primaryimage","url":"https:\/\/freddymorezon.org\/wp-content\/uploads\/2025\/06\/Florian-Nastorg-pochette_06_1500-1.jpg","contentUrl":"https:\/\/freddymorezon.org\/wp-content\/uploads\/2025\/06\/Florian-Nastorg-pochette_06_1500-1.jpg","width":1514,"height":1500},{"@type":"BreadcrumbList","@id":"https:\/\/freddymorezon.org\/produit\/reservoir-vinyle\/#breadcrumb","itemListElement":[{"@type":"ListItem","position":1,"name":"Accueil","item":"https:\/\/freddymorezon.org\/"},{"@type":"ListItem","position":2,"name":"Boutique","item":"https:\/\/freddymorezon.org\/en\/boutique\/"},{"@type":"ListItem","position":3,"name":"R\u00e9servoir &#8211; Vinyle"}]},{"@type":"WebSite","@id":"https:\/\/freddymorezon.org\/#website","url":"https:\/\/freddymorezon.org\/","name":"Freddy Morezon","description":"jazz - musique improvis\u00e9e - esth\u00e9tiques plurielles","publisher":{"@id":"https:\/\/freddymorezon.org\/#organization"},"potentialAction":[{"@type":"SearchAction","target":{"@type":"EntryPoint","urlTemplate":"https:\/\/freddymorezon.org\/?s={search_term_string}"},"query-input":{"@type":"PropertyValueSpecification","valueRequired":true,"valueName":"search_term_string"}}],"inLanguage":"en-US"},{"@type":"Organization","@id":"https:\/\/freddymorezon.org\/#organization","name":"Association Freddy Morezon","url":"https:\/\/freddymorezon.org\/","logo":{"@type":"ImageObject","inLanguage":"en-US","@id":"https:\/\/freddymorezon.org\/#\/schema\/logo\/image\/","url":"https:\/\/freddymorezon.org\/wp-content\/uploads\/2016\/02\/mini-logo-header-site2.jpg","contentUrl":"https:\/\/freddymorezon.org\/wp-content\/uploads\/2016\/02\/mini-logo-header-site2.jpg","width":234,"height":174,"caption":"Association Freddy Morezon"},"image":{"@id":"https:\/\/freddymorezon.org\/#\/schema\/logo\/image\/"},"sameAs":["https:\/\/www.facebook.com\/freddy.morezon\/","https:\/\/www.instagram.com\/freddymorezon\/","https:\/\/www.youtube.com\/user\/freddymorezon","https:\/\/fr.linkedin.com\/company\/freddy-morezon-p.r.o.d."]}]}},"_links":{"self":[{"href":"https:\/\/freddymorezon.org\/en\/wp-json\/wp\/v2\/product\/23367","targetHints":{"allow":["GET"]}}],"collection":[{"href":"https:\/\/freddymorezon.org\/en\/wp-json\/wp\/v2\/product"}],"about":[{"href":"https:\/\/freddymorezon.org\/en\/wp-json\/wp\/v2\/types\/product"}],"replies":[{"embeddable":true,"href":"https:\/\/freddymorezon.org\/en\/wp-json\/wp\/v2\/comments?post=23367"}],"wp:featuredmedia":[{"embeddable":true,"href":"https:\/\/freddymorezon.org\/en\/wp-json\/wp\/v2\/media\/23077"}],"wp:attachment":[{"href":"https:\/\/freddymorezon.org\/en\/wp-json\/wp\/v2\/media?parent=23367"}],"wp:term":[{"taxonomy":"product_brand","embeddable":true,"href":"https:\/\/freddymorezon.org\/en\/wp-json\/wp\/v2\/product_brand?post=23367"},{"taxonomy":"product_cat","embeddable":true,"href":"https:\/\/freddymorezon.org\/en\/wp-json\/wp\/v2\/product_cat?post=23367"},{"taxonomy":"product_tag","embeddable":true,"href":"https:\/\/freddymorezon.org\/en\/wp-json\/wp\/v2\/product_tag?post=23367"}],"curies":[{"name":"wp","href":"https:\/\/api.w.org\/{rel}","templated":true}]}}