
{"id":23981,"date":"2025-10-14T14:12:48","date_gmt":"2025-10-14T12:12:48","guid":{"rendered":"https:\/\/freddymorezon.org\/?post_type=product&#038;p=23981"},"modified":"2025-12-11T10:21:54","modified_gmt":"2025-12-11T08:21:54","slug":"ravage-cd","status":"publish","type":"product","link":"https:\/\/freddymorezon.org\/en\/produit\/ravage-cd\/","title":{"rendered":"RAVAGE &#8211; CD"},"content":{"rendered":"<p>Trio de l&#8217;\u00e9trange dans cette composition inhabituelle, cordes et peaux qui renvoie aux vieux folklores, o\u00f9 le fiddle et le tambour marquaient la danse, ici rendus \u00e0 l&#8217;esprit du rock qui anime Ravage, et \u00e7a cogne, frappe, scie, projette le son dans l&#8217;espace, parfois revient au calme, \u00e0 l&#8217;attente, se laisse impr\u00e9gner de l&#8217;\u00e9cho persistant des notes mourantes pour reprendre, partir encore.<\/p>\n<p>&#8221; Tissage de cordes martel\u00e9es lib\u00e9rant la musique. Un bel album de rock.&#8221; Michel Henritzi dans Revue et corrig\u00e9e<\/p>\n<p>Album by S\u00e9rotine Records and Mr Morezon<\/p>\n","protected":false},"excerpt":{"rendered":"<p>Trio de l&#8217;\u00e9trange dans cette composition inhabituelle, cordes et peaux qui renvoie aux vieux folklores, o\u00f9 le fiddle et le tambour marquaient la danse, ici rendus \u00e0 l&#8217;esprit du rock qui anime Ravage, et \u00e7a cogne, frappe, scie, projette le son dans l&#8217;espace, parfois revient au calme, \u00e0 l&#8217;attente, se laisse impr\u00e9gner de l&#8217;\u00e9cho persistant&hellip;<\/p>\n<p><a class=\"more-link\" href=\"https:\/\/freddymorezon.org\/en\/produit\/ravage-cd\/\" title=\"Continue reading &lsquo;RAVAGE &#8211; CD&rsquo;\">Continue reading <span class=\"meta-nav\">&rarr;<\/span><\/a><\/p>\n","protected":false},"featured_media":23977,"comment_status":"closed","ping_status":"closed","template":"","meta":{"om_disable_all_campaigns":false,"_monsterinsights_skip_tracking":false,"_monsterinsights_sitenote_active":false,"_monsterinsights_sitenote_note":"","_monsterinsights_sitenote_category":0,"_uf_show_specific_survey":0,"_uf_disable_surveys":false},"product_brand":[],"product_cat":[562],"product_tag":[],"class_list":{"0":"post-23981","1":"product","2":"type-product","3":"status-publish","4":"has-post-thumbnail","6":"product_cat-label-mr-morezon","7":"product_shipping_class-cd","9":"first","10":"instock","11":"taxable","12":"shipping-taxable","13":"purchasable","14":"product-type-simple"},"aioseo_notices":[],"yoast_head":"<!-- This site is optimized with the Yoast SEO plugin v27.3 - https:\/\/yoast.com\/product\/yoast-seo-wordpress\/ -->\n<title>RAVAGE - CD | Freddy Morezon<\/title>\n<meta name=\"description\" content=\"Trio de l&#039;\u00e9trange dans cette composition inhabituelle, cordes et peaux qui renvoie aux vieux folklores, o\u00f9 le fiddle et le tambour marquaient la danse, ici rendus \u00e0 l&#039;esprit du rock qui anime Ravage, et \u00e7a cogne, frappe, scie, projette le son dans l&#039;espace, parfois revient au calme, \u00e0 l&#039;attente, se laisse impr\u00e9gner de l&#039;\u00e9cho persistant des notes mourantes pour reprendre, partir encore.&quot; Tissage de cordes martel\u00e9es lib\u00e9rant la musique. Un bel album de rock.&quot; Michel Henritzi dans Revue et corrig\u00e9eAlbum by S\u00e9rotine Records and Mr Morezon\" \/>\n<meta name=\"robots\" content=\"noindex, follow\" \/>\n<meta property=\"og:locale\" content=\"en_US\" \/>\n<meta property=\"og:type\" content=\"article\" \/>\n<meta property=\"og:title\" content=\"RAVAGE - CD | Freddy Morezon\" \/>\n<meta property=\"og:description\" content=\"Trio de l&#039;\u00e9trange dans cette composition inhabituelle, cordes et peaux qui renvoie aux vieux folklores, o\u00f9 le fiddle et le tambour marquaient la danse, ici rendus \u00e0 l&#039;esprit du rock qui anime Ravage, et \u00e7a cogne, frappe, scie, projette le son dans l&#039;espace, parfois revient au calme, \u00e0 l&#039;attente, se laisse impr\u00e9gner de l&#039;\u00e9cho persistant des notes mourantes pour reprendre, partir encore.&quot; Tissage de cordes martel\u00e9es lib\u00e9rant la musique. Un bel album de rock.&quot; Michel Henritzi dans Revue et corrig\u00e9eAlbum by S\u00e9rotine Records and Mr Morezon\" \/>\n<meta property=\"og:url\" content=\"https:\/\/freddymorezon.org\/produit\/ravage-cd\/\" \/>\n<meta property=\"og:site_name\" content=\"Freddy Morezon\" \/>\n<meta property=\"article:publisher\" content=\"https:\/\/www.facebook.com\/freddy.morezon\/\" \/>\n<meta property=\"article:modified_time\" content=\"2025-12-11T08:21:54+00:00\" \/>\n<meta property=\"og:image\" content=\"https:\/\/freddymorezon.org\/wp-content\/uploads\/2025\/10\/cover-ravage_page-0001.jpg\" \/>\n\t<meta property=\"og:image:width\" content=\"786\" \/>\n\t<meta property=\"og:image:height\" content=\"788\" \/>\n\t<meta property=\"og:image:type\" content=\"image\/jpeg\" \/>\n<meta name=\"twitter:card\" content=\"summary_large_image\" \/>\n<script type=\"application\/ld+json\" class=\"yoast-schema-graph\">{\"@context\":\"https:\\\/\\\/schema.org\",\"@graph\":[{\"@type\":\"WebPage\",\"@id\":\"https:\\\/\\\/freddymorezon.org\\\/produit\\\/ravage-cd\\\/\",\"url\":\"https:\\\/\\\/freddymorezon.org\\\/produit\\\/ravage-cd\\\/\",\"name\":\"RAVAGE - CD | Freddy Morezon\",\"isPartOf\":{\"@id\":\"https:\\\/\\\/freddymorezon.org\\\/#website\"},\"primaryImageOfPage\":{\"@id\":\"https:\\\/\\\/freddymorezon.org\\\/produit\\\/ravage-cd\\\/#primaryimage\"},\"image\":{\"@id\":\"https:\\\/\\\/freddymorezon.org\\\/produit\\\/ravage-cd\\\/#primaryimage\"},\"thumbnailUrl\":\"https:\\\/\\\/freddymorezon.org\\\/wp-content\\\/uploads\\\/2025\\\/10\\\/cover-ravage_page-0001.jpg\",\"datePublished\":\"2025-10-14T12:12:48+00:00\",\"dateModified\":\"2025-12-11T08:21:54+00:00\",\"description\":\"Trio de l'\u00e9trange dans cette composition inhabituelle, cordes et peaux qui renvoie aux vieux folklores, o\u00f9 le fiddle et le tambour marquaient la danse, ici rendus \u00e0 l'esprit du rock qui anime Ravage, et \u00e7a cogne, frappe, scie, projette le son dans l'espace, parfois revient au calme, \u00e0 l'attente, se laisse impr\u00e9gner de l'\u00e9cho persistant des notes mourantes pour reprendre, partir encore.\\\" Tissage de cordes martel\u00e9es lib\u00e9rant la musique. Un bel album de rock.\\\" Michel Henritzi dans Revue et corrig\u00e9eAlbum by S\u00e9rotine Records and Mr Morezon\",\"breadcrumb\":{\"@id\":\"https:\\\/\\\/freddymorezon.org\\\/produit\\\/ravage-cd\\\/#breadcrumb\"},\"inLanguage\":\"en-US\",\"potentialAction\":[{\"@type\":\"ReadAction\",\"target\":[\"https:\\\/\\\/freddymorezon.org\\\/produit\\\/ravage-cd\\\/\"]}]},{\"@type\":\"ImageObject\",\"inLanguage\":\"en-US\",\"@id\":\"https:\\\/\\\/freddymorezon.org\\\/produit\\\/ravage-cd\\\/#primaryimage\",\"url\":\"https:\\\/\\\/freddymorezon.org\\\/wp-content\\\/uploads\\\/2025\\\/10\\\/cover-ravage_page-0001.jpg\",\"contentUrl\":\"https:\\\/\\\/freddymorezon.org\\\/wp-content\\\/uploads\\\/2025\\\/10\\\/cover-ravage_page-0001.jpg\",\"width\":786,\"height\":788},{\"@type\":\"BreadcrumbList\",\"@id\":\"https:\\\/\\\/freddymorezon.org\\\/produit\\\/ravage-cd\\\/#breadcrumb\",\"itemListElement\":[{\"@type\":\"ListItem\",\"position\":1,\"name\":\"Accueil\",\"item\":\"https:\\\/\\\/freddymorezon.org\\\/\"},{\"@type\":\"ListItem\",\"position\":2,\"name\":\"Boutique\",\"item\":\"https:\\\/\\\/freddymorezon.org\\\/en\\\/boutique\\\/\"},{\"@type\":\"ListItem\",\"position\":3,\"name\":\"RAVAGE &#8211; CD\"}]},{\"@type\":\"WebSite\",\"@id\":\"https:\\\/\\\/freddymorezon.org\\\/#website\",\"url\":\"https:\\\/\\\/freddymorezon.org\\\/\",\"name\":\"Freddy Morezon\",\"description\":\"jazz - musique improvis\u00e9e - esth\u00e9tiques plurielles\",\"publisher\":{\"@id\":\"https:\\\/\\\/freddymorezon.org\\\/#organization\"},\"potentialAction\":[{\"@type\":\"SearchAction\",\"target\":{\"@type\":\"EntryPoint\",\"urlTemplate\":\"https:\\\/\\\/freddymorezon.org\\\/?s={search_term_string}\"},\"query-input\":{\"@type\":\"PropertyValueSpecification\",\"valueRequired\":true,\"valueName\":\"search_term_string\"}}],\"inLanguage\":\"en-US\"},{\"@type\":\"Organization\",\"@id\":\"https:\\\/\\\/freddymorezon.org\\\/#organization\",\"name\":\"Association Freddy Morezon\",\"url\":\"https:\\\/\\\/freddymorezon.org\\\/\",\"logo\":{\"@type\":\"ImageObject\",\"inLanguage\":\"en-US\",\"@id\":\"https:\\\/\\\/freddymorezon.org\\\/#\\\/schema\\\/logo\\\/image\\\/\",\"url\":\"https:\\\/\\\/freddymorezon.org\\\/wp-content\\\/uploads\\\/2016\\\/02\\\/mini-logo-header-site2.jpg\",\"contentUrl\":\"https:\\\/\\\/freddymorezon.org\\\/wp-content\\\/uploads\\\/2016\\\/02\\\/mini-logo-header-site2.jpg\",\"width\":234,\"height\":174,\"caption\":\"Association Freddy Morezon\"},\"image\":{\"@id\":\"https:\\\/\\\/freddymorezon.org\\\/#\\\/schema\\\/logo\\\/image\\\/\"},\"sameAs\":[\"https:\\\/\\\/www.facebook.com\\\/freddy.morezon\\\/\",\"https:\\\/\\\/www.instagram.com\\\/freddymorezon\\\/\",\"https:\\\/\\\/www.youtube.com\\\/user\\\/freddymorezon\",\"https:\\\/\\\/fr.linkedin.com\\\/company\\\/freddy-morezon-p.r.o.d.\"]}]}<\/script>\n<!-- \/ Yoast SEO plugin. -->","yoast_head_json":{"title":"RAVAGE - CD | Freddy Morezon","description":"Trio de l'\u00e9trange dans cette composition inhabituelle, cordes et peaux qui renvoie aux vieux folklores, o\u00f9 le fiddle et le tambour marquaient la danse, ici rendus \u00e0 l'esprit du rock qui anime Ravage, et \u00e7a cogne, frappe, scie, projette le son dans l'espace, parfois revient au calme, \u00e0 l'attente, se laisse impr\u00e9gner de l'\u00e9cho persistant des notes mourantes pour reprendre, partir encore.\" Tissage de cordes martel\u00e9es lib\u00e9rant la musique. Un bel album de rock.\" Michel Henritzi dans Revue et corrig\u00e9eAlbum by S\u00e9rotine Records and Mr Morezon","robots":{"index":"noindex","follow":"follow"},"og_locale":"en_US","og_type":"article","og_title":"RAVAGE - CD | Freddy Morezon","og_description":"Trio de l'\u00e9trange dans cette composition inhabituelle, cordes et peaux qui renvoie aux vieux folklores, o\u00f9 le fiddle et le tambour marquaient la danse, ici rendus \u00e0 l'esprit du rock qui anime Ravage, et \u00e7a cogne, frappe, scie, projette le son dans l'espace, parfois revient au calme, \u00e0 l'attente, se laisse impr\u00e9gner de l'\u00e9cho persistant des notes mourantes pour reprendre, partir encore.\" Tissage de cordes martel\u00e9es lib\u00e9rant la musique. Un bel album de rock.\" Michel Henritzi dans Revue et corrig\u00e9eAlbum by S\u00e9rotine Records and Mr Morezon","og_url":"https:\/\/freddymorezon.org\/produit\/ravage-cd\/","og_site_name":"Freddy Morezon","article_publisher":"https:\/\/www.facebook.com\/freddy.morezon\/","article_modified_time":"2025-12-11T08:21:54+00:00","og_image":[{"width":786,"height":788,"url":"https:\/\/freddymorezon.org\/wp-content\/uploads\/2025\/10\/cover-ravage_page-0001.jpg","type":"image\/jpeg"}],"twitter_card":"summary_large_image","schema":{"@context":"https:\/\/schema.org","@graph":[{"@type":"WebPage","@id":"https:\/\/freddymorezon.org\/produit\/ravage-cd\/","url":"https:\/\/freddymorezon.org\/produit\/ravage-cd\/","name":"RAVAGE - CD | Freddy Morezon","isPartOf":{"@id":"https:\/\/freddymorezon.org\/#website"},"primaryImageOfPage":{"@id":"https:\/\/freddymorezon.org\/produit\/ravage-cd\/#primaryimage"},"image":{"@id":"https:\/\/freddymorezon.org\/produit\/ravage-cd\/#primaryimage"},"thumbnailUrl":"https:\/\/freddymorezon.org\/wp-content\/uploads\/2025\/10\/cover-ravage_page-0001.jpg","datePublished":"2025-10-14T12:12:48+00:00","dateModified":"2025-12-11T08:21:54+00:00","description":"Trio de l'\u00e9trange dans cette composition inhabituelle, cordes et peaux qui renvoie aux vieux folklores, o\u00f9 le fiddle et le tambour marquaient la danse, ici rendus \u00e0 l'esprit du rock qui anime Ravage, et \u00e7a cogne, frappe, scie, projette le son dans l'espace, parfois revient au calme, \u00e0 l'attente, se laisse impr\u00e9gner de l'\u00e9cho persistant des notes mourantes pour reprendre, partir encore.\" Tissage de cordes martel\u00e9es lib\u00e9rant la musique. Un bel album de rock.\" Michel Henritzi dans Revue et corrig\u00e9eAlbum by S\u00e9rotine Records and Mr Morezon","breadcrumb":{"@id":"https:\/\/freddymorezon.org\/produit\/ravage-cd\/#breadcrumb"},"inLanguage":"en-US","potentialAction":[{"@type":"ReadAction","target":["https:\/\/freddymorezon.org\/produit\/ravage-cd\/"]}]},{"@type":"ImageObject","inLanguage":"en-US","@id":"https:\/\/freddymorezon.org\/produit\/ravage-cd\/#primaryimage","url":"https:\/\/freddymorezon.org\/wp-content\/uploads\/2025\/10\/cover-ravage_page-0001.jpg","contentUrl":"https:\/\/freddymorezon.org\/wp-content\/uploads\/2025\/10\/cover-ravage_page-0001.jpg","width":786,"height":788},{"@type":"BreadcrumbList","@id":"https:\/\/freddymorezon.org\/produit\/ravage-cd\/#breadcrumb","itemListElement":[{"@type":"ListItem","position":1,"name":"Accueil","item":"https:\/\/freddymorezon.org\/"},{"@type":"ListItem","position":2,"name":"Boutique","item":"https:\/\/freddymorezon.org\/en\/boutique\/"},{"@type":"ListItem","position":3,"name":"RAVAGE &#8211; CD"}]},{"@type":"WebSite","@id":"https:\/\/freddymorezon.org\/#website","url":"https:\/\/freddymorezon.org\/","name":"Freddy Morezon","description":"jazz - musique improvis\u00e9e - esth\u00e9tiques plurielles","publisher":{"@id":"https:\/\/freddymorezon.org\/#organization"},"potentialAction":[{"@type":"SearchAction","target":{"@type":"EntryPoint","urlTemplate":"https:\/\/freddymorezon.org\/?s={search_term_string}"},"query-input":{"@type":"PropertyValueSpecification","valueRequired":true,"valueName":"search_term_string"}}],"inLanguage":"en-US"},{"@type":"Organization","@id":"https:\/\/freddymorezon.org\/#organization","name":"Association Freddy Morezon","url":"https:\/\/freddymorezon.org\/","logo":{"@type":"ImageObject","inLanguage":"en-US","@id":"https:\/\/freddymorezon.org\/#\/schema\/logo\/image\/","url":"https:\/\/freddymorezon.org\/wp-content\/uploads\/2016\/02\/mini-logo-header-site2.jpg","contentUrl":"https:\/\/freddymorezon.org\/wp-content\/uploads\/2016\/02\/mini-logo-header-site2.jpg","width":234,"height":174,"caption":"Association Freddy Morezon"},"image":{"@id":"https:\/\/freddymorezon.org\/#\/schema\/logo\/image\/"},"sameAs":["https:\/\/www.facebook.com\/freddy.morezon\/","https:\/\/www.instagram.com\/freddymorezon\/","https:\/\/www.youtube.com\/user\/freddymorezon","https:\/\/fr.linkedin.com\/company\/freddy-morezon-p.r.o.d."]}]}},"_links":{"self":[{"href":"https:\/\/freddymorezon.org\/en\/wp-json\/wp\/v2\/product\/23981","targetHints":{"allow":["GET"]}}],"collection":[{"href":"https:\/\/freddymorezon.org\/en\/wp-json\/wp\/v2\/product"}],"about":[{"href":"https:\/\/freddymorezon.org\/en\/wp-json\/wp\/v2\/types\/product"}],"replies":[{"embeddable":true,"href":"https:\/\/freddymorezon.org\/en\/wp-json\/wp\/v2\/comments?post=23981"}],"wp:featuredmedia":[{"embeddable":true,"href":"https:\/\/freddymorezon.org\/en\/wp-json\/wp\/v2\/media\/23977"}],"wp:attachment":[{"href":"https:\/\/freddymorezon.org\/en\/wp-json\/wp\/v2\/media?parent=23981"}],"wp:term":[{"taxonomy":"product_brand","embeddable":true,"href":"https:\/\/freddymorezon.org\/en\/wp-json\/wp\/v2\/product_brand?post=23981"},{"taxonomy":"product_cat","embeddable":true,"href":"https:\/\/freddymorezon.org\/en\/wp-json\/wp\/v2\/product_cat?post=23981"},{"taxonomy":"product_tag","embeddable":true,"href":"https:\/\/freddymorezon.org\/en\/wp-json\/wp\/v2\/product_tag?post=23981"}],"curies":[{"name":"wp","href":"https:\/\/api.w.org\/{rel}","templated":true}]}}